{"id":6177,"date":"2021-02-04T12:59:20","date_gmt":"2024-10-23T16:26:26","guid":{"rendered":"https:\/\/uniest.it\/prodotto\/leche-corporal\/"},"modified":"2024-10-23T17:26:26","modified_gmt":"2024-10-23T16:26:26","slug":"leche-corporal","status":"publish","type":"product","link":"https:\/\/uniest.it\/es\/prodotto\/leche-corporal\/","title":{"rendered":"Leche Corporal"},"content":{"rendered":"<p>La leche corporal es una leche blanda capaz de devolver a la piel la elasticidad y suavidad adecuadas y combatir eficazmente la sequedad cut\u00e1nea. La leche corporal es un aliado muy preciado para la belleza de la piel, de hecho, a diferencia de la crema, tiene una textura m\u00e1s ligera y de m\u00e1s f\u00e1cil absorci\u00f3n, pero con el mismo nivel de nutrici\u00f3n. Las prote\u00ednas vegetales del germen de trigo forman una capa protectora y garantizan una perfecta protecci\u00f3n contra la deshidrataci\u00f3n. Los extractos vegetales de S\u00e1ndalo, Melisa, Malva, Espino Blanco, Hip\u00e9rico y Helicriso tienen propiedades calmantes, antienrojecimiento, relajantes, suavizantes y dermoprotectoras, ayudando a reequilibrar la pel\u00edcula hidrolip\u00eddica de la piel. La piel tiene sed y debe hidratarse a lo largo del d\u00eda y, en particular, siempre despu\u00e9s de la limpieza, siguiendo las reglas de la leche corporal hidratante, ante todo la consistencia.<\/p>\n","protected":false},"excerpt":{"rendered":"<p>La leche corporal es una leche blanda capaz de devolver a la piel la elasticidad y suavidad adecuadas y combatir eficazmente la sequedad cut\u00e1nea. La leche corporal es un aliado muy preciado para la belleza de la piel, de hecho, a diferencia de la crema, tiene una textura m\u00e1s ligera y de m\u00e1s f\u00e1cil absorci\u00f3n, [&hellip;]<\/p>\n","protected":false},"featured_media":6178,"template":"","meta":{"_acf_changed":false,"inline_featured_image":false},"product_brand":[],"product_cat":[1425],"product_tag":[],"class_list":{"0":"post-6177","1":"product","2":"type-product","3":"status-publish","4":"has-post-thumbnail","6":"product_beauty-aromatizzare-e-profumare","7":"product_beauty-idratare","8":"product_beauty-lenire","9":"product_beauty-nutrire-e-rigenerare","10":"product_skin-tutte-le-pelli","11":"product_kind-trattamenti-speciali","12":"product_kind-tutte-le-creme-corpo","13":"product_lines-corpo-e-benessere","14":"product_cat-corpo-es","15":"pa_size-150-es","17":"first","18":"instock","19":"taxable","20":"shipping-taxable","21":"purchasable","22":"product-type-simple"},"acf":[],"yoast_head":"<!-- This site is optimized with the Yoast SEO plugin v24.6 - https:\/\/yoast.com\/wordpress\/plugins\/seo\/ -->\n<title>Leche Corporal - Uniest<\/title>\n<meta name=\"robots\" content=\"index, follow, max-snippet:-1, max-image-preview:large, max-video-preview:-1\" \/>\n<link rel=\"canonical\" href=\"https:\/\/uniest.it\/prodotto\/leche-corporal\/\" \/>\n<meta property=\"og:locale\" content=\"es_ES\" \/>\n<meta property=\"og:type\" content=\"article\" \/>\n<meta property=\"og:title\" content=\"Leche Corporal - Uniest\" \/>\n<meta property=\"og:description\" content=\"La leche corporal es una leche blanda capaz de devolver a la piel la elasticidad y suavidad adecuadas y combatir eficazmente la sequedad cut\u00e1nea. La leche corporal es un aliado muy preciado para la belleza de la piel, de hecho, a diferencia de la crema, tiene una textura m\u00e1s ligera y de m\u00e1s f\u00e1cil absorci\u00f3n, [&hellip;]\" \/>\n<meta property=\"og:url\" content=\"https:\/\/uniest.it\/prodotto\/leche-corporal\/\" \/>\n<meta property=\"og:site_name\" content=\"Uniest\" \/>\n<meta name=\"twitter:card\" content=\"summary_large_image\" \/>\n<meta name=\"twitter:label1\" content=\"Tiempo de lectura\" \/>\n\t<meta name=\"twitter:data1\" content=\"1 minuto\" \/>\n<script type=\"application\/ld+json\" class=\"yoast-schema-graph\">{\"@context\":\"https:\/\/schema.org\",\"@graph\":[{\"@type\":\"WebPage\",\"@id\":\"https:\/\/uniest.it\/prodotto\/leche-corporal\/\",\"url\":\"https:\/\/uniest.it\/prodotto\/leche-corporal\/\",\"name\":\"Leche Corporal - Uniest\",\"isPartOf\":{\"@id\":\"https:\/\/uniest.it\/#website\"},\"primaryImageOfPage\":{\"@id\":\"https:\/\/uniest.it\/prodotto\/leche-corporal\/#primaryimage\"},\"image\":{\"@id\":\"https:\/\/uniest.it\/prodotto\/leche-corporal\/#primaryimage\"},\"thumbnailUrl\":\"https:\/\/uniest.it\/wp-content\/uploads\/2020\/11\/135AAE.png\",\"datePublished\":\"2024-10-23T16:26:26+00:00\",\"breadcrumb\":{\"@id\":\"https:\/\/uniest.it\/prodotto\/leche-corporal\/#breadcrumb\"},\"inLanguage\":\"es\",\"potentialAction\":[{\"@type\":\"ReadAction\",\"target\":[\"https:\/\/uniest.it\/prodotto\/leche-corporal\/\"]}]},{\"@type\":\"ImageObject\",\"inLanguage\":\"es\",\"@id\":\"https:\/\/uniest.it\/prodotto\/leche-corporal\/#primaryimage\",\"url\":\"https:\/\/uniest.it\/wp-content\/uploads\/2020\/11\/135AAE.png\",\"contentUrl\":\"https:\/\/uniest.it\/wp-content\/uploads\/2020\/11\/135AAE.png\",\"width\":1283,\"height\":2001},{\"@type\":\"BreadcrumbList\",\"@id\":\"https:\/\/uniest.it\/prodotto\/leche-corporal\/#breadcrumb\",\"itemListElement\":[{\"@type\":\"ListItem\",\"position\":1,\"name\":\"Home\",\"item\":\"https:\/\/uniest.it\/es\/\"},{\"@type\":\"ListItem\",\"position\":2,\"name\":\"Shop\",\"item\":\"https:\/\/uniest.it\/shop\/\"},{\"@type\":\"ListItem\",\"position\":3,\"name\":\"Leche Corporal\"}]},{\"@type\":\"WebSite\",\"@id\":\"https:\/\/uniest.it\/#website\",\"url\":\"https:\/\/uniest.it\/\",\"name\":\"Uniest\",\"description\":\"Cosmetici Naturali e Bio\",\"potentialAction\":[{\"@type\":\"SearchAction\",\"target\":{\"@type\":\"EntryPoint\",\"urlTemplate\":\"https:\/\/uniest.it\/?s={search_term_string}\"},\"query-input\":{\"@type\":\"PropertyValueSpecification\",\"valueRequired\":true,\"valueName\":\"search_term_string\"}}],\"inLanguage\":\"es\"}]}<\/script>\n<!-- \/ Yoast SEO plugin. -->","yoast_head_json":{"title":"Leche Corporal - Uniest","robots":{"index":"index","follow":"follow","max-snippet":"max-snippet:-1","max-image-preview":"max-image-preview:large","max-video-preview":"max-video-preview:-1"},"canonical":"https:\/\/uniest.it\/prodotto\/leche-corporal\/","og_locale":"es_ES","og_type":"article","og_title":"Leche Corporal - Uniest","og_description":"La leche corporal es una leche blanda capaz de devolver a la piel la elasticidad y suavidad adecuadas y combatir eficazmente la sequedad cut\u00e1nea. La leche corporal es un aliado muy preciado para la belleza de la piel, de hecho, a diferencia de la crema, tiene una textura m\u00e1s ligera y de m\u00e1s f\u00e1cil absorci\u00f3n, [&hellip;]","og_url":"https:\/\/uniest.it\/prodotto\/leche-corporal\/","og_site_name":"Uniest","twitter_card":"summary_large_image","twitter_misc":{"Tiempo de lectura":"1 minuto"},"schema":{"@context":"https:\/\/schema.org","@graph":[{"@type":"WebPage","@id":"https:\/\/uniest.it\/prodotto\/leche-corporal\/","url":"https:\/\/uniest.it\/prodotto\/leche-corporal\/","name":"Leche Corporal - Uniest","isPartOf":{"@id":"https:\/\/uniest.it\/#website"},"primaryImageOfPage":{"@id":"https:\/\/uniest.it\/prodotto\/leche-corporal\/#primaryimage"},"image":{"@id":"https:\/\/uniest.it\/prodotto\/leche-corporal\/#primaryimage"},"thumbnailUrl":"https:\/\/uniest.it\/wp-content\/uploads\/2020\/11\/135AAE.png","datePublished":"2024-10-23T16:26:26+00:00","breadcrumb":{"@id":"https:\/\/uniest.it\/prodotto\/leche-corporal\/#breadcrumb"},"inLanguage":"es","potentialAction":[{"@type":"ReadAction","target":["https:\/\/uniest.it\/prodotto\/leche-corporal\/"]}]},{"@type":"ImageObject","inLanguage":"es","@id":"https:\/\/uniest.it\/prodotto\/leche-corporal\/#primaryimage","url":"https:\/\/uniest.it\/wp-content\/uploads\/2020\/11\/135AAE.png","contentUrl":"https:\/\/uniest.it\/wp-content\/uploads\/2020\/11\/135AAE.png","width":1283,"height":2001},{"@type":"BreadcrumbList","@id":"https:\/\/uniest.it\/prodotto\/leche-corporal\/#breadcrumb","itemListElement":[{"@type":"ListItem","position":1,"name":"Home","item":"https:\/\/uniest.it\/es\/"},{"@type":"ListItem","position":2,"name":"Shop","item":"https:\/\/uniest.it\/shop\/"},{"@type":"ListItem","position":3,"name":"Leche Corporal"}]},{"@type":"WebSite","@id":"https:\/\/uniest.it\/#website","url":"https:\/\/uniest.it\/","name":"Uniest","description":"Cosmetici Naturali e Bio","potentialAction":[{"@type":"SearchAction","target":{"@type":"EntryPoint","urlTemplate":"https:\/\/uniest.it\/?s={search_term_string}"},"query-input":{"@type":"PropertyValueSpecification","valueRequired":true,"valueName":"search_term_string"}}],"inLanguage":"es"}]}},"_links":{"self":[{"href":"https:\/\/uniest.it\/es\/wp-json\/wp\/v2\/product\/6177","targetHints":{"allow":["GET"]}}],"collection":[{"href":"https:\/\/uniest.it\/es\/wp-json\/wp\/v2\/product"}],"about":[{"href":"https:\/\/uniest.it\/es\/wp-json\/wp\/v2\/types\/product"}],"wp:featuredmedia":[{"embeddable":true,"href":"https:\/\/uniest.it\/es\/wp-json\/wp\/v2\/media\/6178"}],"wp:attachment":[{"href":"https:\/\/uniest.it\/es\/wp-json\/wp\/v2\/media?parent=6177"}],"wp:term":[{"taxonomy":"product_brand","embeddable":true,"href":"https:\/\/uniest.it\/es\/wp-json\/wp\/v2\/product_brand?post=6177"},{"taxonomy":"product_cat","embeddable":true,"href":"https:\/\/uniest.it\/es\/wp-json\/wp\/v2\/product_cat?post=6177"},{"taxonomy":"product_tag","embeddable":true,"href":"https:\/\/uniest.it\/es\/wp-json\/wp\/v2\/product_tag?post=6177"}],"curies":[{"name":"wp","href":"https:\/\/api.w.org\/{rel}","templated":true}]}}