{"id":6185,"date":"2021-02-04T12:59:20","date_gmt":"2024-10-23T16:26:28","guid":{"rendered":"https:\/\/uniest.it\/prodotto\/emoliente-de-queratol-para-callos\/"},"modified":"2024-10-23T17:26:28","modified_gmt":"2024-10-23T16:26:28","slug":"emoliente-de-queratol-para-callos","status":"publish","type":"product","link":"https:\/\/uniest.it\/es\/prodotto\/emoliente-de-queratol-para-callos\/","title":{"rendered":"Emoliente de queratol para callos"},"content":{"rendered":"<p>Keratol para callos es un innovador producto cosm\u00e9tico para pies, dise\u00f1ado para combatir fisiol\u00f3gicamente asperezas, callosidades, queratosis, ojo de p\u00e1jaro y cut\u00edculas. Son hiperqueratosis, es decir, engrosamiento de la piel provocado por una compresi\u00f3n o roce excesivo de la piel, que provocan dolor al caminar. Generalmente se forman en la planta del pie y en la planta del dedo gordo y en muchos casos, la piel se agrieta provocando dolor con posible riesgo de infecci\u00f3n. Gracias a la acci\u00f3n microexfoliante del \u00c1cido Salic\u00edlico y a las propiedades calmantes, refrescantes y purificantes de los extractos de plantas de Hamamelis y Lim\u00f3n, aportan un bienestar inmediato a los pies que permanecer\u00e1n suaves y fragantes.<\/p>\n","protected":false},"excerpt":{"rendered":"<p>Keratol para callos es un innovador producto cosm\u00e9tico para pies, dise\u00f1ado para combatir fisiol\u00f3gicamente asperezas, callosidades, queratosis, ojo de p\u00e1jaro y cut\u00edculas. Son hiperqueratosis, es decir, engrosamiento de la piel provocado por una compresi\u00f3n o roce excesivo de la piel, que provocan dolor al caminar. Generalmente se forman en la planta del pie y en [&hellip;]<\/p>\n","protected":false},"featured_media":6186,"template":"","meta":{"_acf_changed":false,"inline_featured_image":false},"product_brand":[],"product_cat":[1444],"product_tag":[],"class_list":{"0":"post-6185","1":"product","2":"type-product","3":"status-publish","4":"has-post-thumbnail","6":"product_beauty-esfoliare","7":"product_beauty-idratare","8":"product_beauty-nutrire-e-rigenerare","9":"product_skin-pelli-delicate-e-sensibili","10":"product_skin-pelli-giovani-e-prime-rughe","11":"product_skin-pelli-grasse-e-miste","12":"product_skin-pelli-mature-e-rughe","13":"product_skin-pelli-secche-e-normali","14":"product_skin-tutte-le-pelli","15":"product_kind-tonici-e-lozioni-corpo","16":"product_kind-trattamenti-mani-e-piedi","17":"product_kind-trattamenti-speciali","18":"product_lines-igiene-e-protezione","19":"product_cat-mani-e-piedi-es","20":"pa_size-30-es","22":"first","23":"instock","24":"taxable","25":"shipping-taxable","26":"purchasable","27":"product-type-simple"},"acf":[],"yoast_head":"<!-- This site is optimized with the Yoast SEO plugin v24.6 - https:\/\/yoast.com\/wordpress\/plugins\/seo\/ -->\n<title>Emoliente de queratol para callos - Uniest<\/title>\n<meta name=\"robots\" content=\"index, follow, max-snippet:-1, max-image-preview:large, max-video-preview:-1\" \/>\n<link rel=\"canonical\" href=\"https:\/\/uniest.it\/prodotto\/cheratol-emolliente-per-duroni\/\" \/>\n<meta property=\"og:locale\" content=\"es_ES\" \/>\n<meta property=\"og:type\" content=\"article\" \/>\n<meta property=\"og:title\" content=\"Emoliente de queratol para callos - Uniest\" \/>\n<meta property=\"og:description\" content=\"Keratol para callos es un innovador producto cosm\u00e9tico para pies, dise\u00f1ado para combatir fisiol\u00f3gicamente asperezas, callosidades, queratosis, ojo de p\u00e1jaro y cut\u00edculas. Son hiperqueratosis, es decir, engrosamiento de la piel provocado por una compresi\u00f3n o roce excesivo de la piel, que provocan dolor al caminar. Generalmente se forman en la planta del pie y en [&hellip;]\" \/>\n<meta property=\"og:url\" content=\"https:\/\/uniest.it\/prodotto\/cheratol-emolliente-per-duroni\/\" \/>\n<meta property=\"og:site_name\" content=\"Uniest\" \/>\n<meta property=\"og:image\" content=\"https:\/\/uniest.it\/wp-content\/uploads\/2020\/11\/159AAE.png\" \/>\n\t<meta property=\"og:image:width\" content=\"1283\" \/>\n\t<meta property=\"og:image:height\" content=\"2000\" \/>\n\t<meta property=\"og:image:type\" content=\"image\/png\" \/>\n<meta name=\"twitter:card\" content=\"summary_large_image\" \/>\n<meta name=\"twitter:label1\" content=\"Tiempo de lectura\" \/>\n\t<meta name=\"twitter:data1\" content=\"1 minuto\" \/>\n<script type=\"application\/ld+json\" class=\"yoast-schema-graph\">{\"@context\":\"https:\/\/schema.org\",\"@graph\":[{\"@type\":\"WebPage\",\"@id\":\"https:\/\/uniest.it\/prodotto\/cheratol-emolliente-per-duroni\/\",\"url\":\"https:\/\/uniest.it\/prodotto\/cheratol-emolliente-per-duroni\/\",\"name\":\"Emoliente de queratol para callos - Uniest\",\"isPartOf\":{\"@id\":\"https:\/\/uniest.it\/#website\"},\"primaryImageOfPage\":{\"@id\":\"https:\/\/uniest.it\/prodotto\/cheratol-emolliente-per-duroni\/#primaryimage\"},\"image\":{\"@id\":\"https:\/\/uniest.it\/prodotto\/cheratol-emolliente-per-duroni\/#primaryimage\"},\"thumbnailUrl\":\"https:\/\/uniest.it\/wp-content\/uploads\/2020\/11\/159AAE.png\",\"datePublished\":\"2024-10-23T16:26:28+00:00\",\"breadcrumb\":{\"@id\":\"https:\/\/uniest.it\/prodotto\/cheratol-emolliente-per-duroni\/#breadcrumb\"},\"inLanguage\":\"es\",\"potentialAction\":[{\"@type\":\"ReadAction\",\"target\":[\"https:\/\/uniest.it\/prodotto\/cheratol-emolliente-per-duroni\/\"]}]},{\"@type\":\"ImageObject\",\"inLanguage\":\"es\",\"@id\":\"https:\/\/uniest.it\/prodotto\/cheratol-emolliente-per-duroni\/#primaryimage\",\"url\":\"https:\/\/uniest.it\/wp-content\/uploads\/2020\/11\/159AAE.png\",\"contentUrl\":\"https:\/\/uniest.it\/wp-content\/uploads\/2020\/11\/159AAE.png\",\"width\":1283,\"height\":2000},{\"@type\":\"BreadcrumbList\",\"@id\":\"https:\/\/uniest.it\/prodotto\/cheratol-emolliente-per-duroni\/#breadcrumb\",\"itemListElement\":[{\"@type\":\"ListItem\",\"position\":1,\"name\":\"Home\",\"item\":\"https:\/\/uniest.it\/es\/\"},{\"@type\":\"ListItem\",\"position\":2,\"name\":\"Shop\",\"item\":\"https:\/\/uniest.it\/shop\/\"},{\"@type\":\"ListItem\",\"position\":3,\"name\":\"Emoliente de queratol para callos\"}]},{\"@type\":\"WebSite\",\"@id\":\"https:\/\/uniest.it\/#website\",\"url\":\"https:\/\/uniest.it\/\",\"name\":\"Uniest\",\"description\":\"Cosmetici Naturali e Bio\",\"potentialAction\":[{\"@type\":\"SearchAction\",\"target\":{\"@type\":\"EntryPoint\",\"urlTemplate\":\"https:\/\/uniest.it\/?s={search_term_string}\"},\"query-input\":{\"@type\":\"PropertyValueSpecification\",\"valueRequired\":true,\"valueName\":\"search_term_string\"}}],\"inLanguage\":\"es\"}]}<\/script>\n<!-- \/ Yoast SEO plugin. -->","yoast_head_json":{"title":"Emoliente de queratol para callos - Uniest","robots":{"index":"index","follow":"follow","max-snippet":"max-snippet:-1","max-image-preview":"max-image-preview:large","max-video-preview":"max-video-preview:-1"},"canonical":"https:\/\/uniest.it\/prodotto\/cheratol-emolliente-per-duroni\/","og_locale":"es_ES","og_type":"article","og_title":"Emoliente de queratol para callos - Uniest","og_description":"Keratol para callos es un innovador producto cosm\u00e9tico para pies, dise\u00f1ado para combatir fisiol\u00f3gicamente asperezas, callosidades, queratosis, ojo de p\u00e1jaro y cut\u00edculas. Son hiperqueratosis, es decir, engrosamiento de la piel provocado por una compresi\u00f3n o roce excesivo de la piel, que provocan dolor al caminar. Generalmente se forman en la planta del pie y en [&hellip;]","og_url":"https:\/\/uniest.it\/prodotto\/cheratol-emolliente-per-duroni\/","og_site_name":"Uniest","og_image":[{"width":1283,"height":2000,"url":"https:\/\/uniest.it\/wp-content\/uploads\/2020\/11\/159AAE.png","type":"image\/png"}],"twitter_card":"summary_large_image","twitter_misc":{"Tiempo de lectura":"1 minuto"},"schema":{"@context":"https:\/\/schema.org","@graph":[{"@type":"WebPage","@id":"https:\/\/uniest.it\/prodotto\/cheratol-emolliente-per-duroni\/","url":"https:\/\/uniest.it\/prodotto\/cheratol-emolliente-per-duroni\/","name":"Emoliente de queratol para callos - Uniest","isPartOf":{"@id":"https:\/\/uniest.it\/#website"},"primaryImageOfPage":{"@id":"https:\/\/uniest.it\/prodotto\/cheratol-emolliente-per-duroni\/#primaryimage"},"image":{"@id":"https:\/\/uniest.it\/prodotto\/cheratol-emolliente-per-duroni\/#primaryimage"},"thumbnailUrl":"https:\/\/uniest.it\/wp-content\/uploads\/2020\/11\/159AAE.png","datePublished":"2024-10-23T16:26:28+00:00","breadcrumb":{"@id":"https:\/\/uniest.it\/prodotto\/cheratol-emolliente-per-duroni\/#breadcrumb"},"inLanguage":"es","potentialAction":[{"@type":"ReadAction","target":["https:\/\/uniest.it\/prodotto\/cheratol-emolliente-per-duroni\/"]}]},{"@type":"ImageObject","inLanguage":"es","@id":"https:\/\/uniest.it\/prodotto\/cheratol-emolliente-per-duroni\/#primaryimage","url":"https:\/\/uniest.it\/wp-content\/uploads\/2020\/11\/159AAE.png","contentUrl":"https:\/\/uniest.it\/wp-content\/uploads\/2020\/11\/159AAE.png","width":1283,"height":2000},{"@type":"BreadcrumbList","@id":"https:\/\/uniest.it\/prodotto\/cheratol-emolliente-per-duroni\/#breadcrumb","itemListElement":[{"@type":"ListItem","position":1,"name":"Home","item":"https:\/\/uniest.it\/es\/"},{"@type":"ListItem","position":2,"name":"Shop","item":"https:\/\/uniest.it\/shop\/"},{"@type":"ListItem","position":3,"name":"Emoliente de queratol para callos"}]},{"@type":"WebSite","@id":"https:\/\/uniest.it\/#website","url":"https:\/\/uniest.it\/","name":"Uniest","description":"Cosmetici Naturali e Bio","potentialAction":[{"@type":"SearchAction","target":{"@type":"EntryPoint","urlTemplate":"https:\/\/uniest.it\/?s={search_term_string}"},"query-input":{"@type":"PropertyValueSpecification","valueRequired":true,"valueName":"search_term_string"}}],"inLanguage":"es"}]}},"_links":{"self":[{"href":"https:\/\/uniest.it\/es\/wp-json\/wp\/v2\/product\/6185","targetHints":{"allow":["GET"]}}],"collection":[{"href":"https:\/\/uniest.it\/es\/wp-json\/wp\/v2\/product"}],"about":[{"href":"https:\/\/uniest.it\/es\/wp-json\/wp\/v2\/types\/product"}],"wp:featuredmedia":[{"embeddable":true,"href":"https:\/\/uniest.it\/es\/wp-json\/wp\/v2\/media\/6186"}],"wp:attachment":[{"href":"https:\/\/uniest.it\/es\/wp-json\/wp\/v2\/media?parent=6185"}],"wp:term":[{"taxonomy":"product_brand","embeddable":true,"href":"https:\/\/uniest.it\/es\/wp-json\/wp\/v2\/product_brand?post=6185"},{"taxonomy":"product_cat","embeddable":true,"href":"https:\/\/uniest.it\/es\/wp-json\/wp\/v2\/product_cat?post=6185"},{"taxonomy":"product_tag","embeddable":true,"href":"https:\/\/uniest.it\/es\/wp-json\/wp\/v2\/product_tag?post=6185"}],"curies":[{"name":"wp","href":"https:\/\/api.w.org\/{rel}","templated":true}]}}