{"id":6187,"date":"2021-02-04T12:59:39","date_gmt":"2024-10-23T16:26:29","guid":{"rendered":"https:\/\/uniest.it\/prodotto\/mantequilla-de-shorea\/"},"modified":"2024-10-23T17:26:29","modified_gmt":"2024-10-23T16:26:29","slug":"mantequilla-de-shorea","status":"publish","type":"product","link":"https:\/\/uniest.it\/es\/prodotto\/mantequilla-de-shorea\/","title":{"rendered":"Mantequilla de Shorea"},"content":{"rendered":"<p>el packaging puede ser diferente al de la foto La Manteca de Shorea es una \u00abMantequilla Vegetal\u00bb compuesta por tres mantecas NATURALES: Manteca de Shorea Stenoptera, Manteca de Karit\u00e9 Org\u00e1nica* y Manteca de Cacao. Las caracter\u00edsticas de estos compuestos naturales lo convierten en un producto indicado para proteger, nutrir y regenerar, elastificar, reafirmar y tonificar e hidratar en profundidad todo tipo de pieles. Enriquecido con extracto natural de planta de avena org\u00e1nica*, glicerina vegetal y aceite de almendras dulces org\u00e1nico* hidrata y nutre profundamente. Shorea se ha enriquecido a\u00fan m\u00e1s con vitamina A, vitamina C y vitamina E para mejorar las reconocidas propiedades antioxidantes y protectoras contra los radicales libres. Su uso tambi\u00e9n est\u00e1 indicado para las pieles m\u00e1s delicadas, sensibles y deshidratadas y tambi\u00e9n puede utilizarse despu\u00e9s del maquillaje permanente y semipermanente y para tatuajes. Durante siglos, este extracto de planta natural se ha utilizado para tratar problemas de la piel y lo utilizamos en nuestros productos para nutrir, regenerar y revitalizar la piel.<\/p>\n","protected":false},"excerpt":{"rendered":"<p>el packaging puede ser diferente al de la foto La Manteca de Shorea es una \u00abMantequilla Vegetal\u00bb compuesta por tres mantecas NATURALES: Manteca de Shorea Stenoptera, Manteca de Karit\u00e9 Org\u00e1nica* y Manteca de Cacao. Las caracter\u00edsticas de estos compuestos naturales lo convierten en un producto indicado para proteger, nutrir y regenerar, elastificar, reafirmar y tonificar [&hellip;]<\/p>\n","protected":false},"featured_media":6189,"template":"","meta":{"_acf_changed":false,"inline_featured_image":false},"product_brand":[],"product_cat":[1425,1444,1435],"product_tag":[],"class_list":{"0":"post-6187","1":"product","2":"type-product","3":"status-publish","4":"has-post-thumbnail","6":"product_beauty-antirughe","7":"product_beauty-idratare","8":"product_beauty-lenire","9":"product_beauty-nutrire-e-rigenerare","10":"product_beauty-proteggere","11":"product_beauty-rassodare-e-tonificare","12":"product_beauty-schiarire","13":"product_skin-tutte-le-pelli","14":"product_kind-creme-antieta-e-prime-rughe","15":"product_kind-oli-e-burri","16":"product_kind-trattamenti-speciali","17":"product_kind-tutte-le-creme-corpo","18":"product_kind-tutte-le-creme-viso","19":"product_lines-corpo-e-benessere","20":"product_cat-corpo-es","21":"product_cat-mani-e-piedi-es","22":"product_cat-viso-es","23":"pa_size-100-es","25":"first","26":"instock","27":"taxable","28":"shipping-taxable","29":"purchasable","30":"product-type-simple"},"acf":[],"yoast_head":"<!-- This site is optimized with the Yoast SEO plugin v24.6 - https:\/\/yoast.com\/wordpress\/plugins\/seo\/ -->\n<title>Mantequilla de Shorea - Uniest<\/title>\n<meta name=\"robots\" content=\"index, follow, max-snippet:-1, max-image-preview:large, max-video-preview:-1\" \/>\n<link rel=\"canonical\" href=\"https:\/\/uniest.it\/prodotto\/mantequilla-de-shorea\/\" \/>\n<meta property=\"og:locale\" content=\"es_ES\" \/>\n<meta property=\"og:type\" content=\"article\" \/>\n<meta property=\"og:title\" content=\"Mantequilla de Shorea - Uniest\" \/>\n<meta property=\"og:description\" content=\"el packaging puede ser diferente al de la foto La Manteca de Shorea es una \u00abMantequilla Vegetal\u00bb compuesta por tres mantecas NATURALES: Manteca de Shorea Stenoptera, Manteca de Karit\u00e9 Org\u00e1nica* y Manteca de Cacao. Las caracter\u00edsticas de estos compuestos naturales lo convierten en un producto indicado para proteger, nutrir y regenerar, elastificar, reafirmar y tonificar [&hellip;]\" \/>\n<meta property=\"og:url\" content=\"https:\/\/uniest.it\/prodotto\/mantequilla-de-shorea\/\" \/>\n<meta property=\"og:site_name\" content=\"Uniest\" \/>\n<meta name=\"twitter:card\" content=\"summary_large_image\" \/>\n<meta name=\"twitter:label1\" content=\"Tiempo de lectura\" \/>\n\t<meta name=\"twitter:data1\" content=\"1 minuto\" \/>\n<script type=\"application\/ld+json\" class=\"yoast-schema-graph\">{\"@context\":\"https:\/\/schema.org\",\"@graph\":[{\"@type\":\"WebPage\",\"@id\":\"https:\/\/uniest.it\/prodotto\/mantequilla-de-shorea\/\",\"url\":\"https:\/\/uniest.it\/prodotto\/mantequilla-de-shorea\/\",\"name\":\"Mantequilla de Shorea - Uniest\",\"isPartOf\":{\"@id\":\"https:\/\/uniest.it\/#website\"},\"primaryImageOfPage\":{\"@id\":\"https:\/\/uniest.it\/prodotto\/mantequilla-de-shorea\/#primaryimage\"},\"image\":{\"@id\":\"https:\/\/uniest.it\/prodotto\/mantequilla-de-shorea\/#primaryimage\"},\"thumbnailUrl\":\"https:\/\/uniest.it\/wp-content\/uploads\/2021\/02\/shorea-butter.png\",\"datePublished\":\"2024-10-23T16:26:29+00:00\",\"breadcrumb\":{\"@id\":\"https:\/\/uniest.it\/prodotto\/mantequilla-de-shorea\/#breadcrumb\"},\"inLanguage\":\"es\",\"potentialAction\":[{\"@type\":\"ReadAction\",\"target\":[\"https:\/\/uniest.it\/prodotto\/mantequilla-de-shorea\/\"]}]},{\"@type\":\"ImageObject\",\"inLanguage\":\"es\",\"@id\":\"https:\/\/uniest.it\/prodotto\/mantequilla-de-shorea\/#primaryimage\",\"url\":\"https:\/\/uniest.it\/wp-content\/uploads\/2021\/02\/shorea-butter.png\",\"contentUrl\":\"https:\/\/uniest.it\/wp-content\/uploads\/2021\/02\/shorea-butter.png\",\"width\":1414,\"height\":2000,\"caption\":\"160AAE\"},{\"@type\":\"BreadcrumbList\",\"@id\":\"https:\/\/uniest.it\/prodotto\/mantequilla-de-shorea\/#breadcrumb\",\"itemListElement\":[{\"@type\":\"ListItem\",\"position\":1,\"name\":\"Home\",\"item\":\"https:\/\/uniest.it\/es\/\"},{\"@type\":\"ListItem\",\"position\":2,\"name\":\"Shop\",\"item\":\"https:\/\/uniest.it\/shop\/\"},{\"@type\":\"ListItem\",\"position\":3,\"name\":\"Mantequilla de Shorea\"}]},{\"@type\":\"WebSite\",\"@id\":\"https:\/\/uniest.it\/#website\",\"url\":\"https:\/\/uniest.it\/\",\"name\":\"Uniest\",\"description\":\"Cosmetici Naturali e Bio\",\"potentialAction\":[{\"@type\":\"SearchAction\",\"target\":{\"@type\":\"EntryPoint\",\"urlTemplate\":\"https:\/\/uniest.it\/?s={search_term_string}\"},\"query-input\":{\"@type\":\"PropertyValueSpecification\",\"valueRequired\":true,\"valueName\":\"search_term_string\"}}],\"inLanguage\":\"es\"}]}<\/script>\n<!-- \/ Yoast SEO plugin. -->","yoast_head_json":{"title":"Mantequilla de Shorea - Uniest","robots":{"index":"index","follow":"follow","max-snippet":"max-snippet:-1","max-image-preview":"max-image-preview:large","max-video-preview":"max-video-preview:-1"},"canonical":"https:\/\/uniest.it\/prodotto\/mantequilla-de-shorea\/","og_locale":"es_ES","og_type":"article","og_title":"Mantequilla de Shorea - Uniest","og_description":"el packaging puede ser diferente al de la foto La Manteca de Shorea es una \u00abMantequilla Vegetal\u00bb compuesta por tres mantecas NATURALES: Manteca de Shorea Stenoptera, Manteca de Karit\u00e9 Org\u00e1nica* y Manteca de Cacao. Las caracter\u00edsticas de estos compuestos naturales lo convierten en un producto indicado para proteger, nutrir y regenerar, elastificar, reafirmar y tonificar [&hellip;]","og_url":"https:\/\/uniest.it\/prodotto\/mantequilla-de-shorea\/","og_site_name":"Uniest","twitter_card":"summary_large_image","twitter_misc":{"Tiempo de lectura":"1 minuto"},"schema":{"@context":"https:\/\/schema.org","@graph":[{"@type":"WebPage","@id":"https:\/\/uniest.it\/prodotto\/mantequilla-de-shorea\/","url":"https:\/\/uniest.it\/prodotto\/mantequilla-de-shorea\/","name":"Mantequilla de Shorea - Uniest","isPartOf":{"@id":"https:\/\/uniest.it\/#website"},"primaryImageOfPage":{"@id":"https:\/\/uniest.it\/prodotto\/mantequilla-de-shorea\/#primaryimage"},"image":{"@id":"https:\/\/uniest.it\/prodotto\/mantequilla-de-shorea\/#primaryimage"},"thumbnailUrl":"https:\/\/uniest.it\/wp-content\/uploads\/2021\/02\/shorea-butter.png","datePublished":"2024-10-23T16:26:29+00:00","breadcrumb":{"@id":"https:\/\/uniest.it\/prodotto\/mantequilla-de-shorea\/#breadcrumb"},"inLanguage":"es","potentialAction":[{"@type":"ReadAction","target":["https:\/\/uniest.it\/prodotto\/mantequilla-de-shorea\/"]}]},{"@type":"ImageObject","inLanguage":"es","@id":"https:\/\/uniest.it\/prodotto\/mantequilla-de-shorea\/#primaryimage","url":"https:\/\/uniest.it\/wp-content\/uploads\/2021\/02\/shorea-butter.png","contentUrl":"https:\/\/uniest.it\/wp-content\/uploads\/2021\/02\/shorea-butter.png","width":1414,"height":2000,"caption":"160AAE"},{"@type":"BreadcrumbList","@id":"https:\/\/uniest.it\/prodotto\/mantequilla-de-shorea\/#breadcrumb","itemListElement":[{"@type":"ListItem","position":1,"name":"Home","item":"https:\/\/uniest.it\/es\/"},{"@type":"ListItem","position":2,"name":"Shop","item":"https:\/\/uniest.it\/shop\/"},{"@type":"ListItem","position":3,"name":"Mantequilla de Shorea"}]},{"@type":"WebSite","@id":"https:\/\/uniest.it\/#website","url":"https:\/\/uniest.it\/","name":"Uniest","description":"Cosmetici Naturali e Bio","potentialAction":[{"@type":"SearchAction","target":{"@type":"EntryPoint","urlTemplate":"https:\/\/uniest.it\/?s={search_term_string}"},"query-input":{"@type":"PropertyValueSpecification","valueRequired":true,"valueName":"search_term_string"}}],"inLanguage":"es"}]}},"_links":{"self":[{"href":"https:\/\/uniest.it\/es\/wp-json\/wp\/v2\/product\/6187","targetHints":{"allow":["GET"]}}],"collection":[{"href":"https:\/\/uniest.it\/es\/wp-json\/wp\/v2\/product"}],"about":[{"href":"https:\/\/uniest.it\/es\/wp-json\/wp\/v2\/types\/product"}],"wp:featuredmedia":[{"embeddable":true,"href":"https:\/\/uniest.it\/es\/wp-json\/wp\/v2\/media\/6189"}],"wp:attachment":[{"href":"https:\/\/uniest.it\/es\/wp-json\/wp\/v2\/media?parent=6187"}],"wp:term":[{"taxonomy":"product_brand","embeddable":true,"href":"https:\/\/uniest.it\/es\/wp-json\/wp\/v2\/product_brand?post=6187"},{"taxonomy":"product_cat","embeddable":true,"href":"https:\/\/uniest.it\/es\/wp-json\/wp\/v2\/product_cat?post=6187"},{"taxonomy":"product_tag","embeddable":true,"href":"https:\/\/uniest.it\/es\/wp-json\/wp\/v2\/product_tag?post=6187"}],"curies":[{"name":"wp","href":"https:\/\/api.w.org\/{rel}","templated":true}]}}