{"id":6194,"date":"2021-02-04T12:59:39","date_gmt":"2024-10-23T16:26:30","guid":{"rendered":"https:\/\/uniest.it\/prodotto\/belseno\/"},"modified":"2024-10-23T17:26:30","modified_gmt":"2024-10-23T16:26:30","slug":"belseno","status":"publish","type":"product","link":"https:\/\/uniest.it\/es\/prodotto\/belseno\/","title":{"rendered":"belse\u00f1o"},"content":{"rendered":"<p>Crema Belseno de formulaci\u00f3n extra delicada y natural, embellecida con un importante activo rellenador y reafirmante que, en sinergia con el \u00e1cido hialur\u00f3nico, ayuda a redefinir las curvas para mejorar su aspecto, hidratando, tonificando y elastificando la piel, favoreciendo una figura m\u00e1s curvil\u00ednea. La base de formulaci\u00f3n de la crema Belseno es rica en manteca de karit\u00e9 org\u00e1nica*, aceite de almendras dulces org\u00e1nico*, aceite de s\u00e9samo, aceite de girasol org\u00e1nico*, extractos vegetales naturales de cal\u00e9ndula*, malva y althea org\u00e1nica. Se potencia con la combinaci\u00f3n de Biodrops de \u00c1cido Hialur\u00f3nico.<\/p>\n","protected":false},"excerpt":{"rendered":"<p>Crema Belseno de formulaci\u00f3n extra delicada y natural, embellecida con un importante activo rellenador y reafirmante que, en sinergia con el \u00e1cido hialur\u00f3nico, ayuda a redefinir las curvas para mejorar su aspecto, hidratando, tonificando y elastificando la piel, favoreciendo una figura m\u00e1s curvil\u00ednea. La base de formulaci\u00f3n de la crema Belseno es rica en manteca [&hellip;]<\/p>\n","protected":false},"featured_media":6195,"template":"","meta":{"_acf_changed":false,"inline_featured_image":false},"product_brand":[],"product_cat":[1425],"product_tag":[],"class_list":{"0":"post-6194","1":"product","2":"type-product","3":"status-publish","4":"has-post-thumbnail","6":"product_beauty-idratare","7":"product_beauty-nutrire-e-rigenerare","8":"product_beauty-rassodare-e-tonificare","9":"product_skin-tutte-le-pelli","10":"product_kind-trattamenti-speciali","11":"product_kind-tutte-le-creme-corpo","12":"product_lines-corpo-e-benessere","13":"product_cat-corpo-es","14":"pa_size-75-es","16":"first","17":"instock","18":"taxable","19":"shipping-taxable","20":"purchasable","21":"product-type-simple"},"acf":[],"yoast_head":"<!-- This site is optimized with the Yoast SEO plugin v24.6 - https:\/\/yoast.com\/wordpress\/plugins\/seo\/ -->\n<title>belse\u00f1o - Uniest<\/title>\n<meta name=\"robots\" content=\"index, follow, max-snippet:-1, max-image-preview:large, max-video-preview:-1\" \/>\n<link rel=\"canonical\" href=\"https:\/\/uniest.it\/prodotto\/belseno\/\" \/>\n<meta property=\"og:locale\" content=\"es_ES\" \/>\n<meta property=\"og:type\" content=\"article\" \/>\n<meta property=\"og:title\" content=\"belse\u00f1o - Uniest\" \/>\n<meta property=\"og:description\" content=\"Crema Belseno de formulaci\u00f3n extra delicada y natural, embellecida con un importante activo rellenador y reafirmante que, en sinergia con el \u00e1cido hialur\u00f3nico, ayuda a redefinir las curvas para mejorar su aspecto, hidratando, tonificando y elastificando la piel, favoreciendo una figura m\u00e1s curvil\u00ednea. La base de formulaci\u00f3n de la crema Belseno es rica en manteca [&hellip;]\" \/>\n<meta property=\"og:url\" content=\"https:\/\/uniest.it\/prodotto\/belseno\/\" \/>\n<meta property=\"og:site_name\" content=\"Uniest\" \/>\n<meta name=\"twitter:card\" content=\"summary_large_image\" \/>\n<meta name=\"twitter:label1\" content=\"Tiempo de lectura\" \/>\n\t<meta name=\"twitter:data1\" content=\"1 minuto\" \/>\n<script type=\"application\/ld+json\" class=\"yoast-schema-graph\">{\"@context\":\"https:\/\/schema.org\",\"@graph\":[{\"@type\":\"WebPage\",\"@id\":\"https:\/\/uniest.it\/prodotto\/belseno\/\",\"url\":\"https:\/\/uniest.it\/prodotto\/belseno\/\",\"name\":\"belse\u00f1o - Uniest\",\"isPartOf\":{\"@id\":\"https:\/\/uniest.it\/#website\"},\"primaryImageOfPage\":{\"@id\":\"https:\/\/uniest.it\/prodotto\/belseno\/#primaryimage\"},\"image\":{\"@id\":\"https:\/\/uniest.it\/prodotto\/belseno\/#primaryimage\"},\"thumbnailUrl\":\"https:\/\/uniest.it\/wp-content\/uploads\/2020\/11\/166AAE.png\",\"datePublished\":\"2024-10-23T16:26:30+00:00\",\"breadcrumb\":{\"@id\":\"https:\/\/uniest.it\/prodotto\/belseno\/#breadcrumb\"},\"inLanguage\":\"es\",\"potentialAction\":[{\"@type\":\"ReadAction\",\"target\":[\"https:\/\/uniest.it\/prodotto\/belseno\/\"]}]},{\"@type\":\"ImageObject\",\"inLanguage\":\"es\",\"@id\":\"https:\/\/uniest.it\/prodotto\/belseno\/#primaryimage\",\"url\":\"https:\/\/uniest.it\/wp-content\/uploads\/2020\/11\/166AAE.png\",\"contentUrl\":\"https:\/\/uniest.it\/wp-content\/uploads\/2020\/11\/166AAE.png\",\"width\":1283,\"height\":2000},{\"@type\":\"BreadcrumbList\",\"@id\":\"https:\/\/uniest.it\/prodotto\/belseno\/#breadcrumb\",\"itemListElement\":[{\"@type\":\"ListItem\",\"position\":1,\"name\":\"Home\",\"item\":\"https:\/\/uniest.it\/es\/\"},{\"@type\":\"ListItem\",\"position\":2,\"name\":\"Shop\",\"item\":\"https:\/\/uniest.it\/shop\/\"},{\"@type\":\"ListItem\",\"position\":3,\"name\":\"belse\u00f1o\"}]},{\"@type\":\"WebSite\",\"@id\":\"https:\/\/uniest.it\/#website\",\"url\":\"https:\/\/uniest.it\/\",\"name\":\"Uniest\",\"description\":\"Cosmetici Naturali e Bio\",\"potentialAction\":[{\"@type\":\"SearchAction\",\"target\":{\"@type\":\"EntryPoint\",\"urlTemplate\":\"https:\/\/uniest.it\/?s={search_term_string}\"},\"query-input\":{\"@type\":\"PropertyValueSpecification\",\"valueRequired\":true,\"valueName\":\"search_term_string\"}}],\"inLanguage\":\"es\"}]}<\/script>\n<!-- \/ Yoast SEO plugin. -->","yoast_head_json":{"title":"belse\u00f1o - Uniest","robots":{"index":"index","follow":"follow","max-snippet":"max-snippet:-1","max-image-preview":"max-image-preview:large","max-video-preview":"max-video-preview:-1"},"canonical":"https:\/\/uniest.it\/prodotto\/belseno\/","og_locale":"es_ES","og_type":"article","og_title":"belse\u00f1o - Uniest","og_description":"Crema Belseno de formulaci\u00f3n extra delicada y natural, embellecida con un importante activo rellenador y reafirmante que, en sinergia con el \u00e1cido hialur\u00f3nico, ayuda a redefinir las curvas para mejorar su aspecto, hidratando, tonificando y elastificando la piel, favoreciendo una figura m\u00e1s curvil\u00ednea. La base de formulaci\u00f3n de la crema Belseno es rica en manteca [&hellip;]","og_url":"https:\/\/uniest.it\/prodotto\/belseno\/","og_site_name":"Uniest","twitter_card":"summary_large_image","twitter_misc":{"Tiempo de lectura":"1 minuto"},"schema":{"@context":"https:\/\/schema.org","@graph":[{"@type":"WebPage","@id":"https:\/\/uniest.it\/prodotto\/belseno\/","url":"https:\/\/uniest.it\/prodotto\/belseno\/","name":"belse\u00f1o - Uniest","isPartOf":{"@id":"https:\/\/uniest.it\/#website"},"primaryImageOfPage":{"@id":"https:\/\/uniest.it\/prodotto\/belseno\/#primaryimage"},"image":{"@id":"https:\/\/uniest.it\/prodotto\/belseno\/#primaryimage"},"thumbnailUrl":"https:\/\/uniest.it\/wp-content\/uploads\/2020\/11\/166AAE.png","datePublished":"2024-10-23T16:26:30+00:00","breadcrumb":{"@id":"https:\/\/uniest.it\/prodotto\/belseno\/#breadcrumb"},"inLanguage":"es","potentialAction":[{"@type":"ReadAction","target":["https:\/\/uniest.it\/prodotto\/belseno\/"]}]},{"@type":"ImageObject","inLanguage":"es","@id":"https:\/\/uniest.it\/prodotto\/belseno\/#primaryimage","url":"https:\/\/uniest.it\/wp-content\/uploads\/2020\/11\/166AAE.png","contentUrl":"https:\/\/uniest.it\/wp-content\/uploads\/2020\/11\/166AAE.png","width":1283,"height":2000},{"@type":"BreadcrumbList","@id":"https:\/\/uniest.it\/prodotto\/belseno\/#breadcrumb","itemListElement":[{"@type":"ListItem","position":1,"name":"Home","item":"https:\/\/uniest.it\/es\/"},{"@type":"ListItem","position":2,"name":"Shop","item":"https:\/\/uniest.it\/shop\/"},{"@type":"ListItem","position":3,"name":"belse\u00f1o"}]},{"@type":"WebSite","@id":"https:\/\/uniest.it\/#website","url":"https:\/\/uniest.it\/","name":"Uniest","description":"Cosmetici Naturali e Bio","potentialAction":[{"@type":"SearchAction","target":{"@type":"EntryPoint","urlTemplate":"https:\/\/uniest.it\/?s={search_term_string}"},"query-input":{"@type":"PropertyValueSpecification","valueRequired":true,"valueName":"search_term_string"}}],"inLanguage":"es"}]}},"_links":{"self":[{"href":"https:\/\/uniest.it\/es\/wp-json\/wp\/v2\/product\/6194","targetHints":{"allow":["GET"]}}],"collection":[{"href":"https:\/\/uniest.it\/es\/wp-json\/wp\/v2\/product"}],"about":[{"href":"https:\/\/uniest.it\/es\/wp-json\/wp\/v2\/types\/product"}],"wp:featuredmedia":[{"embeddable":true,"href":"https:\/\/uniest.it\/es\/wp-json\/wp\/v2\/media\/6195"}],"wp:attachment":[{"href":"https:\/\/uniest.it\/es\/wp-json\/wp\/v2\/media?parent=6194"}],"wp:term":[{"taxonomy":"product_brand","embeddable":true,"href":"https:\/\/uniest.it\/es\/wp-json\/wp\/v2\/product_brand?post=6194"},{"taxonomy":"product_cat","embeddable":true,"href":"https:\/\/uniest.it\/es\/wp-json\/wp\/v2\/product_cat?post=6194"},{"taxonomy":"product_tag","embeddable":true,"href":"https:\/\/uniest.it\/es\/wp-json\/wp\/v2\/product_tag?post=6194"}],"curies":[{"name":"wp","href":"https:\/\/api.w.org\/{rel}","templated":true}]}}