{"id":6198,"date":"2021-02-04T12:59:39","date_gmt":"2024-10-23T16:26:31","guid":{"rendered":"https:\/\/uniest.it\/prodotto\/aceites-y-marisal\/"},"modified":"2024-10-23T17:26:31","modified_gmt":"2024-10-23T16:26:31","slug":"aceites-y-marisal","status":"publish","type":"product","link":"https:\/\/uniest.it\/es\/prodotto\/aceites-y-marisal\/","title":{"rendered":"Aceites y Marisal"},"content":{"rendered":"<p>La acci\u00f3n osm\u00f3tica creada con el uso de Sales Marinas permite a la piel asimilar sustancias \u00fatiles (minerales y activos) y expulsar toxinas nocivas, gracias tambi\u00e9n a la presencia de una mezcla perfecta de Aceites Esenciales Naturales Puros y Extractos de Plantas Naturales, bals\u00e1micos, calmantes, revitalizante y remineralizante. Los vapores bals\u00e1micos que se desprenden aportan una agradable sensaci\u00f3n de relajaci\u00f3n y bienestar. El producto tambi\u00e9n es v\u00e1lido como tratamiento casero, solo o combinado con ba\u00f1os en casos de retenci\u00f3n de l\u00edquidos, celulitis, dolores articulares y reum\u00e1ticos. Tambi\u00e9n \u00fatil en caso de personas con hiperhidrosis. &nbsp;<\/p>\n","protected":false},"excerpt":{"rendered":"<p>La acci\u00f3n osm\u00f3tica creada con el uso de Sales Marinas permite a la piel asimilar sustancias \u00fatiles (minerales y activos) y expulsar toxinas nocivas, gracias tambi\u00e9n a la presencia de una mezcla perfecta de Aceites Esenciales Naturales Puros y Extractos de Plantas Naturales, bals\u00e1micos, calmantes, revitalizante y remineralizante. Los vapores bals\u00e1micos que se desprenden aportan [&hellip;]<\/p>\n","protected":false},"featured_media":6199,"template":"","meta":{"_acf_changed":false,"inline_featured_image":false},"product_brand":[],"product_cat":[1425,1444,1435],"product_tag":[],"class_list":{"0":"post-6198","1":"product","2":"type-product","3":"status-publish","4":"has-post-thumbnail","6":"product_beauty-anti-cellulite","7":"product_beauty-aromatizzare-e-profumare","8":"product_beauty-balsamico","9":"product_beauty-detox-e-dren","10":"product_beauty-esfoliare","11":"product_beauty-idratare","12":"product_beauty-nutrire-e-rigenerare","13":"product_beauty-rassodare-e-tonificare","14":"product_skin-tutte-le-pelli","15":"product_kind-bagno","16":"product_kind-cellulite-e-tonificazione","17":"product_kind-doccia-shampoo-e-detergenza","18":"product_kind-trattamenti-mani-e-piedi","19":"product_kind-trattamenti-speciali","20":"product_lines-corpo-e-benessere","21":"product_cat-corpo-es","22":"product_cat-mani-e-piedi-es","23":"product_cat-viso-es","24":"pa_size-300-gr-es","26":"first","27":"instock","28":"taxable","29":"shipping-taxable","30":"purchasable","31":"product-type-simple"},"acf":[],"yoast_head":"<!-- This site is optimized with the Yoast SEO plugin v24.6 - https:\/\/yoast.com\/wordpress\/plugins\/seo\/ -->\n<title>Aceites y Marisal - Uniest<\/title>\n<meta name=\"robots\" content=\"index, follow, max-snippet:-1, max-image-preview:large, max-video-preview:-1\" \/>\n<link rel=\"canonical\" href=\"https:\/\/uniest.it\/prodotto\/aceites-y-marisal\/\" \/>\n<meta property=\"og:locale\" content=\"es_ES\" \/>\n<meta property=\"og:type\" content=\"article\" \/>\n<meta property=\"og:title\" content=\"Aceites y Marisal - Uniest\" \/>\n<meta property=\"og:description\" content=\"La acci\u00f3n osm\u00f3tica creada con el uso de Sales Marinas permite a la piel asimilar sustancias \u00fatiles (minerales y activos) y expulsar toxinas nocivas, gracias tambi\u00e9n a la presencia de una mezcla perfecta de Aceites Esenciales Naturales Puros y Extractos de Plantas Naturales, bals\u00e1micos, calmantes, revitalizante y remineralizante. Los vapores bals\u00e1micos que se desprenden aportan [&hellip;]\" \/>\n<meta property=\"og:url\" content=\"https:\/\/uniest.it\/prodotto\/aceites-y-marisal\/\" \/>\n<meta property=\"og:site_name\" content=\"Uniest\" \/>\n<meta name=\"twitter:card\" content=\"summary_large_image\" \/>\n<meta name=\"twitter:label1\" content=\"Tiempo de lectura\" \/>\n\t<meta name=\"twitter:data1\" content=\"1 minuto\" \/>\n<script type=\"application\/ld+json\" class=\"yoast-schema-graph\">{\"@context\":\"https:\/\/schema.org\",\"@graph\":[{\"@type\":\"WebPage\",\"@id\":\"https:\/\/uniest.it\/prodotto\/aceites-y-marisal\/\",\"url\":\"https:\/\/uniest.it\/prodotto\/aceites-y-marisal\/\",\"name\":\"Aceites y Marisal - Uniest\",\"isPartOf\":{\"@id\":\"https:\/\/uniest.it\/#website\"},\"primaryImageOfPage\":{\"@id\":\"https:\/\/uniest.it\/prodotto\/aceites-y-marisal\/#primaryimage\"},\"image\":{\"@id\":\"https:\/\/uniest.it\/prodotto\/aceites-y-marisal\/#primaryimage\"},\"thumbnailUrl\":\"https:\/\/uniest.it\/wp-content\/uploads\/2020\/11\/169AAE.png\",\"datePublished\":\"2024-10-23T16:26:31+00:00\",\"breadcrumb\":{\"@id\":\"https:\/\/uniest.it\/prodotto\/aceites-y-marisal\/#breadcrumb\"},\"inLanguage\":\"es\",\"potentialAction\":[{\"@type\":\"ReadAction\",\"target\":[\"https:\/\/uniest.it\/prodotto\/aceites-y-marisal\/\"]}]},{\"@type\":\"ImageObject\",\"inLanguage\":\"es\",\"@id\":\"https:\/\/uniest.it\/prodotto\/aceites-y-marisal\/#primaryimage\",\"url\":\"https:\/\/uniest.it\/wp-content\/uploads\/2020\/11\/169AAE.png\",\"contentUrl\":\"https:\/\/uniest.it\/wp-content\/uploads\/2020\/11\/169AAE.png\",\"width\":1283,\"height\":2000},{\"@type\":\"BreadcrumbList\",\"@id\":\"https:\/\/uniest.it\/prodotto\/aceites-y-marisal\/#breadcrumb\",\"itemListElement\":[{\"@type\":\"ListItem\",\"position\":1,\"name\":\"Home\",\"item\":\"https:\/\/uniest.it\/es\/\"},{\"@type\":\"ListItem\",\"position\":2,\"name\":\"Shop\",\"item\":\"https:\/\/uniest.it\/shop\/\"},{\"@type\":\"ListItem\",\"position\":3,\"name\":\"Aceites y Marisal\"}]},{\"@type\":\"WebSite\",\"@id\":\"https:\/\/uniest.it\/#website\",\"url\":\"https:\/\/uniest.it\/\",\"name\":\"Uniest\",\"description\":\"Cosmetici Naturali e Bio\",\"potentialAction\":[{\"@type\":\"SearchAction\",\"target\":{\"@type\":\"EntryPoint\",\"urlTemplate\":\"https:\/\/uniest.it\/?s={search_term_string}\"},\"query-input\":{\"@type\":\"PropertyValueSpecification\",\"valueRequired\":true,\"valueName\":\"search_term_string\"}}],\"inLanguage\":\"es\"}]}<\/script>\n<!-- \/ Yoast SEO plugin. -->","yoast_head_json":{"title":"Aceites y Marisal - Uniest","robots":{"index":"index","follow":"follow","max-snippet":"max-snippet:-1","max-image-preview":"max-image-preview:large","max-video-preview":"max-video-preview:-1"},"canonical":"https:\/\/uniest.it\/prodotto\/aceites-y-marisal\/","og_locale":"es_ES","og_type":"article","og_title":"Aceites y Marisal - Uniest","og_description":"La acci\u00f3n osm\u00f3tica creada con el uso de Sales Marinas permite a la piel asimilar sustancias \u00fatiles (minerales y activos) y expulsar toxinas nocivas, gracias tambi\u00e9n a la presencia de una mezcla perfecta de Aceites Esenciales Naturales Puros y Extractos de Plantas Naturales, bals\u00e1micos, calmantes, revitalizante y remineralizante. Los vapores bals\u00e1micos que se desprenden aportan [&hellip;]","og_url":"https:\/\/uniest.it\/prodotto\/aceites-y-marisal\/","og_site_name":"Uniest","twitter_card":"summary_large_image","twitter_misc":{"Tiempo de lectura":"1 minuto"},"schema":{"@context":"https:\/\/schema.org","@graph":[{"@type":"WebPage","@id":"https:\/\/uniest.it\/prodotto\/aceites-y-marisal\/","url":"https:\/\/uniest.it\/prodotto\/aceites-y-marisal\/","name":"Aceites y Marisal - Uniest","isPartOf":{"@id":"https:\/\/uniest.it\/#website"},"primaryImageOfPage":{"@id":"https:\/\/uniest.it\/prodotto\/aceites-y-marisal\/#primaryimage"},"image":{"@id":"https:\/\/uniest.it\/prodotto\/aceites-y-marisal\/#primaryimage"},"thumbnailUrl":"https:\/\/uniest.it\/wp-content\/uploads\/2020\/11\/169AAE.png","datePublished":"2024-10-23T16:26:31+00:00","breadcrumb":{"@id":"https:\/\/uniest.it\/prodotto\/aceites-y-marisal\/#breadcrumb"},"inLanguage":"es","potentialAction":[{"@type":"ReadAction","target":["https:\/\/uniest.it\/prodotto\/aceites-y-marisal\/"]}]},{"@type":"ImageObject","inLanguage":"es","@id":"https:\/\/uniest.it\/prodotto\/aceites-y-marisal\/#primaryimage","url":"https:\/\/uniest.it\/wp-content\/uploads\/2020\/11\/169AAE.png","contentUrl":"https:\/\/uniest.it\/wp-content\/uploads\/2020\/11\/169AAE.png","width":1283,"height":2000},{"@type":"BreadcrumbList","@id":"https:\/\/uniest.it\/prodotto\/aceites-y-marisal\/#breadcrumb","itemListElement":[{"@type":"ListItem","position":1,"name":"Home","item":"https:\/\/uniest.it\/es\/"},{"@type":"ListItem","position":2,"name":"Shop","item":"https:\/\/uniest.it\/shop\/"},{"@type":"ListItem","position":3,"name":"Aceites y Marisal"}]},{"@type":"WebSite","@id":"https:\/\/uniest.it\/#website","url":"https:\/\/uniest.it\/","name":"Uniest","description":"Cosmetici Naturali e Bio","potentialAction":[{"@type":"SearchAction","target":{"@type":"EntryPoint","urlTemplate":"https:\/\/uniest.it\/?s={search_term_string}"},"query-input":{"@type":"PropertyValueSpecification","valueRequired":true,"valueName":"search_term_string"}}],"inLanguage":"es"}]}},"_links":{"self":[{"href":"https:\/\/uniest.it\/es\/wp-json\/wp\/v2\/product\/6198","targetHints":{"allow":["GET"]}}],"collection":[{"href":"https:\/\/uniest.it\/es\/wp-json\/wp\/v2\/product"}],"about":[{"href":"https:\/\/uniest.it\/es\/wp-json\/wp\/v2\/types\/product"}],"wp:featuredmedia":[{"embeddable":true,"href":"https:\/\/uniest.it\/es\/wp-json\/wp\/v2\/media\/6199"}],"wp:attachment":[{"href":"https:\/\/uniest.it\/es\/wp-json\/wp\/v2\/media?parent=6198"}],"wp:term":[{"taxonomy":"product_brand","embeddable":true,"href":"https:\/\/uniest.it\/es\/wp-json\/wp\/v2\/product_brand?post=6198"},{"taxonomy":"product_cat","embeddable":true,"href":"https:\/\/uniest.it\/es\/wp-json\/wp\/v2\/product_cat?post=6198"},{"taxonomy":"product_tag","embeddable":true,"href":"https:\/\/uniest.it\/es\/wp-json\/wp\/v2\/product_tag?post=6198"}],"curies":[{"name":"wp","href":"https:\/\/api.w.org\/{rel}","templated":true}]}}