{"id":6208,"date":"2021-02-04T12:59:39","date_gmt":"2024-10-23T16:26:33","guid":{"rendered":"https:\/\/uniest.it\/prodotto\/desnaturalizado\/"},"modified":"2024-10-23T17:26:33","modified_gmt":"2024-10-23T16:26:33","slug":"desnaturalizado","status":"publish","type":"product","link":"https:\/\/uniest.it\/es\/prodotto\/desnaturalizado\/","title":{"rendered":"desnaturalizado"},"content":{"rendered":"<p>DeoNatural es un desodorante, sin aluminio y con mol\u00e9cula captadora de olores, con Manteca de Karit\u00e9 y Aceite de Almendras Dulces Bio, Glicerina Vegetal y Extracto de Salvia. Delicado como una caricia, act\u00faa respetando plenamente la piel, no obstruye los poros pero deja respirar naturalmente la epidermis, no irrita la piel y, por tanto, es adecuado incluso para las pieles m\u00e1s sensibles. Su pr\u00e1ctico envase, tambi\u00e9n apto para guardar en el bolso, lo convierte en un aliado de belleza insustituible, caracterizado por una fragancia ligera, certificada como libre de al\u00e9rgenos. Elaborada artesanalmente, su f\u00f3rmula no contiene alcohol, por lo que es ideal incluso despu\u00e9s de la depilaci\u00f3n, para tener una piel sana, delicadamente perfumada y con total seguridad.<\/p>\n","protected":false},"excerpt":{"rendered":"<p>DeoNatural es un desodorante, sin aluminio y con mol\u00e9cula captadora de olores, con Manteca de Karit\u00e9 y Aceite de Almendras Dulces Bio, Glicerina Vegetal y Extracto de Salvia. Delicado como una caricia, act\u00faa respetando plenamente la piel, no obstruye los poros pero deja respirar naturalmente la epidermis, no irrita la piel y, por tanto, es [&hellip;]<\/p>\n","protected":false},"featured_media":6209,"template":"","meta":{"_acf_changed":false,"inline_featured_image":false},"product_brand":[],"product_cat":[1425,1444],"product_tag":[],"class_list":{"0":"post-6208","1":"product","2":"type-product","3":"status-publish","4":"has-post-thumbnail","6":"product_beauty-aromatizzare-e-profumare","7":"product_beauty-idratare","8":"product_beauty-nutrire-e-rigenerare","9":"product_beauty-proteggere","10":"product_skin-tutte-le-pelli","11":"product_kind-tonici-e-lozioni-corpo","12":"product_kind-trattamenti-mani-e-piedi","13":"product_lines-igiene-e-protezione","14":"product_cat-corpo-es","15":"product_cat-mani-e-piedi-es","16":"pa_size-50-es","18":"first","19":"instock","20":"taxable","21":"shipping-taxable","22":"purchasable","23":"product-type-simple"},"acf":[],"yoast_head":"<!-- This site is optimized with the Yoast SEO plugin v24.6 - https:\/\/yoast.com\/wordpress\/plugins\/seo\/ -->\n<title>desnaturalizado - Uniest<\/title>\n<meta name=\"robots\" content=\"index, follow, max-snippet:-1, max-image-preview:large, max-video-preview:-1\" \/>\n<link rel=\"canonical\" href=\"https:\/\/uniest.it\/prodotto\/desnaturalizado\/\" \/>\n<meta property=\"og:locale\" content=\"es_ES\" \/>\n<meta property=\"og:type\" content=\"article\" \/>\n<meta property=\"og:title\" content=\"desnaturalizado - Uniest\" \/>\n<meta property=\"og:description\" content=\"DeoNatural es un desodorante, sin aluminio y con mol\u00e9cula captadora de olores, con Manteca de Karit\u00e9 y Aceite de Almendras Dulces Bio, Glicerina Vegetal y Extracto de Salvia. Delicado como una caricia, act\u00faa respetando plenamente la piel, no obstruye los poros pero deja respirar naturalmente la epidermis, no irrita la piel y, por tanto, es [&hellip;]\" \/>\n<meta property=\"og:url\" content=\"https:\/\/uniest.it\/prodotto\/desnaturalizado\/\" \/>\n<meta property=\"og:site_name\" content=\"Uniest\" \/>\n<meta name=\"twitter:card\" content=\"summary_large_image\" \/>\n<meta name=\"twitter:label1\" content=\"Tiempo de lectura\" \/>\n\t<meta name=\"twitter:data1\" content=\"1 minuto\" \/>\n<script type=\"application\/ld+json\" class=\"yoast-schema-graph\">{\"@context\":\"https:\/\/schema.org\",\"@graph\":[{\"@type\":\"WebPage\",\"@id\":\"https:\/\/uniest.it\/prodotto\/desnaturalizado\/\",\"url\":\"https:\/\/uniest.it\/prodotto\/desnaturalizado\/\",\"name\":\"desnaturalizado - Uniest\",\"isPartOf\":{\"@id\":\"https:\/\/uniest.it\/#website\"},\"primaryImageOfPage\":{\"@id\":\"https:\/\/uniest.it\/prodotto\/desnaturalizado\/#primaryimage\"},\"image\":{\"@id\":\"https:\/\/uniest.it\/prodotto\/desnaturalizado\/#primaryimage\"},\"thumbnailUrl\":\"https:\/\/uniest.it\/wp-content\/uploads\/2020\/11\/185AAE.png\",\"datePublished\":\"2024-10-23T16:26:33+00:00\",\"breadcrumb\":{\"@id\":\"https:\/\/uniest.it\/prodotto\/desnaturalizado\/#breadcrumb\"},\"inLanguage\":\"es\",\"potentialAction\":[{\"@type\":\"ReadAction\",\"target\":[\"https:\/\/uniest.it\/prodotto\/desnaturalizado\/\"]}]},{\"@type\":\"ImageObject\",\"inLanguage\":\"es\",\"@id\":\"https:\/\/uniest.it\/prodotto\/desnaturalizado\/#primaryimage\",\"url\":\"https:\/\/uniest.it\/wp-content\/uploads\/2020\/11\/185AAE.png\",\"contentUrl\":\"https:\/\/uniest.it\/wp-content\/uploads\/2020\/11\/185AAE.png\",\"width\":1283,\"height\":2000},{\"@type\":\"BreadcrumbList\",\"@id\":\"https:\/\/uniest.it\/prodotto\/desnaturalizado\/#breadcrumb\",\"itemListElement\":[{\"@type\":\"ListItem\",\"position\":1,\"name\":\"Home\",\"item\":\"https:\/\/uniest.it\/es\/\"},{\"@type\":\"ListItem\",\"position\":2,\"name\":\"Shop\",\"item\":\"https:\/\/uniest.it\/shop\/\"},{\"@type\":\"ListItem\",\"position\":3,\"name\":\"desnaturalizado\"}]},{\"@type\":\"WebSite\",\"@id\":\"https:\/\/uniest.it\/#website\",\"url\":\"https:\/\/uniest.it\/\",\"name\":\"Uniest\",\"description\":\"Cosmetici Naturali e Bio\",\"potentialAction\":[{\"@type\":\"SearchAction\",\"target\":{\"@type\":\"EntryPoint\",\"urlTemplate\":\"https:\/\/uniest.it\/?s={search_term_string}\"},\"query-input\":{\"@type\":\"PropertyValueSpecification\",\"valueRequired\":true,\"valueName\":\"search_term_string\"}}],\"inLanguage\":\"es\"}]}<\/script>\n<!-- \/ Yoast SEO plugin. -->","yoast_head_json":{"title":"desnaturalizado - Uniest","robots":{"index":"index","follow":"follow","max-snippet":"max-snippet:-1","max-image-preview":"max-image-preview:large","max-video-preview":"max-video-preview:-1"},"canonical":"https:\/\/uniest.it\/prodotto\/desnaturalizado\/","og_locale":"es_ES","og_type":"article","og_title":"desnaturalizado - Uniest","og_description":"DeoNatural es un desodorante, sin aluminio y con mol\u00e9cula captadora de olores, con Manteca de Karit\u00e9 y Aceite de Almendras Dulces Bio, Glicerina Vegetal y Extracto de Salvia. Delicado como una caricia, act\u00faa respetando plenamente la piel, no obstruye los poros pero deja respirar naturalmente la epidermis, no irrita la piel y, por tanto, es [&hellip;]","og_url":"https:\/\/uniest.it\/prodotto\/desnaturalizado\/","og_site_name":"Uniest","twitter_card":"summary_large_image","twitter_misc":{"Tiempo de lectura":"1 minuto"},"schema":{"@context":"https:\/\/schema.org","@graph":[{"@type":"WebPage","@id":"https:\/\/uniest.it\/prodotto\/desnaturalizado\/","url":"https:\/\/uniest.it\/prodotto\/desnaturalizado\/","name":"desnaturalizado - Uniest","isPartOf":{"@id":"https:\/\/uniest.it\/#website"},"primaryImageOfPage":{"@id":"https:\/\/uniest.it\/prodotto\/desnaturalizado\/#primaryimage"},"image":{"@id":"https:\/\/uniest.it\/prodotto\/desnaturalizado\/#primaryimage"},"thumbnailUrl":"https:\/\/uniest.it\/wp-content\/uploads\/2020\/11\/185AAE.png","datePublished":"2024-10-23T16:26:33+00:00","breadcrumb":{"@id":"https:\/\/uniest.it\/prodotto\/desnaturalizado\/#breadcrumb"},"inLanguage":"es","potentialAction":[{"@type":"ReadAction","target":["https:\/\/uniest.it\/prodotto\/desnaturalizado\/"]}]},{"@type":"ImageObject","inLanguage":"es","@id":"https:\/\/uniest.it\/prodotto\/desnaturalizado\/#primaryimage","url":"https:\/\/uniest.it\/wp-content\/uploads\/2020\/11\/185AAE.png","contentUrl":"https:\/\/uniest.it\/wp-content\/uploads\/2020\/11\/185AAE.png","width":1283,"height":2000},{"@type":"BreadcrumbList","@id":"https:\/\/uniest.it\/prodotto\/desnaturalizado\/#breadcrumb","itemListElement":[{"@type":"ListItem","position":1,"name":"Home","item":"https:\/\/uniest.it\/es\/"},{"@type":"ListItem","position":2,"name":"Shop","item":"https:\/\/uniest.it\/shop\/"},{"@type":"ListItem","position":3,"name":"desnaturalizado"}]},{"@type":"WebSite","@id":"https:\/\/uniest.it\/#website","url":"https:\/\/uniest.it\/","name":"Uniest","description":"Cosmetici Naturali e Bio","potentialAction":[{"@type":"SearchAction","target":{"@type":"EntryPoint","urlTemplate":"https:\/\/uniest.it\/?s={search_term_string}"},"query-input":{"@type":"PropertyValueSpecification","valueRequired":true,"valueName":"search_term_string"}}],"inLanguage":"es"}]}},"_links":{"self":[{"href":"https:\/\/uniest.it\/es\/wp-json\/wp\/v2\/product\/6208","targetHints":{"allow":["GET"]}}],"collection":[{"href":"https:\/\/uniest.it\/es\/wp-json\/wp\/v2\/product"}],"about":[{"href":"https:\/\/uniest.it\/es\/wp-json\/wp\/v2\/types\/product"}],"wp:featuredmedia":[{"embeddable":true,"href":"https:\/\/uniest.it\/es\/wp-json\/wp\/v2\/media\/6209"}],"wp:attachment":[{"href":"https:\/\/uniest.it\/es\/wp-json\/wp\/v2\/media?parent=6208"}],"wp:term":[{"taxonomy":"product_brand","embeddable":true,"href":"https:\/\/uniest.it\/es\/wp-json\/wp\/v2\/product_brand?post=6208"},{"taxonomy":"product_cat","embeddable":true,"href":"https:\/\/uniest.it\/es\/wp-json\/wp\/v2\/product_cat?post=6208"},{"taxonomy":"product_tag","embeddable":true,"href":"https:\/\/uniest.it\/es\/wp-json\/wp\/v2\/product_tag?post=6208"}],"curies":[{"name":"wp","href":"https:\/\/api.w.org\/{rel}","templated":true}]}}