{"id":6212,"date":"2021-02-04T12:59:39","date_gmt":"2024-10-23T16:26:34","guid":{"rendered":"https:\/\/uniest.it\/prodotto\/crema-de-manos-de-calendula\/"},"modified":"2024-10-23T17:26:34","modified_gmt":"2024-10-23T16:26:34","slug":"crema-de-manos-de-calendula","status":"publish","type":"product","link":"https:\/\/uniest.it\/es\/prodotto\/crema-de-manos-de-calendula\/","title":{"rendered":"Crema de Manos de Cal\u00e9ndula"},"content":{"rendered":"<p>La crema de manos de Cal\u00e9ndula es una delicada crema a base del precioso extracto vegetal de Cal\u00e9ndula Bio, que tiene la caracter\u00edstica de suavizar la piel de las manos. Tambi\u00e9n tiene la funci\u00f3n de cicatrizar peque\u00f1as grietas provocadas por factores clim\u00e1ticos (fr\u00edo y viento) y limpiezas frecuentes. Para potenciar los efectos de la Cal\u00e9ndula se han a\u00f1adido extractos vegetales de Melisa y Prop\u00f3leo, excelentes agentes anti-rojeces y cicatrizantes, mientras que la Vitamina E cuenta con propiedades antioxidantes. La manteca de karit\u00e9 org\u00e1nica, el aceite de salvado de arroz, el aceite de zanahoria, la lecitina de soja, las prote\u00ednas de germen de trigo y la glicerina vegetal devuelven la elasticidad y la hidrataci\u00f3n a la piel. Con Crema de Manos de Cal\u00e9ndula evitar\u00e1s grietas y sequedad, luciendo siempre unas manos suaves y aterciopeladas, agradables al tacto.<\/p>\n","protected":false},"excerpt":{"rendered":"<p>La crema de manos de Cal\u00e9ndula es una delicada crema a base del precioso extracto vegetal de Cal\u00e9ndula Bio, que tiene la caracter\u00edstica de suavizar la piel de las manos. Tambi\u00e9n tiene la funci\u00f3n de cicatrizar peque\u00f1as grietas provocadas por factores clim\u00e1ticos (fr\u00edo y viento) y limpiezas frecuentes. Para potenciar los efectos de la Cal\u00e9ndula [&hellip;]<\/p>\n","protected":false},"featured_media":6213,"template":"","meta":{"_acf_changed":false,"inline_featured_image":false},"product_brand":[],"product_cat":[1444],"product_tag":[],"class_list":{"0":"post-6212","1":"product","2":"type-product","3":"status-publish","4":"has-post-thumbnail","6":"product_beauty-antirughe","7":"product_beauty-idratare","8":"product_beauty-lenire","9":"product_beauty-nutrire-e-rigenerare","10":"product_beauty-proteggere","11":"product_beauty-schiarire","12":"product_skin-pelli-delicate-e-sensibili","13":"product_skin-pelli-giovani-e-prime-rughe","14":"product_skin-pelli-grasse-e-miste","15":"product_skin-pelli-mature-e-rughe","16":"product_skin-pelli-secche-e-normali","17":"product_skin-tutte-le-pelli","18":"product_kind-trattamenti-mani-e-piedi","19":"product_kind-tutte-le-creme-corpo","20":"product_lines-igiene-e-protezione","21":"product_cat-mani-e-piedi-es","22":"pa_size-75-es","24":"first","25":"instock","26":"taxable","27":"shipping-taxable","28":"purchasable","29":"product-type-simple"},"acf":[],"yoast_head":"<!-- This site is optimized with the Yoast SEO plugin v24.6 - https:\/\/yoast.com\/wordpress\/plugins\/seo\/ -->\n<title>Crema de Manos de Cal\u00e9ndula - Uniest<\/title>\n<meta name=\"robots\" content=\"index, follow, max-snippet:-1, max-image-preview:large, max-video-preview:-1\" \/>\n<link rel=\"canonical\" href=\"https:\/\/uniest.it\/prodotto\/crema-mani-alla-calendula\/\" \/>\n<meta property=\"og:locale\" content=\"es_ES\" \/>\n<meta property=\"og:type\" content=\"article\" \/>\n<meta property=\"og:title\" content=\"Crema de Manos de Cal\u00e9ndula - Uniest\" \/>\n<meta property=\"og:description\" content=\"La crema de manos de Cal\u00e9ndula es una delicada crema a base del precioso extracto vegetal de Cal\u00e9ndula Bio, que tiene la caracter\u00edstica de suavizar la piel de las manos. Tambi\u00e9n tiene la funci\u00f3n de cicatrizar peque\u00f1as grietas provocadas por factores clim\u00e1ticos (fr\u00edo y viento) y limpiezas frecuentes. Para potenciar los efectos de la Cal\u00e9ndula [&hellip;]\" \/>\n<meta property=\"og:url\" content=\"https:\/\/uniest.it\/prodotto\/crema-mani-alla-calendula\/\" \/>\n<meta property=\"og:site_name\" content=\"Uniest\" \/>\n<meta property=\"og:image\" content=\"https:\/\/uniest.it\/wp-content\/uploads\/2020\/11\/192AAE.png\" \/>\n\t<meta property=\"og:image:width\" content=\"1283\" \/>\n\t<meta property=\"og:image:height\" content=\"2000\" \/>\n\t<meta property=\"og:image:type\" content=\"image\/png\" \/>\n<meta name=\"twitter:card\" content=\"summary_large_image\" \/>\n<meta name=\"twitter:label1\" content=\"Tiempo de lectura\" \/>\n\t<meta name=\"twitter:data1\" content=\"1 minuto\" \/>\n<script type=\"application\/ld+json\" class=\"yoast-schema-graph\">{\"@context\":\"https:\/\/schema.org\",\"@graph\":[{\"@type\":\"WebPage\",\"@id\":\"https:\/\/uniest.it\/prodotto\/crema-mani-alla-calendula\/\",\"url\":\"https:\/\/uniest.it\/prodotto\/crema-mani-alla-calendula\/\",\"name\":\"Crema de Manos de Cal\u00e9ndula - Uniest\",\"isPartOf\":{\"@id\":\"https:\/\/uniest.it\/#website\"},\"primaryImageOfPage\":{\"@id\":\"https:\/\/uniest.it\/prodotto\/crema-mani-alla-calendula\/#primaryimage\"},\"image\":{\"@id\":\"https:\/\/uniest.it\/prodotto\/crema-mani-alla-calendula\/#primaryimage\"},\"thumbnailUrl\":\"https:\/\/uniest.it\/wp-content\/uploads\/2020\/11\/192AAE.png\",\"datePublished\":\"2024-10-23T16:26:34+00:00\",\"breadcrumb\":{\"@id\":\"https:\/\/uniest.it\/prodotto\/crema-mani-alla-calendula\/#breadcrumb\"},\"inLanguage\":\"es\",\"potentialAction\":[{\"@type\":\"ReadAction\",\"target\":[\"https:\/\/uniest.it\/prodotto\/crema-mani-alla-calendula\/\"]}]},{\"@type\":\"ImageObject\",\"inLanguage\":\"es\",\"@id\":\"https:\/\/uniest.it\/prodotto\/crema-mani-alla-calendula\/#primaryimage\",\"url\":\"https:\/\/uniest.it\/wp-content\/uploads\/2020\/11\/192AAE.png\",\"contentUrl\":\"https:\/\/uniest.it\/wp-content\/uploads\/2020\/11\/192AAE.png\",\"width\":1283,\"height\":2000},{\"@type\":\"BreadcrumbList\",\"@id\":\"https:\/\/uniest.it\/prodotto\/crema-mani-alla-calendula\/#breadcrumb\",\"itemListElement\":[{\"@type\":\"ListItem\",\"position\":1,\"name\":\"Home\",\"item\":\"https:\/\/uniest.it\/es\/\"},{\"@type\":\"ListItem\",\"position\":2,\"name\":\"Shop\",\"item\":\"https:\/\/uniest.it\/shop\/\"},{\"@type\":\"ListItem\",\"position\":3,\"name\":\"Crema de Manos de Cal\u00e9ndula\"}]},{\"@type\":\"WebSite\",\"@id\":\"https:\/\/uniest.it\/#website\",\"url\":\"https:\/\/uniest.it\/\",\"name\":\"Uniest\",\"description\":\"Cosmetici Naturali e Bio\",\"potentialAction\":[{\"@type\":\"SearchAction\",\"target\":{\"@type\":\"EntryPoint\",\"urlTemplate\":\"https:\/\/uniest.it\/?s={search_term_string}\"},\"query-input\":{\"@type\":\"PropertyValueSpecification\",\"valueRequired\":true,\"valueName\":\"search_term_string\"}}],\"inLanguage\":\"es\"}]}<\/script>\n<!-- \/ Yoast SEO plugin. -->","yoast_head_json":{"title":"Crema de Manos de Cal\u00e9ndula - Uniest","robots":{"index":"index","follow":"follow","max-snippet":"max-snippet:-1","max-image-preview":"max-image-preview:large","max-video-preview":"max-video-preview:-1"},"canonical":"https:\/\/uniest.it\/prodotto\/crema-mani-alla-calendula\/","og_locale":"es_ES","og_type":"article","og_title":"Crema de Manos de Cal\u00e9ndula - Uniest","og_description":"La crema de manos de Cal\u00e9ndula es una delicada crema a base del precioso extracto vegetal de Cal\u00e9ndula Bio, que tiene la caracter\u00edstica de suavizar la piel de las manos. Tambi\u00e9n tiene la funci\u00f3n de cicatrizar peque\u00f1as grietas provocadas por factores clim\u00e1ticos (fr\u00edo y viento) y limpiezas frecuentes. Para potenciar los efectos de la Cal\u00e9ndula [&hellip;]","og_url":"https:\/\/uniest.it\/prodotto\/crema-mani-alla-calendula\/","og_site_name":"Uniest","og_image":[{"width":1283,"height":2000,"url":"https:\/\/uniest.it\/wp-content\/uploads\/2020\/11\/192AAE.png","type":"image\/png"}],"twitter_card":"summary_large_image","twitter_misc":{"Tiempo de lectura":"1 minuto"},"schema":{"@context":"https:\/\/schema.org","@graph":[{"@type":"WebPage","@id":"https:\/\/uniest.it\/prodotto\/crema-mani-alla-calendula\/","url":"https:\/\/uniest.it\/prodotto\/crema-mani-alla-calendula\/","name":"Crema de Manos de Cal\u00e9ndula - Uniest","isPartOf":{"@id":"https:\/\/uniest.it\/#website"},"primaryImageOfPage":{"@id":"https:\/\/uniest.it\/prodotto\/crema-mani-alla-calendula\/#primaryimage"},"image":{"@id":"https:\/\/uniest.it\/prodotto\/crema-mani-alla-calendula\/#primaryimage"},"thumbnailUrl":"https:\/\/uniest.it\/wp-content\/uploads\/2020\/11\/192AAE.png","datePublished":"2024-10-23T16:26:34+00:00","breadcrumb":{"@id":"https:\/\/uniest.it\/prodotto\/crema-mani-alla-calendula\/#breadcrumb"},"inLanguage":"es","potentialAction":[{"@type":"ReadAction","target":["https:\/\/uniest.it\/prodotto\/crema-mani-alla-calendula\/"]}]},{"@type":"ImageObject","inLanguage":"es","@id":"https:\/\/uniest.it\/prodotto\/crema-mani-alla-calendula\/#primaryimage","url":"https:\/\/uniest.it\/wp-content\/uploads\/2020\/11\/192AAE.png","contentUrl":"https:\/\/uniest.it\/wp-content\/uploads\/2020\/11\/192AAE.png","width":1283,"height":2000},{"@type":"BreadcrumbList","@id":"https:\/\/uniest.it\/prodotto\/crema-mani-alla-calendula\/#breadcrumb","itemListElement":[{"@type":"ListItem","position":1,"name":"Home","item":"https:\/\/uniest.it\/es\/"},{"@type":"ListItem","position":2,"name":"Shop","item":"https:\/\/uniest.it\/shop\/"},{"@type":"ListItem","position":3,"name":"Crema de Manos de Cal\u00e9ndula"}]},{"@type":"WebSite","@id":"https:\/\/uniest.it\/#website","url":"https:\/\/uniest.it\/","name":"Uniest","description":"Cosmetici Naturali e Bio","potentialAction":[{"@type":"SearchAction","target":{"@type":"EntryPoint","urlTemplate":"https:\/\/uniest.it\/?s={search_term_string}"},"query-input":{"@type":"PropertyValueSpecification","valueRequired":true,"valueName":"search_term_string"}}],"inLanguage":"es"}]}},"_links":{"self":[{"href":"https:\/\/uniest.it\/es\/wp-json\/wp\/v2\/product\/6212","targetHints":{"allow":["GET"]}}],"collection":[{"href":"https:\/\/uniest.it\/es\/wp-json\/wp\/v2\/product"}],"about":[{"href":"https:\/\/uniest.it\/es\/wp-json\/wp\/v2\/types\/product"}],"wp:featuredmedia":[{"embeddable":true,"href":"https:\/\/uniest.it\/es\/wp-json\/wp\/v2\/media\/6213"}],"wp:attachment":[{"href":"https:\/\/uniest.it\/es\/wp-json\/wp\/v2\/media?parent=6212"}],"wp:term":[{"taxonomy":"product_brand","embeddable":true,"href":"https:\/\/uniest.it\/es\/wp-json\/wp\/v2\/product_brand?post=6212"},{"taxonomy":"product_cat","embeddable":true,"href":"https:\/\/uniest.it\/es\/wp-json\/wp\/v2\/product_cat?post=6212"},{"taxonomy":"product_tag","embeddable":true,"href":"https:\/\/uniest.it\/es\/wp-json\/wp\/v2\/product_tag?post=6212"}],"curies":[{"name":"wp","href":"https:\/\/api.w.org\/{rel}","templated":true}]}}