{"id":6214,"date":"2021-02-04T12:59:39","date_gmt":"2024-10-23T16:26:35","guid":{"rendered":"https:\/\/uniest.it\/prodotto\/crema-suavizante-de-pies\/"},"modified":"2024-10-23T17:26:35","modified_gmt":"2024-10-23T16:26:35","slug":"crema-suavizante-de-pies","status":"publish","type":"product","link":"https:\/\/uniest.it\/es\/prodotto\/crema-suavizante-de-pies\/","title":{"rendered":"Crema suavizante de pies"},"content":{"rendered":"<p>Crema suavizante para pies gracias a su formulaci\u00f3n especial, esta suave crema de base natural aporta elasticidad, suavidad, tono y bienestar a los pies. Combina las propiedades emolientes y protectoras del Aceite de Salvado de Arroz con las propiedades nutritivas e hidratantes de la Glicerina Vegetal y el \u00c1cido Glic\u00f3lico. Adem\u00e1s, el \u00c1cido K\u00f3jico tiene propiedades antibacterianas que pueden ayudar a prevenir las molestas micosis. Los aceites esenciales de mentol y alcanfor tonifican y refrescan los pies. Durante el verano, al tener que usar sandalias y pantuflas, tendemos a prestar m\u00e1s atenci\u00f3n a nuestros pies, utilizando cremas, tratamientos diversos y exfoliantes para que est\u00e9n siempre suaves y tersos, sin signos de sequedad. En realidad, la mejor manera de tener los pies siempre limpios y suaves es cuidarlos bien durante todo el a\u00f1o. &nbsp; &nbsp;<\/p>\n","protected":false},"excerpt":{"rendered":"<p>Crema suavizante para pies gracias a su formulaci\u00f3n especial, esta suave crema de base natural aporta elasticidad, suavidad, tono y bienestar a los pies. Combina las propiedades emolientes y protectoras del Aceite de Salvado de Arroz con las propiedades nutritivas e hidratantes de la Glicerina Vegetal y el \u00c1cido Glic\u00f3lico. Adem\u00e1s, el \u00c1cido K\u00f3jico tiene [&hellip;]<\/p>\n","protected":false},"featured_media":6215,"template":"","meta":{"_acf_changed":false,"inline_featured_image":false},"product_brand":[],"product_cat":[1444],"product_tag":[],"class_list":{"0":"post-6214","1":"product","2":"type-product","3":"status-publish","4":"has-post-thumbnail","6":"product_beauty-idratare","7":"product_beauty-lenire","8":"product_beauty-nutrire-e-rigenerare","9":"product_beauty-proteggere","10":"product_beauty-schiarire","11":"product_skin-pelli-delicate-e-sensibili","12":"product_skin-pelli-giovani-e-prime-rughe","13":"product_skin-pelli-grasse-e-miste","14":"product_skin-pelli-mature-e-rughe","15":"product_skin-pelli-secche-e-normali","16":"product_skin-tutte-le-pelli","17":"product_kind-trattamenti-mani-e-piedi","18":"product_kind-tutte-le-creme-corpo","19":"product_lines-igiene-e-protezione","20":"product_cat-mani-e-piedi-es","21":"pa_size-75-es","23":"first","24":"instock","25":"taxable","26":"shipping-taxable","27":"purchasable","28":"product-type-simple"},"acf":[],"yoast_head":"<!-- This site is optimized with the Yoast SEO plugin v24.6 - https:\/\/yoast.com\/wordpress\/plugins\/seo\/ -->\n<title>Crema suavizante de pies - Uniest<\/title>\n<meta name=\"robots\" content=\"index, follow, max-snippet:-1, max-image-preview:large, max-video-preview:-1\" \/>\n<link rel=\"canonical\" href=\"https:\/\/uniest.it\/prodotto\/crema-ammorbidente-piedi\/\" \/>\n<meta property=\"og:locale\" content=\"es_ES\" \/>\n<meta property=\"og:type\" content=\"article\" \/>\n<meta property=\"og:title\" content=\"Crema suavizante de pies - Uniest\" \/>\n<meta property=\"og:description\" content=\"Crema suavizante para pies gracias a su formulaci\u00f3n especial, esta suave crema de base natural aporta elasticidad, suavidad, tono y bienestar a los pies. Combina las propiedades emolientes y protectoras del Aceite de Salvado de Arroz con las propiedades nutritivas e hidratantes de la Glicerina Vegetal y el \u00c1cido Glic\u00f3lico. Adem\u00e1s, el \u00c1cido K\u00f3jico tiene [&hellip;]\" \/>\n<meta property=\"og:url\" content=\"https:\/\/uniest.it\/prodotto\/crema-ammorbidente-piedi\/\" \/>\n<meta property=\"og:site_name\" content=\"Uniest\" \/>\n<meta property=\"og:image\" content=\"https:\/\/uniest.it\/wp-content\/uploads\/2020\/11\/195AAE.png\" \/>\n\t<meta property=\"og:image:width\" content=\"1283\" \/>\n\t<meta property=\"og:image:height\" content=\"2000\" \/>\n\t<meta property=\"og:image:type\" content=\"image\/png\" \/>\n<meta name=\"twitter:card\" content=\"summary_large_image\" \/>\n<meta name=\"twitter:label1\" content=\"Tiempo de lectura\" \/>\n\t<meta name=\"twitter:data1\" content=\"1 minuto\" \/>\n<script type=\"application\/ld+json\" class=\"yoast-schema-graph\">{\"@context\":\"https:\/\/schema.org\",\"@graph\":[{\"@type\":\"WebPage\",\"@id\":\"https:\/\/uniest.it\/prodotto\/crema-ammorbidente-piedi\/\",\"url\":\"https:\/\/uniest.it\/prodotto\/crema-ammorbidente-piedi\/\",\"name\":\"Crema suavizante de pies - Uniest\",\"isPartOf\":{\"@id\":\"https:\/\/uniest.it\/#website\"},\"primaryImageOfPage\":{\"@id\":\"https:\/\/uniest.it\/prodotto\/crema-ammorbidente-piedi\/#primaryimage\"},\"image\":{\"@id\":\"https:\/\/uniest.it\/prodotto\/crema-ammorbidente-piedi\/#primaryimage\"},\"thumbnailUrl\":\"https:\/\/uniest.it\/wp-content\/uploads\/2020\/11\/195AAE.png\",\"datePublished\":\"2024-10-23T16:26:35+00:00\",\"breadcrumb\":{\"@id\":\"https:\/\/uniest.it\/prodotto\/crema-ammorbidente-piedi\/#breadcrumb\"},\"inLanguage\":\"es\",\"potentialAction\":[{\"@type\":\"ReadAction\",\"target\":[\"https:\/\/uniest.it\/prodotto\/crema-ammorbidente-piedi\/\"]}]},{\"@type\":\"ImageObject\",\"inLanguage\":\"es\",\"@id\":\"https:\/\/uniest.it\/prodotto\/crema-ammorbidente-piedi\/#primaryimage\",\"url\":\"https:\/\/uniest.it\/wp-content\/uploads\/2020\/11\/195AAE.png\",\"contentUrl\":\"https:\/\/uniest.it\/wp-content\/uploads\/2020\/11\/195AAE.png\",\"width\":1283,\"height\":2000},{\"@type\":\"BreadcrumbList\",\"@id\":\"https:\/\/uniest.it\/prodotto\/crema-ammorbidente-piedi\/#breadcrumb\",\"itemListElement\":[{\"@type\":\"ListItem\",\"position\":1,\"name\":\"Home\",\"item\":\"https:\/\/uniest.it\/es\/\"},{\"@type\":\"ListItem\",\"position\":2,\"name\":\"Shop\",\"item\":\"https:\/\/uniest.it\/shop\/\"},{\"@type\":\"ListItem\",\"position\":3,\"name\":\"Crema suavizante de pies\"}]},{\"@type\":\"WebSite\",\"@id\":\"https:\/\/uniest.it\/#website\",\"url\":\"https:\/\/uniest.it\/\",\"name\":\"Uniest\",\"description\":\"Cosmetici Naturali e Bio\",\"potentialAction\":[{\"@type\":\"SearchAction\",\"target\":{\"@type\":\"EntryPoint\",\"urlTemplate\":\"https:\/\/uniest.it\/?s={search_term_string}\"},\"query-input\":{\"@type\":\"PropertyValueSpecification\",\"valueRequired\":true,\"valueName\":\"search_term_string\"}}],\"inLanguage\":\"es\"}]}<\/script>\n<!-- \/ Yoast SEO plugin. -->","yoast_head_json":{"title":"Crema suavizante de pies - Uniest","robots":{"index":"index","follow":"follow","max-snippet":"max-snippet:-1","max-image-preview":"max-image-preview:large","max-video-preview":"max-video-preview:-1"},"canonical":"https:\/\/uniest.it\/prodotto\/crema-ammorbidente-piedi\/","og_locale":"es_ES","og_type":"article","og_title":"Crema suavizante de pies - Uniest","og_description":"Crema suavizante para pies gracias a su formulaci\u00f3n especial, esta suave crema de base natural aporta elasticidad, suavidad, tono y bienestar a los pies. Combina las propiedades emolientes y protectoras del Aceite de Salvado de Arroz con las propiedades nutritivas e hidratantes de la Glicerina Vegetal y el \u00c1cido Glic\u00f3lico. Adem\u00e1s, el \u00c1cido K\u00f3jico tiene [&hellip;]","og_url":"https:\/\/uniest.it\/prodotto\/crema-ammorbidente-piedi\/","og_site_name":"Uniest","og_image":[{"width":1283,"height":2000,"url":"https:\/\/uniest.it\/wp-content\/uploads\/2020\/11\/195AAE.png","type":"image\/png"}],"twitter_card":"summary_large_image","twitter_misc":{"Tiempo de lectura":"1 minuto"},"schema":{"@context":"https:\/\/schema.org","@graph":[{"@type":"WebPage","@id":"https:\/\/uniest.it\/prodotto\/crema-ammorbidente-piedi\/","url":"https:\/\/uniest.it\/prodotto\/crema-ammorbidente-piedi\/","name":"Crema suavizante de pies - Uniest","isPartOf":{"@id":"https:\/\/uniest.it\/#website"},"primaryImageOfPage":{"@id":"https:\/\/uniest.it\/prodotto\/crema-ammorbidente-piedi\/#primaryimage"},"image":{"@id":"https:\/\/uniest.it\/prodotto\/crema-ammorbidente-piedi\/#primaryimage"},"thumbnailUrl":"https:\/\/uniest.it\/wp-content\/uploads\/2020\/11\/195AAE.png","datePublished":"2024-10-23T16:26:35+00:00","breadcrumb":{"@id":"https:\/\/uniest.it\/prodotto\/crema-ammorbidente-piedi\/#breadcrumb"},"inLanguage":"es","potentialAction":[{"@type":"ReadAction","target":["https:\/\/uniest.it\/prodotto\/crema-ammorbidente-piedi\/"]}]},{"@type":"ImageObject","inLanguage":"es","@id":"https:\/\/uniest.it\/prodotto\/crema-ammorbidente-piedi\/#primaryimage","url":"https:\/\/uniest.it\/wp-content\/uploads\/2020\/11\/195AAE.png","contentUrl":"https:\/\/uniest.it\/wp-content\/uploads\/2020\/11\/195AAE.png","width":1283,"height":2000},{"@type":"BreadcrumbList","@id":"https:\/\/uniest.it\/prodotto\/crema-ammorbidente-piedi\/#breadcrumb","itemListElement":[{"@type":"ListItem","position":1,"name":"Home","item":"https:\/\/uniest.it\/es\/"},{"@type":"ListItem","position":2,"name":"Shop","item":"https:\/\/uniest.it\/shop\/"},{"@type":"ListItem","position":3,"name":"Crema suavizante de pies"}]},{"@type":"WebSite","@id":"https:\/\/uniest.it\/#website","url":"https:\/\/uniest.it\/","name":"Uniest","description":"Cosmetici Naturali e Bio","potentialAction":[{"@type":"SearchAction","target":{"@type":"EntryPoint","urlTemplate":"https:\/\/uniest.it\/?s={search_term_string}"},"query-input":{"@type":"PropertyValueSpecification","valueRequired":true,"valueName":"search_term_string"}}],"inLanguage":"es"}]}},"_links":{"self":[{"href":"https:\/\/uniest.it\/es\/wp-json\/wp\/v2\/product\/6214","targetHints":{"allow":["GET"]}}],"collection":[{"href":"https:\/\/uniest.it\/es\/wp-json\/wp\/v2\/product"}],"about":[{"href":"https:\/\/uniest.it\/es\/wp-json\/wp\/v2\/types\/product"}],"wp:featuredmedia":[{"embeddable":true,"href":"https:\/\/uniest.it\/es\/wp-json\/wp\/v2\/media\/6215"}],"wp:attachment":[{"href":"https:\/\/uniest.it\/es\/wp-json\/wp\/v2\/media?parent=6214"}],"wp:term":[{"taxonomy":"product_brand","embeddable":true,"href":"https:\/\/uniest.it\/es\/wp-json\/wp\/v2\/product_brand?post=6214"},{"taxonomy":"product_cat","embeddable":true,"href":"https:\/\/uniest.it\/es\/wp-json\/wp\/v2\/product_cat?post=6214"},{"taxonomy":"product_tag","embeddable":true,"href":"https:\/\/uniest.it\/es\/wp-json\/wp\/v2\/product_tag?post=6214"}],"curies":[{"name":"wp","href":"https:\/\/api.w.org\/{rel}","templated":true}]}}