{"id":6218,"date":"2021-02-04T12:59:39","date_gmt":"2024-10-23T16:26:36","guid":{"rendered":"https:\/\/uniest.it\/prodotto\/crema-para-pies-frios\/"},"modified":"2024-10-23T17:26:36","modified_gmt":"2024-10-23T16:26:36","slug":"crema-para-pies-frios","status":"publish","type":"product","link":"https:\/\/uniest.it\/es\/prodotto\/crema-para-pies-frios\/","title":{"rendered":"Crema para pies fr\u00edos"},"content":{"rendered":"<p>Crema para pies fr\u00edos dise\u00f1ada para combatir la molesta sensaci\u00f3n de pies fr\u00edos, secos o agrietados, provocada por la mala circulaci\u00f3n, la tensi\u00f3n emocional, el fr\u00edo y el clima severo. Es un compuesto elaborado con una serie de elementos naturales ideales para el cuidado de nuestros pies, capaces de dar de forma inmediata una gran sensaci\u00f3n de calidez y calidez. Aporta calidez y nutrici\u00f3n a las puntas de los pies gracias al uso de Canela y Pimiento, reconocidos por sus propiedades rubefacientes y calentadoras. Ambos estimulan el flujo sangu\u00edneo, adem\u00e1s la canela tiene cualidades antiinflamatorias y analg\u00e9sicas, pero tambi\u00e9n en caso de dolores debidos a la artritis. Adem\u00e1s, el aceite esencial de alcanfor tiene propiedades antis\u00e9pticas que pueden ayudar a prevenir las molestas micosis. El Aceite de Salvado de Arroz, la Glicerina Vegetal y el extracto de Malva, a trav\u00e9s de su acci\u00f3n emoliente e hidratante, dejan los pies suaves y el\u00e1sticos.<\/p>\n","protected":false},"excerpt":{"rendered":"<p>Crema para pies fr\u00edos dise\u00f1ada para combatir la molesta sensaci\u00f3n de pies fr\u00edos, secos o agrietados, provocada por la mala circulaci\u00f3n, la tensi\u00f3n emocional, el fr\u00edo y el clima severo. Es un compuesto elaborado con una serie de elementos naturales ideales para el cuidado de nuestros pies, capaces de dar de forma inmediata una gran [&hellip;]<\/p>\n","protected":false},"featured_media":6219,"template":"","meta":{"_acf_changed":false,"inline_featured_image":false},"product_brand":[],"product_cat":[1444],"product_tag":[],"class_list":{"0":"post-6218","1":"product","2":"type-product","3":"status-publish","4":"has-post-thumbnail","6":"product_beauty-idratare","7":"product_beauty-nutrire-e-rigenerare","8":"product_beauty-proteggere","9":"product_skin-pelli-delicate-e-sensibili","10":"product_skin-pelli-giovani-e-prime-rughe","11":"product_skin-pelli-grasse-e-miste","12":"product_skin-pelli-mature-e-rughe","13":"product_skin-pelli-secche-e-normali","14":"product_skin-tutte-le-pelli","15":"product_kind-trattamenti-mani-e-piedi","16":"product_kind-trattamenti-speciali","17":"product_kind-tutte-le-creme-corpo","18":"product_lines-igiene-e-protezione","19":"product_cat-mani-e-piedi-es","20":"pa_size-75-es","22":"first","23":"instock","24":"taxable","25":"shipping-taxable","26":"purchasable","27":"product-type-simple"},"acf":[],"yoast_head":"<!-- This site is optimized with the Yoast SEO plugin v24.6 - https:\/\/yoast.com\/wordpress\/plugins\/seo\/ -->\n<title>Crema para pies fr\u00edos - Uniest<\/title>\n<meta name=\"robots\" content=\"index, follow, max-snippet:-1, max-image-preview:large, max-video-preview:-1\" \/>\n<link rel=\"canonical\" href=\"https:\/\/uniest.it\/prodotto\/crema-para-pies-frios\/\" \/>\n<meta property=\"og:locale\" content=\"es_ES\" \/>\n<meta property=\"og:type\" content=\"article\" \/>\n<meta property=\"og:title\" content=\"Crema para pies fr\u00edos - Uniest\" \/>\n<meta property=\"og:description\" content=\"Crema para pies fr\u00edos dise\u00f1ada para combatir la molesta sensaci\u00f3n de pies fr\u00edos, secos o agrietados, provocada por la mala circulaci\u00f3n, la tensi\u00f3n emocional, el fr\u00edo y el clima severo. Es un compuesto elaborado con una serie de elementos naturales ideales para el cuidado de nuestros pies, capaces de dar de forma inmediata una gran [&hellip;]\" \/>\n<meta property=\"og:url\" content=\"https:\/\/uniest.it\/prodotto\/crema-para-pies-frios\/\" \/>\n<meta property=\"og:site_name\" content=\"Uniest\" \/>\n<meta name=\"twitter:card\" content=\"summary_large_image\" \/>\n<meta name=\"twitter:label1\" content=\"Tiempo de lectura\" \/>\n\t<meta name=\"twitter:data1\" content=\"1 minuto\" \/>\n<script type=\"application\/ld+json\" class=\"yoast-schema-graph\">{\"@context\":\"https:\/\/schema.org\",\"@graph\":[{\"@type\":\"WebPage\",\"@id\":\"https:\/\/uniest.it\/prodotto\/crema-para-pies-frios\/\",\"url\":\"https:\/\/uniest.it\/prodotto\/crema-para-pies-frios\/\",\"name\":\"Crema para pies fr\u00edos - Uniest\",\"isPartOf\":{\"@id\":\"https:\/\/uniest.it\/#website\"},\"primaryImageOfPage\":{\"@id\":\"https:\/\/uniest.it\/prodotto\/crema-para-pies-frios\/#primaryimage\"},\"image\":{\"@id\":\"https:\/\/uniest.it\/prodotto\/crema-para-pies-frios\/#primaryimage\"},\"thumbnailUrl\":\"https:\/\/uniest.it\/wp-content\/uploads\/2020\/11\/204AAE.png\",\"datePublished\":\"2024-10-23T16:26:36+00:00\",\"breadcrumb\":{\"@id\":\"https:\/\/uniest.it\/prodotto\/crema-para-pies-frios\/#breadcrumb\"},\"inLanguage\":\"es\",\"potentialAction\":[{\"@type\":\"ReadAction\",\"target\":[\"https:\/\/uniest.it\/prodotto\/crema-para-pies-frios\/\"]}]},{\"@type\":\"ImageObject\",\"inLanguage\":\"es\",\"@id\":\"https:\/\/uniest.it\/prodotto\/crema-para-pies-frios\/#primaryimage\",\"url\":\"https:\/\/uniest.it\/wp-content\/uploads\/2020\/11\/204AAE.png\",\"contentUrl\":\"https:\/\/uniest.it\/wp-content\/uploads\/2020\/11\/204AAE.png\",\"width\":1283,\"height\":2000},{\"@type\":\"BreadcrumbList\",\"@id\":\"https:\/\/uniest.it\/prodotto\/crema-para-pies-frios\/#breadcrumb\",\"itemListElement\":[{\"@type\":\"ListItem\",\"position\":1,\"name\":\"Home\",\"item\":\"https:\/\/uniest.it\/es\/\"},{\"@type\":\"ListItem\",\"position\":2,\"name\":\"Shop\",\"item\":\"https:\/\/uniest.it\/shop\/\"},{\"@type\":\"ListItem\",\"position\":3,\"name\":\"Crema para pies fr\u00edos\"}]},{\"@type\":\"WebSite\",\"@id\":\"https:\/\/uniest.it\/#website\",\"url\":\"https:\/\/uniest.it\/\",\"name\":\"Uniest\",\"description\":\"Cosmetici Naturali e Bio\",\"potentialAction\":[{\"@type\":\"SearchAction\",\"target\":{\"@type\":\"EntryPoint\",\"urlTemplate\":\"https:\/\/uniest.it\/?s={search_term_string}\"},\"query-input\":{\"@type\":\"PropertyValueSpecification\",\"valueRequired\":true,\"valueName\":\"search_term_string\"}}],\"inLanguage\":\"es\"}]}<\/script>\n<!-- \/ Yoast SEO plugin. -->","yoast_head_json":{"title":"Crema para pies fr\u00edos - Uniest","robots":{"index":"index","follow":"follow","max-snippet":"max-snippet:-1","max-image-preview":"max-image-preview:large","max-video-preview":"max-video-preview:-1"},"canonical":"https:\/\/uniest.it\/prodotto\/crema-para-pies-frios\/","og_locale":"es_ES","og_type":"article","og_title":"Crema para pies fr\u00edos - Uniest","og_description":"Crema para pies fr\u00edos dise\u00f1ada para combatir la molesta sensaci\u00f3n de pies fr\u00edos, secos o agrietados, provocada por la mala circulaci\u00f3n, la tensi\u00f3n emocional, el fr\u00edo y el clima severo. Es un compuesto elaborado con una serie de elementos naturales ideales para el cuidado de nuestros pies, capaces de dar de forma inmediata una gran [&hellip;]","og_url":"https:\/\/uniest.it\/prodotto\/crema-para-pies-frios\/","og_site_name":"Uniest","twitter_card":"summary_large_image","twitter_misc":{"Tiempo de lectura":"1 minuto"},"schema":{"@context":"https:\/\/schema.org","@graph":[{"@type":"WebPage","@id":"https:\/\/uniest.it\/prodotto\/crema-para-pies-frios\/","url":"https:\/\/uniest.it\/prodotto\/crema-para-pies-frios\/","name":"Crema para pies fr\u00edos - Uniest","isPartOf":{"@id":"https:\/\/uniest.it\/#website"},"primaryImageOfPage":{"@id":"https:\/\/uniest.it\/prodotto\/crema-para-pies-frios\/#primaryimage"},"image":{"@id":"https:\/\/uniest.it\/prodotto\/crema-para-pies-frios\/#primaryimage"},"thumbnailUrl":"https:\/\/uniest.it\/wp-content\/uploads\/2020\/11\/204AAE.png","datePublished":"2024-10-23T16:26:36+00:00","breadcrumb":{"@id":"https:\/\/uniest.it\/prodotto\/crema-para-pies-frios\/#breadcrumb"},"inLanguage":"es","potentialAction":[{"@type":"ReadAction","target":["https:\/\/uniest.it\/prodotto\/crema-para-pies-frios\/"]}]},{"@type":"ImageObject","inLanguage":"es","@id":"https:\/\/uniest.it\/prodotto\/crema-para-pies-frios\/#primaryimage","url":"https:\/\/uniest.it\/wp-content\/uploads\/2020\/11\/204AAE.png","contentUrl":"https:\/\/uniest.it\/wp-content\/uploads\/2020\/11\/204AAE.png","width":1283,"height":2000},{"@type":"BreadcrumbList","@id":"https:\/\/uniest.it\/prodotto\/crema-para-pies-frios\/#breadcrumb","itemListElement":[{"@type":"ListItem","position":1,"name":"Home","item":"https:\/\/uniest.it\/es\/"},{"@type":"ListItem","position":2,"name":"Shop","item":"https:\/\/uniest.it\/shop\/"},{"@type":"ListItem","position":3,"name":"Crema para pies fr\u00edos"}]},{"@type":"WebSite","@id":"https:\/\/uniest.it\/#website","url":"https:\/\/uniest.it\/","name":"Uniest","description":"Cosmetici Naturali e Bio","potentialAction":[{"@type":"SearchAction","target":{"@type":"EntryPoint","urlTemplate":"https:\/\/uniest.it\/?s={search_term_string}"},"query-input":{"@type":"PropertyValueSpecification","valueRequired":true,"valueName":"search_term_string"}}],"inLanguage":"es"}]}},"_links":{"self":[{"href":"https:\/\/uniest.it\/es\/wp-json\/wp\/v2\/product\/6218","targetHints":{"allow":["GET"]}}],"collection":[{"href":"https:\/\/uniest.it\/es\/wp-json\/wp\/v2\/product"}],"about":[{"href":"https:\/\/uniest.it\/es\/wp-json\/wp\/v2\/types\/product"}],"wp:featuredmedia":[{"embeddable":true,"href":"https:\/\/uniest.it\/es\/wp-json\/wp\/v2\/media\/6219"}],"wp:attachment":[{"href":"https:\/\/uniest.it\/es\/wp-json\/wp\/v2\/media?parent=6218"}],"wp:term":[{"taxonomy":"product_brand","embeddable":true,"href":"https:\/\/uniest.it\/es\/wp-json\/wp\/v2\/product_brand?post=6218"},{"taxonomy":"product_cat","embeddable":true,"href":"https:\/\/uniest.it\/es\/wp-json\/wp\/v2\/product_cat?post=6218"},{"taxonomy":"product_tag","embeddable":true,"href":"https:\/\/uniest.it\/es\/wp-json\/wp\/v2\/product_tag?post=6218"}],"curies":[{"name":"wp","href":"https:\/\/api.w.org\/{rel}","templated":true}]}}