{"id":6222,"date":"2021-02-04T12:59:39","date_gmt":"2024-10-23T16:26:36","guid":{"rendered":"https:\/\/uniest.it\/prodotto\/erbagel\/"},"modified":"2024-10-23T17:26:36","modified_gmt":"2024-10-23T16:26:36","slug":"erbagel","status":"publish","type":"product","link":"https:\/\/uniest.it\/es\/prodotto\/erbagel\/","title":{"rendered":"Erbagel"},"content":{"rendered":"<p>Erbagel es un producto natural creado para dar luminosidad y frescor a las extremidades cansadas, empezando por los pies, aportando una sensaci\u00f3n de tonicidad a la piel. Los aceites esenciales de menta y mentol aportan a las piernas una delicada sensaci\u00f3n refrescante y tonificante. El Cipr\u00e9s, antiedematoso y el \u00c1rnica, protector capilar, contribuyen a dar la sensaci\u00f3n de tener las piernas ligeras y deshinchadas. Adem\u00e1s, el preciado \u00e1cido hialur\u00f3nico de bajo peso molecular confiere a la piel un efecto de \u00abpiel sedosa\u00bb, t\u00edpico de una piel joven y el\u00e1stica. Propiedades El aceite esencial de menta tiene propiedades bals\u00e1micas, calmantes, calmantes, drenantes, depurativas, refrescantes, vascularizantes y estimulantes. El aceite esencial de mentol tiene propiedades refrescantes, depurativas y antis\u00e9pticas. El extracto de \u00e1rnica tiene propiedades calmantes, calmantes, drenantes, drenantes y protectoras capilares, mientras que el extracto de planta de cipr\u00e9s tiene propiedades astringentes, vasoconstrictoras y antiedematosas. El \u00e1cido hialur\u00f3nico refuerza la hidrataci\u00f3n de la piel a corto y largo plazo, mejora la funci\u00f3n de barrera de la piel y mejora significativamente su elasticidad.<\/p>\n","protected":false},"excerpt":{"rendered":"<p>Erbagel es un producto natural creado para dar luminosidad y frescor a las extremidades cansadas, empezando por los pies, aportando una sensaci\u00f3n de tonicidad a la piel. Los aceites esenciales de menta y mentol aportan a las piernas una delicada sensaci\u00f3n refrescante y tonificante. El Cipr\u00e9s, antiedematoso y el \u00c1rnica, protector capilar, contribuyen a dar [&hellip;]<\/p>\n","protected":false},"featured_media":6223,"template":"","meta":{"_acf_changed":false,"inline_featured_image":false},"product_brand":[],"product_cat":[1425,1430,1444],"product_tag":[],"class_list":{"0":"post-6222","1":"product","2":"type-product","3":"status-publish","4":"has-post-thumbnail","6":"product_beauty-balsamico","7":"product_beauty-detox-e-dren","8":"product_beauty-idratare","9":"product_beauty-lenire","10":"product_beauty-proteggere","11":"product_beauty-rassodare-e-tonificare","12":"product_skin-tutte-le-pelli","13":"product_kind-trattamenti-speciali","14":"product_kind-tutte-le-creme-corpo","15":"product_lines-igiene-e-protezione","16":"product_cat-corpo-es","17":"product_cat-famiglia-e-pet-es","18":"product_cat-mani-e-piedi-es","19":"pa_size-150-es","21":"first","22":"instock","23":"taxable","24":"shipping-taxable","25":"purchasable","26":"product-type-simple"},"acf":[],"yoast_head":"<!-- This site is optimized with the Yoast SEO plugin v24.6 - https:\/\/yoast.com\/wordpress\/plugins\/seo\/ -->\n<title>Erbagel - Uniest<\/title>\n<meta name=\"robots\" content=\"index, follow, max-snippet:-1, max-image-preview:large, max-video-preview:-1\" \/>\n<link rel=\"canonical\" href=\"https:\/\/uniest.it\/prodotto\/erbagel\/\" \/>\n<meta property=\"og:locale\" content=\"es_ES\" \/>\n<meta property=\"og:type\" content=\"article\" \/>\n<meta property=\"og:title\" content=\"Erbagel - Uniest\" \/>\n<meta property=\"og:description\" content=\"Erbagel es un producto natural creado para dar luminosidad y frescor a las extremidades cansadas, empezando por los pies, aportando una sensaci\u00f3n de tonicidad a la piel. Los aceites esenciales de menta y mentol aportan a las piernas una delicada sensaci\u00f3n refrescante y tonificante. El Cipr\u00e9s, antiedematoso y el \u00c1rnica, protector capilar, contribuyen a dar [&hellip;]\" \/>\n<meta property=\"og:url\" content=\"https:\/\/uniest.it\/prodotto\/erbagel\/\" \/>\n<meta property=\"og:site_name\" content=\"Uniest\" \/>\n<meta name=\"twitter:card\" content=\"summary_large_image\" \/>\n<meta name=\"twitter:label1\" content=\"Tiempo de lectura\" \/>\n\t<meta name=\"twitter:data1\" content=\"1 minuto\" \/>\n<script type=\"application\/ld+json\" class=\"yoast-schema-graph\">{\"@context\":\"https:\/\/schema.org\",\"@graph\":[{\"@type\":\"WebPage\",\"@id\":\"https:\/\/uniest.it\/prodotto\/erbagel\/\",\"url\":\"https:\/\/uniest.it\/prodotto\/erbagel\/\",\"name\":\"Erbagel - Uniest\",\"isPartOf\":{\"@id\":\"https:\/\/uniest.it\/#website\"},\"primaryImageOfPage\":{\"@id\":\"https:\/\/uniest.it\/prodotto\/erbagel\/#primaryimage\"},\"image\":{\"@id\":\"https:\/\/uniest.it\/prodotto\/erbagel\/#primaryimage\"},\"thumbnailUrl\":\"https:\/\/uniest.it\/wp-content\/uploads\/2020\/11\/222AAE.png\",\"datePublished\":\"2024-10-23T16:26:36+00:00\",\"breadcrumb\":{\"@id\":\"https:\/\/uniest.it\/prodotto\/erbagel\/#breadcrumb\"},\"inLanguage\":\"es\",\"potentialAction\":[{\"@type\":\"ReadAction\",\"target\":[\"https:\/\/uniest.it\/prodotto\/erbagel\/\"]}]},{\"@type\":\"ImageObject\",\"inLanguage\":\"es\",\"@id\":\"https:\/\/uniest.it\/prodotto\/erbagel\/#primaryimage\",\"url\":\"https:\/\/uniest.it\/wp-content\/uploads\/2020\/11\/222AAE.png\",\"contentUrl\":\"https:\/\/uniest.it\/wp-content\/uploads\/2020\/11\/222AAE.png\",\"width\":1283,\"height\":2000},{\"@type\":\"BreadcrumbList\",\"@id\":\"https:\/\/uniest.it\/prodotto\/erbagel\/#breadcrumb\",\"itemListElement\":[{\"@type\":\"ListItem\",\"position\":1,\"name\":\"Home\",\"item\":\"https:\/\/uniest.it\/es\/\"},{\"@type\":\"ListItem\",\"position\":2,\"name\":\"Shop\",\"item\":\"https:\/\/uniest.it\/shop\/\"},{\"@type\":\"ListItem\",\"position\":3,\"name\":\"Erbagel\"}]},{\"@type\":\"WebSite\",\"@id\":\"https:\/\/uniest.it\/#website\",\"url\":\"https:\/\/uniest.it\/\",\"name\":\"Uniest\",\"description\":\"Cosmetici Naturali e Bio\",\"potentialAction\":[{\"@type\":\"SearchAction\",\"target\":{\"@type\":\"EntryPoint\",\"urlTemplate\":\"https:\/\/uniest.it\/?s={search_term_string}\"},\"query-input\":{\"@type\":\"PropertyValueSpecification\",\"valueRequired\":true,\"valueName\":\"search_term_string\"}}],\"inLanguage\":\"es\"}]}<\/script>\n<!-- \/ Yoast SEO plugin. -->","yoast_head_json":{"title":"Erbagel - Uniest","robots":{"index":"index","follow":"follow","max-snippet":"max-snippet:-1","max-image-preview":"max-image-preview:large","max-video-preview":"max-video-preview:-1"},"canonical":"https:\/\/uniest.it\/prodotto\/erbagel\/","og_locale":"es_ES","og_type":"article","og_title":"Erbagel - Uniest","og_description":"Erbagel es un producto natural creado para dar luminosidad y frescor a las extremidades cansadas, empezando por los pies, aportando una sensaci\u00f3n de tonicidad a la piel. Los aceites esenciales de menta y mentol aportan a las piernas una delicada sensaci\u00f3n refrescante y tonificante. El Cipr\u00e9s, antiedematoso y el \u00c1rnica, protector capilar, contribuyen a dar [&hellip;]","og_url":"https:\/\/uniest.it\/prodotto\/erbagel\/","og_site_name":"Uniest","twitter_card":"summary_large_image","twitter_misc":{"Tiempo de lectura":"1 minuto"},"schema":{"@context":"https:\/\/schema.org","@graph":[{"@type":"WebPage","@id":"https:\/\/uniest.it\/prodotto\/erbagel\/","url":"https:\/\/uniest.it\/prodotto\/erbagel\/","name":"Erbagel - Uniest","isPartOf":{"@id":"https:\/\/uniest.it\/#website"},"primaryImageOfPage":{"@id":"https:\/\/uniest.it\/prodotto\/erbagel\/#primaryimage"},"image":{"@id":"https:\/\/uniest.it\/prodotto\/erbagel\/#primaryimage"},"thumbnailUrl":"https:\/\/uniest.it\/wp-content\/uploads\/2020\/11\/222AAE.png","datePublished":"2024-10-23T16:26:36+00:00","breadcrumb":{"@id":"https:\/\/uniest.it\/prodotto\/erbagel\/#breadcrumb"},"inLanguage":"es","potentialAction":[{"@type":"ReadAction","target":["https:\/\/uniest.it\/prodotto\/erbagel\/"]}]},{"@type":"ImageObject","inLanguage":"es","@id":"https:\/\/uniest.it\/prodotto\/erbagel\/#primaryimage","url":"https:\/\/uniest.it\/wp-content\/uploads\/2020\/11\/222AAE.png","contentUrl":"https:\/\/uniest.it\/wp-content\/uploads\/2020\/11\/222AAE.png","width":1283,"height":2000},{"@type":"BreadcrumbList","@id":"https:\/\/uniest.it\/prodotto\/erbagel\/#breadcrumb","itemListElement":[{"@type":"ListItem","position":1,"name":"Home","item":"https:\/\/uniest.it\/es\/"},{"@type":"ListItem","position":2,"name":"Shop","item":"https:\/\/uniest.it\/shop\/"},{"@type":"ListItem","position":3,"name":"Erbagel"}]},{"@type":"WebSite","@id":"https:\/\/uniest.it\/#website","url":"https:\/\/uniest.it\/","name":"Uniest","description":"Cosmetici Naturali e Bio","potentialAction":[{"@type":"SearchAction","target":{"@type":"EntryPoint","urlTemplate":"https:\/\/uniest.it\/?s={search_term_string}"},"query-input":{"@type":"PropertyValueSpecification","valueRequired":true,"valueName":"search_term_string"}}],"inLanguage":"es"}]}},"_links":{"self":[{"href":"https:\/\/uniest.it\/es\/wp-json\/wp\/v2\/product\/6222","targetHints":{"allow":["GET"]}}],"collection":[{"href":"https:\/\/uniest.it\/es\/wp-json\/wp\/v2\/product"}],"about":[{"href":"https:\/\/uniest.it\/es\/wp-json\/wp\/v2\/types\/product"}],"wp:featuredmedia":[{"embeddable":true,"href":"https:\/\/uniest.it\/es\/wp-json\/wp\/v2\/media\/6223"}],"wp:attachment":[{"href":"https:\/\/uniest.it\/es\/wp-json\/wp\/v2\/media?parent=6222"}],"wp:term":[{"taxonomy":"product_brand","embeddable":true,"href":"https:\/\/uniest.it\/es\/wp-json\/wp\/v2\/product_brand?post=6222"},{"taxonomy":"product_cat","embeddable":true,"href":"https:\/\/uniest.it\/es\/wp-json\/wp\/v2\/product_cat?post=6222"},{"taxonomy":"product_tag","embeddable":true,"href":"https:\/\/uniest.it\/es\/wp-json\/wp\/v2\/product_tag?post=6222"}],"curies":[{"name":"wp","href":"https:\/\/api.w.org\/{rel}","templated":true}]}}