{"id":6228,"date":"2021-02-04T13:00:05","date_gmt":"2024-10-23T16:26:38","guid":{"rendered":"https:\/\/uniest.it\/prodotto\/champu-reequilibrante-de-abedul\/"},"modified":"2024-10-23T17:26:38","modified_gmt":"2024-10-23T16:26:38","slug":"champu-reequilibrante-de-abedul","status":"publish","type":"product","link":"https:\/\/uniest.it\/es\/prodotto\/champu-reequilibrante-de-abedul\/","title":{"rendered":"Champ\u00fa Reequilibrante de Abedul"},"content":{"rendered":"<p>El champ\u00fa reequilibrante de Abedul fue creado para tratar el molesto problema del cuero cabelludo graso, excelente para quienes tienen cabello graso y caspa. Ayuda a eliminar el exceso de sebo sin irritar la piel, sin embargo, sus propiedades fortalecedoras y purificantes ayudan a combatir la ca\u00edda del cabello. Las propiedades desinfectantes y antiinflamatorias del abedul lo convierten en un ingrediente \u00fatil para restablecer el equilibrio del cuero cabelludo y el cabello grasos. Es por esto que tanto hombres como mujeres pueden utilizar este producto, tanto en la fase de prevenci\u00f3n como de tratamiento, y al ser una loci\u00f3n natural y pura, no tiene contraindicaciones. Los extractos vegetales org\u00e1nicos de abedul, ortiga, hiedra y enebro, junto con el \u00e1cido l\u00e1ctico, restablecen progresivamente el equilibrio natural del cuero cabelludo. Limpia con extrema delicadeza, reequilibrando la producci\u00f3n de sebo y eliminando eficazmente la caspa. Adem\u00e1s, al ser de origen vegetal, deja el cabello muy brillante, suave y sedoso.<\/p>\n","protected":false},"excerpt":{"rendered":"<p>El champ\u00fa reequilibrante de Abedul fue creado para tratar el molesto problema del cuero cabelludo graso, excelente para quienes tienen cabello graso y caspa. Ayuda a eliminar el exceso de sebo sin irritar la piel, sin embargo, sus propiedades fortalecedoras y purificantes ayudan a combatir la ca\u00edda del cabello. Las propiedades desinfectantes y antiinflamatorias del [&hellip;]<\/p>\n","protected":false},"featured_media":6229,"template":"","meta":{"_acf_changed":false,"inline_featured_image":false},"product_brand":[],"product_cat":[1436,1425],"product_tag":[],"class_list":{"0":"post-6228","1":"product","2":"type-product","3":"status-publish","4":"has-post-thumbnail","6":"product_beauty-detergere","7":"product_beauty-idratare","8":"product_beauty-lenire","9":"product_beauty-purificare","10":"product_beauty-riequilibrare","11":"product_skin-tutti-i-capelli","12":"product_kind-bagno","13":"product_kind-doccia","14":"product_kind-shampoo-e-detergenza","15":"product_lines-capelli","16":"product_cat-capelli-es","17":"product_cat-corpo-es","18":"pa_size-250-es","20":"first","21":"instock","22":"taxable","23":"shipping-taxable","24":"purchasable","25":"product-type-simple"},"acf":[],"yoast_head":"<!-- This site is optimized with the Yoast SEO plugin v24.6 - https:\/\/yoast.com\/wordpress\/plugins\/seo\/ -->\n<title>Champ\u00fa Reequilibrante de Abedul - Uniest<\/title>\n<meta name=\"robots\" content=\"index, follow, max-snippet:-1, max-image-preview:large, max-video-preview:-1\" \/>\n<link rel=\"canonical\" href=\"https:\/\/uniest.it\/prodotto\/champu-reequilibrante-de-abedul\/\" \/>\n<meta property=\"og:locale\" content=\"es_ES\" \/>\n<meta property=\"og:type\" content=\"article\" \/>\n<meta property=\"og:title\" content=\"Champ\u00fa Reequilibrante de Abedul - Uniest\" \/>\n<meta property=\"og:description\" content=\"El champ\u00fa reequilibrante de Abedul fue creado para tratar el molesto problema del cuero cabelludo graso, excelente para quienes tienen cabello graso y caspa. Ayuda a eliminar el exceso de sebo sin irritar la piel, sin embargo, sus propiedades fortalecedoras y purificantes ayudan a combatir la ca\u00edda del cabello. Las propiedades desinfectantes y antiinflamatorias del [&hellip;]\" \/>\n<meta property=\"og:url\" content=\"https:\/\/uniest.it\/prodotto\/champu-reequilibrante-de-abedul\/\" \/>\n<meta property=\"og:site_name\" content=\"Uniest\" \/>\n<meta name=\"twitter:card\" content=\"summary_large_image\" \/>\n<meta name=\"twitter:label1\" content=\"Tiempo de lectura\" \/>\n\t<meta name=\"twitter:data1\" content=\"1 minuto\" \/>\n<script type=\"application\/ld+json\" class=\"yoast-schema-graph\">{\"@context\":\"https:\/\/schema.org\",\"@graph\":[{\"@type\":\"WebPage\",\"@id\":\"https:\/\/uniest.it\/prodotto\/champu-reequilibrante-de-abedul\/\",\"url\":\"https:\/\/uniest.it\/prodotto\/champu-reequilibrante-de-abedul\/\",\"name\":\"Champ\u00fa Reequilibrante de Abedul - Uniest\",\"isPartOf\":{\"@id\":\"https:\/\/uniest.it\/#website\"},\"primaryImageOfPage\":{\"@id\":\"https:\/\/uniest.it\/prodotto\/champu-reequilibrante-de-abedul\/#primaryimage\"},\"image\":{\"@id\":\"https:\/\/uniest.it\/prodotto\/champu-reequilibrante-de-abedul\/#primaryimage\"},\"thumbnailUrl\":\"https:\/\/uniest.it\/wp-content\/uploads\/2020\/11\/257AAE.png\",\"datePublished\":\"2024-10-23T16:26:38+00:00\",\"breadcrumb\":{\"@id\":\"https:\/\/uniest.it\/prodotto\/champu-reequilibrante-de-abedul\/#breadcrumb\"},\"inLanguage\":\"es\",\"potentialAction\":[{\"@type\":\"ReadAction\",\"target\":[\"https:\/\/uniest.it\/prodotto\/champu-reequilibrante-de-abedul\/\"]}]},{\"@type\":\"ImageObject\",\"inLanguage\":\"es\",\"@id\":\"https:\/\/uniest.it\/prodotto\/champu-reequilibrante-de-abedul\/#primaryimage\",\"url\":\"https:\/\/uniest.it\/wp-content\/uploads\/2020\/11\/257AAE.png\",\"contentUrl\":\"https:\/\/uniest.it\/wp-content\/uploads\/2020\/11\/257AAE.png\",\"width\":1283,\"height\":2000},{\"@type\":\"BreadcrumbList\",\"@id\":\"https:\/\/uniest.it\/prodotto\/champu-reequilibrante-de-abedul\/#breadcrumb\",\"itemListElement\":[{\"@type\":\"ListItem\",\"position\":1,\"name\":\"Home\",\"item\":\"https:\/\/uniest.it\/es\/\"},{\"@type\":\"ListItem\",\"position\":2,\"name\":\"Shop\",\"item\":\"https:\/\/uniest.it\/shop\/\"},{\"@type\":\"ListItem\",\"position\":3,\"name\":\"Champ\u00fa Reequilibrante de Abedul\"}]},{\"@type\":\"WebSite\",\"@id\":\"https:\/\/uniest.it\/#website\",\"url\":\"https:\/\/uniest.it\/\",\"name\":\"Uniest\",\"description\":\"Cosmetici Naturali e Bio\",\"potentialAction\":[{\"@type\":\"SearchAction\",\"target\":{\"@type\":\"EntryPoint\",\"urlTemplate\":\"https:\/\/uniest.it\/?s={search_term_string}\"},\"query-input\":{\"@type\":\"PropertyValueSpecification\",\"valueRequired\":true,\"valueName\":\"search_term_string\"}}],\"inLanguage\":\"es\"}]}<\/script>\n<!-- \/ Yoast SEO plugin. -->","yoast_head_json":{"title":"Champ\u00fa Reequilibrante de Abedul - Uniest","robots":{"index":"index","follow":"follow","max-snippet":"max-snippet:-1","max-image-preview":"max-image-preview:large","max-video-preview":"max-video-preview:-1"},"canonical":"https:\/\/uniest.it\/prodotto\/champu-reequilibrante-de-abedul\/","og_locale":"es_ES","og_type":"article","og_title":"Champ\u00fa Reequilibrante de Abedul - Uniest","og_description":"El champ\u00fa reequilibrante de Abedul fue creado para tratar el molesto problema del cuero cabelludo graso, excelente para quienes tienen cabello graso y caspa. Ayuda a eliminar el exceso de sebo sin irritar la piel, sin embargo, sus propiedades fortalecedoras y purificantes ayudan a combatir la ca\u00edda del cabello. Las propiedades desinfectantes y antiinflamatorias del [&hellip;]","og_url":"https:\/\/uniest.it\/prodotto\/champu-reequilibrante-de-abedul\/","og_site_name":"Uniest","twitter_card":"summary_large_image","twitter_misc":{"Tiempo de lectura":"1 minuto"},"schema":{"@context":"https:\/\/schema.org","@graph":[{"@type":"WebPage","@id":"https:\/\/uniest.it\/prodotto\/champu-reequilibrante-de-abedul\/","url":"https:\/\/uniest.it\/prodotto\/champu-reequilibrante-de-abedul\/","name":"Champ\u00fa Reequilibrante de Abedul - Uniest","isPartOf":{"@id":"https:\/\/uniest.it\/#website"},"primaryImageOfPage":{"@id":"https:\/\/uniest.it\/prodotto\/champu-reequilibrante-de-abedul\/#primaryimage"},"image":{"@id":"https:\/\/uniest.it\/prodotto\/champu-reequilibrante-de-abedul\/#primaryimage"},"thumbnailUrl":"https:\/\/uniest.it\/wp-content\/uploads\/2020\/11\/257AAE.png","datePublished":"2024-10-23T16:26:38+00:00","breadcrumb":{"@id":"https:\/\/uniest.it\/prodotto\/champu-reequilibrante-de-abedul\/#breadcrumb"},"inLanguage":"es","potentialAction":[{"@type":"ReadAction","target":["https:\/\/uniest.it\/prodotto\/champu-reequilibrante-de-abedul\/"]}]},{"@type":"ImageObject","inLanguage":"es","@id":"https:\/\/uniest.it\/prodotto\/champu-reequilibrante-de-abedul\/#primaryimage","url":"https:\/\/uniest.it\/wp-content\/uploads\/2020\/11\/257AAE.png","contentUrl":"https:\/\/uniest.it\/wp-content\/uploads\/2020\/11\/257AAE.png","width":1283,"height":2000},{"@type":"BreadcrumbList","@id":"https:\/\/uniest.it\/prodotto\/champu-reequilibrante-de-abedul\/#breadcrumb","itemListElement":[{"@type":"ListItem","position":1,"name":"Home","item":"https:\/\/uniest.it\/es\/"},{"@type":"ListItem","position":2,"name":"Shop","item":"https:\/\/uniest.it\/shop\/"},{"@type":"ListItem","position":3,"name":"Champ\u00fa Reequilibrante de Abedul"}]},{"@type":"WebSite","@id":"https:\/\/uniest.it\/#website","url":"https:\/\/uniest.it\/","name":"Uniest","description":"Cosmetici Naturali e Bio","potentialAction":[{"@type":"SearchAction","target":{"@type":"EntryPoint","urlTemplate":"https:\/\/uniest.it\/?s={search_term_string}"},"query-input":{"@type":"PropertyValueSpecification","valueRequired":true,"valueName":"search_term_string"}}],"inLanguage":"es"}]}},"_links":{"self":[{"href":"https:\/\/uniest.it\/es\/wp-json\/wp\/v2\/product\/6228","targetHints":{"allow":["GET"]}}],"collection":[{"href":"https:\/\/uniest.it\/es\/wp-json\/wp\/v2\/product"}],"about":[{"href":"https:\/\/uniest.it\/es\/wp-json\/wp\/v2\/types\/product"}],"wp:featuredmedia":[{"embeddable":true,"href":"https:\/\/uniest.it\/es\/wp-json\/wp\/v2\/media\/6229"}],"wp:attachment":[{"href":"https:\/\/uniest.it\/es\/wp-json\/wp\/v2\/media?parent=6228"}],"wp:term":[{"taxonomy":"product_brand","embeddable":true,"href":"https:\/\/uniest.it\/es\/wp-json\/wp\/v2\/product_brand?post=6228"},{"taxonomy":"product_cat","embeddable":true,"href":"https:\/\/uniest.it\/es\/wp-json\/wp\/v2\/product_cat?post=6228"},{"taxonomy":"product_tag","embeddable":true,"href":"https:\/\/uniest.it\/es\/wp-json\/wp\/v2\/product_tag?post=6228"}],"curies":[{"name":"wp","href":"https:\/\/api.w.org\/{rel}","templated":true}]}}