{"id":6230,"date":"2021-02-04T13:00:05","date_gmt":"2024-10-23T16:26:39","guid":{"rendered":"https:\/\/uniest.it\/prodotto\/champu-nutritivo-de-propoleo\/"},"modified":"2024-10-23T17:26:39","modified_gmt":"2024-10-23T16:26:39","slug":"champu-nutritivo-de-propoleo","status":"publish","type":"product","link":"https:\/\/uniest.it\/es\/prodotto\/champu-nutritivo-de-propoleo\/","title":{"rendered":"Champ\u00fa Nutritivo de Prop\u00f3leo"},"content":{"rendered":"<p>Champ\u00fa nutritivo a prop\u00f3leo dise\u00f1ado para el lavado de cabellos cansados, quebradizos, estresados, secos, tratados con permanente y\/o coloraci\u00f3n, indicado para cuero cabelludo sensible e irritado. Las propiedades antibacterianas del prop\u00f3leo reducen la inflamaci\u00f3n y reequilibran la piel y el cabello y es completamente natural, sin al\u00e9rgenos ni sustancias sint\u00e9ticas. Este tratamiento, enriquecido con extractos vegetales de Pr\u00f3polis, Ginseng, Enebro y Melisa, limpia delicadamente devolviendo fuerza, vitalidad y brillo al cabello. Adem\u00e1s, el \u00c1cido L\u00e1ctico ayuda a reequilibrar el pH del cuero cabelludo y es ideal para su uso diario. Producido por las abejas, tambi\u00e9n es conocido a nivel curativo por sus propiedades antibacterianas, antif\u00fangicas, antis\u00e9pticas y antiinflamatorias. El prop\u00f3leo es conocido por sus efectos en las u\u00f1as y el cabello: ya sea mediante aplicaci\u00f3n t\u00f3pica o consumo, puede ayudarte a brillar por dentro y por fuera.<\/p>\n","protected":false},"excerpt":{"rendered":"<p>Champ\u00fa nutritivo a prop\u00f3leo dise\u00f1ado para el lavado de cabellos cansados, quebradizos, estresados, secos, tratados con permanente y\/o coloraci\u00f3n, indicado para cuero cabelludo sensible e irritado. Las propiedades antibacterianas del prop\u00f3leo reducen la inflamaci\u00f3n y reequilibran la piel y el cabello y es completamente natural, sin al\u00e9rgenos ni sustancias sint\u00e9ticas. Este tratamiento, enriquecido con extractos [&hellip;]<\/p>\n","protected":false},"featured_media":6231,"template":"","meta":{"_acf_changed":false,"inline_featured_image":false},"product_brand":[],"product_cat":[1436,1425],"product_tag":[],"class_list":{"0":"post-6230","1":"product","2":"type-product","3":"status-publish","4":"has-post-thumbnail","6":"product_beauty-detergere","7":"product_beauty-idratare","8":"product_beauty-nutrire-e-rigenerare","9":"product_beauty-proteggere","10":"product_skin-tutti-i-capelli","11":"product_kind-bagno","12":"product_kind-doccia","13":"product_kind-shampoo-e-detergenza","14":"product_lines-capelli","15":"product_cat-capelli-es","16":"product_cat-corpo-es","17":"pa_size-250-es","19":"first","20":"instock","21":"taxable","22":"shipping-taxable","23":"purchasable","24":"product-type-simple"},"acf":[],"yoast_head":"<!-- This site is optimized with the Yoast SEO plugin v24.6 - https:\/\/yoast.com\/wordpress\/plugins\/seo\/ -->\n<title>Champ\u00fa Nutritivo de Prop\u00f3leo - Uniest<\/title>\n<meta name=\"robots\" content=\"index, follow, max-snippet:-1, max-image-preview:large, max-video-preview:-1\" \/>\n<link rel=\"canonical\" href=\"https:\/\/uniest.it\/prodotto\/champu-nutritivo-de-propoleo\/\" \/>\n<meta property=\"og:locale\" content=\"es_ES\" \/>\n<meta property=\"og:type\" content=\"article\" \/>\n<meta property=\"og:title\" content=\"Champ\u00fa Nutritivo de Prop\u00f3leo - Uniest\" \/>\n<meta property=\"og:description\" content=\"Champ\u00fa nutritivo a prop\u00f3leo dise\u00f1ado para el lavado de cabellos cansados, quebradizos, estresados, secos, tratados con permanente y\/o coloraci\u00f3n, indicado para cuero cabelludo sensible e irritado. Las propiedades antibacterianas del prop\u00f3leo reducen la inflamaci\u00f3n y reequilibran la piel y el cabello y es completamente natural, sin al\u00e9rgenos ni sustancias sint\u00e9ticas. Este tratamiento, enriquecido con extractos [&hellip;]\" \/>\n<meta property=\"og:url\" content=\"https:\/\/uniest.it\/prodotto\/champu-nutritivo-de-propoleo\/\" \/>\n<meta property=\"og:site_name\" content=\"Uniest\" \/>\n<meta name=\"twitter:card\" content=\"summary_large_image\" \/>\n<meta name=\"twitter:label1\" content=\"Tiempo de lectura\" \/>\n\t<meta name=\"twitter:data1\" content=\"1 minuto\" \/>\n<script type=\"application\/ld+json\" class=\"yoast-schema-graph\">{\"@context\":\"https:\/\/schema.org\",\"@graph\":[{\"@type\":\"WebPage\",\"@id\":\"https:\/\/uniest.it\/prodotto\/champu-nutritivo-de-propoleo\/\",\"url\":\"https:\/\/uniest.it\/prodotto\/champu-nutritivo-de-propoleo\/\",\"name\":\"Champ\u00fa Nutritivo de Prop\u00f3leo - Uniest\",\"isPartOf\":{\"@id\":\"https:\/\/uniest.it\/#website\"},\"primaryImageOfPage\":{\"@id\":\"https:\/\/uniest.it\/prodotto\/champu-nutritivo-de-propoleo\/#primaryimage\"},\"image\":{\"@id\":\"https:\/\/uniest.it\/prodotto\/champu-nutritivo-de-propoleo\/#primaryimage\"},\"thumbnailUrl\":\"https:\/\/uniest.it\/wp-content\/uploads\/2020\/11\/258AAE.png\",\"datePublished\":\"2024-10-23T16:26:39+00:00\",\"breadcrumb\":{\"@id\":\"https:\/\/uniest.it\/prodotto\/champu-nutritivo-de-propoleo\/#breadcrumb\"},\"inLanguage\":\"es\",\"potentialAction\":[{\"@type\":\"ReadAction\",\"target\":[\"https:\/\/uniest.it\/prodotto\/champu-nutritivo-de-propoleo\/\"]}]},{\"@type\":\"ImageObject\",\"inLanguage\":\"es\",\"@id\":\"https:\/\/uniest.it\/prodotto\/champu-nutritivo-de-propoleo\/#primaryimage\",\"url\":\"https:\/\/uniest.it\/wp-content\/uploads\/2020\/11\/258AAE.png\",\"contentUrl\":\"https:\/\/uniest.it\/wp-content\/uploads\/2020\/11\/258AAE.png\",\"width\":1283,\"height\":2000},{\"@type\":\"BreadcrumbList\",\"@id\":\"https:\/\/uniest.it\/prodotto\/champu-nutritivo-de-propoleo\/#breadcrumb\",\"itemListElement\":[{\"@type\":\"ListItem\",\"position\":1,\"name\":\"Home\",\"item\":\"https:\/\/uniest.it\/es\/\"},{\"@type\":\"ListItem\",\"position\":2,\"name\":\"Shop\",\"item\":\"https:\/\/uniest.it\/shop\/\"},{\"@type\":\"ListItem\",\"position\":3,\"name\":\"Champ\u00fa Nutritivo de Prop\u00f3leo\"}]},{\"@type\":\"WebSite\",\"@id\":\"https:\/\/uniest.it\/#website\",\"url\":\"https:\/\/uniest.it\/\",\"name\":\"Uniest\",\"description\":\"Cosmetici Naturali e Bio\",\"potentialAction\":[{\"@type\":\"SearchAction\",\"target\":{\"@type\":\"EntryPoint\",\"urlTemplate\":\"https:\/\/uniest.it\/?s={search_term_string}\"},\"query-input\":{\"@type\":\"PropertyValueSpecification\",\"valueRequired\":true,\"valueName\":\"search_term_string\"}}],\"inLanguage\":\"es\"}]}<\/script>\n<!-- \/ Yoast SEO plugin. -->","yoast_head_json":{"title":"Champ\u00fa Nutritivo de Prop\u00f3leo - Uniest","robots":{"index":"index","follow":"follow","max-snippet":"max-snippet:-1","max-image-preview":"max-image-preview:large","max-video-preview":"max-video-preview:-1"},"canonical":"https:\/\/uniest.it\/prodotto\/champu-nutritivo-de-propoleo\/","og_locale":"es_ES","og_type":"article","og_title":"Champ\u00fa Nutritivo de Prop\u00f3leo - Uniest","og_description":"Champ\u00fa nutritivo a prop\u00f3leo dise\u00f1ado para el lavado de cabellos cansados, quebradizos, estresados, secos, tratados con permanente y\/o coloraci\u00f3n, indicado para cuero cabelludo sensible e irritado. Las propiedades antibacterianas del prop\u00f3leo reducen la inflamaci\u00f3n y reequilibran la piel y el cabello y es completamente natural, sin al\u00e9rgenos ni sustancias sint\u00e9ticas. Este tratamiento, enriquecido con extractos [&hellip;]","og_url":"https:\/\/uniest.it\/prodotto\/champu-nutritivo-de-propoleo\/","og_site_name":"Uniest","twitter_card":"summary_large_image","twitter_misc":{"Tiempo de lectura":"1 minuto"},"schema":{"@context":"https:\/\/schema.org","@graph":[{"@type":"WebPage","@id":"https:\/\/uniest.it\/prodotto\/champu-nutritivo-de-propoleo\/","url":"https:\/\/uniest.it\/prodotto\/champu-nutritivo-de-propoleo\/","name":"Champ\u00fa Nutritivo de Prop\u00f3leo - Uniest","isPartOf":{"@id":"https:\/\/uniest.it\/#website"},"primaryImageOfPage":{"@id":"https:\/\/uniest.it\/prodotto\/champu-nutritivo-de-propoleo\/#primaryimage"},"image":{"@id":"https:\/\/uniest.it\/prodotto\/champu-nutritivo-de-propoleo\/#primaryimage"},"thumbnailUrl":"https:\/\/uniest.it\/wp-content\/uploads\/2020\/11\/258AAE.png","datePublished":"2024-10-23T16:26:39+00:00","breadcrumb":{"@id":"https:\/\/uniest.it\/prodotto\/champu-nutritivo-de-propoleo\/#breadcrumb"},"inLanguage":"es","potentialAction":[{"@type":"ReadAction","target":["https:\/\/uniest.it\/prodotto\/champu-nutritivo-de-propoleo\/"]}]},{"@type":"ImageObject","inLanguage":"es","@id":"https:\/\/uniest.it\/prodotto\/champu-nutritivo-de-propoleo\/#primaryimage","url":"https:\/\/uniest.it\/wp-content\/uploads\/2020\/11\/258AAE.png","contentUrl":"https:\/\/uniest.it\/wp-content\/uploads\/2020\/11\/258AAE.png","width":1283,"height":2000},{"@type":"BreadcrumbList","@id":"https:\/\/uniest.it\/prodotto\/champu-nutritivo-de-propoleo\/#breadcrumb","itemListElement":[{"@type":"ListItem","position":1,"name":"Home","item":"https:\/\/uniest.it\/es\/"},{"@type":"ListItem","position":2,"name":"Shop","item":"https:\/\/uniest.it\/shop\/"},{"@type":"ListItem","position":3,"name":"Champ\u00fa Nutritivo de Prop\u00f3leo"}]},{"@type":"WebSite","@id":"https:\/\/uniest.it\/#website","url":"https:\/\/uniest.it\/","name":"Uniest","description":"Cosmetici Naturali e Bio","potentialAction":[{"@type":"SearchAction","target":{"@type":"EntryPoint","urlTemplate":"https:\/\/uniest.it\/?s={search_term_string}"},"query-input":{"@type":"PropertyValueSpecification","valueRequired":true,"valueName":"search_term_string"}}],"inLanguage":"es"}]}},"_links":{"self":[{"href":"https:\/\/uniest.it\/es\/wp-json\/wp\/v2\/product\/6230","targetHints":{"allow":["GET"]}}],"collection":[{"href":"https:\/\/uniest.it\/es\/wp-json\/wp\/v2\/product"}],"about":[{"href":"https:\/\/uniest.it\/es\/wp-json\/wp\/v2\/types\/product"}],"wp:featuredmedia":[{"embeddable":true,"href":"https:\/\/uniest.it\/es\/wp-json\/wp\/v2\/media\/6231"}],"wp:attachment":[{"href":"https:\/\/uniest.it\/es\/wp-json\/wp\/v2\/media?parent=6230"}],"wp:term":[{"taxonomy":"product_brand","embeddable":true,"href":"https:\/\/uniest.it\/es\/wp-json\/wp\/v2\/product_brand?post=6230"},{"taxonomy":"product_cat","embeddable":true,"href":"https:\/\/uniest.it\/es\/wp-json\/wp\/v2\/product_cat?post=6230"},{"taxonomy":"product_tag","embeddable":true,"href":"https:\/\/uniest.it\/es\/wp-json\/wp\/v2\/product_tag?post=6230"}],"curies":[{"name":"wp","href":"https:\/\/api.w.org\/{rel}","templated":true}]}}