{"id":6232,"date":"2021-02-04T13:00:05","date_gmt":"2024-10-23T16:26:39","guid":{"rendered":"https:\/\/uniest.it\/prodotto\/champu-hidratante-de-hamamelis\/"},"modified":"2024-10-23T17:26:39","modified_gmt":"2024-10-23T16:26:39","slug":"champu-hidratante-de-hamamelis","status":"publish","type":"product","link":"https:\/\/uniest.it\/es\/prodotto\/champu-hidratante-de-hamamelis\/","title":{"rendered":"Champ\u00fa hidratante de hamamelis"},"content":{"rendered":"<p>*Es posible que el embalaje difiera de la fotograf\u00eda. El champ\u00fa hidratante de hamamelis es ideal para lavados frecuentes o diarios, es apto para todo tipo de cabello y su uso aporta suavidad, vitalidad y brillo a los cabellos apagados. Los extractos vegetales de Hamamelis, Verbena, Helicriso y Kiwi ejercen una delicada acci\u00f3n limpiadora, nutritiva y reequilibrante desde la ra\u00edz. Las propiedades calmantes y calmantes garantizan una eficaz acci\u00f3n antipruriginosa en las pieles m\u00e1s sensibles, en particular para aquellas que padecen caspa y tienen una clara tendencia al adelgazamiento de la piel. Por tanto, son muy \u00fatiles las caracter\u00edsticas reepitelizantes de Hamamelis, que se derivan de una optimizaci\u00f3n del metabolismo celular. Delicado para el cuero cabelludo, deja el cabello verdaderamente limpio, purificado, suave, voluminoso y sobre todo brillante, adem\u00e1s de aportar un aroma dulce y fresco.<\/p>\n","protected":false},"excerpt":{"rendered":"<p>*Es posible que el embalaje difiera de la fotograf\u00eda. El champ\u00fa hidratante de hamamelis es ideal para lavados frecuentes o diarios, es apto para todo tipo de cabello y su uso aporta suavidad, vitalidad y brillo a los cabellos apagados. Los extractos vegetales de Hamamelis, Verbena, Helicriso y Kiwi ejercen una delicada acci\u00f3n limpiadora, nutritiva [&hellip;]<\/p>\n","protected":false},"featured_media":6233,"template":"","meta":{"_acf_changed":false,"inline_featured_image":false},"product_brand":[],"product_cat":[1436,1425],"product_tag":[],"class_list":{"0":"post-6232","1":"product","2":"type-product","3":"status-publish","4":"has-post-thumbnail","6":"product_beauty-detergere","7":"product_beauty-idratare","8":"product_beauty-lenire","9":"product_beauty-proteggere","10":"product_skin-tutti-i-capelli","11":"product_kind-bagno","12":"product_kind-doccia","13":"product_kind-shampoo-e-detergenza","14":"product_lines-capelli","15":"product_cat-capelli-es","16":"product_cat-corpo-es","17":"pa_size-250-es","19":"first","20":"instock","21":"taxable","22":"shipping-taxable","23":"purchasable","24":"product-type-simple"},"acf":[],"yoast_head":"<!-- This site is optimized with the Yoast SEO plugin v24.6 - https:\/\/yoast.com\/wordpress\/plugins\/seo\/ -->\n<title>Champ\u00fa hidratante de hamamelis - Uniest<\/title>\n<meta name=\"robots\" content=\"index, follow, max-snippet:-1, max-image-preview:large, max-video-preview:-1\" \/>\n<link rel=\"canonical\" href=\"https:\/\/uniest.it\/prodotto\/champu-hidratante-de-hamamelis\/\" \/>\n<meta property=\"og:locale\" content=\"es_ES\" \/>\n<meta property=\"og:type\" content=\"article\" \/>\n<meta property=\"og:title\" content=\"Champ\u00fa hidratante de hamamelis - Uniest\" \/>\n<meta property=\"og:description\" content=\"*Es posible que el embalaje difiera de la fotograf\u00eda. El champ\u00fa hidratante de hamamelis es ideal para lavados frecuentes o diarios, es apto para todo tipo de cabello y su uso aporta suavidad, vitalidad y brillo a los cabellos apagados. Los extractos vegetales de Hamamelis, Verbena, Helicriso y Kiwi ejercen una delicada acci\u00f3n limpiadora, nutritiva [&hellip;]\" \/>\n<meta property=\"og:url\" content=\"https:\/\/uniest.it\/prodotto\/champu-hidratante-de-hamamelis\/\" \/>\n<meta property=\"og:site_name\" content=\"Uniest\" \/>\n<meta name=\"twitter:card\" content=\"summary_large_image\" \/>\n<meta name=\"twitter:label1\" content=\"Tiempo de lectura\" \/>\n\t<meta name=\"twitter:data1\" content=\"1 minuto\" \/>\n<script type=\"application\/ld+json\" class=\"yoast-schema-graph\">{\"@context\":\"https:\/\/schema.org\",\"@graph\":[{\"@type\":\"WebPage\",\"@id\":\"https:\/\/uniest.it\/prodotto\/champu-hidratante-de-hamamelis\/\",\"url\":\"https:\/\/uniest.it\/prodotto\/champu-hidratante-de-hamamelis\/\",\"name\":\"Champ\u00fa hidratante de hamamelis - Uniest\",\"isPartOf\":{\"@id\":\"https:\/\/uniest.it\/#website\"},\"primaryImageOfPage\":{\"@id\":\"https:\/\/uniest.it\/prodotto\/champu-hidratante-de-hamamelis\/#primaryimage\"},\"image\":{\"@id\":\"https:\/\/uniest.it\/prodotto\/champu-hidratante-de-hamamelis\/#primaryimage\"},\"thumbnailUrl\":\"https:\/\/uniest.it\/wp-content\/uploads\/2020\/11\/259AAE.png\",\"datePublished\":\"2024-10-23T16:26:39+00:00\",\"breadcrumb\":{\"@id\":\"https:\/\/uniest.it\/prodotto\/champu-hidratante-de-hamamelis\/#breadcrumb\"},\"inLanguage\":\"es\",\"potentialAction\":[{\"@type\":\"ReadAction\",\"target\":[\"https:\/\/uniest.it\/prodotto\/champu-hidratante-de-hamamelis\/\"]}]},{\"@type\":\"ImageObject\",\"inLanguage\":\"es\",\"@id\":\"https:\/\/uniest.it\/prodotto\/champu-hidratante-de-hamamelis\/#primaryimage\",\"url\":\"https:\/\/uniest.it\/wp-content\/uploads\/2020\/11\/259AAE.png\",\"contentUrl\":\"https:\/\/uniest.it\/wp-content\/uploads\/2020\/11\/259AAE.png\",\"width\":1283,\"height\":2000},{\"@type\":\"BreadcrumbList\",\"@id\":\"https:\/\/uniest.it\/prodotto\/champu-hidratante-de-hamamelis\/#breadcrumb\",\"itemListElement\":[{\"@type\":\"ListItem\",\"position\":1,\"name\":\"Home\",\"item\":\"https:\/\/uniest.it\/es\/\"},{\"@type\":\"ListItem\",\"position\":2,\"name\":\"Shop\",\"item\":\"https:\/\/uniest.it\/shop\/\"},{\"@type\":\"ListItem\",\"position\":3,\"name\":\"Champ\u00fa hidratante de hamamelis\"}]},{\"@type\":\"WebSite\",\"@id\":\"https:\/\/uniest.it\/#website\",\"url\":\"https:\/\/uniest.it\/\",\"name\":\"Uniest\",\"description\":\"Cosmetici Naturali e Bio\",\"potentialAction\":[{\"@type\":\"SearchAction\",\"target\":{\"@type\":\"EntryPoint\",\"urlTemplate\":\"https:\/\/uniest.it\/?s={search_term_string}\"},\"query-input\":{\"@type\":\"PropertyValueSpecification\",\"valueRequired\":true,\"valueName\":\"search_term_string\"}}],\"inLanguage\":\"es\"}]}<\/script>\n<!-- \/ Yoast SEO plugin. -->","yoast_head_json":{"title":"Champ\u00fa hidratante de hamamelis - Uniest","robots":{"index":"index","follow":"follow","max-snippet":"max-snippet:-1","max-image-preview":"max-image-preview:large","max-video-preview":"max-video-preview:-1"},"canonical":"https:\/\/uniest.it\/prodotto\/champu-hidratante-de-hamamelis\/","og_locale":"es_ES","og_type":"article","og_title":"Champ\u00fa hidratante de hamamelis - Uniest","og_description":"*Es posible que el embalaje difiera de la fotograf\u00eda. El champ\u00fa hidratante de hamamelis es ideal para lavados frecuentes o diarios, es apto para todo tipo de cabello y su uso aporta suavidad, vitalidad y brillo a los cabellos apagados. Los extractos vegetales de Hamamelis, Verbena, Helicriso y Kiwi ejercen una delicada acci\u00f3n limpiadora, nutritiva [&hellip;]","og_url":"https:\/\/uniest.it\/prodotto\/champu-hidratante-de-hamamelis\/","og_site_name":"Uniest","twitter_card":"summary_large_image","twitter_misc":{"Tiempo de lectura":"1 minuto"},"schema":{"@context":"https:\/\/schema.org","@graph":[{"@type":"WebPage","@id":"https:\/\/uniest.it\/prodotto\/champu-hidratante-de-hamamelis\/","url":"https:\/\/uniest.it\/prodotto\/champu-hidratante-de-hamamelis\/","name":"Champ\u00fa hidratante de hamamelis - Uniest","isPartOf":{"@id":"https:\/\/uniest.it\/#website"},"primaryImageOfPage":{"@id":"https:\/\/uniest.it\/prodotto\/champu-hidratante-de-hamamelis\/#primaryimage"},"image":{"@id":"https:\/\/uniest.it\/prodotto\/champu-hidratante-de-hamamelis\/#primaryimage"},"thumbnailUrl":"https:\/\/uniest.it\/wp-content\/uploads\/2020\/11\/259AAE.png","datePublished":"2024-10-23T16:26:39+00:00","breadcrumb":{"@id":"https:\/\/uniest.it\/prodotto\/champu-hidratante-de-hamamelis\/#breadcrumb"},"inLanguage":"es","potentialAction":[{"@type":"ReadAction","target":["https:\/\/uniest.it\/prodotto\/champu-hidratante-de-hamamelis\/"]}]},{"@type":"ImageObject","inLanguage":"es","@id":"https:\/\/uniest.it\/prodotto\/champu-hidratante-de-hamamelis\/#primaryimage","url":"https:\/\/uniest.it\/wp-content\/uploads\/2020\/11\/259AAE.png","contentUrl":"https:\/\/uniest.it\/wp-content\/uploads\/2020\/11\/259AAE.png","width":1283,"height":2000},{"@type":"BreadcrumbList","@id":"https:\/\/uniest.it\/prodotto\/champu-hidratante-de-hamamelis\/#breadcrumb","itemListElement":[{"@type":"ListItem","position":1,"name":"Home","item":"https:\/\/uniest.it\/es\/"},{"@type":"ListItem","position":2,"name":"Shop","item":"https:\/\/uniest.it\/shop\/"},{"@type":"ListItem","position":3,"name":"Champ\u00fa hidratante de hamamelis"}]},{"@type":"WebSite","@id":"https:\/\/uniest.it\/#website","url":"https:\/\/uniest.it\/","name":"Uniest","description":"Cosmetici Naturali e Bio","potentialAction":[{"@type":"SearchAction","target":{"@type":"EntryPoint","urlTemplate":"https:\/\/uniest.it\/?s={search_term_string}"},"query-input":{"@type":"PropertyValueSpecification","valueRequired":true,"valueName":"search_term_string"}}],"inLanguage":"es"}]}},"_links":{"self":[{"href":"https:\/\/uniest.it\/es\/wp-json\/wp\/v2\/product\/6232","targetHints":{"allow":["GET"]}}],"collection":[{"href":"https:\/\/uniest.it\/es\/wp-json\/wp\/v2\/product"}],"about":[{"href":"https:\/\/uniest.it\/es\/wp-json\/wp\/v2\/types\/product"}],"wp:featuredmedia":[{"embeddable":true,"href":"https:\/\/uniest.it\/es\/wp-json\/wp\/v2\/media\/6233"}],"wp:attachment":[{"href":"https:\/\/uniest.it\/es\/wp-json\/wp\/v2\/media?parent=6232"}],"wp:term":[{"taxonomy":"product_brand","embeddable":true,"href":"https:\/\/uniest.it\/es\/wp-json\/wp\/v2\/product_brand?post=6232"},{"taxonomy":"product_cat","embeddable":true,"href":"https:\/\/uniest.it\/es\/wp-json\/wp\/v2\/product_cat?post=6232"},{"taxonomy":"product_tag","embeddable":true,"href":"https:\/\/uniest.it\/es\/wp-json\/wp\/v2\/product_tag?post=6232"}],"curies":[{"name":"wp","href":"https:\/\/api.w.org\/{rel}","templated":true}]}}