{"id":6236,"date":"2024-10-23T17:26:40","date_gmt":"2024-10-23T16:26:40","guid":{"rendered":"https:\/\/uniest.it\/prodotto\/toronjil\/"},"modified":"2024-10-23T17:26:40","modified_gmt":"2024-10-23T16:26:40","slug":"toronjil","status":"publish","type":"product","link":"https:\/\/uniest.it\/es\/prodotto\/toronjil\/","title":{"rendered":"Toronjil"},"content":{"rendered":"<p>El nombre Melissa proviene del griego y significa \u00ababeja\u00bb o \u00abla que da miel\u00bb. Sin duda su dulce n\u00e9ctar y embriagador aroma atrae a abejas e insectos de todo tipo que chupan el n\u00e9ctar. Griegos, \u00e1rabes y latinos recomendaban su uso para calmar estados de ansiedad, describi\u00e9ndola incluso como una &#8216;planta que alegra y reconforta el coraz\u00f3n&#8217;. Ideal para calmar la melancol\u00eda y superar los momentos m\u00e1s cr\u00edticos de la vida. La melisa tambi\u00e9n se llama hierba Limoncina, es una planta herb\u00e1cea perenne perteneciente a la familia de las Lamiaceae. Su reconocimiento se ve facilitado tanto por sus hojas pecioladas, ovaladas, peludas, reticuladas y dentadas, como por su olor parecido al del lim\u00f3n. Se recomienda cosechar este \u00faltimo, del que se obtienen las propiedades curativas, antes de la floraci\u00f3n. Sus propiedades beneficiosas pueden utilizarse para liberar tensiones y reducir el nerviosismo, la irritabilidad, la inquietud y el estr\u00e9s. Ideal tambi\u00e9n para afrontar el estr\u00e9s acumulado durante la jornada laboral o problemas relacionados con el \u00e1mbito psicol\u00f3gico. Su acci\u00f3n sedante tambi\u00e9n es eficaz para combatir de forma natural el insomnio y los dolores de cabeza. Entre sus propiedades encontramos las antiespasm\u00f3dicas, para una mejor digesti\u00f3n, para calmar calambres abdominales, n\u00e1useas y reducir los s\u00edntomas del s\u00edndrome del intestino irritable. La melisa es rica en \u00e1cido cafeico y \u00e1cido rosmar\u00ednico, poderosos antioxidantes que neutralizan las especies reactivas de ox\u00edgeno. El toronjil contiene un analg\u00e9sico natural, el eugenol, que resulta especialmente \u00fatil para combatir los dolores menstruales.<\/p>\n","protected":false},"excerpt":{"rendered":"<p>El nombre Melissa proviene del griego y significa \u00ababeja\u00bb o \u00abla que da miel\u00bb. Sin duda su dulce n\u00e9ctar y embriagador aroma atrae a abejas e insectos de todo tipo que chupan el n\u00e9ctar. Griegos, \u00e1rabes y latinos recomendaban su uso para calmar estados de ansiedad, describi\u00e9ndola incluso como una &#8216;planta que alegra y reconforta [&hellip;]<\/p>\n","protected":false},"featured_media":6237,"template":"","meta":{"_acf_changed":false,"inline_featured_image":false},"product_brand":[],"product_cat":[1433],"product_tag":[],"class_list":{"0":"post-6236","1":"product","2":"type-product","3":"status-publish","4":"has-post-thumbnail","6":"product_beauty-diuretico","7":"product_beauty-drenante","8":"product_beauty-insonnia","9":"product_beauty-intestino","10":"product_beauty-mal-di-testa","11":"product_beauty-menopausa","12":"product_beauty-mesturazioni","13":"product_beauty-rilassante","14":"product_beauty-stress","15":"product_beauty-umore","16":"product_beauty-vie-respiratorie","17":"product_kind-integrazione-alimentare","18":"product_lines-benessere","19":"product_cat-benessere-es","20":"pa_size-100-cps-es","22":"first","23":"outofstock","24":"taxable","25":"shipping-taxable","26":"purchasable","27":"product-type-simple"},"acf":[],"yoast_head":"<!-- This site is optimized with the Yoast SEO plugin v24.6 - https:\/\/yoast.com\/wordpress\/plugins\/seo\/ -->\n<title>Toronjil - Uniest<\/title>\n<meta name=\"robots\" content=\"index, follow, max-snippet:-1, max-image-preview:large, max-video-preview:-1\" \/>\n<link rel=\"canonical\" href=\"https:\/\/uniest.it\/prodotto\/toronjil\/\" \/>\n<meta property=\"og:locale\" content=\"es_ES\" \/>\n<meta property=\"og:type\" content=\"article\" \/>\n<meta property=\"og:title\" content=\"Toronjil - Uniest\" \/>\n<meta property=\"og:description\" content=\"El nombre Melissa proviene del griego y significa \u00ababeja\u00bb o \u00abla que da miel\u00bb. Sin duda su dulce n\u00e9ctar y embriagador aroma atrae a abejas e insectos de todo tipo que chupan el n\u00e9ctar. Griegos, \u00e1rabes y latinos recomendaban su uso para calmar estados de ansiedad, describi\u00e9ndola incluso como una &#8216;planta que alegra y reconforta [&hellip;]\" \/>\n<meta property=\"og:url\" content=\"https:\/\/uniest.it\/prodotto\/toronjil\/\" \/>\n<meta property=\"og:site_name\" content=\"Uniest\" \/>\n<meta name=\"twitter:card\" content=\"summary_large_image\" \/>\n<meta name=\"twitter:label1\" content=\"Tiempo de lectura\" \/>\n\t<meta name=\"twitter:data1\" content=\"1 minuto\" \/>\n<script type=\"application\/ld+json\" class=\"yoast-schema-graph\">{\"@context\":\"https:\/\/schema.org\",\"@graph\":[{\"@type\":\"WebPage\",\"@id\":\"https:\/\/uniest.it\/prodotto\/toronjil\/\",\"url\":\"https:\/\/uniest.it\/prodotto\/toronjil\/\",\"name\":\"Toronjil - Uniest\",\"isPartOf\":{\"@id\":\"https:\/\/uniest.it\/#website\"},\"primaryImageOfPage\":{\"@id\":\"https:\/\/uniest.it\/prodotto\/toronjil\/#primaryimage\"},\"image\":{\"@id\":\"https:\/\/uniest.it\/prodotto\/toronjil\/#primaryimage\"},\"thumbnailUrl\":\"https:\/\/uniest.it\/wp-content\/uploads\/2020\/12\/275ZOP.png\",\"datePublished\":\"2024-10-23T16:26:40+00:00\",\"breadcrumb\":{\"@id\":\"https:\/\/uniest.it\/prodotto\/toronjil\/#breadcrumb\"},\"inLanguage\":\"es\",\"potentialAction\":[{\"@type\":\"ReadAction\",\"target\":[\"https:\/\/uniest.it\/prodotto\/toronjil\/\"]}]},{\"@type\":\"ImageObject\",\"inLanguage\":\"es\",\"@id\":\"https:\/\/uniest.it\/prodotto\/toronjil\/#primaryimage\",\"url\":\"https:\/\/uniest.it\/wp-content\/uploads\/2020\/12\/275ZOP.png\",\"contentUrl\":\"https:\/\/uniest.it\/wp-content\/uploads\/2020\/12\/275ZOP.png\",\"width\":1283,\"height\":2000},{\"@type\":\"BreadcrumbList\",\"@id\":\"https:\/\/uniest.it\/prodotto\/toronjil\/#breadcrumb\",\"itemListElement\":[{\"@type\":\"ListItem\",\"position\":1,\"name\":\"Home\",\"item\":\"https:\/\/uniest.it\/es\/\"},{\"@type\":\"ListItem\",\"position\":2,\"name\":\"Shop\",\"item\":\"https:\/\/uniest.it\/shop\/\"},{\"@type\":\"ListItem\",\"position\":3,\"name\":\"Toronjil\"}]},{\"@type\":\"WebSite\",\"@id\":\"https:\/\/uniest.it\/#website\",\"url\":\"https:\/\/uniest.it\/\",\"name\":\"Uniest\",\"description\":\"Cosmetici Naturali e Bio\",\"potentialAction\":[{\"@type\":\"SearchAction\",\"target\":{\"@type\":\"EntryPoint\",\"urlTemplate\":\"https:\/\/uniest.it\/?s={search_term_string}\"},\"query-input\":{\"@type\":\"PropertyValueSpecification\",\"valueRequired\":true,\"valueName\":\"search_term_string\"}}],\"inLanguage\":\"es\"}]}<\/script>\n<!-- \/ Yoast SEO plugin. -->","yoast_head_json":{"title":"Toronjil - Uniest","robots":{"index":"index","follow":"follow","max-snippet":"max-snippet:-1","max-image-preview":"max-image-preview:large","max-video-preview":"max-video-preview:-1"},"canonical":"https:\/\/uniest.it\/prodotto\/toronjil\/","og_locale":"es_ES","og_type":"article","og_title":"Toronjil - Uniest","og_description":"El nombre Melissa proviene del griego y significa \u00ababeja\u00bb o \u00abla que da miel\u00bb. Sin duda su dulce n\u00e9ctar y embriagador aroma atrae a abejas e insectos de todo tipo que chupan el n\u00e9ctar. Griegos, \u00e1rabes y latinos recomendaban su uso para calmar estados de ansiedad, describi\u00e9ndola incluso como una &#8216;planta que alegra y reconforta [&hellip;]","og_url":"https:\/\/uniest.it\/prodotto\/toronjil\/","og_site_name":"Uniest","twitter_card":"summary_large_image","twitter_misc":{"Tiempo de lectura":"1 minuto"},"schema":{"@context":"https:\/\/schema.org","@graph":[{"@type":"WebPage","@id":"https:\/\/uniest.it\/prodotto\/toronjil\/","url":"https:\/\/uniest.it\/prodotto\/toronjil\/","name":"Toronjil - Uniest","isPartOf":{"@id":"https:\/\/uniest.it\/#website"},"primaryImageOfPage":{"@id":"https:\/\/uniest.it\/prodotto\/toronjil\/#primaryimage"},"image":{"@id":"https:\/\/uniest.it\/prodotto\/toronjil\/#primaryimage"},"thumbnailUrl":"https:\/\/uniest.it\/wp-content\/uploads\/2020\/12\/275ZOP.png","datePublished":"2024-10-23T16:26:40+00:00","breadcrumb":{"@id":"https:\/\/uniest.it\/prodotto\/toronjil\/#breadcrumb"},"inLanguage":"es","potentialAction":[{"@type":"ReadAction","target":["https:\/\/uniest.it\/prodotto\/toronjil\/"]}]},{"@type":"ImageObject","inLanguage":"es","@id":"https:\/\/uniest.it\/prodotto\/toronjil\/#primaryimage","url":"https:\/\/uniest.it\/wp-content\/uploads\/2020\/12\/275ZOP.png","contentUrl":"https:\/\/uniest.it\/wp-content\/uploads\/2020\/12\/275ZOP.png","width":1283,"height":2000},{"@type":"BreadcrumbList","@id":"https:\/\/uniest.it\/prodotto\/toronjil\/#breadcrumb","itemListElement":[{"@type":"ListItem","position":1,"name":"Home","item":"https:\/\/uniest.it\/es\/"},{"@type":"ListItem","position":2,"name":"Shop","item":"https:\/\/uniest.it\/shop\/"},{"@type":"ListItem","position":3,"name":"Toronjil"}]},{"@type":"WebSite","@id":"https:\/\/uniest.it\/#website","url":"https:\/\/uniest.it\/","name":"Uniest","description":"Cosmetici Naturali e Bio","potentialAction":[{"@type":"SearchAction","target":{"@type":"EntryPoint","urlTemplate":"https:\/\/uniest.it\/?s={search_term_string}"},"query-input":{"@type":"PropertyValueSpecification","valueRequired":true,"valueName":"search_term_string"}}],"inLanguage":"es"}]}},"_links":{"self":[{"href":"https:\/\/uniest.it\/es\/wp-json\/wp\/v2\/product\/6236","targetHints":{"allow":["GET"]}}],"collection":[{"href":"https:\/\/uniest.it\/es\/wp-json\/wp\/v2\/product"}],"about":[{"href":"https:\/\/uniest.it\/es\/wp-json\/wp\/v2\/types\/product"}],"wp:featuredmedia":[{"embeddable":true,"href":"https:\/\/uniest.it\/es\/wp-json\/wp\/v2\/media\/6237"}],"wp:attachment":[{"href":"https:\/\/uniest.it\/es\/wp-json\/wp\/v2\/media?parent=6236"}],"wp:term":[{"taxonomy":"product_brand","embeddable":true,"href":"https:\/\/uniest.it\/es\/wp-json\/wp\/v2\/product_brand?post=6236"},{"taxonomy":"product_cat","embeddable":true,"href":"https:\/\/uniest.it\/es\/wp-json\/wp\/v2\/product_cat?post=6236"},{"taxonomy":"product_tag","embeddable":true,"href":"https:\/\/uniest.it\/es\/wp-json\/wp\/v2\/product_tag?post=6236"}],"curies":[{"name":"wp","href":"https:\/\/api.w.org\/{rel}","templated":true}]}}