{"id":6240,"date":"2021-02-04T13:00:05","date_gmt":"2024-10-23T16:26:41","guid":{"rendered":"https:\/\/uniest.it\/prodotto\/gel-de-lavado-de-manos-desinfectante-natural-concentrado-rapido-250-ml\/"},"modified":"2024-10-23T17:26:41","modified_gmt":"2024-10-23T16:26:41","slug":"gel-de-lavado-de-manos-desinfectante-natural-concentrado-rapido-250-ml","status":"publish","type":"product","link":"https:\/\/uniest.it\/es\/prodotto\/gel-de-lavado-de-manos-desinfectante-natural-concentrado-rapido-250-ml\/","title":{"rendered":"Gel de lavado de manos desinfectante natural concentrado r\u00e1pido &#8211; 250 ml"},"content":{"rendered":"<p>El Gel Lavamanos Higienizante R\u00e1pido est\u00e1 formulado con un 95% de alcohol puro y enriquecido con aceites esenciales de \u00e1rbol de t\u00e9, naranja, eucalipto y vitamina E. La presencia de otros principios activos hace que este producto, una vez aplicado, masajeado y secado, deje las manos suaves y sedoso y no seco. Por tanto, se puede definir como un desinfectante que respeta y protege nuestra piel. Dada su concentraci\u00f3n de principios activos, se utiliza en peque\u00f1as dosis, bastando un par de gotas en ambas manos para cubrir abundantemente la superficie a tratar.<\/p>\n","protected":false},"excerpt":{"rendered":"<p>El Gel Lavamanos Higienizante R\u00e1pido est\u00e1 formulado con un 95% de alcohol puro y enriquecido con aceites esenciales de \u00e1rbol de t\u00e9, naranja, eucalipto y vitamina E. La presencia de otros principios activos hace que este producto, una vez aplicado, masajeado y secado, deje las manos suaves y sedoso y no seco. Por tanto, se [&hellip;]<\/p>\n","protected":false},"featured_media":6241,"template":"","meta":{"_acf_changed":false,"inline_featured_image":false},"product_brand":[],"product_cat":[1425,1430,1426,1444],"product_tag":[],"class_list":{"0":"post-6240","1":"product","2":"type-product","3":"status-publish","4":"has-post-thumbnail","6":"product_beauty-detergere","7":"product_beauty-idratare","8":"product_beauty-proteggere","9":"product_skin-tutte-le-pelli","10":"product_kind-bagno","11":"product_kind-doccia","12":"product_kind-shampoo-e-detergenza","13":"product_lines-igiene-e-protezione","14":"product_cat-corpo-es","15":"product_cat-famiglia-e-pet-es","16":"product_cat-uomo-es","17":"product_cat-mani-e-piedi-es","18":"pa_size-250-es","20":"first","21":"outofstock","22":"sale","23":"taxable","24":"shipping-taxable","25":"purchasable","26":"product-type-simple"},"acf":[],"yoast_head":"<!-- This site is optimized with the Yoast SEO plugin v24.6 - https:\/\/yoast.com\/wordpress\/plugins\/seo\/ -->\n<title>Gel de lavado de manos desinfectante natural concentrado r\u00e1pido - 250 ml - Uniest<\/title>\n<meta name=\"robots\" content=\"index, follow, max-snippet:-1, max-image-preview:large, max-video-preview:-1\" \/>\n<link rel=\"canonical\" href=\"https:\/\/uniest.it\/prodotto\/gel-de-lavado-de-manos-desinfectante-natural-concentrado-rapido-250-ml\/\" \/>\n<meta property=\"og:locale\" content=\"es_ES\" \/>\n<meta property=\"og:type\" content=\"article\" \/>\n<meta property=\"og:title\" content=\"Gel de lavado de manos desinfectante natural concentrado r\u00e1pido - 250 ml - Uniest\" \/>\n<meta property=\"og:description\" content=\"El Gel Lavamanos Higienizante R\u00e1pido est\u00e1 formulado con un 95% de alcohol puro y enriquecido con aceites esenciales de \u00e1rbol de t\u00e9, naranja, eucalipto y vitamina E. La presencia de otros principios activos hace que este producto, una vez aplicado, masajeado y secado, deje las manos suaves y sedoso y no seco. Por tanto, se [&hellip;]\" \/>\n<meta property=\"og:url\" content=\"https:\/\/uniest.it\/prodotto\/gel-de-lavado-de-manos-desinfectante-natural-concentrado-rapido-250-ml\/\" \/>\n<meta property=\"og:site_name\" content=\"Uniest\" \/>\n<meta name=\"twitter:card\" content=\"summary_large_image\" \/>\n<script type=\"application\/ld+json\" class=\"yoast-schema-graph\">{\"@context\":\"https:\/\/schema.org\",\"@graph\":[{\"@type\":\"WebPage\",\"@id\":\"https:\/\/uniest.it\/prodotto\/gel-de-lavado-de-manos-desinfectante-natural-concentrado-rapido-250-ml\/\",\"url\":\"https:\/\/uniest.it\/prodotto\/gel-de-lavado-de-manos-desinfectante-natural-concentrado-rapido-250-ml\/\",\"name\":\"Gel de lavado de manos desinfectante natural concentrado r\u00e1pido - 250 ml - Uniest\",\"isPartOf\":{\"@id\":\"https:\/\/uniest.it\/#website\"},\"primaryImageOfPage\":{\"@id\":\"https:\/\/uniest.it\/prodotto\/gel-de-lavado-de-manos-desinfectante-natural-concentrado-rapido-250-ml\/#primaryimage\"},\"image\":{\"@id\":\"https:\/\/uniest.it\/prodotto\/gel-de-lavado-de-manos-desinfectante-natural-concentrado-rapido-250-ml\/#primaryimage\"},\"thumbnailUrl\":\"https:\/\/uniest.it\/wp-content\/uploads\/2020\/11\/293AAE.png\",\"datePublished\":\"2024-10-23T16:26:41+00:00\",\"breadcrumb\":{\"@id\":\"https:\/\/uniest.it\/prodotto\/gel-de-lavado-de-manos-desinfectante-natural-concentrado-rapido-250-ml\/#breadcrumb\"},\"inLanguage\":\"es\",\"potentialAction\":[{\"@type\":\"ReadAction\",\"target\":[\"https:\/\/uniest.it\/prodotto\/gel-de-lavado-de-manos-desinfectante-natural-concentrado-rapido-250-ml\/\"]}]},{\"@type\":\"ImageObject\",\"inLanguage\":\"es\",\"@id\":\"https:\/\/uniest.it\/prodotto\/gel-de-lavado-de-manos-desinfectante-natural-concentrado-rapido-250-ml\/#primaryimage\",\"url\":\"https:\/\/uniest.it\/wp-content\/uploads\/2020\/11\/293AAE.png\",\"contentUrl\":\"https:\/\/uniest.it\/wp-content\/uploads\/2020\/11\/293AAE.png\",\"width\":1283,\"height\":2000},{\"@type\":\"BreadcrumbList\",\"@id\":\"https:\/\/uniest.it\/prodotto\/gel-de-lavado-de-manos-desinfectante-natural-concentrado-rapido-250-ml\/#breadcrumb\",\"itemListElement\":[{\"@type\":\"ListItem\",\"position\":1,\"name\":\"Home\",\"item\":\"https:\/\/uniest.it\/es\/\"},{\"@type\":\"ListItem\",\"position\":2,\"name\":\"Shop\",\"item\":\"https:\/\/uniest.it\/shop\/\"},{\"@type\":\"ListItem\",\"position\":3,\"name\":\"Gel de lavado de manos desinfectante natural concentrado r\u00e1pido &#8211; 250 ml\"}]},{\"@type\":\"WebSite\",\"@id\":\"https:\/\/uniest.it\/#website\",\"url\":\"https:\/\/uniest.it\/\",\"name\":\"Uniest\",\"description\":\"Cosmetici Naturali e Bio\",\"potentialAction\":[{\"@type\":\"SearchAction\",\"target\":{\"@type\":\"EntryPoint\",\"urlTemplate\":\"https:\/\/uniest.it\/?s={search_term_string}\"},\"query-input\":{\"@type\":\"PropertyValueSpecification\",\"valueRequired\":true,\"valueName\":\"search_term_string\"}}],\"inLanguage\":\"es\"}]}<\/script>\n<!-- \/ Yoast SEO plugin. -->","yoast_head_json":{"title":"Gel de lavado de manos desinfectante natural concentrado r\u00e1pido - 250 ml - Uniest","robots":{"index":"index","follow":"follow","max-snippet":"max-snippet:-1","max-image-preview":"max-image-preview:large","max-video-preview":"max-video-preview:-1"},"canonical":"https:\/\/uniest.it\/prodotto\/gel-de-lavado-de-manos-desinfectante-natural-concentrado-rapido-250-ml\/","og_locale":"es_ES","og_type":"article","og_title":"Gel de lavado de manos desinfectante natural concentrado r\u00e1pido - 250 ml - Uniest","og_description":"El Gel Lavamanos Higienizante R\u00e1pido est\u00e1 formulado con un 95% de alcohol puro y enriquecido con aceites esenciales de \u00e1rbol de t\u00e9, naranja, eucalipto y vitamina E. La presencia de otros principios activos hace que este producto, una vez aplicado, masajeado y secado, deje las manos suaves y sedoso y no seco. Por tanto, se [&hellip;]","og_url":"https:\/\/uniest.it\/prodotto\/gel-de-lavado-de-manos-desinfectante-natural-concentrado-rapido-250-ml\/","og_site_name":"Uniest","twitter_card":"summary_large_image","schema":{"@context":"https:\/\/schema.org","@graph":[{"@type":"WebPage","@id":"https:\/\/uniest.it\/prodotto\/gel-de-lavado-de-manos-desinfectante-natural-concentrado-rapido-250-ml\/","url":"https:\/\/uniest.it\/prodotto\/gel-de-lavado-de-manos-desinfectante-natural-concentrado-rapido-250-ml\/","name":"Gel de lavado de manos desinfectante natural concentrado r\u00e1pido - 250 ml - Uniest","isPartOf":{"@id":"https:\/\/uniest.it\/#website"},"primaryImageOfPage":{"@id":"https:\/\/uniest.it\/prodotto\/gel-de-lavado-de-manos-desinfectante-natural-concentrado-rapido-250-ml\/#primaryimage"},"image":{"@id":"https:\/\/uniest.it\/prodotto\/gel-de-lavado-de-manos-desinfectante-natural-concentrado-rapido-250-ml\/#primaryimage"},"thumbnailUrl":"https:\/\/uniest.it\/wp-content\/uploads\/2020\/11\/293AAE.png","datePublished":"2024-10-23T16:26:41+00:00","breadcrumb":{"@id":"https:\/\/uniest.it\/prodotto\/gel-de-lavado-de-manos-desinfectante-natural-concentrado-rapido-250-ml\/#breadcrumb"},"inLanguage":"es","potentialAction":[{"@type":"ReadAction","target":["https:\/\/uniest.it\/prodotto\/gel-de-lavado-de-manos-desinfectante-natural-concentrado-rapido-250-ml\/"]}]},{"@type":"ImageObject","inLanguage":"es","@id":"https:\/\/uniest.it\/prodotto\/gel-de-lavado-de-manos-desinfectante-natural-concentrado-rapido-250-ml\/#primaryimage","url":"https:\/\/uniest.it\/wp-content\/uploads\/2020\/11\/293AAE.png","contentUrl":"https:\/\/uniest.it\/wp-content\/uploads\/2020\/11\/293AAE.png","width":1283,"height":2000},{"@type":"BreadcrumbList","@id":"https:\/\/uniest.it\/prodotto\/gel-de-lavado-de-manos-desinfectante-natural-concentrado-rapido-250-ml\/#breadcrumb","itemListElement":[{"@type":"ListItem","position":1,"name":"Home","item":"https:\/\/uniest.it\/es\/"},{"@type":"ListItem","position":2,"name":"Shop","item":"https:\/\/uniest.it\/shop\/"},{"@type":"ListItem","position":3,"name":"Gel de lavado de manos desinfectante natural concentrado r\u00e1pido &#8211; 250 ml"}]},{"@type":"WebSite","@id":"https:\/\/uniest.it\/#website","url":"https:\/\/uniest.it\/","name":"Uniest","description":"Cosmetici Naturali e Bio","potentialAction":[{"@type":"SearchAction","target":{"@type":"EntryPoint","urlTemplate":"https:\/\/uniest.it\/?s={search_term_string}"},"query-input":{"@type":"PropertyValueSpecification","valueRequired":true,"valueName":"search_term_string"}}],"inLanguage":"es"}]}},"_links":{"self":[{"href":"https:\/\/uniest.it\/es\/wp-json\/wp\/v2\/product\/6240","targetHints":{"allow":["GET"]}}],"collection":[{"href":"https:\/\/uniest.it\/es\/wp-json\/wp\/v2\/product"}],"about":[{"href":"https:\/\/uniest.it\/es\/wp-json\/wp\/v2\/types\/product"}],"wp:featuredmedia":[{"embeddable":true,"href":"https:\/\/uniest.it\/es\/wp-json\/wp\/v2\/media\/6241"}],"wp:attachment":[{"href":"https:\/\/uniest.it\/es\/wp-json\/wp\/v2\/media?parent=6240"}],"wp:term":[{"taxonomy":"product_brand","embeddable":true,"href":"https:\/\/uniest.it\/es\/wp-json\/wp\/v2\/product_brand?post=6240"},{"taxonomy":"product_cat","embeddable":true,"href":"https:\/\/uniest.it\/es\/wp-json\/wp\/v2\/product_cat?post=6240"},{"taxonomy":"product_tag","embeddable":true,"href":"https:\/\/uniest.it\/es\/wp-json\/wp\/v2\/product_tag?post=6240"}],"curies":[{"name":"wp","href":"https:\/\/api.w.org\/{rel}","templated":true}]}}