{"id":6244,"date":"2024-10-23T17:26:42","date_gmt":"2024-10-23T16:26:42","guid":{"rendered":"https:\/\/uniest.it\/prodotto\/ruibarbo\/"},"modified":"2024-10-23T17:26:42","modified_gmt":"2024-10-23T16:26:42","slug":"ruibarbo","status":"publish","type":"product","link":"https:\/\/uniest.it\/es\/prodotto\/ruibarbo\/","title":{"rendered":"Ruibarbo"},"content":{"rendered":"<p>El ruibarbo, cuyo nombre cient\u00edfico es Rheum Officinale, pertenece a la familia Polygoniaceae y es una planta perenne, generalmente de gran tama\u00f1o y que puede superar los dos metros de altura. Tiene una roseta basal con grandes hojas palmadas lobuladas que alcanzan hasta 80 cent\u00edmetros y tienen el margen entero o aserrado. De la base de las hojas emergen largos tallos rojizos, de cuyo \u00e1pice cuelga una flor bisexual, de forma radial parecida a una pan\u00edcula y de color variable del blanco al rosa, del amarillo al verde, seg\u00fan la variedad de ruibarbo. Su ra\u00edz es muy grande con un rizoma carnoso y robusto que se utiliza para la extracci\u00f3n de f\u00e1rmacos. Del rizoma cada a\u00f1o, durante el crecimiento vegetativo, emergen las hojas de la roseta basal mientras que la recolecci\u00f3n del rizoma se realiza en oto\u00f1o a partir del segundo a\u00f1o de vegetaci\u00f3n.<\/p>\n","protected":false},"excerpt":{"rendered":"<p>El ruibarbo, cuyo nombre cient\u00edfico es Rheum Officinale, pertenece a la familia Polygoniaceae y es una planta perenne, generalmente de gran tama\u00f1o y que puede superar los dos metros de altura. Tiene una roseta basal con grandes hojas palmadas lobuladas que alcanzan hasta 80 cent\u00edmetros y tienen el margen entero o aserrado. De la base [&hellip;]<\/p>\n","protected":false},"featured_media":6245,"template":"","meta":{"_acf_changed":false,"inline_featured_image":false},"product_brand":[],"product_cat":[1433],"product_tag":[],"class_list":{"0":"post-6244","1":"product","2":"type-product","3":"status-publish","4":"has-post-thumbnail","6":"product_beauty-detox-e-dren","7":"product_beauty-digestivo","8":"product_beauty-intestino","9":"product_beauty-mineralizzante","10":"product_beauty-multivitaminico","11":"product_beauty-perdita-peso","12":"product_beauty-tratto-intestinale","13":"product_kind-integrazione-alimentare","14":"product_lines-benessere","15":"product_cat-benessere-es","16":"pa_size-100-cps-es","18":"first","19":"outofstock","20":"taxable","21":"shipping-taxable","22":"purchasable","23":"product-type-simple"},"acf":[],"yoast_head":"<!-- This site is optimized with the Yoast SEO plugin v24.6 - https:\/\/yoast.com\/wordpress\/plugins\/seo\/ -->\n<title>Ruibarbo - Uniest<\/title>\n<meta name=\"robots\" content=\"index, follow, max-snippet:-1, max-image-preview:large, max-video-preview:-1\" \/>\n<link rel=\"canonical\" href=\"https:\/\/uniest.it\/prodotto\/ruibarbo\/\" \/>\n<meta property=\"og:locale\" content=\"es_ES\" \/>\n<meta property=\"og:type\" content=\"article\" \/>\n<meta property=\"og:title\" content=\"Ruibarbo - Uniest\" \/>\n<meta property=\"og:description\" content=\"El ruibarbo, cuyo nombre cient\u00edfico es Rheum Officinale, pertenece a la familia Polygoniaceae y es una planta perenne, generalmente de gran tama\u00f1o y que puede superar los dos metros de altura. Tiene una roseta basal con grandes hojas palmadas lobuladas que alcanzan hasta 80 cent\u00edmetros y tienen el margen entero o aserrado. De la base [&hellip;]\" \/>\n<meta property=\"og:url\" content=\"https:\/\/uniest.it\/prodotto\/ruibarbo\/\" \/>\n<meta property=\"og:site_name\" content=\"Uniest\" \/>\n<meta name=\"twitter:card\" content=\"summary_large_image\" \/>\n<meta name=\"twitter:label1\" content=\"Tiempo de lectura\" \/>\n\t<meta name=\"twitter:data1\" content=\"1 minuto\" \/>\n<script type=\"application\/ld+json\" class=\"yoast-schema-graph\">{\"@context\":\"https:\/\/schema.org\",\"@graph\":[{\"@type\":\"WebPage\",\"@id\":\"https:\/\/uniest.it\/prodotto\/ruibarbo\/\",\"url\":\"https:\/\/uniest.it\/prodotto\/ruibarbo\/\",\"name\":\"Ruibarbo - Uniest\",\"isPartOf\":{\"@id\":\"https:\/\/uniest.it\/#website\"},\"primaryImageOfPage\":{\"@id\":\"https:\/\/uniest.it\/prodotto\/ruibarbo\/#primaryimage\"},\"image\":{\"@id\":\"https:\/\/uniest.it\/prodotto\/ruibarbo\/#primaryimage\"},\"thumbnailUrl\":\"https:\/\/uniest.it\/wp-content\/uploads\/2020\/12\/334ZOP.png\",\"datePublished\":\"2024-10-23T16:26:42+00:00\",\"breadcrumb\":{\"@id\":\"https:\/\/uniest.it\/prodotto\/ruibarbo\/#breadcrumb\"},\"inLanguage\":\"es\",\"potentialAction\":[{\"@type\":\"ReadAction\",\"target\":[\"https:\/\/uniest.it\/prodotto\/ruibarbo\/\"]}]},{\"@type\":\"ImageObject\",\"inLanguage\":\"es\",\"@id\":\"https:\/\/uniest.it\/prodotto\/ruibarbo\/#primaryimage\",\"url\":\"https:\/\/uniest.it\/wp-content\/uploads\/2020\/12\/334ZOP.png\",\"contentUrl\":\"https:\/\/uniest.it\/wp-content\/uploads\/2020\/12\/334ZOP.png\",\"width\":1283,\"height\":2000},{\"@type\":\"BreadcrumbList\",\"@id\":\"https:\/\/uniest.it\/prodotto\/ruibarbo\/#breadcrumb\",\"itemListElement\":[{\"@type\":\"ListItem\",\"position\":1,\"name\":\"Home\",\"item\":\"https:\/\/uniest.it\/es\/\"},{\"@type\":\"ListItem\",\"position\":2,\"name\":\"Shop\",\"item\":\"https:\/\/uniest.it\/shop\/\"},{\"@type\":\"ListItem\",\"position\":3,\"name\":\"Ruibarbo\"}]},{\"@type\":\"WebSite\",\"@id\":\"https:\/\/uniest.it\/#website\",\"url\":\"https:\/\/uniest.it\/\",\"name\":\"Uniest\",\"description\":\"Cosmetici Naturali e Bio\",\"potentialAction\":[{\"@type\":\"SearchAction\",\"target\":{\"@type\":\"EntryPoint\",\"urlTemplate\":\"https:\/\/uniest.it\/?s={search_term_string}\"},\"query-input\":{\"@type\":\"PropertyValueSpecification\",\"valueRequired\":true,\"valueName\":\"search_term_string\"}}],\"inLanguage\":\"es\"}]}<\/script>\n<!-- \/ Yoast SEO plugin. -->","yoast_head_json":{"title":"Ruibarbo - Uniest","robots":{"index":"index","follow":"follow","max-snippet":"max-snippet:-1","max-image-preview":"max-image-preview:large","max-video-preview":"max-video-preview:-1"},"canonical":"https:\/\/uniest.it\/prodotto\/ruibarbo\/","og_locale":"es_ES","og_type":"article","og_title":"Ruibarbo - Uniest","og_description":"El ruibarbo, cuyo nombre cient\u00edfico es Rheum Officinale, pertenece a la familia Polygoniaceae y es una planta perenne, generalmente de gran tama\u00f1o y que puede superar los dos metros de altura. Tiene una roseta basal con grandes hojas palmadas lobuladas que alcanzan hasta 80 cent\u00edmetros y tienen el margen entero o aserrado. De la base [&hellip;]","og_url":"https:\/\/uniest.it\/prodotto\/ruibarbo\/","og_site_name":"Uniest","twitter_card":"summary_large_image","twitter_misc":{"Tiempo de lectura":"1 minuto"},"schema":{"@context":"https:\/\/schema.org","@graph":[{"@type":"WebPage","@id":"https:\/\/uniest.it\/prodotto\/ruibarbo\/","url":"https:\/\/uniest.it\/prodotto\/ruibarbo\/","name":"Ruibarbo - Uniest","isPartOf":{"@id":"https:\/\/uniest.it\/#website"},"primaryImageOfPage":{"@id":"https:\/\/uniest.it\/prodotto\/ruibarbo\/#primaryimage"},"image":{"@id":"https:\/\/uniest.it\/prodotto\/ruibarbo\/#primaryimage"},"thumbnailUrl":"https:\/\/uniest.it\/wp-content\/uploads\/2020\/12\/334ZOP.png","datePublished":"2024-10-23T16:26:42+00:00","breadcrumb":{"@id":"https:\/\/uniest.it\/prodotto\/ruibarbo\/#breadcrumb"},"inLanguage":"es","potentialAction":[{"@type":"ReadAction","target":["https:\/\/uniest.it\/prodotto\/ruibarbo\/"]}]},{"@type":"ImageObject","inLanguage":"es","@id":"https:\/\/uniest.it\/prodotto\/ruibarbo\/#primaryimage","url":"https:\/\/uniest.it\/wp-content\/uploads\/2020\/12\/334ZOP.png","contentUrl":"https:\/\/uniest.it\/wp-content\/uploads\/2020\/12\/334ZOP.png","width":1283,"height":2000},{"@type":"BreadcrumbList","@id":"https:\/\/uniest.it\/prodotto\/ruibarbo\/#breadcrumb","itemListElement":[{"@type":"ListItem","position":1,"name":"Home","item":"https:\/\/uniest.it\/es\/"},{"@type":"ListItem","position":2,"name":"Shop","item":"https:\/\/uniest.it\/shop\/"},{"@type":"ListItem","position":3,"name":"Ruibarbo"}]},{"@type":"WebSite","@id":"https:\/\/uniest.it\/#website","url":"https:\/\/uniest.it\/","name":"Uniest","description":"Cosmetici Naturali e Bio","potentialAction":[{"@type":"SearchAction","target":{"@type":"EntryPoint","urlTemplate":"https:\/\/uniest.it\/?s={search_term_string}"},"query-input":{"@type":"PropertyValueSpecification","valueRequired":true,"valueName":"search_term_string"}}],"inLanguage":"es"}]}},"_links":{"self":[{"href":"https:\/\/uniest.it\/es\/wp-json\/wp\/v2\/product\/6244","targetHints":{"allow":["GET"]}}],"collection":[{"href":"https:\/\/uniest.it\/es\/wp-json\/wp\/v2\/product"}],"about":[{"href":"https:\/\/uniest.it\/es\/wp-json\/wp\/v2\/types\/product"}],"wp:featuredmedia":[{"embeddable":true,"href":"https:\/\/uniest.it\/es\/wp-json\/wp\/v2\/media\/6245"}],"wp:attachment":[{"href":"https:\/\/uniest.it\/es\/wp-json\/wp\/v2\/media?parent=6244"}],"wp:term":[{"taxonomy":"product_brand","embeddable":true,"href":"https:\/\/uniest.it\/es\/wp-json\/wp\/v2\/product_brand?post=6244"},{"taxonomy":"product_cat","embeddable":true,"href":"https:\/\/uniest.it\/es\/wp-json\/wp\/v2\/product_cat?post=6244"},{"taxonomy":"product_tag","embeddable":true,"href":"https:\/\/uniest.it\/es\/wp-json\/wp\/v2\/product_tag?post=6244"}],"curies":[{"name":"wp","href":"https:\/\/api.w.org\/{rel}","templated":true}]}}