{"id":6246,"date":"2024-10-23T17:26:42","date_gmt":"2024-10-23T16:26:42","guid":{"rendered":"https:\/\/uniest.it\/prodotto\/bano-emocional-verde-50ml\/"},"modified":"2024-10-23T17:26:42","modified_gmt":"2024-10-23T16:26:42","slug":"bano-emocional-verde-50ml","status":"publish","type":"product","link":"https:\/\/uniest.it\/es\/prodotto\/bano-emocional-verde-50ml\/","title":{"rendered":"Ba\u00f1o Emocional Verde &#8211; 50ml"},"content":{"rendered":"<p>Verde: es el color de la Vegetaci\u00f3n, la Naturaleza y la Vida. Simboliza Esperanza, Paz y Renovaci\u00f3n. Quienes eligen el color Verde buscan la autoafirmaci\u00f3n, la prevalencia de sus opiniones. El verde corresponde a sensaciones de Solidez, Estabilidad, Fuerza y Constancia y a un comportamiento caracterizado por la perseverancia. A menudo se trata de personas amables y sinceras que aman la compa\u00f1\u00eda, personas modestas y pacientes que a veces corren el riesgo de ser explotadas por los dem\u00e1s. Generalmente son personas educadas y educadas que gozan de buena reputaci\u00f3n pero a las que no les gusta ser el centro de atenci\u00f3n con demasiada frecuencia. Efectos sobre la psique: calma, relaja, elimina tensiones, aumenta la conciencia, estimula la vista y fortalece el buen humor.<\/p>\n","protected":false},"excerpt":{"rendered":"<p>Verde: es el color de la Vegetaci\u00f3n, la Naturaleza y la Vida. Simboliza Esperanza, Paz y Renovaci\u00f3n. Quienes eligen el color Verde buscan la autoafirmaci\u00f3n, la prevalencia de sus opiniones. El verde corresponde a sensaciones de Solidez, Estabilidad, Fuerza y Constancia y a un comportamiento caracterizado por la perseverancia. A menudo se trata de personas [&hellip;]<\/p>\n","protected":false},"featured_media":6247,"template":"","meta":{"_acf_changed":false,"inline_featured_image":false},"product_brand":[],"product_cat":[1425,1426],"product_tag":[],"class_list":{"0":"post-6246","1":"product","2":"type-product","3":"status-publish","4":"has-post-thumbnail","6":"product_beauty-aromatizzare-e-profumare","7":"product_beauty-detergere","8":"product_beauty-idratare","9":"product_beauty-lenire","10":"product_beauty-purificare","11":"product_beauty-rassodare-e-tonificare","12":"product_skin-pelli-delicate-e-sensibili","13":"product_skin-pelli-giovani-e-prime-rughe","14":"product_skin-pelli-grasse-e-miste","15":"product_skin-pelli-mature-e-rughe","16":"product_skin-pelli-secche-e-normali","17":"product_skin-tutte-le-pelli","18":"product_skin-tutti-i-capelli","19":"product_kind-bagno","20":"product_kind-doccia","21":"product_kind-shampoo-e-detergenza","22":"product_lines-home-spa","23":"product_cat-corpo-es","24":"product_cat-uomo-es","25":"pa_size-50-es","27":"first","28":"instock","29":"taxable","30":"shipping-taxable","31":"purchasable","32":"product-type-simple"},"acf":[],"yoast_head":"<!-- This site is optimized with the Yoast SEO plugin v24.6 - https:\/\/yoast.com\/wordpress\/plugins\/seo\/ -->\n<title>Ba\u00f1o Emocional Verde - 50ml - Uniest<\/title>\n<meta name=\"robots\" content=\"index, follow, max-snippet:-1, max-image-preview:large, max-video-preview:-1\" \/>\n<link rel=\"canonical\" href=\"https:\/\/uniest.it\/prodotto\/bano-emocional-verde-50ml\/\" \/>\n<meta property=\"og:locale\" content=\"es_ES\" \/>\n<meta property=\"og:type\" content=\"article\" \/>\n<meta property=\"og:title\" content=\"Ba\u00f1o Emocional Verde - 50ml - Uniest\" \/>\n<meta property=\"og:description\" content=\"Verde: es el color de la Vegetaci\u00f3n, la Naturaleza y la Vida. Simboliza Esperanza, Paz y Renovaci\u00f3n. Quienes eligen el color Verde buscan la autoafirmaci\u00f3n, la prevalencia de sus opiniones. El verde corresponde a sensaciones de Solidez, Estabilidad, Fuerza y Constancia y a un comportamiento caracterizado por la perseverancia. A menudo se trata de personas [&hellip;]\" \/>\n<meta property=\"og:url\" content=\"https:\/\/uniest.it\/prodotto\/bano-emocional-verde-50ml\/\" \/>\n<meta property=\"og:site_name\" content=\"Uniest\" \/>\n<meta name=\"twitter:card\" content=\"summary_large_image\" \/>\n<meta name=\"twitter:label1\" content=\"Tiempo de lectura\" \/>\n\t<meta name=\"twitter:data1\" content=\"1 minuto\" \/>\n<script type=\"application\/ld+json\" class=\"yoast-schema-graph\">{\"@context\":\"https:\/\/schema.org\",\"@graph\":[{\"@type\":\"WebPage\",\"@id\":\"https:\/\/uniest.it\/prodotto\/bano-emocional-verde-50ml\/\",\"url\":\"https:\/\/uniest.it\/prodotto\/bano-emocional-verde-50ml\/\",\"name\":\"Ba\u00f1o Emocional Verde - 50ml - Uniest\",\"isPartOf\":{\"@id\":\"https:\/\/uniest.it\/#website\"},\"primaryImageOfPage\":{\"@id\":\"https:\/\/uniest.it\/prodotto\/bano-emocional-verde-50ml\/#primaryimage\"},\"image\":{\"@id\":\"https:\/\/uniest.it\/prodotto\/bano-emocional-verde-50ml\/#primaryimage\"},\"thumbnailUrl\":\"https:\/\/uniest.it\/wp-content\/uploads\/2020\/12\/362AAE.png\",\"datePublished\":\"2024-10-23T16:26:42+00:00\",\"breadcrumb\":{\"@id\":\"https:\/\/uniest.it\/prodotto\/bano-emocional-verde-50ml\/#breadcrumb\"},\"inLanguage\":\"es\",\"potentialAction\":[{\"@type\":\"ReadAction\",\"target\":[\"https:\/\/uniest.it\/prodotto\/bano-emocional-verde-50ml\/\"]}]},{\"@type\":\"ImageObject\",\"inLanguage\":\"es\",\"@id\":\"https:\/\/uniest.it\/prodotto\/bano-emocional-verde-50ml\/#primaryimage\",\"url\":\"https:\/\/uniest.it\/wp-content\/uploads\/2020\/12\/362AAE.png\",\"contentUrl\":\"https:\/\/uniest.it\/wp-content\/uploads\/2020\/12\/362AAE.png\",\"width\":1283,\"height\":2000},{\"@type\":\"BreadcrumbList\",\"@id\":\"https:\/\/uniest.it\/prodotto\/bano-emocional-verde-50ml\/#breadcrumb\",\"itemListElement\":[{\"@type\":\"ListItem\",\"position\":1,\"name\":\"Home\",\"item\":\"https:\/\/uniest.it\/es\/\"},{\"@type\":\"ListItem\",\"position\":2,\"name\":\"Shop\",\"item\":\"https:\/\/uniest.it\/shop\/\"},{\"@type\":\"ListItem\",\"position\":3,\"name\":\"Ba\u00f1o Emocional Verde &#8211; 50ml\"}]},{\"@type\":\"WebSite\",\"@id\":\"https:\/\/uniest.it\/#website\",\"url\":\"https:\/\/uniest.it\/\",\"name\":\"Uniest\",\"description\":\"Cosmetici Naturali e Bio\",\"potentialAction\":[{\"@type\":\"SearchAction\",\"target\":{\"@type\":\"EntryPoint\",\"urlTemplate\":\"https:\/\/uniest.it\/?s={search_term_string}\"},\"query-input\":{\"@type\":\"PropertyValueSpecification\",\"valueRequired\":true,\"valueName\":\"search_term_string\"}}],\"inLanguage\":\"es\"}]}<\/script>\n<!-- \/ Yoast SEO plugin. -->","yoast_head_json":{"title":"Ba\u00f1o Emocional Verde - 50ml - Uniest","robots":{"index":"index","follow":"follow","max-snippet":"max-snippet:-1","max-image-preview":"max-image-preview:large","max-video-preview":"max-video-preview:-1"},"canonical":"https:\/\/uniest.it\/prodotto\/bano-emocional-verde-50ml\/","og_locale":"es_ES","og_type":"article","og_title":"Ba\u00f1o Emocional Verde - 50ml - Uniest","og_description":"Verde: es el color de la Vegetaci\u00f3n, la Naturaleza y la Vida. Simboliza Esperanza, Paz y Renovaci\u00f3n. Quienes eligen el color Verde buscan la autoafirmaci\u00f3n, la prevalencia de sus opiniones. El verde corresponde a sensaciones de Solidez, Estabilidad, Fuerza y Constancia y a un comportamiento caracterizado por la perseverancia. A menudo se trata de personas [&hellip;]","og_url":"https:\/\/uniest.it\/prodotto\/bano-emocional-verde-50ml\/","og_site_name":"Uniest","twitter_card":"summary_large_image","twitter_misc":{"Tiempo de lectura":"1 minuto"},"schema":{"@context":"https:\/\/schema.org","@graph":[{"@type":"WebPage","@id":"https:\/\/uniest.it\/prodotto\/bano-emocional-verde-50ml\/","url":"https:\/\/uniest.it\/prodotto\/bano-emocional-verde-50ml\/","name":"Ba\u00f1o Emocional Verde - 50ml - Uniest","isPartOf":{"@id":"https:\/\/uniest.it\/#website"},"primaryImageOfPage":{"@id":"https:\/\/uniest.it\/prodotto\/bano-emocional-verde-50ml\/#primaryimage"},"image":{"@id":"https:\/\/uniest.it\/prodotto\/bano-emocional-verde-50ml\/#primaryimage"},"thumbnailUrl":"https:\/\/uniest.it\/wp-content\/uploads\/2020\/12\/362AAE.png","datePublished":"2024-10-23T16:26:42+00:00","breadcrumb":{"@id":"https:\/\/uniest.it\/prodotto\/bano-emocional-verde-50ml\/#breadcrumb"},"inLanguage":"es","potentialAction":[{"@type":"ReadAction","target":["https:\/\/uniest.it\/prodotto\/bano-emocional-verde-50ml\/"]}]},{"@type":"ImageObject","inLanguage":"es","@id":"https:\/\/uniest.it\/prodotto\/bano-emocional-verde-50ml\/#primaryimage","url":"https:\/\/uniest.it\/wp-content\/uploads\/2020\/12\/362AAE.png","contentUrl":"https:\/\/uniest.it\/wp-content\/uploads\/2020\/12\/362AAE.png","width":1283,"height":2000},{"@type":"BreadcrumbList","@id":"https:\/\/uniest.it\/prodotto\/bano-emocional-verde-50ml\/#breadcrumb","itemListElement":[{"@type":"ListItem","position":1,"name":"Home","item":"https:\/\/uniest.it\/es\/"},{"@type":"ListItem","position":2,"name":"Shop","item":"https:\/\/uniest.it\/shop\/"},{"@type":"ListItem","position":3,"name":"Ba\u00f1o Emocional Verde &#8211; 50ml"}]},{"@type":"WebSite","@id":"https:\/\/uniest.it\/#website","url":"https:\/\/uniest.it\/","name":"Uniest","description":"Cosmetici Naturali e Bio","potentialAction":[{"@type":"SearchAction","target":{"@type":"EntryPoint","urlTemplate":"https:\/\/uniest.it\/?s={search_term_string}"},"query-input":{"@type":"PropertyValueSpecification","valueRequired":true,"valueName":"search_term_string"}}],"inLanguage":"es"}]}},"_links":{"self":[{"href":"https:\/\/uniest.it\/es\/wp-json\/wp\/v2\/product\/6246","targetHints":{"allow":["GET"]}}],"collection":[{"href":"https:\/\/uniest.it\/es\/wp-json\/wp\/v2\/product"}],"about":[{"href":"https:\/\/uniest.it\/es\/wp-json\/wp\/v2\/types\/product"}],"wp:featuredmedia":[{"embeddable":true,"href":"https:\/\/uniest.it\/es\/wp-json\/wp\/v2\/media\/6247"}],"wp:attachment":[{"href":"https:\/\/uniest.it\/es\/wp-json\/wp\/v2\/media?parent=6246"}],"wp:term":[{"taxonomy":"product_brand","embeddable":true,"href":"https:\/\/uniest.it\/es\/wp-json\/wp\/v2\/product_brand?post=6246"},{"taxonomy":"product_cat","embeddable":true,"href":"https:\/\/uniest.it\/es\/wp-json\/wp\/v2\/product_cat?post=6246"},{"taxonomy":"product_tag","embeddable":true,"href":"https:\/\/uniest.it\/es\/wp-json\/wp\/v2\/product_tag?post=6246"}],"curies":[{"name":"wp","href":"https:\/\/api.w.org\/{rel}","templated":true}]}}