{"id":6252,"date":"2024-10-23T17:26:44","date_gmt":"2024-10-23T16:26:44","guid":{"rendered":"https:\/\/uniest.it\/prodotto\/bano-emocional-amarillo-50ml\/"},"modified":"2024-10-23T17:26:44","modified_gmt":"2024-10-23T16:26:44","slug":"bano-emocional-amarillo-50ml","status":"publish","type":"product","link":"https:\/\/uniest.it\/es\/prodotto\/bano-emocional-amarillo-50ml\/","title":{"rendered":"Ba\u00f1o Emocional Amarillo &#8211; 50ml"},"content":{"rendered":"<p>Amarillo: es el color que m\u00e1s se asemeja al Sol, sin\u00f3nimo de vivacidad, extroversi\u00f3n, ligereza, crecimiento y cambio. Su uso estimula la racionalidad y el cerebro izquierdo. Al color Amarillo se le atribuyen diferentes significados: representa el Intelecto, la Fe, la Bondad, el Dinamismo, la Extroversi\u00f3n y el Deseo de Conocimiento. El amarillo est\u00e1 asociado con el lado izquierdo de nuestro cerebro el cual ayuda a estimular, apoy\u00e1ndonos en el estudio y activando nuestro lado intelectual.<\/p>\n","protected":false},"excerpt":{"rendered":"<p>Amarillo: es el color que m\u00e1s se asemeja al Sol, sin\u00f3nimo de vivacidad, extroversi\u00f3n, ligereza, crecimiento y cambio. Su uso estimula la racionalidad y el cerebro izquierdo. Al color Amarillo se le atribuyen diferentes significados: representa el Intelecto, la Fe, la Bondad, el Dinamismo, la Extroversi\u00f3n y el Deseo de Conocimiento. El amarillo est\u00e1 asociado [&hellip;]<\/p>\n","protected":false},"featured_media":6253,"template":"","meta":{"_acf_changed":false,"inline_featured_image":false},"product_brand":[],"product_cat":[1425,1426],"product_tag":[],"class_list":{"0":"post-6252","1":"product","2":"type-product","3":"status-publish","4":"has-post-thumbnail","6":"product_beauty-aromatizzare-e-profumare","7":"product_beauty-detergere","8":"product_beauty-detox-e-dren","9":"product_beauty-idratare","10":"product_beauty-lenire","11":"product_skin-pelli-delicate-e-sensibili","12":"product_skin-pelli-giovani-e-prime-rughe","13":"product_skin-pelli-grasse-e-miste","14":"product_skin-pelli-mature-e-rughe","15":"product_skin-pelli-secche-e-normali","16":"product_skin-tutte-le-pelli","17":"product_skin-tutti-i-capelli","18":"product_kind-bagno","19":"product_kind-doccia","20":"product_kind-shampoo-e-detergenza","21":"product_lines-home-spa","22":"product_cat-corpo-es","23":"product_cat-uomo-es","24":"pa_size-50-es","26":"first","27":"instock","28":"taxable","29":"shipping-taxable","30":"purchasable","31":"product-type-simple"},"acf":[],"yoast_head":"<!-- This site is optimized with the Yoast SEO plugin v24.6 - https:\/\/yoast.com\/wordpress\/plugins\/seo\/ -->\n<title>Ba\u00f1o Emocional Amarillo - 50ml - Uniest<\/title>\n<meta name=\"robots\" content=\"index, follow, max-snippet:-1, max-image-preview:large, max-video-preview:-1\" \/>\n<link rel=\"canonical\" href=\"https:\/\/uniest.it\/prodotto\/bano-emocional-amarillo-50ml\/\" \/>\n<meta property=\"og:locale\" content=\"es_ES\" \/>\n<meta property=\"og:type\" content=\"article\" \/>\n<meta property=\"og:title\" content=\"Ba\u00f1o Emocional Amarillo - 50ml - Uniest\" \/>\n<meta property=\"og:description\" content=\"Amarillo: es el color que m\u00e1s se asemeja al Sol, sin\u00f3nimo de vivacidad, extroversi\u00f3n, ligereza, crecimiento y cambio. Su uso estimula la racionalidad y el cerebro izquierdo. Al color Amarillo se le atribuyen diferentes significados: representa el Intelecto, la Fe, la Bondad, el Dinamismo, la Extroversi\u00f3n y el Deseo de Conocimiento. El amarillo est\u00e1 asociado [&hellip;]\" \/>\n<meta property=\"og:url\" content=\"https:\/\/uniest.it\/prodotto\/bano-emocional-amarillo-50ml\/\" \/>\n<meta property=\"og:site_name\" content=\"Uniest\" \/>\n<meta name=\"twitter:card\" content=\"summary_large_image\" \/>\n<script type=\"application\/ld+json\" class=\"yoast-schema-graph\">{\"@context\":\"https:\/\/schema.org\",\"@graph\":[{\"@type\":\"WebPage\",\"@id\":\"https:\/\/uniest.it\/prodotto\/bano-emocional-amarillo-50ml\/\",\"url\":\"https:\/\/uniest.it\/prodotto\/bano-emocional-amarillo-50ml\/\",\"name\":\"Ba\u00f1o Emocional Amarillo - 50ml - Uniest\",\"isPartOf\":{\"@id\":\"https:\/\/uniest.it\/#website\"},\"primaryImageOfPage\":{\"@id\":\"https:\/\/uniest.it\/prodotto\/bano-emocional-amarillo-50ml\/#primaryimage\"},\"image\":{\"@id\":\"https:\/\/uniest.it\/prodotto\/bano-emocional-amarillo-50ml\/#primaryimage\"},\"thumbnailUrl\":\"https:\/\/uniest.it\/wp-content\/uploads\/2020\/12\/371AAE.png\",\"datePublished\":\"2024-10-23T16:26:44+00:00\",\"breadcrumb\":{\"@id\":\"https:\/\/uniest.it\/prodotto\/bano-emocional-amarillo-50ml\/#breadcrumb\"},\"inLanguage\":\"es\",\"potentialAction\":[{\"@type\":\"ReadAction\",\"target\":[\"https:\/\/uniest.it\/prodotto\/bano-emocional-amarillo-50ml\/\"]}]},{\"@type\":\"ImageObject\",\"inLanguage\":\"es\",\"@id\":\"https:\/\/uniest.it\/prodotto\/bano-emocional-amarillo-50ml\/#primaryimage\",\"url\":\"https:\/\/uniest.it\/wp-content\/uploads\/2020\/12\/371AAE.png\",\"contentUrl\":\"https:\/\/uniest.it\/wp-content\/uploads\/2020\/12\/371AAE.png\",\"width\":1283,\"height\":2000},{\"@type\":\"BreadcrumbList\",\"@id\":\"https:\/\/uniest.it\/prodotto\/bano-emocional-amarillo-50ml\/#breadcrumb\",\"itemListElement\":[{\"@type\":\"ListItem\",\"position\":1,\"name\":\"Home\",\"item\":\"https:\/\/uniest.it\/es\/\"},{\"@type\":\"ListItem\",\"position\":2,\"name\":\"Shop\",\"item\":\"https:\/\/uniest.it\/shop\/\"},{\"@type\":\"ListItem\",\"position\":3,\"name\":\"Ba\u00f1o Emocional Amarillo &#8211; 50ml\"}]},{\"@type\":\"WebSite\",\"@id\":\"https:\/\/uniest.it\/#website\",\"url\":\"https:\/\/uniest.it\/\",\"name\":\"Uniest\",\"description\":\"Cosmetici Naturali e Bio\",\"potentialAction\":[{\"@type\":\"SearchAction\",\"target\":{\"@type\":\"EntryPoint\",\"urlTemplate\":\"https:\/\/uniest.it\/?s={search_term_string}\"},\"query-input\":{\"@type\":\"PropertyValueSpecification\",\"valueRequired\":true,\"valueName\":\"search_term_string\"}}],\"inLanguage\":\"es\"}]}<\/script>\n<!-- \/ Yoast SEO plugin. -->","yoast_head_json":{"title":"Ba\u00f1o Emocional Amarillo - 50ml - Uniest","robots":{"index":"index","follow":"follow","max-snippet":"max-snippet:-1","max-image-preview":"max-image-preview:large","max-video-preview":"max-video-preview:-1"},"canonical":"https:\/\/uniest.it\/prodotto\/bano-emocional-amarillo-50ml\/","og_locale":"es_ES","og_type":"article","og_title":"Ba\u00f1o Emocional Amarillo - 50ml - Uniest","og_description":"Amarillo: es el color que m\u00e1s se asemeja al Sol, sin\u00f3nimo de vivacidad, extroversi\u00f3n, ligereza, crecimiento y cambio. Su uso estimula la racionalidad y el cerebro izquierdo. Al color Amarillo se le atribuyen diferentes significados: representa el Intelecto, la Fe, la Bondad, el Dinamismo, la Extroversi\u00f3n y el Deseo de Conocimiento. El amarillo est\u00e1 asociado [&hellip;]","og_url":"https:\/\/uniest.it\/prodotto\/bano-emocional-amarillo-50ml\/","og_site_name":"Uniest","twitter_card":"summary_large_image","schema":{"@context":"https:\/\/schema.org","@graph":[{"@type":"WebPage","@id":"https:\/\/uniest.it\/prodotto\/bano-emocional-amarillo-50ml\/","url":"https:\/\/uniest.it\/prodotto\/bano-emocional-amarillo-50ml\/","name":"Ba\u00f1o Emocional Amarillo - 50ml - Uniest","isPartOf":{"@id":"https:\/\/uniest.it\/#website"},"primaryImageOfPage":{"@id":"https:\/\/uniest.it\/prodotto\/bano-emocional-amarillo-50ml\/#primaryimage"},"image":{"@id":"https:\/\/uniest.it\/prodotto\/bano-emocional-amarillo-50ml\/#primaryimage"},"thumbnailUrl":"https:\/\/uniest.it\/wp-content\/uploads\/2020\/12\/371AAE.png","datePublished":"2024-10-23T16:26:44+00:00","breadcrumb":{"@id":"https:\/\/uniest.it\/prodotto\/bano-emocional-amarillo-50ml\/#breadcrumb"},"inLanguage":"es","potentialAction":[{"@type":"ReadAction","target":["https:\/\/uniest.it\/prodotto\/bano-emocional-amarillo-50ml\/"]}]},{"@type":"ImageObject","inLanguage":"es","@id":"https:\/\/uniest.it\/prodotto\/bano-emocional-amarillo-50ml\/#primaryimage","url":"https:\/\/uniest.it\/wp-content\/uploads\/2020\/12\/371AAE.png","contentUrl":"https:\/\/uniest.it\/wp-content\/uploads\/2020\/12\/371AAE.png","width":1283,"height":2000},{"@type":"BreadcrumbList","@id":"https:\/\/uniest.it\/prodotto\/bano-emocional-amarillo-50ml\/#breadcrumb","itemListElement":[{"@type":"ListItem","position":1,"name":"Home","item":"https:\/\/uniest.it\/es\/"},{"@type":"ListItem","position":2,"name":"Shop","item":"https:\/\/uniest.it\/shop\/"},{"@type":"ListItem","position":3,"name":"Ba\u00f1o Emocional Amarillo &#8211; 50ml"}]},{"@type":"WebSite","@id":"https:\/\/uniest.it\/#website","url":"https:\/\/uniest.it\/","name":"Uniest","description":"Cosmetici Naturali e Bio","potentialAction":[{"@type":"SearchAction","target":{"@type":"EntryPoint","urlTemplate":"https:\/\/uniest.it\/?s={search_term_string}"},"query-input":{"@type":"PropertyValueSpecification","valueRequired":true,"valueName":"search_term_string"}}],"inLanguage":"es"}]}},"_links":{"self":[{"href":"https:\/\/uniest.it\/es\/wp-json\/wp\/v2\/product\/6252","targetHints":{"allow":["GET"]}}],"collection":[{"href":"https:\/\/uniest.it\/es\/wp-json\/wp\/v2\/product"}],"about":[{"href":"https:\/\/uniest.it\/es\/wp-json\/wp\/v2\/types\/product"}],"wp:featuredmedia":[{"embeddable":true,"href":"https:\/\/uniest.it\/es\/wp-json\/wp\/v2\/media\/6253"}],"wp:attachment":[{"href":"https:\/\/uniest.it\/es\/wp-json\/wp\/v2\/media?parent=6252"}],"wp:term":[{"taxonomy":"product_brand","embeddable":true,"href":"https:\/\/uniest.it\/es\/wp-json\/wp\/v2\/product_brand?post=6252"},{"taxonomy":"product_cat","embeddable":true,"href":"https:\/\/uniest.it\/es\/wp-json\/wp\/v2\/product_cat?post=6252"},{"taxonomy":"product_tag","embeddable":true,"href":"https:\/\/uniest.it\/es\/wp-json\/wp\/v2\/product_tag?post=6252"}],"curies":[{"name":"wp","href":"https:\/\/api.w.org\/{rel}","templated":true}]}}