{"id":6260,"date":"2024-10-23T17:26:46","date_gmt":"2024-10-23T16:26:46","guid":{"rendered":"https:\/\/uniest.it\/prodotto\/alga-espirulina\/"},"modified":"2024-10-23T17:26:46","modified_gmt":"2024-10-23T16:26:46","slug":"alga-espirulina","status":"publish","type":"product","link":"https:\/\/uniest.it\/es\/prodotto\/alga-espirulina\/","title":{"rendered":"Alga espirulina"},"content":{"rendered":"<p>La espirulina se considera un alimento completo, porque contiene prote\u00ednas, amino\u00e1cidos, hierro, calcio, magnesio, potasio, selenio y omega-6. Tambi\u00e9n contiene muchas vitaminas, incluidas las del grupo A y B, vitamina D, vitamina K y vitamina E. La alta concentraci\u00f3n de estos nutrientes hace que el alga sea ideal durante la convalecencia, como apoyo despu\u00e9s de una cirug\u00eda o en los casos en los que el sistema inmunol\u00f3gico pueda necesitarlo. ayuda. Sustancias antioxidantes como el betacaroteno, el \u00e1cido asc\u00f3rbico y el tocoferol lo convierten en un excelente medio para contrarrestar los radicales libres y los procesos de envejecimiento. Es excelente como activador del bronceado gracias a la gran cantidad de betacaroteno que contiene.<\/p>\n","protected":false},"excerpt":{"rendered":"<p>La espirulina se considera un alimento completo, porque contiene prote\u00ednas, amino\u00e1cidos, hierro, calcio, magnesio, potasio, selenio y omega-6. Tambi\u00e9n contiene muchas vitaminas, incluidas las del grupo A y B, vitamina D, vitamina K y vitamina E. La alta concentraci\u00f3n de estos nutrientes hace que el alga sea ideal durante la convalecencia, como apoyo despu\u00e9s de [&hellip;]<\/p>\n","protected":false},"featured_media":6261,"template":"","meta":{"_acf_changed":false,"inline_featured_image":false},"product_brand":[],"product_cat":[1433],"product_tag":[],"class_list":{"0":"post-6260","1":"product","2":"type-product","3":"status-publish","4":"has-post-thumbnail","6":"product_beauty-antiossidante","7":"product_beauty-attivatore-abbronzatura","8":"product_beauty-detox-e-dren","9":"product_beauty-diuretico","10":"product_beauty-drenante","11":"product_beauty-mineralizzante","12":"product_beauty-multivitaminico","13":"product_kind-integrazione-alimentare","14":"product_lines-benessere","15":"product_cat-benessere-es","16":"pa_size-100-cps-es","18":"first","19":"outofstock","20":"taxable","21":"shipping-taxable","22":"purchasable","23":"product-type-simple"},"acf":[],"yoast_head":"<!-- This site is optimized with the Yoast SEO plugin v24.6 - https:\/\/yoast.com\/wordpress\/plugins\/seo\/ -->\n<title>Alga espirulina - Uniest<\/title>\n<meta name=\"robots\" content=\"index, follow, max-snippet:-1, max-image-preview:large, max-video-preview:-1\" \/>\n<link rel=\"canonical\" href=\"https:\/\/uniest.it\/prodotto\/alga-espirulina\/\" \/>\n<meta property=\"og:locale\" content=\"es_ES\" \/>\n<meta property=\"og:type\" content=\"article\" \/>\n<meta property=\"og:title\" content=\"Alga espirulina - Uniest\" \/>\n<meta property=\"og:description\" content=\"La espirulina se considera un alimento completo, porque contiene prote\u00ednas, amino\u00e1cidos, hierro, calcio, magnesio, potasio, selenio y omega-6. Tambi\u00e9n contiene muchas vitaminas, incluidas las del grupo A y B, vitamina D, vitamina K y vitamina E. La alta concentraci\u00f3n de estos nutrientes hace que el alga sea ideal durante la convalecencia, como apoyo despu\u00e9s de [&hellip;]\" \/>\n<meta property=\"og:url\" content=\"https:\/\/uniest.it\/prodotto\/alga-espirulina\/\" \/>\n<meta property=\"og:site_name\" content=\"Uniest\" \/>\n<meta name=\"twitter:card\" content=\"summary_large_image\" \/>\n<meta name=\"twitter:label1\" content=\"Tiempo de lectura\" \/>\n\t<meta name=\"twitter:data1\" content=\"1 minuto\" \/>\n<script type=\"application\/ld+json\" class=\"yoast-schema-graph\">{\"@context\":\"https:\/\/schema.org\",\"@graph\":[{\"@type\":\"WebPage\",\"@id\":\"https:\/\/uniest.it\/prodotto\/alga-espirulina\/\",\"url\":\"https:\/\/uniest.it\/prodotto\/alga-espirulina\/\",\"name\":\"Alga espirulina - Uniest\",\"isPartOf\":{\"@id\":\"https:\/\/uniest.it\/#website\"},\"primaryImageOfPage\":{\"@id\":\"https:\/\/uniest.it\/prodotto\/alga-espirulina\/#primaryimage\"},\"image\":{\"@id\":\"https:\/\/uniest.it\/prodotto\/alga-espirulina\/#primaryimage\"},\"thumbnailUrl\":\"https:\/\/uniest.it\/wp-content\/uploads\/2020\/12\/383ZOP.png\",\"datePublished\":\"2024-10-23T16:26:46+00:00\",\"breadcrumb\":{\"@id\":\"https:\/\/uniest.it\/prodotto\/alga-espirulina\/#breadcrumb\"},\"inLanguage\":\"es\",\"potentialAction\":[{\"@type\":\"ReadAction\",\"target\":[\"https:\/\/uniest.it\/prodotto\/alga-espirulina\/\"]}]},{\"@type\":\"ImageObject\",\"inLanguage\":\"es\",\"@id\":\"https:\/\/uniest.it\/prodotto\/alga-espirulina\/#primaryimage\",\"url\":\"https:\/\/uniest.it\/wp-content\/uploads\/2020\/12\/383ZOP.png\",\"contentUrl\":\"https:\/\/uniest.it\/wp-content\/uploads\/2020\/12\/383ZOP.png\",\"width\":1283,\"height\":2000},{\"@type\":\"BreadcrumbList\",\"@id\":\"https:\/\/uniest.it\/prodotto\/alga-espirulina\/#breadcrumb\",\"itemListElement\":[{\"@type\":\"ListItem\",\"position\":1,\"name\":\"Home\",\"item\":\"https:\/\/uniest.it\/es\/\"},{\"@type\":\"ListItem\",\"position\":2,\"name\":\"Shop\",\"item\":\"https:\/\/uniest.it\/shop\/\"},{\"@type\":\"ListItem\",\"position\":3,\"name\":\"Alga espirulina\"}]},{\"@type\":\"WebSite\",\"@id\":\"https:\/\/uniest.it\/#website\",\"url\":\"https:\/\/uniest.it\/\",\"name\":\"Uniest\",\"description\":\"Cosmetici Naturali e Bio\",\"potentialAction\":[{\"@type\":\"SearchAction\",\"target\":{\"@type\":\"EntryPoint\",\"urlTemplate\":\"https:\/\/uniest.it\/?s={search_term_string}\"},\"query-input\":{\"@type\":\"PropertyValueSpecification\",\"valueRequired\":true,\"valueName\":\"search_term_string\"}}],\"inLanguage\":\"es\"}]}<\/script>\n<!-- \/ Yoast SEO plugin. -->","yoast_head_json":{"title":"Alga espirulina - Uniest","robots":{"index":"index","follow":"follow","max-snippet":"max-snippet:-1","max-image-preview":"max-image-preview:large","max-video-preview":"max-video-preview:-1"},"canonical":"https:\/\/uniest.it\/prodotto\/alga-espirulina\/","og_locale":"es_ES","og_type":"article","og_title":"Alga espirulina - Uniest","og_description":"La espirulina se considera un alimento completo, porque contiene prote\u00ednas, amino\u00e1cidos, hierro, calcio, magnesio, potasio, selenio y omega-6. Tambi\u00e9n contiene muchas vitaminas, incluidas las del grupo A y B, vitamina D, vitamina K y vitamina E. La alta concentraci\u00f3n de estos nutrientes hace que el alga sea ideal durante la convalecencia, como apoyo despu\u00e9s de [&hellip;]","og_url":"https:\/\/uniest.it\/prodotto\/alga-espirulina\/","og_site_name":"Uniest","twitter_card":"summary_large_image","twitter_misc":{"Tiempo de lectura":"1 minuto"},"schema":{"@context":"https:\/\/schema.org","@graph":[{"@type":"WebPage","@id":"https:\/\/uniest.it\/prodotto\/alga-espirulina\/","url":"https:\/\/uniest.it\/prodotto\/alga-espirulina\/","name":"Alga espirulina - Uniest","isPartOf":{"@id":"https:\/\/uniest.it\/#website"},"primaryImageOfPage":{"@id":"https:\/\/uniest.it\/prodotto\/alga-espirulina\/#primaryimage"},"image":{"@id":"https:\/\/uniest.it\/prodotto\/alga-espirulina\/#primaryimage"},"thumbnailUrl":"https:\/\/uniest.it\/wp-content\/uploads\/2020\/12\/383ZOP.png","datePublished":"2024-10-23T16:26:46+00:00","breadcrumb":{"@id":"https:\/\/uniest.it\/prodotto\/alga-espirulina\/#breadcrumb"},"inLanguage":"es","potentialAction":[{"@type":"ReadAction","target":["https:\/\/uniest.it\/prodotto\/alga-espirulina\/"]}]},{"@type":"ImageObject","inLanguage":"es","@id":"https:\/\/uniest.it\/prodotto\/alga-espirulina\/#primaryimage","url":"https:\/\/uniest.it\/wp-content\/uploads\/2020\/12\/383ZOP.png","contentUrl":"https:\/\/uniest.it\/wp-content\/uploads\/2020\/12\/383ZOP.png","width":1283,"height":2000},{"@type":"BreadcrumbList","@id":"https:\/\/uniest.it\/prodotto\/alga-espirulina\/#breadcrumb","itemListElement":[{"@type":"ListItem","position":1,"name":"Home","item":"https:\/\/uniest.it\/es\/"},{"@type":"ListItem","position":2,"name":"Shop","item":"https:\/\/uniest.it\/shop\/"},{"@type":"ListItem","position":3,"name":"Alga espirulina"}]},{"@type":"WebSite","@id":"https:\/\/uniest.it\/#website","url":"https:\/\/uniest.it\/","name":"Uniest","description":"Cosmetici Naturali e Bio","potentialAction":[{"@type":"SearchAction","target":{"@type":"EntryPoint","urlTemplate":"https:\/\/uniest.it\/?s={search_term_string}"},"query-input":{"@type":"PropertyValueSpecification","valueRequired":true,"valueName":"search_term_string"}}],"inLanguage":"es"}]}},"_links":{"self":[{"href":"https:\/\/uniest.it\/es\/wp-json\/wp\/v2\/product\/6260","targetHints":{"allow":["GET"]}}],"collection":[{"href":"https:\/\/uniest.it\/es\/wp-json\/wp\/v2\/product"}],"about":[{"href":"https:\/\/uniest.it\/es\/wp-json\/wp\/v2\/types\/product"}],"wp:featuredmedia":[{"embeddable":true,"href":"https:\/\/uniest.it\/es\/wp-json\/wp\/v2\/media\/6261"}],"wp:attachment":[{"href":"https:\/\/uniest.it\/es\/wp-json\/wp\/v2\/media?parent=6260"}],"wp:term":[{"taxonomy":"product_brand","embeddable":true,"href":"https:\/\/uniest.it\/es\/wp-json\/wp\/v2\/product_brand?post=6260"},{"taxonomy":"product_cat","embeddable":true,"href":"https:\/\/uniest.it\/es\/wp-json\/wp\/v2\/product_cat?post=6260"},{"taxonomy":"product_tag","embeddable":true,"href":"https:\/\/uniest.it\/es\/wp-json\/wp\/v2\/product_tag?post=6260"}],"curies":[{"name":"wp","href":"https:\/\/api.w.org\/{rel}","templated":true}]}}