{"id":6262,"date":"2024-10-23T17:26:46","date_gmt":"2024-10-23T16:26:46","guid":{"rendered":"https:\/\/uniest.it\/prodotto\/diente-de-leon\/"},"modified":"2024-10-23T17:26:46","modified_gmt":"2024-10-23T16:26:46","slug":"diente-de-leon","status":"publish","type":"product","link":"https:\/\/uniest.it\/es\/prodotto\/diente-de-leon\/","title":{"rendered":"Diente de le\u00f3n"},"content":{"rendered":"<p>El diente de le\u00f3n es una planta herb\u00e1cea muy extendida en casi todos los pa\u00edses templados del mundo, donde florece de febrero a mayo. Tambi\u00e9n se le conoce como diente de le\u00f3n, diente de le\u00f3n, diente de perro y achicoria loca. Esta planta es subestimada por muchos y considerada s\u00f3lo una mala hierba cuando, en realidad, posee innumerables cualidades beneficiosas. De hecho, sus propiedades medicinales se conocen desde la antig\u00fcedad, tanto es as\u00ed que \u201ctaraxakos\u201d en griego significa \u201cyo curo\u201d. Los principios activos se concentran en las ra\u00edces y las hojas, pero las flores amarillas tambi\u00e9n se pueden recolectar y utilizar para preparar infusiones o infusiones. Las ra\u00edces y las hojas son ricas en principios amargos \u00fatiles para apoyar el trabajo del h\u00edgado, uno de los \u00f3rganos encargados de desintoxicar nuestro organismo. Por lo tanto, el diente de le\u00f3n contribuye a sostener el h\u00edgado y la ves\u00edcula biliar, estimulando tambi\u00e9n el trabajo de los ri\u00f1ones que, a trav\u00e9s de la orina, eliminar\u00e1n las sustancias no deseadas. Es por tanto un remedio natural depurativo y diur\u00e9tico. El diente de le\u00f3n tambi\u00e9n es un buen remedio para quienes tienen el colesterol alto porque ayuda al h\u00edgado a eliminar el exceso de grasas. Esta planta tambi\u00e9n presenta cualidades digestivas y ligeramente laxantes adem\u00e1s de ser \u00fatil para reforzar la acci\u00f3n de nuestro sistema inmunol\u00f3gico.<\/p>\n","protected":false},"excerpt":{"rendered":"<p>El diente de le\u00f3n es una planta herb\u00e1cea muy extendida en casi todos los pa\u00edses templados del mundo, donde florece de febrero a mayo. Tambi\u00e9n se le conoce como diente de le\u00f3n, diente de le\u00f3n, diente de perro y achicoria loca. Esta planta es subestimada por muchos y considerada s\u00f3lo una mala hierba cuando, en [&hellip;]<\/p>\n","protected":false},"featured_media":6263,"template":"","meta":{"_acf_changed":false,"inline_featured_image":false},"product_brand":[],"product_cat":[1433],"product_tag":[],"class_list":{"0":"post-6262","1":"product","2":"type-product","3":"status-publish","4":"has-post-thumbnail","6":"product_beauty-colesterolo","7":"product_beauty-detox-e-dren","8":"product_beauty-diabete","9":"product_beauty-digestivo","10":"product_beauty-diuretico","11":"product_beauty-drenante","12":"product_beauty-epatoprotettore","13":"product_beauty-intestino","14":"product_beauty-pressione","15":"product_kind-integrazione-alimentare","16":"product_lines-benessere","17":"product_cat-benessere-es","18":"pa_size-100-cps-es","20":"first","21":"outofstock","22":"taxable","23":"shipping-taxable","24":"purchasable","25":"product-type-simple"},"acf":[],"yoast_head":"<!-- This site is optimized with the Yoast SEO plugin v24.6 - https:\/\/yoast.com\/wordpress\/plugins\/seo\/ -->\n<title>Diente de le\u00f3n - Uniest<\/title>\n<meta name=\"robots\" content=\"index, follow, max-snippet:-1, max-image-preview:large, max-video-preview:-1\" \/>\n<link rel=\"canonical\" href=\"https:\/\/uniest.it\/prodotto\/diente-de-leon\/\" \/>\n<meta property=\"og:locale\" content=\"es_ES\" \/>\n<meta property=\"og:type\" content=\"article\" \/>\n<meta property=\"og:title\" content=\"Diente de le\u00f3n - Uniest\" \/>\n<meta property=\"og:description\" content=\"El diente de le\u00f3n es una planta herb\u00e1cea muy extendida en casi todos los pa\u00edses templados del mundo, donde florece de febrero a mayo. Tambi\u00e9n se le conoce como diente de le\u00f3n, diente de le\u00f3n, diente de perro y achicoria loca. Esta planta es subestimada por muchos y considerada s\u00f3lo una mala hierba cuando, en [&hellip;]\" \/>\n<meta property=\"og:url\" content=\"https:\/\/uniest.it\/prodotto\/diente-de-leon\/\" \/>\n<meta property=\"og:site_name\" content=\"Uniest\" \/>\n<meta name=\"twitter:card\" content=\"summary_large_image\" \/>\n<meta name=\"twitter:label1\" content=\"Tiempo de lectura\" \/>\n\t<meta name=\"twitter:data1\" content=\"1 minuto\" \/>\n<script type=\"application\/ld+json\" class=\"yoast-schema-graph\">{\"@context\":\"https:\/\/schema.org\",\"@graph\":[{\"@type\":\"WebPage\",\"@id\":\"https:\/\/uniest.it\/prodotto\/diente-de-leon\/\",\"url\":\"https:\/\/uniest.it\/prodotto\/diente-de-leon\/\",\"name\":\"Diente de le\u00f3n - Uniest\",\"isPartOf\":{\"@id\":\"https:\/\/uniest.it\/#website\"},\"primaryImageOfPage\":{\"@id\":\"https:\/\/uniest.it\/prodotto\/diente-de-leon\/#primaryimage\"},\"image\":{\"@id\":\"https:\/\/uniest.it\/prodotto\/diente-de-leon\/#primaryimage\"},\"thumbnailUrl\":\"https:\/\/uniest.it\/wp-content\/uploads\/2020\/12\/390ZOP.png\",\"datePublished\":\"2024-10-23T16:26:46+00:00\",\"breadcrumb\":{\"@id\":\"https:\/\/uniest.it\/prodotto\/diente-de-leon\/#breadcrumb\"},\"inLanguage\":\"es\",\"potentialAction\":[{\"@type\":\"ReadAction\",\"target\":[\"https:\/\/uniest.it\/prodotto\/diente-de-leon\/\"]}]},{\"@type\":\"ImageObject\",\"inLanguage\":\"es\",\"@id\":\"https:\/\/uniest.it\/prodotto\/diente-de-leon\/#primaryimage\",\"url\":\"https:\/\/uniest.it\/wp-content\/uploads\/2020\/12\/390ZOP.png\",\"contentUrl\":\"https:\/\/uniest.it\/wp-content\/uploads\/2020\/12\/390ZOP.png\",\"width\":1283,\"height\":2000},{\"@type\":\"BreadcrumbList\",\"@id\":\"https:\/\/uniest.it\/prodotto\/diente-de-leon\/#breadcrumb\",\"itemListElement\":[{\"@type\":\"ListItem\",\"position\":1,\"name\":\"Home\",\"item\":\"https:\/\/uniest.it\/es\/\"},{\"@type\":\"ListItem\",\"position\":2,\"name\":\"Shop\",\"item\":\"https:\/\/uniest.it\/shop\/\"},{\"@type\":\"ListItem\",\"position\":3,\"name\":\"Diente de le\u00f3n\"}]},{\"@type\":\"WebSite\",\"@id\":\"https:\/\/uniest.it\/#website\",\"url\":\"https:\/\/uniest.it\/\",\"name\":\"Uniest\",\"description\":\"Cosmetici Naturali e Bio\",\"potentialAction\":[{\"@type\":\"SearchAction\",\"target\":{\"@type\":\"EntryPoint\",\"urlTemplate\":\"https:\/\/uniest.it\/?s={search_term_string}\"},\"query-input\":{\"@type\":\"PropertyValueSpecification\",\"valueRequired\":true,\"valueName\":\"search_term_string\"}}],\"inLanguage\":\"es\"}]}<\/script>\n<!-- \/ Yoast SEO plugin. -->","yoast_head_json":{"title":"Diente de le\u00f3n - Uniest","robots":{"index":"index","follow":"follow","max-snippet":"max-snippet:-1","max-image-preview":"max-image-preview:large","max-video-preview":"max-video-preview:-1"},"canonical":"https:\/\/uniest.it\/prodotto\/diente-de-leon\/","og_locale":"es_ES","og_type":"article","og_title":"Diente de le\u00f3n - Uniest","og_description":"El diente de le\u00f3n es una planta herb\u00e1cea muy extendida en casi todos los pa\u00edses templados del mundo, donde florece de febrero a mayo. Tambi\u00e9n se le conoce como diente de le\u00f3n, diente de le\u00f3n, diente de perro y achicoria loca. Esta planta es subestimada por muchos y considerada s\u00f3lo una mala hierba cuando, en [&hellip;]","og_url":"https:\/\/uniest.it\/prodotto\/diente-de-leon\/","og_site_name":"Uniest","twitter_card":"summary_large_image","twitter_misc":{"Tiempo de lectura":"1 minuto"},"schema":{"@context":"https:\/\/schema.org","@graph":[{"@type":"WebPage","@id":"https:\/\/uniest.it\/prodotto\/diente-de-leon\/","url":"https:\/\/uniest.it\/prodotto\/diente-de-leon\/","name":"Diente de le\u00f3n - Uniest","isPartOf":{"@id":"https:\/\/uniest.it\/#website"},"primaryImageOfPage":{"@id":"https:\/\/uniest.it\/prodotto\/diente-de-leon\/#primaryimage"},"image":{"@id":"https:\/\/uniest.it\/prodotto\/diente-de-leon\/#primaryimage"},"thumbnailUrl":"https:\/\/uniest.it\/wp-content\/uploads\/2020\/12\/390ZOP.png","datePublished":"2024-10-23T16:26:46+00:00","breadcrumb":{"@id":"https:\/\/uniest.it\/prodotto\/diente-de-leon\/#breadcrumb"},"inLanguage":"es","potentialAction":[{"@type":"ReadAction","target":["https:\/\/uniest.it\/prodotto\/diente-de-leon\/"]}]},{"@type":"ImageObject","inLanguage":"es","@id":"https:\/\/uniest.it\/prodotto\/diente-de-leon\/#primaryimage","url":"https:\/\/uniest.it\/wp-content\/uploads\/2020\/12\/390ZOP.png","contentUrl":"https:\/\/uniest.it\/wp-content\/uploads\/2020\/12\/390ZOP.png","width":1283,"height":2000},{"@type":"BreadcrumbList","@id":"https:\/\/uniest.it\/prodotto\/diente-de-leon\/#breadcrumb","itemListElement":[{"@type":"ListItem","position":1,"name":"Home","item":"https:\/\/uniest.it\/es\/"},{"@type":"ListItem","position":2,"name":"Shop","item":"https:\/\/uniest.it\/shop\/"},{"@type":"ListItem","position":3,"name":"Diente de le\u00f3n"}]},{"@type":"WebSite","@id":"https:\/\/uniest.it\/#website","url":"https:\/\/uniest.it\/","name":"Uniest","description":"Cosmetici Naturali e Bio","potentialAction":[{"@type":"SearchAction","target":{"@type":"EntryPoint","urlTemplate":"https:\/\/uniest.it\/?s={search_term_string}"},"query-input":{"@type":"PropertyValueSpecification","valueRequired":true,"valueName":"search_term_string"}}],"inLanguage":"es"}]}},"_links":{"self":[{"href":"https:\/\/uniest.it\/es\/wp-json\/wp\/v2\/product\/6262","targetHints":{"allow":["GET"]}}],"collection":[{"href":"https:\/\/uniest.it\/es\/wp-json\/wp\/v2\/product"}],"about":[{"href":"https:\/\/uniest.it\/es\/wp-json\/wp\/v2\/types\/product"}],"wp:featuredmedia":[{"embeddable":true,"href":"https:\/\/uniest.it\/es\/wp-json\/wp\/v2\/media\/6263"}],"wp:attachment":[{"href":"https:\/\/uniest.it\/es\/wp-json\/wp\/v2\/media?parent=6262"}],"wp:term":[{"taxonomy":"product_brand","embeddable":true,"href":"https:\/\/uniest.it\/es\/wp-json\/wp\/v2\/product_brand?post=6262"},{"taxonomy":"product_cat","embeddable":true,"href":"https:\/\/uniest.it\/es\/wp-json\/wp\/v2\/product_cat?post=6262"},{"taxonomy":"product_tag","embeddable":true,"href":"https:\/\/uniest.it\/es\/wp-json\/wp\/v2\/product_tag?post=6262"}],"curies":[{"name":"wp","href":"https:\/\/api.w.org\/{rel}","templated":true}]}}