{"id":6264,"date":"2024-10-23T17:26:47","date_gmt":"2024-10-23T16:26:47","guid":{"rendered":"https:\/\/uniest.it\/prodotto\/vid-roja\/"},"modified":"2024-10-23T17:26:47","modified_gmt":"2024-10-23T16:26:47","slug":"vid-roja","status":"publish","type":"product","link":"https:\/\/uniest.it\/es\/prodotto\/vid-roja\/","title":{"rendered":"vid roja"},"content":{"rendered":"<p>La Vid Roja, cuyo nombre bot\u00e1nico es Vitis Vinifera, es una planta perteneciente a la familia de las Vit\u00e1ceas. Vitis Vinfera es un arbusto trepador irregular, de escasa ramificaci\u00f3n pero muy desarrollado en longitud. El tallo es retorcido e irregular. Las ramitas j\u00f3venes tienen un cirro que permite que la planta se adhiera a los soportes. Al final de su ciclo vital, las hojas pierden su color verde normal y adquieren el t\u00edpico color rojo. La Vid Roja es una planta originaria del sur de Europa y del oeste de Asia. Hoy en d\u00eda se cultiva en todo el mundo por el fruto que produce y para la elaboraci\u00f3n de vino. Los principios activos se encuentran en las hojas recogidas en oto\u00f1o, cuando adquieren tonalidades rojizas. Tienen propiedades beneficiosas para nuestro organismo gracias al alt\u00edsimo contenido en mol\u00e9culas antioxidantes. Los bioflavonoides llevan a cabo una intensa actividad antioxidante a nivel de las membranas celulares. Estas mol\u00e9culas realizan una acci\u00f3n flebot\u00f3nica, e intervienen en casos de insuficiencia venosa y en todos aquellos problemas relacionados con el sistema circulatorio fortaleciendo las paredes de los vasos sangu\u00edneos. Su acci\u00f3n m\u00e1s importante es t\u00f3nica y vasoprotectora, previniendo edemas e hinchaz\u00f3n. La Vid Roja est\u00e1 pues indicada en todas las formas de varices, flebitis, fragilidad capilar, ros\u00e1cea, edemas, hemorroides, celulitis, retenci\u00f3n de agua, estasis sangu\u00ednea y pesadez en los miembros inferiores. La Vid Roja tambi\u00e9n aporta interesantes beneficios en casos de hipertensi\u00f3n. colesterol y diabetes. Los suplementos de vid roja ayudan a prevenir el endurecimiento de las paredes arteriales y reducen la presi\u00f3n arterial alta. El consumo de estos suplementos tambi\u00e9n se recomienda a mujeres en menopausia para contrarrestar algunos s\u00edntomas como palpitaciones, hinchaz\u00f3n y cansancio.<\/p>\n","protected":false},"excerpt":{"rendered":"<p>La Vid Roja, cuyo nombre bot\u00e1nico es Vitis Vinifera, es una planta perteneciente a la familia de las Vit\u00e1ceas. Vitis Vinfera es un arbusto trepador irregular, de escasa ramificaci\u00f3n pero muy desarrollado en longitud. El tallo es retorcido e irregular. Las ramitas j\u00f3venes tienen un cirro que permite que la planta se adhiera a los [&hellip;]<\/p>\n","protected":false},"featured_media":6265,"template":"","meta":{"_acf_changed":false,"inline_featured_image":false},"product_brand":[],"product_cat":[1433],"product_tag":[],"class_list":{"0":"post-6264","1":"product","2":"type-product","3":"status-publish","4":"has-post-thumbnail","6":"product_beauty-antinfiammatoria","7":"product_beauty-antiossidante","8":"product_beauty-antireumatiche","9":"product_beauty-cellulite","10":"product_beauty-circolazione","11":"product_beauty-colesterolo","12":"product_beauty-diabete","13":"product_beauty-diuretico","14":"product_beauty-drenante","15":"product_beauty-insufficienza-venosa","16":"product_beauty-intestino","17":"product_beauty-lenitivo","18":"product_beauty-menopausa","19":"product_beauty-mesturazioni","20":"product_beauty-pressione","21":"product_kind-integrazione-alimentare","22":"product_lines-benessere","23":"product_cat-benessere-es","24":"pa_size-100-cps-es","26":"first","27":"outofstock","28":"taxable","29":"shipping-taxable","30":"purchasable","31":"product-type-simple"},"acf":[],"yoast_head":"<!-- This site is optimized with the Yoast SEO plugin v24.6 - https:\/\/yoast.com\/wordpress\/plugins\/seo\/ -->\n<title>vid roja - Uniest<\/title>\n<meta name=\"robots\" content=\"index, follow, max-snippet:-1, max-image-preview:large, max-video-preview:-1\" \/>\n<link rel=\"canonical\" href=\"https:\/\/uniest.it\/prodotto\/vid-roja\/\" \/>\n<meta property=\"og:locale\" content=\"es_ES\" \/>\n<meta property=\"og:type\" content=\"article\" \/>\n<meta property=\"og:title\" content=\"vid roja - Uniest\" \/>\n<meta property=\"og:description\" content=\"La Vid Roja, cuyo nombre bot\u00e1nico es Vitis Vinifera, es una planta perteneciente a la familia de las Vit\u00e1ceas. Vitis Vinfera es un arbusto trepador irregular, de escasa ramificaci\u00f3n pero muy desarrollado en longitud. El tallo es retorcido e irregular. Las ramitas j\u00f3venes tienen un cirro que permite que la planta se adhiera a los [&hellip;]\" \/>\n<meta property=\"og:url\" content=\"https:\/\/uniest.it\/prodotto\/vid-roja\/\" \/>\n<meta property=\"og:site_name\" content=\"Uniest\" \/>\n<meta name=\"twitter:card\" content=\"summary_large_image\" \/>\n<meta name=\"twitter:label1\" content=\"Tiempo de lectura\" \/>\n\t<meta name=\"twitter:data1\" content=\"2 minutos\" \/>\n<script type=\"application\/ld+json\" class=\"yoast-schema-graph\">{\"@context\":\"https:\/\/schema.org\",\"@graph\":[{\"@type\":\"WebPage\",\"@id\":\"https:\/\/uniest.it\/prodotto\/vid-roja\/\",\"url\":\"https:\/\/uniest.it\/prodotto\/vid-roja\/\",\"name\":\"vid roja - Uniest\",\"isPartOf\":{\"@id\":\"https:\/\/uniest.it\/#website\"},\"primaryImageOfPage\":{\"@id\":\"https:\/\/uniest.it\/prodotto\/vid-roja\/#primaryimage\"},\"image\":{\"@id\":\"https:\/\/uniest.it\/prodotto\/vid-roja\/#primaryimage\"},\"thumbnailUrl\":\"https:\/\/uniest.it\/wp-content\/uploads\/2020\/12\/426ZOP.png\",\"datePublished\":\"2024-10-23T16:26:47+00:00\",\"breadcrumb\":{\"@id\":\"https:\/\/uniest.it\/prodotto\/vid-roja\/#breadcrumb\"},\"inLanguage\":\"es\",\"potentialAction\":[{\"@type\":\"ReadAction\",\"target\":[\"https:\/\/uniest.it\/prodotto\/vid-roja\/\"]}]},{\"@type\":\"ImageObject\",\"inLanguage\":\"es\",\"@id\":\"https:\/\/uniest.it\/prodotto\/vid-roja\/#primaryimage\",\"url\":\"https:\/\/uniest.it\/wp-content\/uploads\/2020\/12\/426ZOP.png\",\"contentUrl\":\"https:\/\/uniest.it\/wp-content\/uploads\/2020\/12\/426ZOP.png\",\"width\":1283,\"height\":2000},{\"@type\":\"BreadcrumbList\",\"@id\":\"https:\/\/uniest.it\/prodotto\/vid-roja\/#breadcrumb\",\"itemListElement\":[{\"@type\":\"ListItem\",\"position\":1,\"name\":\"Home\",\"item\":\"https:\/\/uniest.it\/es\/\"},{\"@type\":\"ListItem\",\"position\":2,\"name\":\"Shop\",\"item\":\"https:\/\/uniest.it\/shop\/\"},{\"@type\":\"ListItem\",\"position\":3,\"name\":\"vid roja\"}]},{\"@type\":\"WebSite\",\"@id\":\"https:\/\/uniest.it\/#website\",\"url\":\"https:\/\/uniest.it\/\",\"name\":\"Uniest\",\"description\":\"Cosmetici Naturali e Bio\",\"potentialAction\":[{\"@type\":\"SearchAction\",\"target\":{\"@type\":\"EntryPoint\",\"urlTemplate\":\"https:\/\/uniest.it\/?s={search_term_string}\"},\"query-input\":{\"@type\":\"PropertyValueSpecification\",\"valueRequired\":true,\"valueName\":\"search_term_string\"}}],\"inLanguage\":\"es\"}]}<\/script>\n<!-- \/ Yoast SEO plugin. -->","yoast_head_json":{"title":"vid roja - Uniest","robots":{"index":"index","follow":"follow","max-snippet":"max-snippet:-1","max-image-preview":"max-image-preview:large","max-video-preview":"max-video-preview:-1"},"canonical":"https:\/\/uniest.it\/prodotto\/vid-roja\/","og_locale":"es_ES","og_type":"article","og_title":"vid roja - Uniest","og_description":"La Vid Roja, cuyo nombre bot\u00e1nico es Vitis Vinifera, es una planta perteneciente a la familia de las Vit\u00e1ceas. Vitis Vinfera es un arbusto trepador irregular, de escasa ramificaci\u00f3n pero muy desarrollado en longitud. El tallo es retorcido e irregular. Las ramitas j\u00f3venes tienen un cirro que permite que la planta se adhiera a los [&hellip;]","og_url":"https:\/\/uniest.it\/prodotto\/vid-roja\/","og_site_name":"Uniest","twitter_card":"summary_large_image","twitter_misc":{"Tiempo de lectura":"2 minutos"},"schema":{"@context":"https:\/\/schema.org","@graph":[{"@type":"WebPage","@id":"https:\/\/uniest.it\/prodotto\/vid-roja\/","url":"https:\/\/uniest.it\/prodotto\/vid-roja\/","name":"vid roja - Uniest","isPartOf":{"@id":"https:\/\/uniest.it\/#website"},"primaryImageOfPage":{"@id":"https:\/\/uniest.it\/prodotto\/vid-roja\/#primaryimage"},"image":{"@id":"https:\/\/uniest.it\/prodotto\/vid-roja\/#primaryimage"},"thumbnailUrl":"https:\/\/uniest.it\/wp-content\/uploads\/2020\/12\/426ZOP.png","datePublished":"2024-10-23T16:26:47+00:00","breadcrumb":{"@id":"https:\/\/uniest.it\/prodotto\/vid-roja\/#breadcrumb"},"inLanguage":"es","potentialAction":[{"@type":"ReadAction","target":["https:\/\/uniest.it\/prodotto\/vid-roja\/"]}]},{"@type":"ImageObject","inLanguage":"es","@id":"https:\/\/uniest.it\/prodotto\/vid-roja\/#primaryimage","url":"https:\/\/uniest.it\/wp-content\/uploads\/2020\/12\/426ZOP.png","contentUrl":"https:\/\/uniest.it\/wp-content\/uploads\/2020\/12\/426ZOP.png","width":1283,"height":2000},{"@type":"BreadcrumbList","@id":"https:\/\/uniest.it\/prodotto\/vid-roja\/#breadcrumb","itemListElement":[{"@type":"ListItem","position":1,"name":"Home","item":"https:\/\/uniest.it\/es\/"},{"@type":"ListItem","position":2,"name":"Shop","item":"https:\/\/uniest.it\/shop\/"},{"@type":"ListItem","position":3,"name":"vid roja"}]},{"@type":"WebSite","@id":"https:\/\/uniest.it\/#website","url":"https:\/\/uniest.it\/","name":"Uniest","description":"Cosmetici Naturali e Bio","potentialAction":[{"@type":"SearchAction","target":{"@type":"EntryPoint","urlTemplate":"https:\/\/uniest.it\/?s={search_term_string}"},"query-input":{"@type":"PropertyValueSpecification","valueRequired":true,"valueName":"search_term_string"}}],"inLanguage":"es"}]}},"_links":{"self":[{"href":"https:\/\/uniest.it\/es\/wp-json\/wp\/v2\/product\/6264","targetHints":{"allow":["GET"]}}],"collection":[{"href":"https:\/\/uniest.it\/es\/wp-json\/wp\/v2\/product"}],"about":[{"href":"https:\/\/uniest.it\/es\/wp-json\/wp\/v2\/types\/product"}],"wp:featuredmedia":[{"embeddable":true,"href":"https:\/\/uniest.it\/es\/wp-json\/wp\/v2\/media\/6265"}],"wp:attachment":[{"href":"https:\/\/uniest.it\/es\/wp-json\/wp\/v2\/media?parent=6264"}],"wp:term":[{"taxonomy":"product_brand","embeddable":true,"href":"https:\/\/uniest.it\/es\/wp-json\/wp\/v2\/product_brand?post=6264"},{"taxonomy":"product_cat","embeddable":true,"href":"https:\/\/uniest.it\/es\/wp-json\/wp\/v2\/product_cat?post=6264"},{"taxonomy":"product_tag","embeddable":true,"href":"https:\/\/uniest.it\/es\/wp-json\/wp\/v2\/product_tag?post=6264"}],"curies":[{"name":"wp","href":"https:\/\/api.w.org\/{rel}","templated":true}]}}