{"id":6266,"date":"2024-10-23T17:26:47","date_gmt":"2024-10-23T16:26:47","guid":{"rendered":"https:\/\/uniest.it\/prodotto\/no-fly-zone-bio-natural-bio-ahuyentador-de-insectos-y-parasitos-recambio\/"},"modified":"2024-10-23T17:26:47","modified_gmt":"2024-10-23T16:26:47","slug":"no-fly-zone-bio-natural-bio-ahuyentador-de-insectos-y-parasitos-recambio","status":"publish","type":"product","link":"https:\/\/uniest.it\/es\/prodotto\/no-fly-zone-bio-natural-bio-ahuyentador-de-insectos-y-parasitos-recambio\/","title":{"rendered":"No Fly Zone Bio Natural Bio Ahuyentador de Insectos y Par\u00e1sitos &#8211; Recambio"},"content":{"rendered":"<p>No Fly Zone Eco nuevo e innovador repelente natural obtenido de la uni\u00f3n de un novedoso Extracto de Eucalipto y el conocido Aceite de Neem. Su fragancia, \u00fanica en su g\u00e9nero, potenciada por la presencia de aceite esencial de trementina, mantiene a los insectos alejados del pelaje del animal durante varias horas sin alterar su olfato. Sin embargo, la presencia de almid\u00f3n de trigo garantiza que el cabello permanezca brillante y agradablemente suave.<\/p>\n","protected":false},"excerpt":{"rendered":"<p>No Fly Zone Eco nuevo e innovador repelente natural obtenido de la uni\u00f3n de un novedoso Extracto de Eucalipto y el conocido Aceite de Neem. Su fragancia, \u00fanica en su g\u00e9nero, potenciada por la presencia de aceite esencial de trementina, mantiene a los insectos alejados del pelaje del animal durante varias horas sin alterar su [&hellip;]<\/p>\n","protected":false},"featured_media":6267,"template":"","meta":{"_acf_changed":false,"inline_featured_image":false},"product_brand":[],"product_cat":[1430],"product_tag":[],"class_list":{"0":"post-6266","1":"product","2":"type-product","3":"status-publish","4":"has-post-thumbnail","6":"product_beauty-proteggere","7":"product_skin-tutti-gli-animali","8":"product_kind-trattamenti-speciali","9":"product_kind_pets-repellenti-animali","10":"product_kind_pets-repellenti-parassiti","11":"product_lines-animal-care","12":"product_cat-famiglia-e-pet-es","13":"pa_size-5000-es","15":"first","16":"instock","17":"taxable","18":"shipping-taxable","19":"purchasable","20":"product-type-simple"},"acf":[],"yoast_head":"<!-- This site is optimized with the Yoast SEO plugin v24.6 - https:\/\/yoast.com\/wordpress\/plugins\/seo\/ -->\n<title>No Fly Zone Bio Natural Bio Ahuyentador de Insectos y Par\u00e1sitos - Recambio - Uniest<\/title>\n<meta name=\"robots\" content=\"index, follow, max-snippet:-1, max-image-preview:large, max-video-preview:-1\" \/>\n<link rel=\"canonical\" href=\"https:\/\/uniest.it\/prodotto\/no-fly-zone-bio-natural-bio-ahuyentador-de-insectos-y-parasitos-recambio\/\" \/>\n<meta property=\"og:locale\" content=\"es_ES\" \/>\n<meta property=\"og:type\" content=\"article\" \/>\n<meta property=\"og:title\" content=\"No Fly Zone Bio Natural Bio Ahuyentador de Insectos y Par\u00e1sitos - Recambio - Uniest\" \/>\n<meta property=\"og:description\" content=\"No Fly Zone Eco nuevo e innovador repelente natural obtenido de la uni\u00f3n de un novedoso Extracto de Eucalipto y el conocido Aceite de Neem. Su fragancia, \u00fanica en su g\u00e9nero, potenciada por la presencia de aceite esencial de trementina, mantiene a los insectos alejados del pelaje del animal durante varias horas sin alterar su [&hellip;]\" \/>\n<meta property=\"og:url\" content=\"https:\/\/uniest.it\/prodotto\/no-fly-zone-bio-natural-bio-ahuyentador-de-insectos-y-parasitos-recambio\/\" \/>\n<meta property=\"og:site_name\" content=\"Uniest\" \/>\n<meta name=\"twitter:card\" content=\"summary_large_image\" \/>\n<script type=\"application\/ld+json\" class=\"yoast-schema-graph\">{\"@context\":\"https:\/\/schema.org\",\"@graph\":[{\"@type\":\"WebPage\",\"@id\":\"https:\/\/uniest.it\/prodotto\/no-fly-zone-bio-natural-bio-ahuyentador-de-insectos-y-parasitos-recambio\/\",\"url\":\"https:\/\/uniest.it\/prodotto\/no-fly-zone-bio-natural-bio-ahuyentador-de-insectos-y-parasitos-recambio\/\",\"name\":\"No Fly Zone Bio Natural Bio Ahuyentador de Insectos y Par\u00e1sitos - Recambio - Uniest\",\"isPartOf\":{\"@id\":\"https:\/\/uniest.it\/#website\"},\"primaryImageOfPage\":{\"@id\":\"https:\/\/uniest.it\/prodotto\/no-fly-zone-bio-natural-bio-ahuyentador-de-insectos-y-parasitos-recambio\/#primaryimage\"},\"image\":{\"@id\":\"https:\/\/uniest.it\/prodotto\/no-fly-zone-bio-natural-bio-ahuyentador-de-insectos-y-parasitos-recambio\/#primaryimage\"},\"thumbnailUrl\":\"https:\/\/uniest.it\/wp-content\/uploads\/2020\/12\/500AAC.png\",\"datePublished\":\"2024-10-23T16:26:47+00:00\",\"breadcrumb\":{\"@id\":\"https:\/\/uniest.it\/prodotto\/no-fly-zone-bio-natural-bio-ahuyentador-de-insectos-y-parasitos-recambio\/#breadcrumb\"},\"inLanguage\":\"es\",\"potentialAction\":[{\"@type\":\"ReadAction\",\"target\":[\"https:\/\/uniest.it\/prodotto\/no-fly-zone-bio-natural-bio-ahuyentador-de-insectos-y-parasitos-recambio\/\"]}]},{\"@type\":\"ImageObject\",\"inLanguage\":\"es\",\"@id\":\"https:\/\/uniest.it\/prodotto\/no-fly-zone-bio-natural-bio-ahuyentador-de-insectos-y-parasitos-recambio\/#primaryimage\",\"url\":\"https:\/\/uniest.it\/wp-content\/uploads\/2020\/12\/500AAC.png\",\"contentUrl\":\"https:\/\/uniest.it\/wp-content\/uploads\/2020\/12\/500AAC.png\",\"width\":1283,\"height\":2000},{\"@type\":\"BreadcrumbList\",\"@id\":\"https:\/\/uniest.it\/prodotto\/no-fly-zone-bio-natural-bio-ahuyentador-de-insectos-y-parasitos-recambio\/#breadcrumb\",\"itemListElement\":[{\"@type\":\"ListItem\",\"position\":1,\"name\":\"Home\",\"item\":\"https:\/\/uniest.it\/es\/\"},{\"@type\":\"ListItem\",\"position\":2,\"name\":\"Shop\",\"item\":\"https:\/\/uniest.it\/shop\/\"},{\"@type\":\"ListItem\",\"position\":3,\"name\":\"No Fly Zone Bio Natural Bio Ahuyentador de Insectos y Par\u00e1sitos &#8211; Recambio\"}]},{\"@type\":\"WebSite\",\"@id\":\"https:\/\/uniest.it\/#website\",\"url\":\"https:\/\/uniest.it\/\",\"name\":\"Uniest\",\"description\":\"Cosmetici Naturali e Bio\",\"potentialAction\":[{\"@type\":\"SearchAction\",\"target\":{\"@type\":\"EntryPoint\",\"urlTemplate\":\"https:\/\/uniest.it\/?s={search_term_string}\"},\"query-input\":{\"@type\":\"PropertyValueSpecification\",\"valueRequired\":true,\"valueName\":\"search_term_string\"}}],\"inLanguage\":\"es\"}]}<\/script>\n<!-- \/ Yoast SEO plugin. -->","yoast_head_json":{"title":"No Fly Zone Bio Natural Bio Ahuyentador de Insectos y Par\u00e1sitos - Recambio - Uniest","robots":{"index":"index","follow":"follow","max-snippet":"max-snippet:-1","max-image-preview":"max-image-preview:large","max-video-preview":"max-video-preview:-1"},"canonical":"https:\/\/uniest.it\/prodotto\/no-fly-zone-bio-natural-bio-ahuyentador-de-insectos-y-parasitos-recambio\/","og_locale":"es_ES","og_type":"article","og_title":"No Fly Zone Bio Natural Bio Ahuyentador de Insectos y Par\u00e1sitos - Recambio - Uniest","og_description":"No Fly Zone Eco nuevo e innovador repelente natural obtenido de la uni\u00f3n de un novedoso Extracto de Eucalipto y el conocido Aceite de Neem. Su fragancia, \u00fanica en su g\u00e9nero, potenciada por la presencia de aceite esencial de trementina, mantiene a los insectos alejados del pelaje del animal durante varias horas sin alterar su [&hellip;]","og_url":"https:\/\/uniest.it\/prodotto\/no-fly-zone-bio-natural-bio-ahuyentador-de-insectos-y-parasitos-recambio\/","og_site_name":"Uniest","twitter_card":"summary_large_image","schema":{"@context":"https:\/\/schema.org","@graph":[{"@type":"WebPage","@id":"https:\/\/uniest.it\/prodotto\/no-fly-zone-bio-natural-bio-ahuyentador-de-insectos-y-parasitos-recambio\/","url":"https:\/\/uniest.it\/prodotto\/no-fly-zone-bio-natural-bio-ahuyentador-de-insectos-y-parasitos-recambio\/","name":"No Fly Zone Bio Natural Bio Ahuyentador de Insectos y Par\u00e1sitos - Recambio - Uniest","isPartOf":{"@id":"https:\/\/uniest.it\/#website"},"primaryImageOfPage":{"@id":"https:\/\/uniest.it\/prodotto\/no-fly-zone-bio-natural-bio-ahuyentador-de-insectos-y-parasitos-recambio\/#primaryimage"},"image":{"@id":"https:\/\/uniest.it\/prodotto\/no-fly-zone-bio-natural-bio-ahuyentador-de-insectos-y-parasitos-recambio\/#primaryimage"},"thumbnailUrl":"https:\/\/uniest.it\/wp-content\/uploads\/2020\/12\/500AAC.png","datePublished":"2024-10-23T16:26:47+00:00","breadcrumb":{"@id":"https:\/\/uniest.it\/prodotto\/no-fly-zone-bio-natural-bio-ahuyentador-de-insectos-y-parasitos-recambio\/#breadcrumb"},"inLanguage":"es","potentialAction":[{"@type":"ReadAction","target":["https:\/\/uniest.it\/prodotto\/no-fly-zone-bio-natural-bio-ahuyentador-de-insectos-y-parasitos-recambio\/"]}]},{"@type":"ImageObject","inLanguage":"es","@id":"https:\/\/uniest.it\/prodotto\/no-fly-zone-bio-natural-bio-ahuyentador-de-insectos-y-parasitos-recambio\/#primaryimage","url":"https:\/\/uniest.it\/wp-content\/uploads\/2020\/12\/500AAC.png","contentUrl":"https:\/\/uniest.it\/wp-content\/uploads\/2020\/12\/500AAC.png","width":1283,"height":2000},{"@type":"BreadcrumbList","@id":"https:\/\/uniest.it\/prodotto\/no-fly-zone-bio-natural-bio-ahuyentador-de-insectos-y-parasitos-recambio\/#breadcrumb","itemListElement":[{"@type":"ListItem","position":1,"name":"Home","item":"https:\/\/uniest.it\/es\/"},{"@type":"ListItem","position":2,"name":"Shop","item":"https:\/\/uniest.it\/shop\/"},{"@type":"ListItem","position":3,"name":"No Fly Zone Bio Natural Bio Ahuyentador de Insectos y Par\u00e1sitos &#8211; Recambio"}]},{"@type":"WebSite","@id":"https:\/\/uniest.it\/#website","url":"https:\/\/uniest.it\/","name":"Uniest","description":"Cosmetici Naturali e Bio","potentialAction":[{"@type":"SearchAction","target":{"@type":"EntryPoint","urlTemplate":"https:\/\/uniest.it\/?s={search_term_string}"},"query-input":{"@type":"PropertyValueSpecification","valueRequired":true,"valueName":"search_term_string"}}],"inLanguage":"es"}]}},"_links":{"self":[{"href":"https:\/\/uniest.it\/es\/wp-json\/wp\/v2\/product\/6266","targetHints":{"allow":["GET"]}}],"collection":[{"href":"https:\/\/uniest.it\/es\/wp-json\/wp\/v2\/product"}],"about":[{"href":"https:\/\/uniest.it\/es\/wp-json\/wp\/v2\/types\/product"}],"wp:featuredmedia":[{"embeddable":true,"href":"https:\/\/uniest.it\/es\/wp-json\/wp\/v2\/media\/6267"}],"wp:attachment":[{"href":"https:\/\/uniest.it\/es\/wp-json\/wp\/v2\/media?parent=6266"}],"wp:term":[{"taxonomy":"product_brand","embeddable":true,"href":"https:\/\/uniest.it\/es\/wp-json\/wp\/v2\/product_brand?post=6266"},{"taxonomy":"product_cat","embeddable":true,"href":"https:\/\/uniest.it\/es\/wp-json\/wp\/v2\/product_cat?post=6266"},{"taxonomy":"product_tag","embeddable":true,"href":"https:\/\/uniest.it\/es\/wp-json\/wp\/v2\/product_tag?post=6266"}],"curies":[{"name":"wp","href":"https:\/\/api.w.org\/{rel}","templated":true}]}}