{"id":6270,"date":"2024-10-23T17:26:48","date_gmt":"2024-10-23T16:26:48","guid":{"rendered":"https:\/\/uniest.it\/prodotto\/solucion-dren\/"},"modified":"2024-10-23T17:26:48","modified_gmt":"2024-10-23T16:26:48","slug":"solucion-dren","status":"publish","type":"product","link":"https:\/\/uniest.it\/es\/prodotto\/solucion-dren\/","title":{"rendered":"Soluci\u00f3n Dren"},"content":{"rendered":"<p>Dren soluci\u00f3n para animales: es una mezcla de extractos y aceites esenciales muy apreciados con reconocidas propiedades drenantes y drenantes. Ayuda indispensable en caso de: <\/p>\n<ul>\n<li>contusiones;<\/li>\n<li>hematomas;<\/li>\n<li>hinchazones de diversa \u00edndole;<\/li>\n<li>estasis.<\/li>\n<p> < \/ ul> Las valiosas y eficaces materias primas contenidas en la soluci\u00f3n Dren para animales ayudan, por tanto, a drenar el exceso de l\u00edquidos, favoreciendo su reabsorci\u00f3n y acelerando el proceso de curaci\u00f3n.<\/p>\n","protected":false},"excerpt":{"rendered":"<p>Dren soluci\u00f3n para animales: es una mezcla de extractos y aceites esenciales muy apreciados con reconocidas propiedades drenantes y drenantes. Ayuda indispensable en caso de: contusiones; hematomas; hinchazones de diversa \u00edndole; estasis. < \/ ul> Las valiosas y eficaces materias primas contenidas en la soluci\u00f3n Dren para animales ayudan, por tanto, a drenar el exceso [&hellip;]<\/p>\n","protected":false},"featured_media":6271,"template":"","meta":{"_acf_changed":false,"inline_featured_image":false},"product_brand":[],"product_cat":[1430],"product_tag":[],"class_list":{"0":"post-6270","1":"product","2":"type-product","3":"status-publish","4":"has-post-thumbnail","6":"product_beauty-detox-e-dren","7":"product_beauty-lenitivo","8":"product_skin-tutti-gli-animali","9":"product_kind-trattamenti-speciali","10":"product_kind_pets-trattamenti-speciali","11":"product_lines-animal-care","12":"product_cat-famiglia-e-pet-es","13":"pa_size-200-es","15":"first","16":"instock","17":"taxable","18":"shipping-taxable","19":"purchasable","20":"product-type-simple"},"acf":[],"yoast_head":"<!-- This site is optimized with the Yoast SEO plugin v24.6 - https:\/\/yoast.com\/wordpress\/plugins\/seo\/ -->\n<title>Soluci\u00f3n Dren - Uniest<\/title>\n<meta name=\"robots\" content=\"index, follow, max-snippet:-1, max-image-preview:large, max-video-preview:-1\" \/>\n<link rel=\"canonical\" href=\"https:\/\/uniest.it\/prodotto\/solucion-dren\/\" \/>\n<meta property=\"og:locale\" content=\"es_ES\" \/>\n<meta property=\"og:type\" content=\"article\" \/>\n<meta property=\"og:title\" content=\"Soluci\u00f3n Dren - Uniest\" \/>\n<meta property=\"og:description\" content=\"Dren soluci\u00f3n para animales: es una mezcla de extractos y aceites esenciales muy apreciados con reconocidas propiedades drenantes y drenantes. Ayuda indispensable en caso de: contusiones; hematomas; hinchazones de diversa \u00edndole; estasis. &lt; \/ ul&gt; Las valiosas y eficaces materias primas contenidas en la soluci\u00f3n Dren para animales ayudan, por tanto, a drenar el exceso [&hellip;]\" \/>\n<meta property=\"og:url\" content=\"https:\/\/uniest.it\/prodotto\/solucion-dren\/\" \/>\n<meta property=\"og:site_name\" content=\"Uniest\" \/>\n<meta name=\"twitter:card\" content=\"summary_large_image\" \/>\n<script type=\"application\/ld+json\" class=\"yoast-schema-graph\">{\"@context\":\"https:\/\/schema.org\",\"@graph\":[{\"@type\":\"WebPage\",\"@id\":\"https:\/\/uniest.it\/prodotto\/solucion-dren\/\",\"url\":\"https:\/\/uniest.it\/prodotto\/solucion-dren\/\",\"name\":\"Soluci\u00f3n Dren - Uniest\",\"isPartOf\":{\"@id\":\"https:\/\/uniest.it\/#website\"},\"primaryImageOfPage\":{\"@id\":\"https:\/\/uniest.it\/prodotto\/solucion-dren\/#primaryimage\"},\"image\":{\"@id\":\"https:\/\/uniest.it\/prodotto\/solucion-dren\/#primaryimage\"},\"thumbnailUrl\":\"https:\/\/uniest.it\/wp-content\/uploads\/2020\/12\/504AAC.png\",\"datePublished\":\"2024-10-23T16:26:48+00:00\",\"breadcrumb\":{\"@id\":\"https:\/\/uniest.it\/prodotto\/solucion-dren\/#breadcrumb\"},\"inLanguage\":\"es\",\"potentialAction\":[{\"@type\":\"ReadAction\",\"target\":[\"https:\/\/uniest.it\/prodotto\/solucion-dren\/\"]}]},{\"@type\":\"ImageObject\",\"inLanguage\":\"es\",\"@id\":\"https:\/\/uniest.it\/prodotto\/solucion-dren\/#primaryimage\",\"url\":\"https:\/\/uniest.it\/wp-content\/uploads\/2020\/12\/504AAC.png\",\"contentUrl\":\"https:\/\/uniest.it\/wp-content\/uploads\/2020\/12\/504AAC.png\",\"width\":1283,\"height\":2000},{\"@type\":\"BreadcrumbList\",\"@id\":\"https:\/\/uniest.it\/prodotto\/solucion-dren\/#breadcrumb\",\"itemListElement\":[{\"@type\":\"ListItem\",\"position\":1,\"name\":\"Home\",\"item\":\"https:\/\/uniest.it\/es\/\"},{\"@type\":\"ListItem\",\"position\":2,\"name\":\"Shop\",\"item\":\"https:\/\/uniest.it\/shop\/\"},{\"@type\":\"ListItem\",\"position\":3,\"name\":\"Soluci\u00f3n Dren\"}]},{\"@type\":\"WebSite\",\"@id\":\"https:\/\/uniest.it\/#website\",\"url\":\"https:\/\/uniest.it\/\",\"name\":\"Uniest\",\"description\":\"Cosmetici Naturali e Bio\",\"potentialAction\":[{\"@type\":\"SearchAction\",\"target\":{\"@type\":\"EntryPoint\",\"urlTemplate\":\"https:\/\/uniest.it\/?s={search_term_string}\"},\"query-input\":{\"@type\":\"PropertyValueSpecification\",\"valueRequired\":true,\"valueName\":\"search_term_string\"}}],\"inLanguage\":\"es\"}]}<\/script>\n<!-- \/ Yoast SEO plugin. -->","yoast_head_json":{"title":"Soluci\u00f3n Dren - Uniest","robots":{"index":"index","follow":"follow","max-snippet":"max-snippet:-1","max-image-preview":"max-image-preview:large","max-video-preview":"max-video-preview:-1"},"canonical":"https:\/\/uniest.it\/prodotto\/solucion-dren\/","og_locale":"es_ES","og_type":"article","og_title":"Soluci\u00f3n Dren - Uniest","og_description":"Dren soluci\u00f3n para animales: es una mezcla de extractos y aceites esenciales muy apreciados con reconocidas propiedades drenantes y drenantes. Ayuda indispensable en caso de: contusiones; hematomas; hinchazones de diversa \u00edndole; estasis. < \/ ul> Las valiosas y eficaces materias primas contenidas en la soluci\u00f3n Dren para animales ayudan, por tanto, a drenar el exceso [&hellip;]","og_url":"https:\/\/uniest.it\/prodotto\/solucion-dren\/","og_site_name":"Uniest","twitter_card":"summary_large_image","schema":{"@context":"https:\/\/schema.org","@graph":[{"@type":"WebPage","@id":"https:\/\/uniest.it\/prodotto\/solucion-dren\/","url":"https:\/\/uniest.it\/prodotto\/solucion-dren\/","name":"Soluci\u00f3n Dren - Uniest","isPartOf":{"@id":"https:\/\/uniest.it\/#website"},"primaryImageOfPage":{"@id":"https:\/\/uniest.it\/prodotto\/solucion-dren\/#primaryimage"},"image":{"@id":"https:\/\/uniest.it\/prodotto\/solucion-dren\/#primaryimage"},"thumbnailUrl":"https:\/\/uniest.it\/wp-content\/uploads\/2020\/12\/504AAC.png","datePublished":"2024-10-23T16:26:48+00:00","breadcrumb":{"@id":"https:\/\/uniest.it\/prodotto\/solucion-dren\/#breadcrumb"},"inLanguage":"es","potentialAction":[{"@type":"ReadAction","target":["https:\/\/uniest.it\/prodotto\/solucion-dren\/"]}]},{"@type":"ImageObject","inLanguage":"es","@id":"https:\/\/uniest.it\/prodotto\/solucion-dren\/#primaryimage","url":"https:\/\/uniest.it\/wp-content\/uploads\/2020\/12\/504AAC.png","contentUrl":"https:\/\/uniest.it\/wp-content\/uploads\/2020\/12\/504AAC.png","width":1283,"height":2000},{"@type":"BreadcrumbList","@id":"https:\/\/uniest.it\/prodotto\/solucion-dren\/#breadcrumb","itemListElement":[{"@type":"ListItem","position":1,"name":"Home","item":"https:\/\/uniest.it\/es\/"},{"@type":"ListItem","position":2,"name":"Shop","item":"https:\/\/uniest.it\/shop\/"},{"@type":"ListItem","position":3,"name":"Soluci\u00f3n Dren"}]},{"@type":"WebSite","@id":"https:\/\/uniest.it\/#website","url":"https:\/\/uniest.it\/","name":"Uniest","description":"Cosmetici Naturali e Bio","potentialAction":[{"@type":"SearchAction","target":{"@type":"EntryPoint","urlTemplate":"https:\/\/uniest.it\/?s={search_term_string}"},"query-input":{"@type":"PropertyValueSpecification","valueRequired":true,"valueName":"search_term_string"}}],"inLanguage":"es"}]}},"_links":{"self":[{"href":"https:\/\/uniest.it\/es\/wp-json\/wp\/v2\/product\/6270","targetHints":{"allow":["GET"]}}],"collection":[{"href":"https:\/\/uniest.it\/es\/wp-json\/wp\/v2\/product"}],"about":[{"href":"https:\/\/uniest.it\/es\/wp-json\/wp\/v2\/types\/product"}],"wp:featuredmedia":[{"embeddable":true,"href":"https:\/\/uniest.it\/es\/wp-json\/wp\/v2\/media\/6271"}],"wp:attachment":[{"href":"https:\/\/uniest.it\/es\/wp-json\/wp\/v2\/media?parent=6270"}],"wp:term":[{"taxonomy":"product_brand","embeddable":true,"href":"https:\/\/uniest.it\/es\/wp-json\/wp\/v2\/product_brand?post=6270"},{"taxonomy":"product_cat","embeddable":true,"href":"https:\/\/uniest.it\/es\/wp-json\/wp\/v2\/product_cat?post=6270"},{"taxonomy":"product_tag","embeddable":true,"href":"https:\/\/uniest.it\/es\/wp-json\/wp\/v2\/product_tag?post=6270"}],"curies":[{"name":"wp","href":"https:\/\/api.w.org\/{rel}","templated":true}]}}