{"id":6272,"date":"2021-02-04T13:00:25","date_gmt":"2024-10-23T16:26:48","guid":{"rendered":"https:\/\/uniest.it\/prodotto\/aceite-de-linaza\/"},"modified":"2024-10-23T17:26:48","modified_gmt":"2024-10-23T16:26:48","slug":"aceite-de-linaza","status":"publish","type":"product","link":"https:\/\/uniest.it\/es\/prodotto\/aceite-de-linaza\/","title":{"rendered":"Aceite de linaza"},"content":{"rendered":"<p>Aceite puro de linaza en aceite de girasol procedente de cultivo ecol\u00f3gico. Muy rico en Omega 3, este aceite tambi\u00e9n es conocido por sus propiedades antioxidantes gracias a la presencia de Vitamina E. Maravillosa fuente de nutrientes beneficiosos para la piel, tiene una acci\u00f3n hidratante y mejora su elasticidad, dej\u00e1ndola suave y aterciopelada. Desde hace milenios, este aceite se utiliza como elixir capaz de devolver firmeza y elasticidad incluso a las pieles m\u00e1s da\u00f1adas, ralentizando la deshidrataci\u00f3n y nutriendo los tejidos en profundidad. Tambi\u00e9n es muy utilizado para el cuidado del cabello por sus notables propiedades reestructurantes, devuelve el volumen y aporta los elementos nutricionales esenciales que se pierden con los lavados frecuentes. Una compresa unos 30 minutos antes del champ\u00fa puede dejar el cabello m\u00e1s suave, brillante, nutrido y compacto.<\/p>\n","protected":false},"excerpt":{"rendered":"<p>Aceite puro de linaza en aceite de girasol procedente de cultivo ecol\u00f3gico. Muy rico en Omega 3, este aceite tambi\u00e9n es conocido por sus propiedades antioxidantes gracias a la presencia de Vitamina E. Maravillosa fuente de nutrientes beneficiosos para la piel, tiene una acci\u00f3n hidratante y mejora su elasticidad, dej\u00e1ndola suave y aterciopelada. Desde hace [&hellip;]<\/p>\n","protected":false},"featured_media":6273,"template":"","meta":{"_acf_changed":false,"inline_featured_image":false},"product_brand":[],"product_cat":[1436,1425],"product_tag":[],"class_list":{"0":"post-6272","1":"product","2":"type-product","3":"status-publish","4":"has-post-thumbnail","6":"product_beauty-idratare","7":"product_beauty-nutrire-e-rigenerare","8":"product_beauty-proteggere","9":"product_beauty-riequilibrare","10":"product_skin-tutte-le-pelli","11":"product_skin-tutti-i-capelli","12":"product_kind-oli-e-burri","13":"product_kind-trattamenti-speciali","14":"product_lines-oli-pregiati-puri","15":"product_cat-capelli-es","16":"product_cat-corpo-es","17":"pa_size-100-es","19":"first","20":"instock","21":"taxable","22":"shipping-taxable","23":"purchasable","24":"product-type-simple"},"acf":[],"yoast_head":"<!-- This site is optimized with the Yoast SEO plugin v24.6 - https:\/\/yoast.com\/wordpress\/plugins\/seo\/ -->\n<title>Aceite de linaza - Uniest<\/title>\n<meta name=\"robots\" content=\"index, follow, max-snippet:-1, max-image-preview:large, max-video-preview:-1\" \/>\n<link rel=\"canonical\" href=\"https:\/\/uniest.it\/prodotto\/aceite-de-linaza\/\" \/>\n<meta property=\"og:locale\" content=\"es_ES\" \/>\n<meta property=\"og:type\" content=\"article\" \/>\n<meta property=\"og:title\" content=\"Aceite de linaza - Uniest\" \/>\n<meta property=\"og:description\" content=\"Aceite puro de linaza en aceite de girasol procedente de cultivo ecol\u00f3gico. Muy rico en Omega 3, este aceite tambi\u00e9n es conocido por sus propiedades antioxidantes gracias a la presencia de Vitamina E. Maravillosa fuente de nutrientes beneficiosos para la piel, tiene una acci\u00f3n hidratante y mejora su elasticidad, dej\u00e1ndola suave y aterciopelada. Desde hace [&hellip;]\" \/>\n<meta property=\"og:url\" content=\"https:\/\/uniest.it\/prodotto\/aceite-de-linaza\/\" \/>\n<meta property=\"og:site_name\" content=\"Uniest\" \/>\n<meta name=\"twitter:card\" content=\"summary_large_image\" \/>\n<meta name=\"twitter:label1\" content=\"Tiempo de lectura\" \/>\n\t<meta name=\"twitter:data1\" content=\"1 minuto\" \/>\n<script type=\"application\/ld+json\" class=\"yoast-schema-graph\">{\"@context\":\"https:\/\/schema.org\",\"@graph\":[{\"@type\":\"WebPage\",\"@id\":\"https:\/\/uniest.it\/prodotto\/aceite-de-linaza\/\",\"url\":\"https:\/\/uniest.it\/prodotto\/aceite-de-linaza\/\",\"name\":\"Aceite de linaza - Uniest\",\"isPartOf\":{\"@id\":\"https:\/\/uniest.it\/#website\"},\"primaryImageOfPage\":{\"@id\":\"https:\/\/uniest.it\/prodotto\/aceite-de-linaza\/#primaryimage\"},\"image\":{\"@id\":\"https:\/\/uniest.it\/prodotto\/aceite-de-linaza\/#primaryimage\"},\"thumbnailUrl\":\"https:\/\/uniest.it\/wp-content\/uploads\/2020\/11\/505AAM.png\",\"datePublished\":\"2024-10-23T16:26:48+00:00\",\"breadcrumb\":{\"@id\":\"https:\/\/uniest.it\/prodotto\/aceite-de-linaza\/#breadcrumb\"},\"inLanguage\":\"es\",\"potentialAction\":[{\"@type\":\"ReadAction\",\"target\":[\"https:\/\/uniest.it\/prodotto\/aceite-de-linaza\/\"]}]},{\"@type\":\"ImageObject\",\"inLanguage\":\"es\",\"@id\":\"https:\/\/uniest.it\/prodotto\/aceite-de-linaza\/#primaryimage\",\"url\":\"https:\/\/uniest.it\/wp-content\/uploads\/2020\/11\/505AAM.png\",\"contentUrl\":\"https:\/\/uniest.it\/wp-content\/uploads\/2020\/11\/505AAM.png\",\"width\":1283,\"height\":2001},{\"@type\":\"BreadcrumbList\",\"@id\":\"https:\/\/uniest.it\/prodotto\/aceite-de-linaza\/#breadcrumb\",\"itemListElement\":[{\"@type\":\"ListItem\",\"position\":1,\"name\":\"Home\",\"item\":\"https:\/\/uniest.it\/es\/\"},{\"@type\":\"ListItem\",\"position\":2,\"name\":\"Shop\",\"item\":\"https:\/\/uniest.it\/shop\/\"},{\"@type\":\"ListItem\",\"position\":3,\"name\":\"Aceite de linaza\"}]},{\"@type\":\"WebSite\",\"@id\":\"https:\/\/uniest.it\/#website\",\"url\":\"https:\/\/uniest.it\/\",\"name\":\"Uniest\",\"description\":\"Cosmetici Naturali e Bio\",\"potentialAction\":[{\"@type\":\"SearchAction\",\"target\":{\"@type\":\"EntryPoint\",\"urlTemplate\":\"https:\/\/uniest.it\/?s={search_term_string}\"},\"query-input\":{\"@type\":\"PropertyValueSpecification\",\"valueRequired\":true,\"valueName\":\"search_term_string\"}}],\"inLanguage\":\"es\"}]}<\/script>\n<!-- \/ Yoast SEO plugin. -->","yoast_head_json":{"title":"Aceite de linaza - Uniest","robots":{"index":"index","follow":"follow","max-snippet":"max-snippet:-1","max-image-preview":"max-image-preview:large","max-video-preview":"max-video-preview:-1"},"canonical":"https:\/\/uniest.it\/prodotto\/aceite-de-linaza\/","og_locale":"es_ES","og_type":"article","og_title":"Aceite de linaza - Uniest","og_description":"Aceite puro de linaza en aceite de girasol procedente de cultivo ecol\u00f3gico. Muy rico en Omega 3, este aceite tambi\u00e9n es conocido por sus propiedades antioxidantes gracias a la presencia de Vitamina E. Maravillosa fuente de nutrientes beneficiosos para la piel, tiene una acci\u00f3n hidratante y mejora su elasticidad, dej\u00e1ndola suave y aterciopelada. Desde hace [&hellip;]","og_url":"https:\/\/uniest.it\/prodotto\/aceite-de-linaza\/","og_site_name":"Uniest","twitter_card":"summary_large_image","twitter_misc":{"Tiempo de lectura":"1 minuto"},"schema":{"@context":"https:\/\/schema.org","@graph":[{"@type":"WebPage","@id":"https:\/\/uniest.it\/prodotto\/aceite-de-linaza\/","url":"https:\/\/uniest.it\/prodotto\/aceite-de-linaza\/","name":"Aceite de linaza - Uniest","isPartOf":{"@id":"https:\/\/uniest.it\/#website"},"primaryImageOfPage":{"@id":"https:\/\/uniest.it\/prodotto\/aceite-de-linaza\/#primaryimage"},"image":{"@id":"https:\/\/uniest.it\/prodotto\/aceite-de-linaza\/#primaryimage"},"thumbnailUrl":"https:\/\/uniest.it\/wp-content\/uploads\/2020\/11\/505AAM.png","datePublished":"2024-10-23T16:26:48+00:00","breadcrumb":{"@id":"https:\/\/uniest.it\/prodotto\/aceite-de-linaza\/#breadcrumb"},"inLanguage":"es","potentialAction":[{"@type":"ReadAction","target":["https:\/\/uniest.it\/prodotto\/aceite-de-linaza\/"]}]},{"@type":"ImageObject","inLanguage":"es","@id":"https:\/\/uniest.it\/prodotto\/aceite-de-linaza\/#primaryimage","url":"https:\/\/uniest.it\/wp-content\/uploads\/2020\/11\/505AAM.png","contentUrl":"https:\/\/uniest.it\/wp-content\/uploads\/2020\/11\/505AAM.png","width":1283,"height":2001},{"@type":"BreadcrumbList","@id":"https:\/\/uniest.it\/prodotto\/aceite-de-linaza\/#breadcrumb","itemListElement":[{"@type":"ListItem","position":1,"name":"Home","item":"https:\/\/uniest.it\/es\/"},{"@type":"ListItem","position":2,"name":"Shop","item":"https:\/\/uniest.it\/shop\/"},{"@type":"ListItem","position":3,"name":"Aceite de linaza"}]},{"@type":"WebSite","@id":"https:\/\/uniest.it\/#website","url":"https:\/\/uniest.it\/","name":"Uniest","description":"Cosmetici Naturali e Bio","potentialAction":[{"@type":"SearchAction","target":{"@type":"EntryPoint","urlTemplate":"https:\/\/uniest.it\/?s={search_term_string}"},"query-input":{"@type":"PropertyValueSpecification","valueRequired":true,"valueName":"search_term_string"}}],"inLanguage":"es"}]}},"_links":{"self":[{"href":"https:\/\/uniest.it\/es\/wp-json\/wp\/v2\/product\/6272","targetHints":{"allow":["GET"]}}],"collection":[{"href":"https:\/\/uniest.it\/es\/wp-json\/wp\/v2\/product"}],"about":[{"href":"https:\/\/uniest.it\/es\/wp-json\/wp\/v2\/types\/product"}],"wp:featuredmedia":[{"embeddable":true,"href":"https:\/\/uniest.it\/es\/wp-json\/wp\/v2\/media\/6273"}],"wp:attachment":[{"href":"https:\/\/uniest.it\/es\/wp-json\/wp\/v2\/media?parent=6272"}],"wp:term":[{"taxonomy":"product_brand","embeddable":true,"href":"https:\/\/uniest.it\/es\/wp-json\/wp\/v2\/product_brand?post=6272"},{"taxonomy":"product_cat","embeddable":true,"href":"https:\/\/uniest.it\/es\/wp-json\/wp\/v2\/product_cat?post=6272"},{"taxonomy":"product_tag","embeddable":true,"href":"https:\/\/uniest.it\/es\/wp-json\/wp\/v2\/product_tag?post=6272"}],"curies":[{"name":"wp","href":"https:\/\/api.w.org\/{rel}","templated":true}]}}