{"id":6274,"date":"2024-10-23T17:26:49","date_gmt":"2024-10-23T16:26:49","guid":{"rendered":"https:\/\/uniest.it\/prodotto\/gel-de-arnica-con-bomba\/"},"modified":"2024-10-23T17:26:49","modified_gmt":"2024-10-23T16:26:49","slug":"gel-de-arnica-con-bomba","status":"publish","type":"product","link":"https:\/\/uniest.it\/es\/prodotto\/gel-de-arnica-con-bomba\/","title":{"rendered":"Gel de \u00c1rnica con Bomba"},"content":{"rendered":"<p>Recambio de Gel de \u00c1rnica: es un antifatiga por excelencia, ayuda a: <\/p>\n<ul>\n<li>moderar la formaci\u00f3n de hematomas;<\/li>\n<li>reducir la hinchaz\u00f3n;<\/li>\n<li>aliviar el dolor por traumatismo <\/li>\n<li>aliviar el dolor debido al trabajo excesivo.<\/li>\n<\/ul>\n<p> La acci\u00f3n rubefaciente del \u00c1rnica estimula la circulaci\u00f3n sangu\u00ednea, favoreciendo la reabsorci\u00f3n de los traumatismos. Las reconocidas acciones antifatiga y descongestionantes de los apreciados Aceites Esenciales de Mentol y Menta ayudan a reducir la hinchaz\u00f3n, aportando una agradable sensaci\u00f3n de frescor y bienestar.<\/p>\n","protected":false},"excerpt":{"rendered":"<p>Recambio de Gel de \u00c1rnica: es un antifatiga por excelencia, ayuda a: moderar la formaci\u00f3n de hematomas; reducir la hinchaz\u00f3n; aliviar el dolor por traumatismo aliviar el dolor debido al trabajo excesivo. La acci\u00f3n rubefaciente del \u00c1rnica estimula la circulaci\u00f3n sangu\u00ednea, favoreciendo la reabsorci\u00f3n de los traumatismos. Las reconocidas acciones antifatiga y descongestionantes de los [&hellip;]<\/p>\n","protected":false},"featured_media":6275,"template":"","meta":{"_acf_changed":false,"inline_featured_image":false},"product_brand":[],"product_cat":[1430],"product_tag":[],"class_list":{"0":"post-6274","1":"product","2":"type-product","3":"status-publish","4":"has-post-thumbnail","6":"product_beauty-detox-e-dren","7":"product_beauty-idratare","8":"product_beauty-lenire","9":"product_beauty-proteggere","10":"product_skin-tutti-gli-animali","11":"product_kind-trattamenti-speciali","12":"product_kind_pets-trattamenti-speciali","13":"product_lines-animal-care","14":"product_cat-famiglia-e-pet-es","15":"pa_size-1000-es","17":"first","18":"instock","19":"taxable","20":"shipping-taxable","21":"purchasable","22":"product-type-simple"},"acf":[],"yoast_head":"<!-- This site is optimized with the Yoast SEO plugin v24.6 - https:\/\/yoast.com\/wordpress\/plugins\/seo\/ -->\n<title>Gel de \u00c1rnica con Bomba - Uniest<\/title>\n<meta name=\"robots\" content=\"index, follow, max-snippet:-1, max-image-preview:large, max-video-preview:-1\" \/>\n<link rel=\"canonical\" href=\"https:\/\/uniest.it\/prodotto\/gel-de-arnica-con-bomba\/\" \/>\n<meta property=\"og:locale\" content=\"es_ES\" \/>\n<meta property=\"og:type\" content=\"article\" \/>\n<meta property=\"og:title\" content=\"Gel de \u00c1rnica con Bomba - Uniest\" \/>\n<meta property=\"og:description\" content=\"Recambio de Gel de \u00c1rnica: es un antifatiga por excelencia, ayuda a: moderar la formaci\u00f3n de hematomas; reducir la hinchaz\u00f3n; aliviar el dolor por traumatismo aliviar el dolor debido al trabajo excesivo. La acci\u00f3n rubefaciente del \u00c1rnica estimula la circulaci\u00f3n sangu\u00ednea, favoreciendo la reabsorci\u00f3n de los traumatismos. Las reconocidas acciones antifatiga y descongestionantes de los [&hellip;]\" \/>\n<meta property=\"og:url\" content=\"https:\/\/uniest.it\/prodotto\/gel-de-arnica-con-bomba\/\" \/>\n<meta property=\"og:site_name\" content=\"Uniest\" \/>\n<meta name=\"twitter:card\" content=\"summary_large_image\" \/>\n<script type=\"application\/ld+json\" class=\"yoast-schema-graph\">{\"@context\":\"https:\/\/schema.org\",\"@graph\":[{\"@type\":\"WebPage\",\"@id\":\"https:\/\/uniest.it\/prodotto\/gel-de-arnica-con-bomba\/\",\"url\":\"https:\/\/uniest.it\/prodotto\/gel-de-arnica-con-bomba\/\",\"name\":\"Gel de \u00c1rnica con Bomba - Uniest\",\"isPartOf\":{\"@id\":\"https:\/\/uniest.it\/#website\"},\"primaryImageOfPage\":{\"@id\":\"https:\/\/uniest.it\/prodotto\/gel-de-arnica-con-bomba\/#primaryimage\"},\"image\":{\"@id\":\"https:\/\/uniest.it\/prodotto\/gel-de-arnica-con-bomba\/#primaryimage\"},\"thumbnailUrl\":\"https:\/\/uniest.it\/wp-content\/uploads\/2020\/12\/506AAC.png\",\"datePublished\":\"2024-10-23T16:26:49+00:00\",\"breadcrumb\":{\"@id\":\"https:\/\/uniest.it\/prodotto\/gel-de-arnica-con-bomba\/#breadcrumb\"},\"inLanguage\":\"es\",\"potentialAction\":[{\"@type\":\"ReadAction\",\"target\":[\"https:\/\/uniest.it\/prodotto\/gel-de-arnica-con-bomba\/\"]}]},{\"@type\":\"ImageObject\",\"inLanguage\":\"es\",\"@id\":\"https:\/\/uniest.it\/prodotto\/gel-de-arnica-con-bomba\/#primaryimage\",\"url\":\"https:\/\/uniest.it\/wp-content\/uploads\/2020\/12\/506AAC.png\",\"contentUrl\":\"https:\/\/uniest.it\/wp-content\/uploads\/2020\/12\/506AAC.png\",\"width\":1283,\"height\":2000},{\"@type\":\"BreadcrumbList\",\"@id\":\"https:\/\/uniest.it\/prodotto\/gel-de-arnica-con-bomba\/#breadcrumb\",\"itemListElement\":[{\"@type\":\"ListItem\",\"position\":1,\"name\":\"Home\",\"item\":\"https:\/\/uniest.it\/es\/\"},{\"@type\":\"ListItem\",\"position\":2,\"name\":\"Shop\",\"item\":\"https:\/\/uniest.it\/shop\/\"},{\"@type\":\"ListItem\",\"position\":3,\"name\":\"Gel de \u00c1rnica con Bomba\"}]},{\"@type\":\"WebSite\",\"@id\":\"https:\/\/uniest.it\/#website\",\"url\":\"https:\/\/uniest.it\/\",\"name\":\"Uniest\",\"description\":\"Cosmetici Naturali e Bio\",\"potentialAction\":[{\"@type\":\"SearchAction\",\"target\":{\"@type\":\"EntryPoint\",\"urlTemplate\":\"https:\/\/uniest.it\/?s={search_term_string}\"},\"query-input\":{\"@type\":\"PropertyValueSpecification\",\"valueRequired\":true,\"valueName\":\"search_term_string\"}}],\"inLanguage\":\"es\"}]}<\/script>\n<!-- \/ Yoast SEO plugin. -->","yoast_head_json":{"title":"Gel de \u00c1rnica con Bomba - Uniest","robots":{"index":"index","follow":"follow","max-snippet":"max-snippet:-1","max-image-preview":"max-image-preview:large","max-video-preview":"max-video-preview:-1"},"canonical":"https:\/\/uniest.it\/prodotto\/gel-de-arnica-con-bomba\/","og_locale":"es_ES","og_type":"article","og_title":"Gel de \u00c1rnica con Bomba - Uniest","og_description":"Recambio de Gel de \u00c1rnica: es un antifatiga por excelencia, ayuda a: moderar la formaci\u00f3n de hematomas; reducir la hinchaz\u00f3n; aliviar el dolor por traumatismo aliviar el dolor debido al trabajo excesivo. La acci\u00f3n rubefaciente del \u00c1rnica estimula la circulaci\u00f3n sangu\u00ednea, favoreciendo la reabsorci\u00f3n de los traumatismos. Las reconocidas acciones antifatiga y descongestionantes de los [&hellip;]","og_url":"https:\/\/uniest.it\/prodotto\/gel-de-arnica-con-bomba\/","og_site_name":"Uniest","twitter_card":"summary_large_image","schema":{"@context":"https:\/\/schema.org","@graph":[{"@type":"WebPage","@id":"https:\/\/uniest.it\/prodotto\/gel-de-arnica-con-bomba\/","url":"https:\/\/uniest.it\/prodotto\/gel-de-arnica-con-bomba\/","name":"Gel de \u00c1rnica con Bomba - Uniest","isPartOf":{"@id":"https:\/\/uniest.it\/#website"},"primaryImageOfPage":{"@id":"https:\/\/uniest.it\/prodotto\/gel-de-arnica-con-bomba\/#primaryimage"},"image":{"@id":"https:\/\/uniest.it\/prodotto\/gel-de-arnica-con-bomba\/#primaryimage"},"thumbnailUrl":"https:\/\/uniest.it\/wp-content\/uploads\/2020\/12\/506AAC.png","datePublished":"2024-10-23T16:26:49+00:00","breadcrumb":{"@id":"https:\/\/uniest.it\/prodotto\/gel-de-arnica-con-bomba\/#breadcrumb"},"inLanguage":"es","potentialAction":[{"@type":"ReadAction","target":["https:\/\/uniest.it\/prodotto\/gel-de-arnica-con-bomba\/"]}]},{"@type":"ImageObject","inLanguage":"es","@id":"https:\/\/uniest.it\/prodotto\/gel-de-arnica-con-bomba\/#primaryimage","url":"https:\/\/uniest.it\/wp-content\/uploads\/2020\/12\/506AAC.png","contentUrl":"https:\/\/uniest.it\/wp-content\/uploads\/2020\/12\/506AAC.png","width":1283,"height":2000},{"@type":"BreadcrumbList","@id":"https:\/\/uniest.it\/prodotto\/gel-de-arnica-con-bomba\/#breadcrumb","itemListElement":[{"@type":"ListItem","position":1,"name":"Home","item":"https:\/\/uniest.it\/es\/"},{"@type":"ListItem","position":2,"name":"Shop","item":"https:\/\/uniest.it\/shop\/"},{"@type":"ListItem","position":3,"name":"Gel de \u00c1rnica con Bomba"}]},{"@type":"WebSite","@id":"https:\/\/uniest.it\/#website","url":"https:\/\/uniest.it\/","name":"Uniest","description":"Cosmetici Naturali e Bio","potentialAction":[{"@type":"SearchAction","target":{"@type":"EntryPoint","urlTemplate":"https:\/\/uniest.it\/?s={search_term_string}"},"query-input":{"@type":"PropertyValueSpecification","valueRequired":true,"valueName":"search_term_string"}}],"inLanguage":"es"}]}},"_links":{"self":[{"href":"https:\/\/uniest.it\/es\/wp-json\/wp\/v2\/product\/6274","targetHints":{"allow":["GET"]}}],"collection":[{"href":"https:\/\/uniest.it\/es\/wp-json\/wp\/v2\/product"}],"about":[{"href":"https:\/\/uniest.it\/es\/wp-json\/wp\/v2\/types\/product"}],"wp:featuredmedia":[{"embeddable":true,"href":"https:\/\/uniest.it\/es\/wp-json\/wp\/v2\/media\/6275"}],"wp:attachment":[{"href":"https:\/\/uniest.it\/es\/wp-json\/wp\/v2\/media?parent=6274"}],"wp:term":[{"taxonomy":"product_brand","embeddable":true,"href":"https:\/\/uniest.it\/es\/wp-json\/wp\/v2\/product_brand?post=6274"},{"taxonomy":"product_cat","embeddable":true,"href":"https:\/\/uniest.it\/es\/wp-json\/wp\/v2\/product_cat?post=6274"},{"taxonomy":"product_tag","embeddable":true,"href":"https:\/\/uniest.it\/es\/wp-json\/wp\/v2\/product_tag?post=6274"}],"curies":[{"name":"wp","href":"https:\/\/api.w.org\/{rel}","templated":true}]}}