{"id":6276,"date":"2024-10-23T17:26:49","date_gmt":"2024-10-23T16:26:49","guid":{"rendered":"https:\/\/uniest.it\/prodotto\/dermocrema\/"},"modified":"2024-10-23T17:26:49","modified_gmt":"2024-10-23T16:26:49","slug":"dermocrema","status":"publish","type":"product","link":"https:\/\/uniest.it\/es\/prodotto\/dermocrema\/","title":{"rendered":"dermocrema"},"content":{"rendered":"<p>Dermocream: es una crema regeneradora, gracias a sus compuestos favorece la r\u00e1pida cicatrizaci\u00f3n de los tejidos da\u00f1ados, favoreciendo la cicatrizaci\u00f3n. \u00datil en todos los casos de: &#8211; abrasiones de diversos tipos; &#8211; fisuras; &#8211; llagas; &#8211; quemaduras solares; &#8211; abolladuras. El uso correcto y constante ayuda a reducir la inflamaci\u00f3n, dando una agradable sensaci\u00f3n de bienestar y adem\u00e1s favorece el recrecimiento del cabello de la misma pigmentaci\u00f3n. Protege y nutre la piel.<\/p>\n","protected":false},"excerpt":{"rendered":"<p>Dermocream: es una crema regeneradora, gracias a sus compuestos favorece la r\u00e1pida cicatrizaci\u00f3n de los tejidos da\u00f1ados, favoreciendo la cicatrizaci\u00f3n. \u00datil en todos los casos de: &#8211; abrasiones de diversos tipos; &#8211; fisuras; &#8211; llagas; &#8211; quemaduras solares; &#8211; abolladuras. El uso correcto y constante ayuda a reducir la inflamaci\u00f3n, dando una agradable sensaci\u00f3n de [&hellip;]<\/p>\n","protected":false},"featured_media":6277,"template":"","meta":{"_acf_changed":false,"inline_featured_image":false},"product_brand":[],"product_cat":[1430],"product_tag":[],"class_list":{"0":"post-6276","1":"product","2":"type-product","3":"status-publish","4":"has-post-thumbnail","6":"product_beauty-idratare","7":"product_beauty-nutrire-e-rigenerare","8":"product_skin-tutti-gli-animali","9":"product_kind-trattamenti-speciali","10":"product_kind_pets-trattamenti-speciali","11":"product_lines-animal-care","12":"product_cat-famiglia-e-pet-es","13":"pa_size-1000-es","15":"first","16":"instock","17":"taxable","18":"shipping-taxable","19":"purchasable","20":"product-type-simple"},"acf":[],"yoast_head":"<!-- This site is optimized with the Yoast SEO plugin v24.6 - https:\/\/yoast.com\/wordpress\/plugins\/seo\/ -->\n<title>dermocrema - Uniest<\/title>\n<meta name=\"robots\" content=\"index, follow, max-snippet:-1, max-image-preview:large, max-video-preview:-1\" \/>\n<link rel=\"canonical\" href=\"https:\/\/uniest.it\/prodotto\/dermocrema\/\" \/>\n<meta property=\"og:locale\" content=\"es_ES\" \/>\n<meta property=\"og:type\" content=\"article\" \/>\n<meta property=\"og:title\" content=\"dermocrema - Uniest\" \/>\n<meta property=\"og:description\" content=\"Dermocream: es una crema regeneradora, gracias a sus compuestos favorece la r\u00e1pida cicatrizaci\u00f3n de los tejidos da\u00f1ados, favoreciendo la cicatrizaci\u00f3n. \u00datil en todos los casos de: &#8211; abrasiones de diversos tipos; &#8211; fisuras; &#8211; llagas; &#8211; quemaduras solares; &#8211; abolladuras. El uso correcto y constante ayuda a reducir la inflamaci\u00f3n, dando una agradable sensaci\u00f3n de [&hellip;]\" \/>\n<meta property=\"og:url\" content=\"https:\/\/uniest.it\/prodotto\/dermocrema\/\" \/>\n<meta property=\"og:site_name\" content=\"Uniest\" \/>\n<meta name=\"twitter:card\" content=\"summary_large_image\" \/>\n<script type=\"application\/ld+json\" class=\"yoast-schema-graph\">{\"@context\":\"https:\/\/schema.org\",\"@graph\":[{\"@type\":\"WebPage\",\"@id\":\"https:\/\/uniest.it\/prodotto\/dermocrema\/\",\"url\":\"https:\/\/uniest.it\/prodotto\/dermocrema\/\",\"name\":\"dermocrema - Uniest\",\"isPartOf\":{\"@id\":\"https:\/\/uniest.it\/#website\"},\"primaryImageOfPage\":{\"@id\":\"https:\/\/uniest.it\/prodotto\/dermocrema\/#primaryimage\"},\"image\":{\"@id\":\"https:\/\/uniest.it\/prodotto\/dermocrema\/#primaryimage\"},\"thumbnailUrl\":\"https:\/\/uniest.it\/wp-content\/uploads\/2020\/12\/507AAC.png\",\"datePublished\":\"2024-10-23T16:26:49+00:00\",\"breadcrumb\":{\"@id\":\"https:\/\/uniest.it\/prodotto\/dermocrema\/#breadcrumb\"},\"inLanguage\":\"es\",\"potentialAction\":[{\"@type\":\"ReadAction\",\"target\":[\"https:\/\/uniest.it\/prodotto\/dermocrema\/\"]}]},{\"@type\":\"ImageObject\",\"inLanguage\":\"es\",\"@id\":\"https:\/\/uniest.it\/prodotto\/dermocrema\/#primaryimage\",\"url\":\"https:\/\/uniest.it\/wp-content\/uploads\/2020\/12\/507AAC.png\",\"contentUrl\":\"https:\/\/uniest.it\/wp-content\/uploads\/2020\/12\/507AAC.png\",\"width\":1283,\"height\":2000},{\"@type\":\"BreadcrumbList\",\"@id\":\"https:\/\/uniest.it\/prodotto\/dermocrema\/#breadcrumb\",\"itemListElement\":[{\"@type\":\"ListItem\",\"position\":1,\"name\":\"Home\",\"item\":\"https:\/\/uniest.it\/es\/\"},{\"@type\":\"ListItem\",\"position\":2,\"name\":\"Shop\",\"item\":\"https:\/\/uniest.it\/shop\/\"},{\"@type\":\"ListItem\",\"position\":3,\"name\":\"dermocrema\"}]},{\"@type\":\"WebSite\",\"@id\":\"https:\/\/uniest.it\/#website\",\"url\":\"https:\/\/uniest.it\/\",\"name\":\"Uniest\",\"description\":\"Cosmetici Naturali e Bio\",\"potentialAction\":[{\"@type\":\"SearchAction\",\"target\":{\"@type\":\"EntryPoint\",\"urlTemplate\":\"https:\/\/uniest.it\/?s={search_term_string}\"},\"query-input\":{\"@type\":\"PropertyValueSpecification\",\"valueRequired\":true,\"valueName\":\"search_term_string\"}}],\"inLanguage\":\"es\"}]}<\/script>\n<!-- \/ Yoast SEO plugin. -->","yoast_head_json":{"title":"dermocrema - Uniest","robots":{"index":"index","follow":"follow","max-snippet":"max-snippet:-1","max-image-preview":"max-image-preview:large","max-video-preview":"max-video-preview:-1"},"canonical":"https:\/\/uniest.it\/prodotto\/dermocrema\/","og_locale":"es_ES","og_type":"article","og_title":"dermocrema - Uniest","og_description":"Dermocream: es una crema regeneradora, gracias a sus compuestos favorece la r\u00e1pida cicatrizaci\u00f3n de los tejidos da\u00f1ados, favoreciendo la cicatrizaci\u00f3n. \u00datil en todos los casos de: &#8211; abrasiones de diversos tipos; &#8211; fisuras; &#8211; llagas; &#8211; quemaduras solares; &#8211; abolladuras. El uso correcto y constante ayuda a reducir la inflamaci\u00f3n, dando una agradable sensaci\u00f3n de [&hellip;]","og_url":"https:\/\/uniest.it\/prodotto\/dermocrema\/","og_site_name":"Uniest","twitter_card":"summary_large_image","schema":{"@context":"https:\/\/schema.org","@graph":[{"@type":"WebPage","@id":"https:\/\/uniest.it\/prodotto\/dermocrema\/","url":"https:\/\/uniest.it\/prodotto\/dermocrema\/","name":"dermocrema - Uniest","isPartOf":{"@id":"https:\/\/uniest.it\/#website"},"primaryImageOfPage":{"@id":"https:\/\/uniest.it\/prodotto\/dermocrema\/#primaryimage"},"image":{"@id":"https:\/\/uniest.it\/prodotto\/dermocrema\/#primaryimage"},"thumbnailUrl":"https:\/\/uniest.it\/wp-content\/uploads\/2020\/12\/507AAC.png","datePublished":"2024-10-23T16:26:49+00:00","breadcrumb":{"@id":"https:\/\/uniest.it\/prodotto\/dermocrema\/#breadcrumb"},"inLanguage":"es","potentialAction":[{"@type":"ReadAction","target":["https:\/\/uniest.it\/prodotto\/dermocrema\/"]}]},{"@type":"ImageObject","inLanguage":"es","@id":"https:\/\/uniest.it\/prodotto\/dermocrema\/#primaryimage","url":"https:\/\/uniest.it\/wp-content\/uploads\/2020\/12\/507AAC.png","contentUrl":"https:\/\/uniest.it\/wp-content\/uploads\/2020\/12\/507AAC.png","width":1283,"height":2000},{"@type":"BreadcrumbList","@id":"https:\/\/uniest.it\/prodotto\/dermocrema\/#breadcrumb","itemListElement":[{"@type":"ListItem","position":1,"name":"Home","item":"https:\/\/uniest.it\/es\/"},{"@type":"ListItem","position":2,"name":"Shop","item":"https:\/\/uniest.it\/shop\/"},{"@type":"ListItem","position":3,"name":"dermocrema"}]},{"@type":"WebSite","@id":"https:\/\/uniest.it\/#website","url":"https:\/\/uniest.it\/","name":"Uniest","description":"Cosmetici Naturali e Bio","potentialAction":[{"@type":"SearchAction","target":{"@type":"EntryPoint","urlTemplate":"https:\/\/uniest.it\/?s={search_term_string}"},"query-input":{"@type":"PropertyValueSpecification","valueRequired":true,"valueName":"search_term_string"}}],"inLanguage":"es"}]}},"_links":{"self":[{"href":"https:\/\/uniest.it\/es\/wp-json\/wp\/v2\/product\/6276","targetHints":{"allow":["GET"]}}],"collection":[{"href":"https:\/\/uniest.it\/es\/wp-json\/wp\/v2\/product"}],"about":[{"href":"https:\/\/uniest.it\/es\/wp-json\/wp\/v2\/types\/product"}],"wp:featuredmedia":[{"embeddable":true,"href":"https:\/\/uniest.it\/es\/wp-json\/wp\/v2\/media\/6277"}],"wp:attachment":[{"href":"https:\/\/uniest.it\/es\/wp-json\/wp\/v2\/media?parent=6276"}],"wp:term":[{"taxonomy":"product_brand","embeddable":true,"href":"https:\/\/uniest.it\/es\/wp-json\/wp\/v2\/product_brand?post=6276"},{"taxonomy":"product_cat","embeddable":true,"href":"https:\/\/uniest.it\/es\/wp-json\/wp\/v2\/product_cat?post=6276"},{"taxonomy":"product_tag","embeddable":true,"href":"https:\/\/uniest.it\/es\/wp-json\/wp\/v2\/product_tag?post=6276"}],"curies":[{"name":"wp","href":"https:\/\/api.w.org\/{rel}","templated":true}]}}