{"id":6280,"date":"2021-02-04T13:00:25","date_gmt":"2024-10-23T16:26:50","guid":{"rendered":"https:\/\/uniest.it\/prodotto\/aceite-de-jojoba\/"},"modified":"2024-10-23T17:26:50","modified_gmt":"2024-10-23T16:26:50","slug":"aceite-de-jojoba","status":"publish","type":"product","link":"https:\/\/uniest.it\/es\/prodotto\/aceite-de-jojoba\/","title":{"rendered":"aceite de jojoba"},"content":{"rendered":"<p>Aceite de Jojoba Puro Aceite de Jojoba de sabor delicado, este producto tiene una excelente absorci\u00f3n cut\u00e1nea y deja la piel luminosa y el\u00e1stica. Conocido por sus propiedades antioxidantes, debido a la presencia de tocoferoles naturales, es fundamental en casos de envejecimiento prematuro para combatir las arrugas existentes y prevenir su formaci\u00f3n. Tiene propiedades emolientes y es adecuado como suavizante protector de los labios pudiendo utilizarse tambi\u00e9n como coadyuvante en el tratamiento de pieles con tendencia acneica. Su funci\u00f3n es principalmente eud\u00e9rmica, es decir, restablecer el estado fisiol\u00f3gico de la piel, excelente remedio contra la sequedad y las grietas, formando una capa sobre la piel que evita la p\u00e9rdida de agua, por tanto la deshidrataci\u00f3n, pero sin ocluirla, es decir, sin impedir que el agua penetre regularmente en la piel. La deshidrataci\u00f3n es una de las principales causas del envejecimiento de la piel, por lo que el aceite de jojoba es tambi\u00e9n un excelente antienvejecimiento, elastificante y antioxidante. Tambi\u00e9n es muy adecuado para la salud capilar por su efecto nutritivo, brillante, antiencrespamiento, desenredante, protector y purificante del cuero cabelludo.<\/p>\n","protected":false},"excerpt":{"rendered":"<p>Aceite de Jojoba Puro Aceite de Jojoba de sabor delicado, este producto tiene una excelente absorci\u00f3n cut\u00e1nea y deja la piel luminosa y el\u00e1stica. Conocido por sus propiedades antioxidantes, debido a la presencia de tocoferoles naturales, es fundamental en casos de envejecimiento prematuro para combatir las arrugas existentes y prevenir su formaci\u00f3n. Tiene propiedades emolientes [&hellip;]<\/p>\n","protected":false},"featured_media":6281,"template":"","meta":{"_acf_changed":false,"inline_featured_image":false},"product_brand":[],"product_cat":[1425,1435],"product_tag":[],"class_list":{"0":"post-6280","1":"product","2":"type-product","3":"status-publish","4":"has-post-thumbnail","6":"product_beauty-antirughe","7":"product_beauty-idratare","8":"product_beauty-nutrire-e-rigenerare","9":"product_beauty-proteggere","10":"product_beauty-purificare","11":"product_beauty-rassodare-e-tonificare","12":"product_beauty-riequilibrare","13":"product_skin-tutte-le-pelli","14":"product_kind-oli-e-burri","15":"product_kind-trattamenti-speciali","16":"product_lines-oli-pregiati-puri","17":"product_cat-corpo-es","18":"product_cat-viso-es","19":"pa_size-100-es","21":"first","22":"instock","23":"taxable","24":"shipping-taxable","25":"purchasable","26":"product-type-simple"},"acf":[],"yoast_head":"<!-- This site is optimized with the Yoast SEO plugin v24.6 - https:\/\/yoast.com\/wordpress\/plugins\/seo\/ -->\n<title>aceite de jojoba - Uniest<\/title>\n<meta name=\"robots\" content=\"index, follow, max-snippet:-1, max-image-preview:large, max-video-preview:-1\" \/>\n<link rel=\"canonical\" href=\"https:\/\/uniest.it\/prodotto\/aceite-de-jojoba\/\" \/>\n<meta property=\"og:locale\" content=\"es_ES\" \/>\n<meta property=\"og:type\" content=\"article\" \/>\n<meta property=\"og:title\" content=\"aceite de jojoba - Uniest\" \/>\n<meta property=\"og:description\" content=\"Aceite de Jojoba Puro Aceite de Jojoba de sabor delicado, este producto tiene una excelente absorci\u00f3n cut\u00e1nea y deja la piel luminosa y el\u00e1stica. Conocido por sus propiedades antioxidantes, debido a la presencia de tocoferoles naturales, es fundamental en casos de envejecimiento prematuro para combatir las arrugas existentes y prevenir su formaci\u00f3n. Tiene propiedades emolientes [&hellip;]\" \/>\n<meta property=\"og:url\" content=\"https:\/\/uniest.it\/prodotto\/aceite-de-jojoba\/\" \/>\n<meta property=\"og:site_name\" content=\"Uniest\" \/>\n<meta name=\"twitter:card\" content=\"summary_large_image\" \/>\n<meta name=\"twitter:label1\" content=\"Tiempo de lectura\" \/>\n\t<meta name=\"twitter:data1\" content=\"1 minuto\" \/>\n<script type=\"application\/ld+json\" class=\"yoast-schema-graph\">{\"@context\":\"https:\/\/schema.org\",\"@graph\":[{\"@type\":\"WebPage\",\"@id\":\"https:\/\/uniest.it\/prodotto\/aceite-de-jojoba\/\",\"url\":\"https:\/\/uniest.it\/prodotto\/aceite-de-jojoba\/\",\"name\":\"aceite de jojoba - Uniest\",\"isPartOf\":{\"@id\":\"https:\/\/uniest.it\/#website\"},\"primaryImageOfPage\":{\"@id\":\"https:\/\/uniest.it\/prodotto\/aceite-de-jojoba\/#primaryimage\"},\"image\":{\"@id\":\"https:\/\/uniest.it\/prodotto\/aceite-de-jojoba\/#primaryimage\"},\"thumbnailUrl\":\"https:\/\/uniest.it\/wp-content\/uploads\/2020\/11\/510AAM.png\",\"datePublished\":\"2024-10-23T16:26:50+00:00\",\"breadcrumb\":{\"@id\":\"https:\/\/uniest.it\/prodotto\/aceite-de-jojoba\/#breadcrumb\"},\"inLanguage\":\"es\",\"potentialAction\":[{\"@type\":\"ReadAction\",\"target\":[\"https:\/\/uniest.it\/prodotto\/aceite-de-jojoba\/\"]}]},{\"@type\":\"ImageObject\",\"inLanguage\":\"es\",\"@id\":\"https:\/\/uniest.it\/prodotto\/aceite-de-jojoba\/#primaryimage\",\"url\":\"https:\/\/uniest.it\/wp-content\/uploads\/2020\/11\/510AAM.png\",\"contentUrl\":\"https:\/\/uniest.it\/wp-content\/uploads\/2020\/11\/510AAM.png\",\"width\":1283,\"height\":2000},{\"@type\":\"BreadcrumbList\",\"@id\":\"https:\/\/uniest.it\/prodotto\/aceite-de-jojoba\/#breadcrumb\",\"itemListElement\":[{\"@type\":\"ListItem\",\"position\":1,\"name\":\"Home\",\"item\":\"https:\/\/uniest.it\/es\/\"},{\"@type\":\"ListItem\",\"position\":2,\"name\":\"Shop\",\"item\":\"https:\/\/uniest.it\/shop\/\"},{\"@type\":\"ListItem\",\"position\":3,\"name\":\"aceite de jojoba\"}]},{\"@type\":\"WebSite\",\"@id\":\"https:\/\/uniest.it\/#website\",\"url\":\"https:\/\/uniest.it\/\",\"name\":\"Uniest\",\"description\":\"Cosmetici Naturali e Bio\",\"potentialAction\":[{\"@type\":\"SearchAction\",\"target\":{\"@type\":\"EntryPoint\",\"urlTemplate\":\"https:\/\/uniest.it\/?s={search_term_string}\"},\"query-input\":{\"@type\":\"PropertyValueSpecification\",\"valueRequired\":true,\"valueName\":\"search_term_string\"}}],\"inLanguage\":\"es\"}]}<\/script>\n<!-- \/ Yoast SEO plugin. -->","yoast_head_json":{"title":"aceite de jojoba - Uniest","robots":{"index":"index","follow":"follow","max-snippet":"max-snippet:-1","max-image-preview":"max-image-preview:large","max-video-preview":"max-video-preview:-1"},"canonical":"https:\/\/uniest.it\/prodotto\/aceite-de-jojoba\/","og_locale":"es_ES","og_type":"article","og_title":"aceite de jojoba - Uniest","og_description":"Aceite de Jojoba Puro Aceite de Jojoba de sabor delicado, este producto tiene una excelente absorci\u00f3n cut\u00e1nea y deja la piel luminosa y el\u00e1stica. Conocido por sus propiedades antioxidantes, debido a la presencia de tocoferoles naturales, es fundamental en casos de envejecimiento prematuro para combatir las arrugas existentes y prevenir su formaci\u00f3n. Tiene propiedades emolientes [&hellip;]","og_url":"https:\/\/uniest.it\/prodotto\/aceite-de-jojoba\/","og_site_name":"Uniest","twitter_card":"summary_large_image","twitter_misc":{"Tiempo de lectura":"1 minuto"},"schema":{"@context":"https:\/\/schema.org","@graph":[{"@type":"WebPage","@id":"https:\/\/uniest.it\/prodotto\/aceite-de-jojoba\/","url":"https:\/\/uniest.it\/prodotto\/aceite-de-jojoba\/","name":"aceite de jojoba - Uniest","isPartOf":{"@id":"https:\/\/uniest.it\/#website"},"primaryImageOfPage":{"@id":"https:\/\/uniest.it\/prodotto\/aceite-de-jojoba\/#primaryimage"},"image":{"@id":"https:\/\/uniest.it\/prodotto\/aceite-de-jojoba\/#primaryimage"},"thumbnailUrl":"https:\/\/uniest.it\/wp-content\/uploads\/2020\/11\/510AAM.png","datePublished":"2024-10-23T16:26:50+00:00","breadcrumb":{"@id":"https:\/\/uniest.it\/prodotto\/aceite-de-jojoba\/#breadcrumb"},"inLanguage":"es","potentialAction":[{"@type":"ReadAction","target":["https:\/\/uniest.it\/prodotto\/aceite-de-jojoba\/"]}]},{"@type":"ImageObject","inLanguage":"es","@id":"https:\/\/uniest.it\/prodotto\/aceite-de-jojoba\/#primaryimage","url":"https:\/\/uniest.it\/wp-content\/uploads\/2020\/11\/510AAM.png","contentUrl":"https:\/\/uniest.it\/wp-content\/uploads\/2020\/11\/510AAM.png","width":1283,"height":2000},{"@type":"BreadcrumbList","@id":"https:\/\/uniest.it\/prodotto\/aceite-de-jojoba\/#breadcrumb","itemListElement":[{"@type":"ListItem","position":1,"name":"Home","item":"https:\/\/uniest.it\/es\/"},{"@type":"ListItem","position":2,"name":"Shop","item":"https:\/\/uniest.it\/shop\/"},{"@type":"ListItem","position":3,"name":"aceite de jojoba"}]},{"@type":"WebSite","@id":"https:\/\/uniest.it\/#website","url":"https:\/\/uniest.it\/","name":"Uniest","description":"Cosmetici Naturali e Bio","potentialAction":[{"@type":"SearchAction","target":{"@type":"EntryPoint","urlTemplate":"https:\/\/uniest.it\/?s={search_term_string}"},"query-input":{"@type":"PropertyValueSpecification","valueRequired":true,"valueName":"search_term_string"}}],"inLanguage":"es"}]}},"_links":{"self":[{"href":"https:\/\/uniest.it\/es\/wp-json\/wp\/v2\/product\/6280","targetHints":{"allow":["GET"]}}],"collection":[{"href":"https:\/\/uniest.it\/es\/wp-json\/wp\/v2\/product"}],"about":[{"href":"https:\/\/uniest.it\/es\/wp-json\/wp\/v2\/types\/product"}],"wp:featuredmedia":[{"embeddable":true,"href":"https:\/\/uniest.it\/es\/wp-json\/wp\/v2\/media\/6281"}],"wp:attachment":[{"href":"https:\/\/uniest.it\/es\/wp-json\/wp\/v2\/media?parent=6280"}],"wp:term":[{"taxonomy":"product_brand","embeddable":true,"href":"https:\/\/uniest.it\/es\/wp-json\/wp\/v2\/product_brand?post=6280"},{"taxonomy":"product_cat","embeddable":true,"href":"https:\/\/uniest.it\/es\/wp-json\/wp\/v2\/product_cat?post=6280"},{"taxonomy":"product_tag","embeddable":true,"href":"https:\/\/uniest.it\/es\/wp-json\/wp\/v2\/product_tag?post=6280"}],"curies":[{"name":"wp","href":"https:\/\/api.w.org\/{rel}","templated":true}]}}