{"id":6282,"date":"2021-02-04T13:00:25","date_gmt":"2024-10-23T16:26:51","guid":{"rendered":"https:\/\/uniest.it\/prodotto\/aceite-de-almendras-dulces-organico-vitamina-e\/"},"modified":"2024-10-23T17:26:51","modified_gmt":"2024-10-23T16:26:51","slug":"aceite-de-almendras-dulces-organico-vitamina-e","status":"publish","type":"product","link":"https:\/\/uniest.it\/es\/prodotto\/aceite-de-almendras-dulces-organico-vitamina-e\/","title":{"rendered":"Aceite de Almendras Dulces ORG\u00c1NICO + Vitamina E"},"content":{"rendered":"<p>Aceite de almendras dulces extremadamente puro procedente de cultivo ecol\u00f3gico. De sabor delicado, se extrae de la semilla de la almendra. Gracias a sus propiedades emolientes, suavizantes, nutritivas y calmantes, el Aceite de Almendras Dulces est\u00e1 especialmente indicado para pieles fr\u00e1giles y sensibles como la de reci\u00e9n nacidos, ni\u00f1os y personas mayores y para pieles secas y enrojecidas. Eficaz en el tratamiento de las estr\u00edas, por ello se recomienda su aplicaci\u00f3n durante el embarazo a partir del tercer mes en abdomen, mamas, caderas y muslos. Rico en Vitaminas E, B y Minerales, es un excelente coadyuvante en el tratamiento de hinchazones, quemaduras y tejidos que requieren elasticidad. Tambi\u00e9n se utiliza para el cuidado del cabello seco, encrespado, debilitado por el sol y la sal, devolvi\u00e9ndole su suavidad y brillo. Una compresa de unos 30 minutos antes del champ\u00fa puede dejar el cabello m\u00e1s suave y brillante, nutrido y compacto.<\/p>\n","protected":false},"excerpt":{"rendered":"<p>Aceite de almendras dulces extremadamente puro procedente de cultivo ecol\u00f3gico. De sabor delicado, se extrae de la semilla de la almendra. Gracias a sus propiedades emolientes, suavizantes, nutritivas y calmantes, el Aceite de Almendras Dulces est\u00e1 especialmente indicado para pieles fr\u00e1giles y sensibles como la de reci\u00e9n nacidos, ni\u00f1os y personas mayores y para pieles [&hellip;]<\/p>\n","protected":false},"featured_media":6283,"template":"","meta":{"_acf_changed":false,"inline_featured_image":false},"product_brand":[],"product_cat":[1425,1430,1435],"product_tag":[],"class_list":{"0":"post-6282","1":"product","2":"type-product","3":"status-publish","4":"has-post-thumbnail","6":"product_beauty-antirughe","7":"product_beauty-idratare","8":"product_beauty-lenire","9":"product_beauty-nutrire-e-rigenerare","10":"product_beauty-proteggere","11":"product_beauty-rassodare-e-tonificare","12":"product_beauty-schiarire","13":"product_skin-tutte-le-pelli","14":"product_kind-creme-antieta-e-prime-rughe","15":"product_kind-oli-e-burri","16":"product_kind-trattamenti-speciali","17":"product_lines-oli-pregiati-puri","18":"product_cat-corpo-es","19":"product_cat-famiglia-e-pet-es","20":"product_cat-viso-es","21":"pa_size-100-es","23":"first","24":"instock","25":"taxable","26":"shipping-taxable","27":"purchasable","28":"product-type-simple"},"acf":[],"yoast_head":"<!-- This site is optimized with the Yoast SEO plugin v24.6 - https:\/\/yoast.com\/wordpress\/plugins\/seo\/ -->\n<title>Aceite de Almendras Dulces ORG\u00c1NICO + Vitamina E - Uniest<\/title>\n<meta name=\"robots\" content=\"index, follow, max-snippet:-1, max-image-preview:large, max-video-preview:-1\" \/>\n<link rel=\"canonical\" href=\"https:\/\/uniest.it\/prodotto\/aceite-de-almendras-dulces-organico-vitamina-e\/\" \/>\n<meta property=\"og:locale\" content=\"es_ES\" \/>\n<meta property=\"og:type\" content=\"article\" \/>\n<meta property=\"og:title\" content=\"Aceite de Almendras Dulces ORG\u00c1NICO + Vitamina E - Uniest\" \/>\n<meta property=\"og:description\" content=\"Aceite de almendras dulces extremadamente puro procedente de cultivo ecol\u00f3gico. De sabor delicado, se extrae de la semilla de la almendra. Gracias a sus propiedades emolientes, suavizantes, nutritivas y calmantes, el Aceite de Almendras Dulces est\u00e1 especialmente indicado para pieles fr\u00e1giles y sensibles como la de reci\u00e9n nacidos, ni\u00f1os y personas mayores y para pieles [&hellip;]\" \/>\n<meta property=\"og:url\" content=\"https:\/\/uniest.it\/prodotto\/aceite-de-almendras-dulces-organico-vitamina-e\/\" \/>\n<meta property=\"og:site_name\" content=\"Uniest\" \/>\n<meta name=\"twitter:card\" content=\"summary_large_image\" \/>\n<meta name=\"twitter:label1\" content=\"Tiempo de lectura\" \/>\n\t<meta name=\"twitter:data1\" content=\"1 minuto\" \/>\n<script type=\"application\/ld+json\" class=\"yoast-schema-graph\">{\"@context\":\"https:\/\/schema.org\",\"@graph\":[{\"@type\":\"WebPage\",\"@id\":\"https:\/\/uniest.it\/prodotto\/aceite-de-almendras-dulces-organico-vitamina-e\/\",\"url\":\"https:\/\/uniest.it\/prodotto\/aceite-de-almendras-dulces-organico-vitamina-e\/\",\"name\":\"Aceite de Almendras Dulces ORG\u00c1NICO + Vitamina E - Uniest\",\"isPartOf\":{\"@id\":\"https:\/\/uniest.it\/#website\"},\"primaryImageOfPage\":{\"@id\":\"https:\/\/uniest.it\/prodotto\/aceite-de-almendras-dulces-organico-vitamina-e\/#primaryimage\"},\"image\":{\"@id\":\"https:\/\/uniest.it\/prodotto\/aceite-de-almendras-dulces-organico-vitamina-e\/#primaryimage\"},\"thumbnailUrl\":\"https:\/\/uniest.it\/wp-content\/uploads\/2020\/11\/512AAM.png\",\"datePublished\":\"2024-10-23T16:26:51+00:00\",\"breadcrumb\":{\"@id\":\"https:\/\/uniest.it\/prodotto\/aceite-de-almendras-dulces-organico-vitamina-e\/#breadcrumb\"},\"inLanguage\":\"es\",\"potentialAction\":[{\"@type\":\"ReadAction\",\"target\":[\"https:\/\/uniest.it\/prodotto\/aceite-de-almendras-dulces-organico-vitamina-e\/\"]}]},{\"@type\":\"ImageObject\",\"inLanguage\":\"es\",\"@id\":\"https:\/\/uniest.it\/prodotto\/aceite-de-almendras-dulces-organico-vitamina-e\/#primaryimage\",\"url\":\"https:\/\/uniest.it\/wp-content\/uploads\/2020\/11\/512AAM.png\",\"contentUrl\":\"https:\/\/uniest.it\/wp-content\/uploads\/2020\/11\/512AAM.png\",\"width\":1283,\"height\":2000},{\"@type\":\"BreadcrumbList\",\"@id\":\"https:\/\/uniest.it\/prodotto\/aceite-de-almendras-dulces-organico-vitamina-e\/#breadcrumb\",\"itemListElement\":[{\"@type\":\"ListItem\",\"position\":1,\"name\":\"Home\",\"item\":\"https:\/\/uniest.it\/es\/\"},{\"@type\":\"ListItem\",\"position\":2,\"name\":\"Shop\",\"item\":\"https:\/\/uniest.it\/shop\/\"},{\"@type\":\"ListItem\",\"position\":3,\"name\":\"Aceite de Almendras Dulces ORG\u00c1NICO + Vitamina E\"}]},{\"@type\":\"WebSite\",\"@id\":\"https:\/\/uniest.it\/#website\",\"url\":\"https:\/\/uniest.it\/\",\"name\":\"Uniest\",\"description\":\"Cosmetici Naturali e Bio\",\"potentialAction\":[{\"@type\":\"SearchAction\",\"target\":{\"@type\":\"EntryPoint\",\"urlTemplate\":\"https:\/\/uniest.it\/?s={search_term_string}\"},\"query-input\":{\"@type\":\"PropertyValueSpecification\",\"valueRequired\":true,\"valueName\":\"search_term_string\"}}],\"inLanguage\":\"es\"}]}<\/script>\n<!-- \/ Yoast SEO plugin. -->","yoast_head_json":{"title":"Aceite de Almendras Dulces ORG\u00c1NICO + Vitamina E - Uniest","robots":{"index":"index","follow":"follow","max-snippet":"max-snippet:-1","max-image-preview":"max-image-preview:large","max-video-preview":"max-video-preview:-1"},"canonical":"https:\/\/uniest.it\/prodotto\/aceite-de-almendras-dulces-organico-vitamina-e\/","og_locale":"es_ES","og_type":"article","og_title":"Aceite de Almendras Dulces ORG\u00c1NICO + Vitamina E - Uniest","og_description":"Aceite de almendras dulces extremadamente puro procedente de cultivo ecol\u00f3gico. De sabor delicado, se extrae de la semilla de la almendra. Gracias a sus propiedades emolientes, suavizantes, nutritivas y calmantes, el Aceite de Almendras Dulces est\u00e1 especialmente indicado para pieles fr\u00e1giles y sensibles como la de reci\u00e9n nacidos, ni\u00f1os y personas mayores y para pieles [&hellip;]","og_url":"https:\/\/uniest.it\/prodotto\/aceite-de-almendras-dulces-organico-vitamina-e\/","og_site_name":"Uniest","twitter_card":"summary_large_image","twitter_misc":{"Tiempo de lectura":"1 minuto"},"schema":{"@context":"https:\/\/schema.org","@graph":[{"@type":"WebPage","@id":"https:\/\/uniest.it\/prodotto\/aceite-de-almendras-dulces-organico-vitamina-e\/","url":"https:\/\/uniest.it\/prodotto\/aceite-de-almendras-dulces-organico-vitamina-e\/","name":"Aceite de Almendras Dulces ORG\u00c1NICO + Vitamina E - Uniest","isPartOf":{"@id":"https:\/\/uniest.it\/#website"},"primaryImageOfPage":{"@id":"https:\/\/uniest.it\/prodotto\/aceite-de-almendras-dulces-organico-vitamina-e\/#primaryimage"},"image":{"@id":"https:\/\/uniest.it\/prodotto\/aceite-de-almendras-dulces-organico-vitamina-e\/#primaryimage"},"thumbnailUrl":"https:\/\/uniest.it\/wp-content\/uploads\/2020\/11\/512AAM.png","datePublished":"2024-10-23T16:26:51+00:00","breadcrumb":{"@id":"https:\/\/uniest.it\/prodotto\/aceite-de-almendras-dulces-organico-vitamina-e\/#breadcrumb"},"inLanguage":"es","potentialAction":[{"@type":"ReadAction","target":["https:\/\/uniest.it\/prodotto\/aceite-de-almendras-dulces-organico-vitamina-e\/"]}]},{"@type":"ImageObject","inLanguage":"es","@id":"https:\/\/uniest.it\/prodotto\/aceite-de-almendras-dulces-organico-vitamina-e\/#primaryimage","url":"https:\/\/uniest.it\/wp-content\/uploads\/2020\/11\/512AAM.png","contentUrl":"https:\/\/uniest.it\/wp-content\/uploads\/2020\/11\/512AAM.png","width":1283,"height":2000},{"@type":"BreadcrumbList","@id":"https:\/\/uniest.it\/prodotto\/aceite-de-almendras-dulces-organico-vitamina-e\/#breadcrumb","itemListElement":[{"@type":"ListItem","position":1,"name":"Home","item":"https:\/\/uniest.it\/es\/"},{"@type":"ListItem","position":2,"name":"Shop","item":"https:\/\/uniest.it\/shop\/"},{"@type":"ListItem","position":3,"name":"Aceite de Almendras Dulces ORG\u00c1NICO + Vitamina E"}]},{"@type":"WebSite","@id":"https:\/\/uniest.it\/#website","url":"https:\/\/uniest.it\/","name":"Uniest","description":"Cosmetici Naturali e Bio","potentialAction":[{"@type":"SearchAction","target":{"@type":"EntryPoint","urlTemplate":"https:\/\/uniest.it\/?s={search_term_string}"},"query-input":{"@type":"PropertyValueSpecification","valueRequired":true,"valueName":"search_term_string"}}],"inLanguage":"es"}]}},"_links":{"self":[{"href":"https:\/\/uniest.it\/es\/wp-json\/wp\/v2\/product\/6282","targetHints":{"allow":["GET"]}}],"collection":[{"href":"https:\/\/uniest.it\/es\/wp-json\/wp\/v2\/product"}],"about":[{"href":"https:\/\/uniest.it\/es\/wp-json\/wp\/v2\/types\/product"}],"wp:featuredmedia":[{"embeddable":true,"href":"https:\/\/uniest.it\/es\/wp-json\/wp\/v2\/media\/6283"}],"wp:attachment":[{"href":"https:\/\/uniest.it\/es\/wp-json\/wp\/v2\/media?parent=6282"}],"wp:term":[{"taxonomy":"product_brand","embeddable":true,"href":"https:\/\/uniest.it\/es\/wp-json\/wp\/v2\/product_brand?post=6282"},{"taxonomy":"product_cat","embeddable":true,"href":"https:\/\/uniest.it\/es\/wp-json\/wp\/v2\/product_cat?post=6282"},{"taxonomy":"product_tag","embeddable":true,"href":"https:\/\/uniest.it\/es\/wp-json\/wp\/v2\/product_tag?post=6282"}],"curies":[{"name":"wp","href":"https:\/\/api.w.org\/{rel}","templated":true}]}}