{"id":6284,"date":"2021-02-04T13:00:25","date_gmt":"2024-10-23T16:26:52","guid":{"rendered":"https:\/\/uniest.it\/prodotto\/aceite-de-salvado-de-arroz-vitamina-c\/"},"modified":"2024-10-23T17:26:52","modified_gmt":"2024-10-23T16:26:52","slug":"aceite-de-salvado-de-arroz-vitamina-c","status":"publish","type":"product","link":"https:\/\/uniest.it\/es\/prodotto\/aceite-de-salvado-de-arroz-vitamina-c\/","title":{"rendered":"Aceite de salvado de arroz + vitamina C"},"content":{"rendered":"<p>Aceite de salvado de arroz extremadamente puro El aceite de salvado de arroz est\u00e1 naturalmente enriquecido con gamma orizanol y vitamina E, lo que lo convierte en un producto con caracter\u00edsticas emolientes, calmantes, protectoras y antioxidantes. Su composici\u00f3n, perfectamente equilibrada en \u00c1cido Oleico, Linoleico, Palm\u00edtico y Vitamina E, lo convierte en un aceite especialmente indicado para combatir el envejecimiento cut\u00e1neo. Protege de los rayos solares ya que sus componentes naturales favorecen el bronceado de la piel, contrarrestando la formaci\u00f3n de radicales libres. Tiene una acci\u00f3n emoliente profunda, dejando la piel suave, luminosa, hidratada y nutrida d\u00eda tras d\u00eda. El aceite de arroz es muy \u00fatil para el tratamiento de pieles maduras, irritadas y apagadas y para el cuidado del contorno de ojos.<\/p>\n","protected":false},"excerpt":{"rendered":"<p>Aceite de salvado de arroz extremadamente puro El aceite de salvado de arroz est\u00e1 naturalmente enriquecido con gamma orizanol y vitamina E, lo que lo convierte en un producto con caracter\u00edsticas emolientes, calmantes, protectoras y antioxidantes. Su composici\u00f3n, perfectamente equilibrada en \u00c1cido Oleico, Linoleico, Palm\u00edtico y Vitamina E, lo convierte en un aceite especialmente indicado [&hellip;]<\/p>\n","protected":false},"featured_media":6285,"template":"","meta":{"_acf_changed":false,"inline_featured_image":false},"product_brand":[],"product_cat":[1425,1444,1435],"product_tag":[],"class_list":{"0":"post-6284","1":"product","2":"type-product","3":"status-publish","4":"has-post-thumbnail","6":"product_beauty-antirughe","7":"product_beauty-detergere","8":"product_beauty-detox-e-dren","9":"product_beauty-esfoliare","10":"product_beauty-idratare","11":"product_beauty-nutrire-e-rigenerare","12":"product_beauty-rassodare-e-tonificare","13":"product_skin-tutte-le-pelli","14":"product_kind-creme-antieta-e-prime-rughe","15":"product_kind-oli-e-burri","16":"product_kind-trattamenti-speciali","17":"product_lines-oli-pregiati-puri","18":"product_cat-corpo-es","19":"product_cat-mani-e-piedi-es","20":"product_cat-viso-es","21":"pa_size-100-es","23":"first","24":"instock","25":"taxable","26":"shipping-taxable","27":"purchasable","28":"product-type-simple"},"acf":[],"yoast_head":"<!-- This site is optimized with the Yoast SEO plugin v24.6 - https:\/\/yoast.com\/wordpress\/plugins\/seo\/ -->\n<title>Aceite de salvado de arroz + vitamina C - Uniest<\/title>\n<meta name=\"robots\" content=\"index, follow, max-snippet:-1, max-image-preview:large, max-video-preview:-1\" \/>\n<link rel=\"canonical\" href=\"https:\/\/uniest.it\/prodotto\/aceite-de-salvado-de-arroz-vitamina-c\/\" \/>\n<meta property=\"og:locale\" content=\"es_ES\" \/>\n<meta property=\"og:type\" content=\"article\" \/>\n<meta property=\"og:title\" content=\"Aceite de salvado de arroz + vitamina C - Uniest\" \/>\n<meta property=\"og:description\" content=\"Aceite de salvado de arroz extremadamente puro El aceite de salvado de arroz est\u00e1 naturalmente enriquecido con gamma orizanol y vitamina E, lo que lo convierte en un producto con caracter\u00edsticas emolientes, calmantes, protectoras y antioxidantes. Su composici\u00f3n, perfectamente equilibrada en \u00c1cido Oleico, Linoleico, Palm\u00edtico y Vitamina E, lo convierte en un aceite especialmente indicado [&hellip;]\" \/>\n<meta property=\"og:url\" content=\"https:\/\/uniest.it\/prodotto\/aceite-de-salvado-de-arroz-vitamina-c\/\" \/>\n<meta property=\"og:site_name\" content=\"Uniest\" \/>\n<meta name=\"twitter:card\" content=\"summary_large_image\" \/>\n<meta name=\"twitter:label1\" content=\"Tiempo de lectura\" \/>\n\t<meta name=\"twitter:data1\" content=\"1 minuto\" \/>\n<script type=\"application\/ld+json\" class=\"yoast-schema-graph\">{\"@context\":\"https:\/\/schema.org\",\"@graph\":[{\"@type\":\"WebPage\",\"@id\":\"https:\/\/uniest.it\/prodotto\/aceite-de-salvado-de-arroz-vitamina-c\/\",\"url\":\"https:\/\/uniest.it\/prodotto\/aceite-de-salvado-de-arroz-vitamina-c\/\",\"name\":\"Aceite de salvado de arroz + vitamina C - Uniest\",\"isPartOf\":{\"@id\":\"https:\/\/uniest.it\/#website\"},\"primaryImageOfPage\":{\"@id\":\"https:\/\/uniest.it\/prodotto\/aceite-de-salvado-de-arroz-vitamina-c\/#primaryimage\"},\"image\":{\"@id\":\"https:\/\/uniest.it\/prodotto\/aceite-de-salvado-de-arroz-vitamina-c\/#primaryimage\"},\"thumbnailUrl\":\"https:\/\/uniest.it\/wp-content\/uploads\/2020\/11\/514AAM.png\",\"datePublished\":\"2024-10-23T16:26:52+00:00\",\"breadcrumb\":{\"@id\":\"https:\/\/uniest.it\/prodotto\/aceite-de-salvado-de-arroz-vitamina-c\/#breadcrumb\"},\"inLanguage\":\"es\",\"potentialAction\":[{\"@type\":\"ReadAction\",\"target\":[\"https:\/\/uniest.it\/prodotto\/aceite-de-salvado-de-arroz-vitamina-c\/\"]}]},{\"@type\":\"ImageObject\",\"inLanguage\":\"es\",\"@id\":\"https:\/\/uniest.it\/prodotto\/aceite-de-salvado-de-arroz-vitamina-c\/#primaryimage\",\"url\":\"https:\/\/uniest.it\/wp-content\/uploads\/2020\/11\/514AAM.png\",\"contentUrl\":\"https:\/\/uniest.it\/wp-content\/uploads\/2020\/11\/514AAM.png\",\"width\":1283,\"height\":2000},{\"@type\":\"BreadcrumbList\",\"@id\":\"https:\/\/uniest.it\/prodotto\/aceite-de-salvado-de-arroz-vitamina-c\/#breadcrumb\",\"itemListElement\":[{\"@type\":\"ListItem\",\"position\":1,\"name\":\"Home\",\"item\":\"https:\/\/uniest.it\/es\/\"},{\"@type\":\"ListItem\",\"position\":2,\"name\":\"Shop\",\"item\":\"https:\/\/uniest.it\/shop\/\"},{\"@type\":\"ListItem\",\"position\":3,\"name\":\"Aceite de salvado de arroz + vitamina C\"}]},{\"@type\":\"WebSite\",\"@id\":\"https:\/\/uniest.it\/#website\",\"url\":\"https:\/\/uniest.it\/\",\"name\":\"Uniest\",\"description\":\"Cosmetici Naturali e Bio\",\"potentialAction\":[{\"@type\":\"SearchAction\",\"target\":{\"@type\":\"EntryPoint\",\"urlTemplate\":\"https:\/\/uniest.it\/?s={search_term_string}\"},\"query-input\":{\"@type\":\"PropertyValueSpecification\",\"valueRequired\":true,\"valueName\":\"search_term_string\"}}],\"inLanguage\":\"es\"}]}<\/script>\n<!-- \/ Yoast SEO plugin. -->","yoast_head_json":{"title":"Aceite de salvado de arroz + vitamina C - Uniest","robots":{"index":"index","follow":"follow","max-snippet":"max-snippet:-1","max-image-preview":"max-image-preview:large","max-video-preview":"max-video-preview:-1"},"canonical":"https:\/\/uniest.it\/prodotto\/aceite-de-salvado-de-arroz-vitamina-c\/","og_locale":"es_ES","og_type":"article","og_title":"Aceite de salvado de arroz + vitamina C - Uniest","og_description":"Aceite de salvado de arroz extremadamente puro El aceite de salvado de arroz est\u00e1 naturalmente enriquecido con gamma orizanol y vitamina E, lo que lo convierte en un producto con caracter\u00edsticas emolientes, calmantes, protectoras y antioxidantes. Su composici\u00f3n, perfectamente equilibrada en \u00c1cido Oleico, Linoleico, Palm\u00edtico y Vitamina E, lo convierte en un aceite especialmente indicado [&hellip;]","og_url":"https:\/\/uniest.it\/prodotto\/aceite-de-salvado-de-arroz-vitamina-c\/","og_site_name":"Uniest","twitter_card":"summary_large_image","twitter_misc":{"Tiempo de lectura":"1 minuto"},"schema":{"@context":"https:\/\/schema.org","@graph":[{"@type":"WebPage","@id":"https:\/\/uniest.it\/prodotto\/aceite-de-salvado-de-arroz-vitamina-c\/","url":"https:\/\/uniest.it\/prodotto\/aceite-de-salvado-de-arroz-vitamina-c\/","name":"Aceite de salvado de arroz + vitamina C - Uniest","isPartOf":{"@id":"https:\/\/uniest.it\/#website"},"primaryImageOfPage":{"@id":"https:\/\/uniest.it\/prodotto\/aceite-de-salvado-de-arroz-vitamina-c\/#primaryimage"},"image":{"@id":"https:\/\/uniest.it\/prodotto\/aceite-de-salvado-de-arroz-vitamina-c\/#primaryimage"},"thumbnailUrl":"https:\/\/uniest.it\/wp-content\/uploads\/2020\/11\/514AAM.png","datePublished":"2024-10-23T16:26:52+00:00","breadcrumb":{"@id":"https:\/\/uniest.it\/prodotto\/aceite-de-salvado-de-arroz-vitamina-c\/#breadcrumb"},"inLanguage":"es","potentialAction":[{"@type":"ReadAction","target":["https:\/\/uniest.it\/prodotto\/aceite-de-salvado-de-arroz-vitamina-c\/"]}]},{"@type":"ImageObject","inLanguage":"es","@id":"https:\/\/uniest.it\/prodotto\/aceite-de-salvado-de-arroz-vitamina-c\/#primaryimage","url":"https:\/\/uniest.it\/wp-content\/uploads\/2020\/11\/514AAM.png","contentUrl":"https:\/\/uniest.it\/wp-content\/uploads\/2020\/11\/514AAM.png","width":1283,"height":2000},{"@type":"BreadcrumbList","@id":"https:\/\/uniest.it\/prodotto\/aceite-de-salvado-de-arroz-vitamina-c\/#breadcrumb","itemListElement":[{"@type":"ListItem","position":1,"name":"Home","item":"https:\/\/uniest.it\/es\/"},{"@type":"ListItem","position":2,"name":"Shop","item":"https:\/\/uniest.it\/shop\/"},{"@type":"ListItem","position":3,"name":"Aceite de salvado de arroz + vitamina C"}]},{"@type":"WebSite","@id":"https:\/\/uniest.it\/#website","url":"https:\/\/uniest.it\/","name":"Uniest","description":"Cosmetici Naturali e Bio","potentialAction":[{"@type":"SearchAction","target":{"@type":"EntryPoint","urlTemplate":"https:\/\/uniest.it\/?s={search_term_string}"},"query-input":{"@type":"PropertyValueSpecification","valueRequired":true,"valueName":"search_term_string"}}],"inLanguage":"es"}]}},"_links":{"self":[{"href":"https:\/\/uniest.it\/es\/wp-json\/wp\/v2\/product\/6284","targetHints":{"allow":["GET"]}}],"collection":[{"href":"https:\/\/uniest.it\/es\/wp-json\/wp\/v2\/product"}],"about":[{"href":"https:\/\/uniest.it\/es\/wp-json\/wp\/v2\/types\/product"}],"wp:featuredmedia":[{"embeddable":true,"href":"https:\/\/uniest.it\/es\/wp-json\/wp\/v2\/media\/6285"}],"wp:attachment":[{"href":"https:\/\/uniest.it\/es\/wp-json\/wp\/v2\/media?parent=6284"}],"wp:term":[{"taxonomy":"product_brand","embeddable":true,"href":"https:\/\/uniest.it\/es\/wp-json\/wp\/v2\/product_brand?post=6284"},{"taxonomy":"product_cat","embeddable":true,"href":"https:\/\/uniest.it\/es\/wp-json\/wp\/v2\/product_cat?post=6284"},{"taxonomy":"product_tag","embeddable":true,"href":"https:\/\/uniest.it\/es\/wp-json\/wp\/v2\/product_tag?post=6284"}],"curies":[{"name":"wp","href":"https:\/\/api.w.org\/{rel}","templated":true}]}}