{"id":6286,"date":"2021-02-04T13:00:25","date_gmt":"2024-10-23T16:26:52","guid":{"rendered":"https:\/\/uniest.it\/prodotto\/aceite-de-cascara-de-nuez\/"},"modified":"2024-10-23T17:26:52","modified_gmt":"2024-10-23T16:26:52","slug":"aceite-de-cascara-de-nuez","status":"publish","type":"product","link":"https:\/\/uniest.it\/es\/prodotto\/aceite-de-cascara-de-nuez\/","title":{"rendered":"Aceite de c\u00e1scara de nuez"},"content":{"rendered":"<p>Aceite extremadamente puro de c\u00e1scara de nuez, de sabor delicado y rico en un colorante natural llamado Juglone con propiedades queratinizantes, que favorece la renovaci\u00f3n epid\u00e9rmica. Esta sustancia reacciona con la queratina presente en la epidermis formando un complejo pigmentario marr\u00f3n. De hecho, la asociaci\u00f3n de este aceite con productos solares favorece el bronceado tanto natural como artificial, protegiendo y nutriendo la piel y d\u00e1ndole un cutis envidiable. Es un aceite hidratante y nutritivo que se puede a\u00f1adir a una rutina de belleza para pieles secas, junto con la crema facial que utilices habitualmente. Adem\u00e1s, sus propiedades antibacterianas y astringentes lo hacen adecuado para el tratamiento de pieles grasas y con tendencia acn\u00e9ica, as\u00ed como para el tratamiento del eccema del beb\u00e9. Su textura ligera y sus beneficios sobre la circulaci\u00f3n permiten tambi\u00e9n su uso durante masajes corporales. Entre sus beneficios cosm\u00e9ticos tambi\u00e9n se encuentra la protecci\u00f3n del cabello, favoreciendo brillo y cuerpo.<\/p>\n","protected":false},"excerpt":{"rendered":"<p>Aceite extremadamente puro de c\u00e1scara de nuez, de sabor delicado y rico en un colorante natural llamado Juglone con propiedades queratinizantes, que favorece la renovaci\u00f3n epid\u00e9rmica. Esta sustancia reacciona con la queratina presente en la epidermis formando un complejo pigmentario marr\u00f3n. De hecho, la asociaci\u00f3n de este aceite con productos solares favorece el bronceado tanto [&hellip;]<\/p>\n","protected":false},"featured_media":6287,"template":"","meta":{"_acf_changed":false,"inline_featured_image":false},"product_brand":[],"product_cat":[1425],"product_tag":[],"class_list":{"0":"post-6286","1":"product","2":"type-product","3":"status-publish","4":"has-post-thumbnail","6":"product_beauty-antirughe","7":"product_beauty-idratare","8":"product_beauty-nutrire-e-rigenerare","9":"product_beauty-proteggere","10":"product_beauty-purificare","11":"product_beauty-rassodare-e-tonificare","12":"product_beauty-riequilibrare","13":"product_skin-tutte-le-pelli","14":"product_kind-oli-e-burri","15":"product_kind-trattamenti-speciali","16":"product_lines-oli-pregiati-puri","17":"product_cat-corpo-es","18":"pa_size-100-es","20":"first","21":"instock","22":"taxable","23":"shipping-taxable","24":"purchasable","25":"product-type-simple"},"acf":[],"yoast_head":"<!-- This site is optimized with the Yoast SEO plugin v24.6 - https:\/\/yoast.com\/wordpress\/plugins\/seo\/ -->\n<title>Aceite de c\u00e1scara de nuez - Uniest<\/title>\n<meta name=\"robots\" content=\"index, follow, max-snippet:-1, max-image-preview:large, max-video-preview:-1\" \/>\n<link rel=\"canonical\" href=\"https:\/\/uniest.it\/prodotto\/aceite-de-cascara-de-nuez\/\" \/>\n<meta property=\"og:locale\" content=\"es_ES\" \/>\n<meta property=\"og:type\" content=\"article\" \/>\n<meta property=\"og:title\" content=\"Aceite de c\u00e1scara de nuez - Uniest\" \/>\n<meta property=\"og:description\" content=\"Aceite extremadamente puro de c\u00e1scara de nuez, de sabor delicado y rico en un colorante natural llamado Juglone con propiedades queratinizantes, que favorece la renovaci\u00f3n epid\u00e9rmica. Esta sustancia reacciona con la queratina presente en la epidermis formando un complejo pigmentario marr\u00f3n. De hecho, la asociaci\u00f3n de este aceite con productos solares favorece el bronceado tanto [&hellip;]\" \/>\n<meta property=\"og:url\" content=\"https:\/\/uniest.it\/prodotto\/aceite-de-cascara-de-nuez\/\" \/>\n<meta property=\"og:site_name\" content=\"Uniest\" \/>\n<meta name=\"twitter:card\" content=\"summary_large_image\" \/>\n<meta name=\"twitter:label1\" content=\"Tiempo de lectura\" \/>\n\t<meta name=\"twitter:data1\" content=\"1 minuto\" \/>\n<script type=\"application\/ld+json\" class=\"yoast-schema-graph\">{\"@context\":\"https:\/\/schema.org\",\"@graph\":[{\"@type\":\"WebPage\",\"@id\":\"https:\/\/uniest.it\/prodotto\/aceite-de-cascara-de-nuez\/\",\"url\":\"https:\/\/uniest.it\/prodotto\/aceite-de-cascara-de-nuez\/\",\"name\":\"Aceite de c\u00e1scara de nuez - Uniest\",\"isPartOf\":{\"@id\":\"https:\/\/uniest.it\/#website\"},\"primaryImageOfPage\":{\"@id\":\"https:\/\/uniest.it\/prodotto\/aceite-de-cascara-de-nuez\/#primaryimage\"},\"image\":{\"@id\":\"https:\/\/uniest.it\/prodotto\/aceite-de-cascara-de-nuez\/#primaryimage\"},\"thumbnailUrl\":\"https:\/\/uniest.it\/wp-content\/uploads\/2020\/11\/516AAM.png\",\"datePublished\":\"2024-10-23T16:26:52+00:00\",\"breadcrumb\":{\"@id\":\"https:\/\/uniest.it\/prodotto\/aceite-de-cascara-de-nuez\/#breadcrumb\"},\"inLanguage\":\"es\",\"potentialAction\":[{\"@type\":\"ReadAction\",\"target\":[\"https:\/\/uniest.it\/prodotto\/aceite-de-cascara-de-nuez\/\"]}]},{\"@type\":\"ImageObject\",\"inLanguage\":\"es\",\"@id\":\"https:\/\/uniest.it\/prodotto\/aceite-de-cascara-de-nuez\/#primaryimage\",\"url\":\"https:\/\/uniest.it\/wp-content\/uploads\/2020\/11\/516AAM.png\",\"contentUrl\":\"https:\/\/uniest.it\/wp-content\/uploads\/2020\/11\/516AAM.png\",\"width\":1283,\"height\":2000},{\"@type\":\"BreadcrumbList\",\"@id\":\"https:\/\/uniest.it\/prodotto\/aceite-de-cascara-de-nuez\/#breadcrumb\",\"itemListElement\":[{\"@type\":\"ListItem\",\"position\":1,\"name\":\"Home\",\"item\":\"https:\/\/uniest.it\/es\/\"},{\"@type\":\"ListItem\",\"position\":2,\"name\":\"Shop\",\"item\":\"https:\/\/uniest.it\/shop\/\"},{\"@type\":\"ListItem\",\"position\":3,\"name\":\"Aceite de c\u00e1scara de nuez\"}]},{\"@type\":\"WebSite\",\"@id\":\"https:\/\/uniest.it\/#website\",\"url\":\"https:\/\/uniest.it\/\",\"name\":\"Uniest\",\"description\":\"Cosmetici Naturali e Bio\",\"potentialAction\":[{\"@type\":\"SearchAction\",\"target\":{\"@type\":\"EntryPoint\",\"urlTemplate\":\"https:\/\/uniest.it\/?s={search_term_string}\"},\"query-input\":{\"@type\":\"PropertyValueSpecification\",\"valueRequired\":true,\"valueName\":\"search_term_string\"}}],\"inLanguage\":\"es\"}]}<\/script>\n<!-- \/ Yoast SEO plugin. -->","yoast_head_json":{"title":"Aceite de c\u00e1scara de nuez - Uniest","robots":{"index":"index","follow":"follow","max-snippet":"max-snippet:-1","max-image-preview":"max-image-preview:large","max-video-preview":"max-video-preview:-1"},"canonical":"https:\/\/uniest.it\/prodotto\/aceite-de-cascara-de-nuez\/","og_locale":"es_ES","og_type":"article","og_title":"Aceite de c\u00e1scara de nuez - Uniest","og_description":"Aceite extremadamente puro de c\u00e1scara de nuez, de sabor delicado y rico en un colorante natural llamado Juglone con propiedades queratinizantes, que favorece la renovaci\u00f3n epid\u00e9rmica. Esta sustancia reacciona con la queratina presente en la epidermis formando un complejo pigmentario marr\u00f3n. De hecho, la asociaci\u00f3n de este aceite con productos solares favorece el bronceado tanto [&hellip;]","og_url":"https:\/\/uniest.it\/prodotto\/aceite-de-cascara-de-nuez\/","og_site_name":"Uniest","twitter_card":"summary_large_image","twitter_misc":{"Tiempo de lectura":"1 minuto"},"schema":{"@context":"https:\/\/schema.org","@graph":[{"@type":"WebPage","@id":"https:\/\/uniest.it\/prodotto\/aceite-de-cascara-de-nuez\/","url":"https:\/\/uniest.it\/prodotto\/aceite-de-cascara-de-nuez\/","name":"Aceite de c\u00e1scara de nuez - Uniest","isPartOf":{"@id":"https:\/\/uniest.it\/#website"},"primaryImageOfPage":{"@id":"https:\/\/uniest.it\/prodotto\/aceite-de-cascara-de-nuez\/#primaryimage"},"image":{"@id":"https:\/\/uniest.it\/prodotto\/aceite-de-cascara-de-nuez\/#primaryimage"},"thumbnailUrl":"https:\/\/uniest.it\/wp-content\/uploads\/2020\/11\/516AAM.png","datePublished":"2024-10-23T16:26:52+00:00","breadcrumb":{"@id":"https:\/\/uniest.it\/prodotto\/aceite-de-cascara-de-nuez\/#breadcrumb"},"inLanguage":"es","potentialAction":[{"@type":"ReadAction","target":["https:\/\/uniest.it\/prodotto\/aceite-de-cascara-de-nuez\/"]}]},{"@type":"ImageObject","inLanguage":"es","@id":"https:\/\/uniest.it\/prodotto\/aceite-de-cascara-de-nuez\/#primaryimage","url":"https:\/\/uniest.it\/wp-content\/uploads\/2020\/11\/516AAM.png","contentUrl":"https:\/\/uniest.it\/wp-content\/uploads\/2020\/11\/516AAM.png","width":1283,"height":2000},{"@type":"BreadcrumbList","@id":"https:\/\/uniest.it\/prodotto\/aceite-de-cascara-de-nuez\/#breadcrumb","itemListElement":[{"@type":"ListItem","position":1,"name":"Home","item":"https:\/\/uniest.it\/es\/"},{"@type":"ListItem","position":2,"name":"Shop","item":"https:\/\/uniest.it\/shop\/"},{"@type":"ListItem","position":3,"name":"Aceite de c\u00e1scara de nuez"}]},{"@type":"WebSite","@id":"https:\/\/uniest.it\/#website","url":"https:\/\/uniest.it\/","name":"Uniest","description":"Cosmetici Naturali e Bio","potentialAction":[{"@type":"SearchAction","target":{"@type":"EntryPoint","urlTemplate":"https:\/\/uniest.it\/?s={search_term_string}"},"query-input":{"@type":"PropertyValueSpecification","valueRequired":true,"valueName":"search_term_string"}}],"inLanguage":"es"}]}},"_links":{"self":[{"href":"https:\/\/uniest.it\/es\/wp-json\/wp\/v2\/product\/6286","targetHints":{"allow":["GET"]}}],"collection":[{"href":"https:\/\/uniest.it\/es\/wp-json\/wp\/v2\/product"}],"about":[{"href":"https:\/\/uniest.it\/es\/wp-json\/wp\/v2\/types\/product"}],"wp:featuredmedia":[{"embeddable":true,"href":"https:\/\/uniest.it\/es\/wp-json\/wp\/v2\/media\/6287"}],"wp:attachment":[{"href":"https:\/\/uniest.it\/es\/wp-json\/wp\/v2\/media?parent=6286"}],"wp:term":[{"taxonomy":"product_brand","embeddable":true,"href":"https:\/\/uniest.it\/es\/wp-json\/wp\/v2\/product_brand?post=6286"},{"taxonomy":"product_cat","embeddable":true,"href":"https:\/\/uniest.it\/es\/wp-json\/wp\/v2\/product_cat?post=6286"},{"taxonomy":"product_tag","embeddable":true,"href":"https:\/\/uniest.it\/es\/wp-json\/wp\/v2\/product_tag?post=6286"}],"curies":[{"name":"wp","href":"https:\/\/api.w.org\/{rel}","templated":true}]}}