{"id":6297,"date":"2021-02-04T13:00:25","date_gmt":"2024-10-23T16:26:55","guid":{"rendered":"https:\/\/uniest.it\/prodotto\/mascarilla-fortalecedora-y-espesante\/"},"modified":"2024-10-23T17:26:55","modified_gmt":"2024-10-23T16:26:55","slug":"mascarilla-fortalecedora-y-espesante","status":"publish","type":"product","link":"https:\/\/uniest.it\/es\/prodotto\/mascarilla-fortalecedora-y-espesante\/","title":{"rendered":"Mascarilla Fortalecedora y Espesante"},"content":{"rendered":"<p>Mascarilla fortalecedora y espesante creada para que pueda usarse tanto como pre-champ\u00fa, como compresa, para nutrir y regenerar, hidratar y tambi\u00e9n estimular el cuero cabelludo, e inmediatamente despu\u00e9s de lavar el cabello, nutri\u00e9ndolo, fortaleci\u00e9ndolo y desenred\u00e1ndolo, actuando tambi\u00e9n como b\u00e1lsamo. La mascarilla fortalecedora y espesante es un aut\u00e9ntico tratamiento de belleza para reducir la ca\u00edda del cabello, que se pierde en grandes cantidades en todas las estaciones del a\u00f1o. Sin embargo, su especial f\u00f3rmula natural ha sido potenciada con los principios activos de la Maca y Dermosac\u00e1ridos y enriquecida con sustancias con funciones nutritivas, hidratantes y dermoprotectoras. La aplicaci\u00f3n constante de esta mascarilla dejar\u00e1 tu cabello suave, voluminoso y brillante.<\/p>\n","protected":false},"excerpt":{"rendered":"<p>Mascarilla fortalecedora y espesante creada para que pueda usarse tanto como pre-champ\u00fa, como compresa, para nutrir y regenerar, hidratar y tambi\u00e9n estimular el cuero cabelludo, e inmediatamente despu\u00e9s de lavar el cabello, nutri\u00e9ndolo, fortaleci\u00e9ndolo y desenred\u00e1ndolo, actuando tambi\u00e9n como b\u00e1lsamo. La mascarilla fortalecedora y espesante es un aut\u00e9ntico tratamiento de belleza para reducir la ca\u00edda [&hellip;]<\/p>\n","protected":false},"featured_media":6298,"template":"","meta":{"_acf_changed":false,"inline_featured_image":false},"product_brand":[],"product_cat":[1436,1425,1426],"product_tag":[],"class_list":{"0":"post-6297","1":"product","2":"type-product","3":"status-publish","4":"has-post-thumbnail","6":"product_beauty-idratare","7":"product_beauty-lenire","8":"product_beauty-nutrire-e-rigenerare","9":"product_beauty-proteggere","10":"product_skin-tutti-i-capelli","11":"product_kind-bagno","12":"product_kind-doccia","13":"product_kind-shampoo-e-detergenza","14":"product_kind-trattamenti-speciali","15":"product_lines-capelli","16":"product_cat-capelli-es","17":"product_cat-corpo-es","18":"product_cat-uomo-es","19":"pa_size-250-es","21":"first","22":"instock","23":"taxable","24":"shipping-taxable","25":"purchasable","26":"product-type-simple"},"acf":[],"yoast_head":"<!-- This site is optimized with the Yoast SEO plugin v24.6 - https:\/\/yoast.com\/wordpress\/plugins\/seo\/ -->\n<title>Mascarilla Fortalecedora y Espesante - Uniest<\/title>\n<meta name=\"robots\" content=\"index, follow, max-snippet:-1, max-image-preview:large, max-video-preview:-1\" \/>\n<link rel=\"canonical\" href=\"https:\/\/uniest.it\/prodotto\/mascarilla-fortalecedora-y-espesante\/\" \/>\n<meta property=\"og:locale\" content=\"es_ES\" \/>\n<meta property=\"og:type\" content=\"article\" \/>\n<meta property=\"og:title\" content=\"Mascarilla Fortalecedora y Espesante - Uniest\" \/>\n<meta property=\"og:description\" content=\"Mascarilla fortalecedora y espesante creada para que pueda usarse tanto como pre-champ\u00fa, como compresa, para nutrir y regenerar, hidratar y tambi\u00e9n estimular el cuero cabelludo, e inmediatamente despu\u00e9s de lavar el cabello, nutri\u00e9ndolo, fortaleci\u00e9ndolo y desenred\u00e1ndolo, actuando tambi\u00e9n como b\u00e1lsamo. La mascarilla fortalecedora y espesante es un aut\u00e9ntico tratamiento de belleza para reducir la ca\u00edda [&hellip;]\" \/>\n<meta property=\"og:url\" content=\"https:\/\/uniest.it\/prodotto\/mascarilla-fortalecedora-y-espesante\/\" \/>\n<meta property=\"og:site_name\" content=\"Uniest\" \/>\n<meta name=\"twitter:card\" content=\"summary_large_image\" \/>\n<meta name=\"twitter:label1\" content=\"Tiempo de lectura\" \/>\n\t<meta name=\"twitter:data1\" content=\"1 minuto\" \/>\n<script type=\"application\/ld+json\" class=\"yoast-schema-graph\">{\"@context\":\"https:\/\/schema.org\",\"@graph\":[{\"@type\":\"WebPage\",\"@id\":\"https:\/\/uniest.it\/prodotto\/mascarilla-fortalecedora-y-espesante\/\",\"url\":\"https:\/\/uniest.it\/prodotto\/mascarilla-fortalecedora-y-espesante\/\",\"name\":\"Mascarilla Fortalecedora y Espesante - Uniest\",\"isPartOf\":{\"@id\":\"https:\/\/uniest.it\/#website\"},\"primaryImageOfPage\":{\"@id\":\"https:\/\/uniest.it\/prodotto\/mascarilla-fortalecedora-y-espesante\/#primaryimage\"},\"image\":{\"@id\":\"https:\/\/uniest.it\/prodotto\/mascarilla-fortalecedora-y-espesante\/#primaryimage\"},\"thumbnailUrl\":\"https:\/\/uniest.it\/wp-content\/uploads\/2020\/11\/746AAE.png\",\"datePublished\":\"2024-10-23T16:26:55+00:00\",\"breadcrumb\":{\"@id\":\"https:\/\/uniest.it\/prodotto\/mascarilla-fortalecedora-y-espesante\/#breadcrumb\"},\"inLanguage\":\"es\",\"potentialAction\":[{\"@type\":\"ReadAction\",\"target\":[\"https:\/\/uniest.it\/prodotto\/mascarilla-fortalecedora-y-espesante\/\"]}]},{\"@type\":\"ImageObject\",\"inLanguage\":\"es\",\"@id\":\"https:\/\/uniest.it\/prodotto\/mascarilla-fortalecedora-y-espesante\/#primaryimage\",\"url\":\"https:\/\/uniest.it\/wp-content\/uploads\/2020\/11\/746AAE.png\",\"contentUrl\":\"https:\/\/uniest.it\/wp-content\/uploads\/2020\/11\/746AAE.png\",\"width\":1283,\"height\":2000},{\"@type\":\"BreadcrumbList\",\"@id\":\"https:\/\/uniest.it\/prodotto\/mascarilla-fortalecedora-y-espesante\/#breadcrumb\",\"itemListElement\":[{\"@type\":\"ListItem\",\"position\":1,\"name\":\"Home\",\"item\":\"https:\/\/uniest.it\/es\/\"},{\"@type\":\"ListItem\",\"position\":2,\"name\":\"Shop\",\"item\":\"https:\/\/uniest.it\/shop\/\"},{\"@type\":\"ListItem\",\"position\":3,\"name\":\"Mascarilla Fortalecedora y Espesante\"}]},{\"@type\":\"WebSite\",\"@id\":\"https:\/\/uniest.it\/#website\",\"url\":\"https:\/\/uniest.it\/\",\"name\":\"Uniest\",\"description\":\"Cosmetici Naturali e Bio\",\"potentialAction\":[{\"@type\":\"SearchAction\",\"target\":{\"@type\":\"EntryPoint\",\"urlTemplate\":\"https:\/\/uniest.it\/?s={search_term_string}\"},\"query-input\":{\"@type\":\"PropertyValueSpecification\",\"valueRequired\":true,\"valueName\":\"search_term_string\"}}],\"inLanguage\":\"es\"}]}<\/script>\n<!-- \/ Yoast SEO plugin. -->","yoast_head_json":{"title":"Mascarilla Fortalecedora y Espesante - Uniest","robots":{"index":"index","follow":"follow","max-snippet":"max-snippet:-1","max-image-preview":"max-image-preview:large","max-video-preview":"max-video-preview:-1"},"canonical":"https:\/\/uniest.it\/prodotto\/mascarilla-fortalecedora-y-espesante\/","og_locale":"es_ES","og_type":"article","og_title":"Mascarilla Fortalecedora y Espesante - Uniest","og_description":"Mascarilla fortalecedora y espesante creada para que pueda usarse tanto como pre-champ\u00fa, como compresa, para nutrir y regenerar, hidratar y tambi\u00e9n estimular el cuero cabelludo, e inmediatamente despu\u00e9s de lavar el cabello, nutri\u00e9ndolo, fortaleci\u00e9ndolo y desenred\u00e1ndolo, actuando tambi\u00e9n como b\u00e1lsamo. La mascarilla fortalecedora y espesante es un aut\u00e9ntico tratamiento de belleza para reducir la ca\u00edda [&hellip;]","og_url":"https:\/\/uniest.it\/prodotto\/mascarilla-fortalecedora-y-espesante\/","og_site_name":"Uniest","twitter_card":"summary_large_image","twitter_misc":{"Tiempo de lectura":"1 minuto"},"schema":{"@context":"https:\/\/schema.org","@graph":[{"@type":"WebPage","@id":"https:\/\/uniest.it\/prodotto\/mascarilla-fortalecedora-y-espesante\/","url":"https:\/\/uniest.it\/prodotto\/mascarilla-fortalecedora-y-espesante\/","name":"Mascarilla Fortalecedora y Espesante - Uniest","isPartOf":{"@id":"https:\/\/uniest.it\/#website"},"primaryImageOfPage":{"@id":"https:\/\/uniest.it\/prodotto\/mascarilla-fortalecedora-y-espesante\/#primaryimage"},"image":{"@id":"https:\/\/uniest.it\/prodotto\/mascarilla-fortalecedora-y-espesante\/#primaryimage"},"thumbnailUrl":"https:\/\/uniest.it\/wp-content\/uploads\/2020\/11\/746AAE.png","datePublished":"2024-10-23T16:26:55+00:00","breadcrumb":{"@id":"https:\/\/uniest.it\/prodotto\/mascarilla-fortalecedora-y-espesante\/#breadcrumb"},"inLanguage":"es","potentialAction":[{"@type":"ReadAction","target":["https:\/\/uniest.it\/prodotto\/mascarilla-fortalecedora-y-espesante\/"]}]},{"@type":"ImageObject","inLanguage":"es","@id":"https:\/\/uniest.it\/prodotto\/mascarilla-fortalecedora-y-espesante\/#primaryimage","url":"https:\/\/uniest.it\/wp-content\/uploads\/2020\/11\/746AAE.png","contentUrl":"https:\/\/uniest.it\/wp-content\/uploads\/2020\/11\/746AAE.png","width":1283,"height":2000},{"@type":"BreadcrumbList","@id":"https:\/\/uniest.it\/prodotto\/mascarilla-fortalecedora-y-espesante\/#breadcrumb","itemListElement":[{"@type":"ListItem","position":1,"name":"Home","item":"https:\/\/uniest.it\/es\/"},{"@type":"ListItem","position":2,"name":"Shop","item":"https:\/\/uniest.it\/shop\/"},{"@type":"ListItem","position":3,"name":"Mascarilla Fortalecedora y Espesante"}]},{"@type":"WebSite","@id":"https:\/\/uniest.it\/#website","url":"https:\/\/uniest.it\/","name":"Uniest","description":"Cosmetici Naturali e Bio","potentialAction":[{"@type":"SearchAction","target":{"@type":"EntryPoint","urlTemplate":"https:\/\/uniest.it\/?s={search_term_string}"},"query-input":{"@type":"PropertyValueSpecification","valueRequired":true,"valueName":"search_term_string"}}],"inLanguage":"es"}]}},"_links":{"self":[{"href":"https:\/\/uniest.it\/es\/wp-json\/wp\/v2\/product\/6297","targetHints":{"allow":["GET"]}}],"collection":[{"href":"https:\/\/uniest.it\/es\/wp-json\/wp\/v2\/product"}],"about":[{"href":"https:\/\/uniest.it\/es\/wp-json\/wp\/v2\/types\/product"}],"wp:featuredmedia":[{"embeddable":true,"href":"https:\/\/uniest.it\/es\/wp-json\/wp\/v2\/media\/6298"}],"wp:attachment":[{"href":"https:\/\/uniest.it\/es\/wp-json\/wp\/v2\/media?parent=6297"}],"wp:term":[{"taxonomy":"product_brand","embeddable":true,"href":"https:\/\/uniest.it\/es\/wp-json\/wp\/v2\/product_brand?post=6297"},{"taxonomy":"product_cat","embeddable":true,"href":"https:\/\/uniest.it\/es\/wp-json\/wp\/v2\/product_cat?post=6297"},{"taxonomy":"product_tag","embeddable":true,"href":"https:\/\/uniest.it\/es\/wp-json\/wp\/v2\/product_tag?post=6297"}],"curies":[{"name":"wp","href":"https:\/\/api.w.org\/{rel}","templated":true}]}}