{"id":6301,"date":"2021-02-04T13:00:44","date_gmt":"2024-10-23T16:26:56","guid":{"rendered":"https:\/\/uniest.it\/prodotto\/aceite-para-el-cabello\/"},"modified":"2024-10-23T17:26:56","modified_gmt":"2024-10-23T16:26:56","slug":"aceite-para-el-cabello","status":"publish","type":"product","link":"https:\/\/uniest.it\/es\/prodotto\/aceite-para-el-cabello\/","title":{"rendered":"Aceite para el cabello"},"content":{"rendered":"<p>Aceite capilar innovador especialmente dise\u00f1ado para el tratamiento del cabello. Gracias a la inteligente mezcla de sustancias activas que incluyen escualano vegetal y vitaminas C y vitamina C, Y una base perfectamente equilibrada de aceites preciosos, incluido el aceite de almendras dulces org\u00e1nico, la jojoba y el salvado de arroz, aporta brillo, suavidad, hidrataci\u00f3n y nutrici\u00f3n al cabello. Ayuda a proteger la estructura capilar de la deshidrataci\u00f3n y la consecuente aparici\u00f3n de puntas abiertas, ayudando a cerrar las cut\u00edculas.<\/p>\n","protected":false},"excerpt":{"rendered":"<p>Aceite capilar innovador especialmente dise\u00f1ado para el tratamiento del cabello. Gracias a la inteligente mezcla de sustancias activas que incluyen escualano vegetal y vitaminas C y vitamina C, Y una base perfectamente equilibrada de aceites preciosos, incluido el aceite de almendras dulces org\u00e1nico, la jojoba y el salvado de arroz, aporta brillo, suavidad, hidrataci\u00f3n y [&hellip;]<\/p>\n","protected":false},"featured_media":6302,"template":"","meta":{"_acf_changed":false,"inline_featured_image":false},"product_brand":[],"product_cat":[1436,1425],"product_tag":[],"class_list":{"0":"post-6301","1":"product","2":"type-product","3":"status-publish","4":"has-post-thumbnail","6":"product_beauty-idratare","7":"product_beauty-nutrire-e-rigenerare","8":"product_beauty-proteggere","9":"product_skin-tutti-i-capelli","10":"product_kind-bagno","11":"product_kind-doccia","12":"product_kind-oli-e-burri","13":"product_kind-shampoo-e-detergenza","14":"product_lines-capelli","15":"product_cat-capelli-es","16":"product_cat-corpo-es","17":"pa_size-50-es","19":"first","20":"instock","21":"taxable","22":"shipping-taxable","23":"purchasable","24":"product-type-simple"},"acf":[],"yoast_head":"<!-- This site is optimized with the Yoast SEO plugin v24.6 - https:\/\/yoast.com\/wordpress\/plugins\/seo\/ -->\n<title>Aceite para el cabello - Uniest<\/title>\n<meta name=\"robots\" content=\"index, follow, max-snippet:-1, max-image-preview:large, max-video-preview:-1\" \/>\n<link rel=\"canonical\" href=\"https:\/\/uniest.it\/prodotto\/aceite-para-el-cabello\/\" \/>\n<meta property=\"og:locale\" content=\"es_ES\" \/>\n<meta property=\"og:type\" content=\"article\" \/>\n<meta property=\"og:title\" content=\"Aceite para el cabello - Uniest\" \/>\n<meta property=\"og:description\" content=\"Aceite capilar innovador especialmente dise\u00f1ado para el tratamiento del cabello. Gracias a la inteligente mezcla de sustancias activas que incluyen escualano vegetal y vitaminas C y vitamina C, Y una base perfectamente equilibrada de aceites preciosos, incluido el aceite de almendras dulces org\u00e1nico, la jojoba y el salvado de arroz, aporta brillo, suavidad, hidrataci\u00f3n y [&hellip;]\" \/>\n<meta property=\"og:url\" content=\"https:\/\/uniest.it\/prodotto\/aceite-para-el-cabello\/\" \/>\n<meta property=\"og:site_name\" content=\"Uniest\" \/>\n<meta name=\"twitter:card\" content=\"summary_large_image\" \/>\n<script type=\"application\/ld+json\" class=\"yoast-schema-graph\">{\"@context\":\"https:\/\/schema.org\",\"@graph\":[{\"@type\":\"WebPage\",\"@id\":\"https:\/\/uniest.it\/prodotto\/aceite-para-el-cabello\/\",\"url\":\"https:\/\/uniest.it\/prodotto\/aceite-para-el-cabello\/\",\"name\":\"Aceite para el cabello - Uniest\",\"isPartOf\":{\"@id\":\"https:\/\/uniest.it\/#website\"},\"primaryImageOfPage\":{\"@id\":\"https:\/\/uniest.it\/prodotto\/aceite-para-el-cabello\/#primaryimage\"},\"image\":{\"@id\":\"https:\/\/uniest.it\/prodotto\/aceite-para-el-cabello\/#primaryimage\"},\"thumbnailUrl\":\"https:\/\/uniest.it\/wp-content\/uploads\/2020\/11\/748AAE.png\",\"datePublished\":\"2024-10-23T16:26:56+00:00\",\"breadcrumb\":{\"@id\":\"https:\/\/uniest.it\/prodotto\/aceite-para-el-cabello\/#breadcrumb\"},\"inLanguage\":\"es\",\"potentialAction\":[{\"@type\":\"ReadAction\",\"target\":[\"https:\/\/uniest.it\/prodotto\/aceite-para-el-cabello\/\"]}]},{\"@type\":\"ImageObject\",\"inLanguage\":\"es\",\"@id\":\"https:\/\/uniest.it\/prodotto\/aceite-para-el-cabello\/#primaryimage\",\"url\":\"https:\/\/uniest.it\/wp-content\/uploads\/2020\/11\/748AAE.png\",\"contentUrl\":\"https:\/\/uniest.it\/wp-content\/uploads\/2020\/11\/748AAE.png\",\"width\":1283,\"height\":2000},{\"@type\":\"BreadcrumbList\",\"@id\":\"https:\/\/uniest.it\/prodotto\/aceite-para-el-cabello\/#breadcrumb\",\"itemListElement\":[{\"@type\":\"ListItem\",\"position\":1,\"name\":\"Home\",\"item\":\"https:\/\/uniest.it\/es\/\"},{\"@type\":\"ListItem\",\"position\":2,\"name\":\"Shop\",\"item\":\"https:\/\/uniest.it\/shop\/\"},{\"@type\":\"ListItem\",\"position\":3,\"name\":\"Aceite para el cabello\"}]},{\"@type\":\"WebSite\",\"@id\":\"https:\/\/uniest.it\/#website\",\"url\":\"https:\/\/uniest.it\/\",\"name\":\"Uniest\",\"description\":\"Cosmetici Naturali e Bio\",\"potentialAction\":[{\"@type\":\"SearchAction\",\"target\":{\"@type\":\"EntryPoint\",\"urlTemplate\":\"https:\/\/uniest.it\/?s={search_term_string}\"},\"query-input\":{\"@type\":\"PropertyValueSpecification\",\"valueRequired\":true,\"valueName\":\"search_term_string\"}}],\"inLanguage\":\"es\"}]}<\/script>\n<!-- \/ Yoast SEO plugin. -->","yoast_head_json":{"title":"Aceite para el cabello - Uniest","robots":{"index":"index","follow":"follow","max-snippet":"max-snippet:-1","max-image-preview":"max-image-preview:large","max-video-preview":"max-video-preview:-1"},"canonical":"https:\/\/uniest.it\/prodotto\/aceite-para-el-cabello\/","og_locale":"es_ES","og_type":"article","og_title":"Aceite para el cabello - Uniest","og_description":"Aceite capilar innovador especialmente dise\u00f1ado para el tratamiento del cabello. Gracias a la inteligente mezcla de sustancias activas que incluyen escualano vegetal y vitaminas C y vitamina C, Y una base perfectamente equilibrada de aceites preciosos, incluido el aceite de almendras dulces org\u00e1nico, la jojoba y el salvado de arroz, aporta brillo, suavidad, hidrataci\u00f3n y [&hellip;]","og_url":"https:\/\/uniest.it\/prodotto\/aceite-para-el-cabello\/","og_site_name":"Uniest","twitter_card":"summary_large_image","schema":{"@context":"https:\/\/schema.org","@graph":[{"@type":"WebPage","@id":"https:\/\/uniest.it\/prodotto\/aceite-para-el-cabello\/","url":"https:\/\/uniest.it\/prodotto\/aceite-para-el-cabello\/","name":"Aceite para el cabello - Uniest","isPartOf":{"@id":"https:\/\/uniest.it\/#website"},"primaryImageOfPage":{"@id":"https:\/\/uniest.it\/prodotto\/aceite-para-el-cabello\/#primaryimage"},"image":{"@id":"https:\/\/uniest.it\/prodotto\/aceite-para-el-cabello\/#primaryimage"},"thumbnailUrl":"https:\/\/uniest.it\/wp-content\/uploads\/2020\/11\/748AAE.png","datePublished":"2024-10-23T16:26:56+00:00","breadcrumb":{"@id":"https:\/\/uniest.it\/prodotto\/aceite-para-el-cabello\/#breadcrumb"},"inLanguage":"es","potentialAction":[{"@type":"ReadAction","target":["https:\/\/uniest.it\/prodotto\/aceite-para-el-cabello\/"]}]},{"@type":"ImageObject","inLanguage":"es","@id":"https:\/\/uniest.it\/prodotto\/aceite-para-el-cabello\/#primaryimage","url":"https:\/\/uniest.it\/wp-content\/uploads\/2020\/11\/748AAE.png","contentUrl":"https:\/\/uniest.it\/wp-content\/uploads\/2020\/11\/748AAE.png","width":1283,"height":2000},{"@type":"BreadcrumbList","@id":"https:\/\/uniest.it\/prodotto\/aceite-para-el-cabello\/#breadcrumb","itemListElement":[{"@type":"ListItem","position":1,"name":"Home","item":"https:\/\/uniest.it\/es\/"},{"@type":"ListItem","position":2,"name":"Shop","item":"https:\/\/uniest.it\/shop\/"},{"@type":"ListItem","position":3,"name":"Aceite para el cabello"}]},{"@type":"WebSite","@id":"https:\/\/uniest.it\/#website","url":"https:\/\/uniest.it\/","name":"Uniest","description":"Cosmetici Naturali e Bio","potentialAction":[{"@type":"SearchAction","target":{"@type":"EntryPoint","urlTemplate":"https:\/\/uniest.it\/?s={search_term_string}"},"query-input":{"@type":"PropertyValueSpecification","valueRequired":true,"valueName":"search_term_string"}}],"inLanguage":"es"}]}},"_links":{"self":[{"href":"https:\/\/uniest.it\/es\/wp-json\/wp\/v2\/product\/6301","targetHints":{"allow":["GET"]}}],"collection":[{"href":"https:\/\/uniest.it\/es\/wp-json\/wp\/v2\/product"}],"about":[{"href":"https:\/\/uniest.it\/es\/wp-json\/wp\/v2\/types\/product"}],"wp:featuredmedia":[{"embeddable":true,"href":"https:\/\/uniest.it\/es\/wp-json\/wp\/v2\/media\/6302"}],"wp:attachment":[{"href":"https:\/\/uniest.it\/es\/wp-json\/wp\/v2\/media?parent=6301"}],"wp:term":[{"taxonomy":"product_brand","embeddable":true,"href":"https:\/\/uniest.it\/es\/wp-json\/wp\/v2\/product_brand?post=6301"},{"taxonomy":"product_cat","embeddable":true,"href":"https:\/\/uniest.it\/es\/wp-json\/wp\/v2\/product_cat?post=6301"},{"taxonomy":"product_tag","embeddable":true,"href":"https:\/\/uniest.it\/es\/wp-json\/wp\/v2\/product_tag?post=6301"}],"curies":[{"name":"wp","href":"https:\/\/api.w.org\/{rel}","templated":true}]}}