{"id":6303,"date":"2021-02-04T13:00:44","date_gmt":"2024-10-23T16:26:56","guid":{"rendered":"https:\/\/uniest.it\/prodotto\/postpuncion-con-gel-rapido\/"},"modified":"2024-10-23T17:26:56","modified_gmt":"2024-10-23T16:26:56","slug":"postpuncion-con-gel-rapido","status":"publish","type":"product","link":"https:\/\/uniest.it\/es\/prodotto\/postpuncion-con-gel-rapido\/","title":{"rendered":"Postpunci\u00f3n con gel r\u00e1pido"},"content":{"rendered":"<p>Gel delicado e innovador con formulaci\u00f3n natural. Este Gel suave Post Picadura est\u00e1 indicado en el tratamiento de picaduras de insectos o mosquitos porque es capaz de calmar y aportar alivio inmediato a ese molesto picor e hinchaz\u00f3n. En su rica formulaci\u00f3n natural encontramos Aloe Bio*, Cal\u00e9ndula Bio* y el Complejo Malva, Althea, Cal\u00e9ndula en Aceite de Girasol Bio* que desarrollan una fuerte acci\u00f3n descongestionante combinada con una excelente acci\u00f3n hidratante, calmante y calmante. NO GRASO. Apto para toda la familia.<\/p>\n","protected":false},"excerpt":{"rendered":"<p>Gel delicado e innovador con formulaci\u00f3n natural. Este Gel suave Post Picadura est\u00e1 indicado en el tratamiento de picaduras de insectos o mosquitos porque es capaz de calmar y aportar alivio inmediato a ese molesto picor e hinchaz\u00f3n. En su rica formulaci\u00f3n natural encontramos Aloe Bio*, Cal\u00e9ndula Bio* y el Complejo Malva, Althea, Cal\u00e9ndula en [&hellip;]<\/p>\n","protected":false},"featured_media":6304,"template":"","meta":{"_acf_changed":false,"inline_featured_image":false},"product_brand":[],"product_cat":[1425],"product_tag":[],"class_list":{"0":"post-6303","1":"product","2":"type-product","3":"status-publish","4":"has-post-thumbnail","6":"product_beauty-idratare","7":"product_beauty-lenire","8":"product_skin-tutte-le-pelli","9":"product_kind-trattamenti-speciali","10":"product_lines-igiene-e-protezione","11":"product_cat-corpo-es","12":"pa_size-30-es","14":"first","15":"instock","16":"taxable","17":"shipping-taxable","18":"purchasable","19":"product-type-simple"},"acf":[],"yoast_head":"<!-- This site is optimized with the Yoast SEO plugin v24.6 - https:\/\/yoast.com\/wordpress\/plugins\/seo\/ -->\n<title>Postpunci\u00f3n con gel r\u00e1pido - Uniest<\/title>\n<meta name=\"robots\" content=\"index, follow, max-snippet:-1, max-image-preview:large, max-video-preview:-1\" \/>\n<link rel=\"canonical\" href=\"https:\/\/uniest.it\/prodotto\/postpuncion-con-gel-rapido\/\" \/>\n<meta property=\"og:locale\" content=\"es_ES\" \/>\n<meta property=\"og:type\" content=\"article\" \/>\n<meta property=\"og:title\" content=\"Postpunci\u00f3n con gel r\u00e1pido - Uniest\" \/>\n<meta property=\"og:description\" content=\"Gel delicado e innovador con formulaci\u00f3n natural. Este Gel suave Post Picadura est\u00e1 indicado en el tratamiento de picaduras de insectos o mosquitos porque es capaz de calmar y aportar alivio inmediato a ese molesto picor e hinchaz\u00f3n. En su rica formulaci\u00f3n natural encontramos Aloe Bio*, Cal\u00e9ndula Bio* y el Complejo Malva, Althea, Cal\u00e9ndula en [&hellip;]\" \/>\n<meta property=\"og:url\" content=\"https:\/\/uniest.it\/prodotto\/postpuncion-con-gel-rapido\/\" \/>\n<meta property=\"og:site_name\" content=\"Uniest\" \/>\n<meta name=\"twitter:card\" content=\"summary_large_image\" \/>\n<script type=\"application\/ld+json\" class=\"yoast-schema-graph\">{\"@context\":\"https:\/\/schema.org\",\"@graph\":[{\"@type\":\"WebPage\",\"@id\":\"https:\/\/uniest.it\/prodotto\/postpuncion-con-gel-rapido\/\",\"url\":\"https:\/\/uniest.it\/prodotto\/postpuncion-con-gel-rapido\/\",\"name\":\"Postpunci\u00f3n con gel r\u00e1pido - Uniest\",\"isPartOf\":{\"@id\":\"https:\/\/uniest.it\/#website\"},\"primaryImageOfPage\":{\"@id\":\"https:\/\/uniest.it\/prodotto\/postpuncion-con-gel-rapido\/#primaryimage\"},\"image\":{\"@id\":\"https:\/\/uniest.it\/prodotto\/postpuncion-con-gel-rapido\/#primaryimage\"},\"thumbnailUrl\":\"https:\/\/uniest.it\/wp-content\/uploads\/2020\/11\/752AAE.png\",\"datePublished\":\"2024-10-23T16:26:56+00:00\",\"breadcrumb\":{\"@id\":\"https:\/\/uniest.it\/prodotto\/postpuncion-con-gel-rapido\/#breadcrumb\"},\"inLanguage\":\"es\",\"potentialAction\":[{\"@type\":\"ReadAction\",\"target\":[\"https:\/\/uniest.it\/prodotto\/postpuncion-con-gel-rapido\/\"]}]},{\"@type\":\"ImageObject\",\"inLanguage\":\"es\",\"@id\":\"https:\/\/uniest.it\/prodotto\/postpuncion-con-gel-rapido\/#primaryimage\",\"url\":\"https:\/\/uniest.it\/wp-content\/uploads\/2020\/11\/752AAE.png\",\"contentUrl\":\"https:\/\/uniest.it\/wp-content\/uploads\/2020\/11\/752AAE.png\",\"width\":1283,\"height\":2000},{\"@type\":\"BreadcrumbList\",\"@id\":\"https:\/\/uniest.it\/prodotto\/postpuncion-con-gel-rapido\/#breadcrumb\",\"itemListElement\":[{\"@type\":\"ListItem\",\"position\":1,\"name\":\"Home\",\"item\":\"https:\/\/uniest.it\/es\/\"},{\"@type\":\"ListItem\",\"position\":2,\"name\":\"Shop\",\"item\":\"https:\/\/uniest.it\/shop\/\"},{\"@type\":\"ListItem\",\"position\":3,\"name\":\"Postpunci\u00f3n con gel r\u00e1pido\"}]},{\"@type\":\"WebSite\",\"@id\":\"https:\/\/uniest.it\/#website\",\"url\":\"https:\/\/uniest.it\/\",\"name\":\"Uniest\",\"description\":\"Cosmetici Naturali e Bio\",\"potentialAction\":[{\"@type\":\"SearchAction\",\"target\":{\"@type\":\"EntryPoint\",\"urlTemplate\":\"https:\/\/uniest.it\/?s={search_term_string}\"},\"query-input\":{\"@type\":\"PropertyValueSpecification\",\"valueRequired\":true,\"valueName\":\"search_term_string\"}}],\"inLanguage\":\"es\"}]}<\/script>\n<!-- \/ Yoast SEO plugin. -->","yoast_head_json":{"title":"Postpunci\u00f3n con gel r\u00e1pido - Uniest","robots":{"index":"index","follow":"follow","max-snippet":"max-snippet:-1","max-image-preview":"max-image-preview:large","max-video-preview":"max-video-preview:-1"},"canonical":"https:\/\/uniest.it\/prodotto\/postpuncion-con-gel-rapido\/","og_locale":"es_ES","og_type":"article","og_title":"Postpunci\u00f3n con gel r\u00e1pido - Uniest","og_description":"Gel delicado e innovador con formulaci\u00f3n natural. Este Gel suave Post Picadura est\u00e1 indicado en el tratamiento de picaduras de insectos o mosquitos porque es capaz de calmar y aportar alivio inmediato a ese molesto picor e hinchaz\u00f3n. En su rica formulaci\u00f3n natural encontramos Aloe Bio*, Cal\u00e9ndula Bio* y el Complejo Malva, Althea, Cal\u00e9ndula en [&hellip;]","og_url":"https:\/\/uniest.it\/prodotto\/postpuncion-con-gel-rapido\/","og_site_name":"Uniest","twitter_card":"summary_large_image","schema":{"@context":"https:\/\/schema.org","@graph":[{"@type":"WebPage","@id":"https:\/\/uniest.it\/prodotto\/postpuncion-con-gel-rapido\/","url":"https:\/\/uniest.it\/prodotto\/postpuncion-con-gel-rapido\/","name":"Postpunci\u00f3n con gel r\u00e1pido - Uniest","isPartOf":{"@id":"https:\/\/uniest.it\/#website"},"primaryImageOfPage":{"@id":"https:\/\/uniest.it\/prodotto\/postpuncion-con-gel-rapido\/#primaryimage"},"image":{"@id":"https:\/\/uniest.it\/prodotto\/postpuncion-con-gel-rapido\/#primaryimage"},"thumbnailUrl":"https:\/\/uniest.it\/wp-content\/uploads\/2020\/11\/752AAE.png","datePublished":"2024-10-23T16:26:56+00:00","breadcrumb":{"@id":"https:\/\/uniest.it\/prodotto\/postpuncion-con-gel-rapido\/#breadcrumb"},"inLanguage":"es","potentialAction":[{"@type":"ReadAction","target":["https:\/\/uniest.it\/prodotto\/postpuncion-con-gel-rapido\/"]}]},{"@type":"ImageObject","inLanguage":"es","@id":"https:\/\/uniest.it\/prodotto\/postpuncion-con-gel-rapido\/#primaryimage","url":"https:\/\/uniest.it\/wp-content\/uploads\/2020\/11\/752AAE.png","contentUrl":"https:\/\/uniest.it\/wp-content\/uploads\/2020\/11\/752AAE.png","width":1283,"height":2000},{"@type":"BreadcrumbList","@id":"https:\/\/uniest.it\/prodotto\/postpuncion-con-gel-rapido\/#breadcrumb","itemListElement":[{"@type":"ListItem","position":1,"name":"Home","item":"https:\/\/uniest.it\/es\/"},{"@type":"ListItem","position":2,"name":"Shop","item":"https:\/\/uniest.it\/shop\/"},{"@type":"ListItem","position":3,"name":"Postpunci\u00f3n con gel r\u00e1pido"}]},{"@type":"WebSite","@id":"https:\/\/uniest.it\/#website","url":"https:\/\/uniest.it\/","name":"Uniest","description":"Cosmetici Naturali e Bio","potentialAction":[{"@type":"SearchAction","target":{"@type":"EntryPoint","urlTemplate":"https:\/\/uniest.it\/?s={search_term_string}"},"query-input":{"@type":"PropertyValueSpecification","valueRequired":true,"valueName":"search_term_string"}}],"inLanguage":"es"}]}},"_links":{"self":[{"href":"https:\/\/uniest.it\/es\/wp-json\/wp\/v2\/product\/6303","targetHints":{"allow":["GET"]}}],"collection":[{"href":"https:\/\/uniest.it\/es\/wp-json\/wp\/v2\/product"}],"about":[{"href":"https:\/\/uniest.it\/es\/wp-json\/wp\/v2\/types\/product"}],"wp:featuredmedia":[{"embeddable":true,"href":"https:\/\/uniest.it\/es\/wp-json\/wp\/v2\/media\/6304"}],"wp:attachment":[{"href":"https:\/\/uniest.it\/es\/wp-json\/wp\/v2\/media?parent=6303"}],"wp:term":[{"taxonomy":"product_brand","embeddable":true,"href":"https:\/\/uniest.it\/es\/wp-json\/wp\/v2\/product_brand?post=6303"},{"taxonomy":"product_cat","embeddable":true,"href":"https:\/\/uniest.it\/es\/wp-json\/wp\/v2\/product_cat?post=6303"},{"taxonomy":"product_tag","embeddable":true,"href":"https:\/\/uniest.it\/es\/wp-json\/wp\/v2\/product_tag?post=6303"}],"curies":[{"name":"wp","href":"https:\/\/api.w.org\/{rel}","templated":true}]}}