{"id":6305,"date":"2021-02-04T13:00:44","date_gmt":"2024-10-23T16:26:57","guid":{"rendered":"https:\/\/uniest.it\/prodotto\/locion-spray-multidefensa\/"},"modified":"2024-10-23T17:26:57","modified_gmt":"2024-10-23T16:26:57","slug":"locion-spray-multidefensa","status":"publish","type":"product","link":"https:\/\/uniest.it\/es\/prodotto\/locion-spray-multidefensa\/","title":{"rendered":"Loci\u00f3n Spray Multidefensa"},"content":{"rendered":"<p>Eficaz loci\u00f3n natural en spray, rica en preciados principios activos, especialmente dise\u00f1ada para mantener alejados a los mosquitos e insectos en general y evitar sus picaduras. Rico en aceite esencial de Lavanda, Menta y Citronela que, notoriamente, tienen un olor que no gusta a los insectos y en consecuencia tienden a alejarse. La formulaci\u00f3n ha sido \u00abreforzada\u00bb con la adici\u00f3n de Extracto de Piretro, un Principio Activo de origen vegetal y numerosas sustancias naturales como los Extractos Vegetales Naturales de Aloe Bio, Avena Bio y Almid\u00f3n de Trigo que lo convierten adem\u00e1s en un producto altamente hidratante, calmante y emoliente. , y por lo tanto adecuado incluso para las pieles m\u00e1s sensibles, que la deja agradablemente suave y no grasa despu\u00e9s de la aplicaci\u00f3n. Apto para toda la familia. Agite bien antes de usar.<\/p>\n","protected":false},"excerpt":{"rendered":"<p>Eficaz loci\u00f3n natural en spray, rica en preciados principios activos, especialmente dise\u00f1ada para mantener alejados a los mosquitos e insectos en general y evitar sus picaduras. Rico en aceite esencial de Lavanda, Menta y Citronela que, notoriamente, tienen un olor que no gusta a los insectos y en consecuencia tienden a alejarse. La formulaci\u00f3n ha [&hellip;]<\/p>\n","protected":false},"featured_media":6310,"template":"","meta":{"_acf_changed":false,"inline_featured_image":false},"product_brand":[],"product_cat":[1425],"product_tag":[],"class_list":{"0":"post-6305","1":"product","2":"type-product","3":"status-publish","4":"has-post-thumbnail","6":"product_beauty-idratare","7":"product_beauty-lenire","8":"product_beauty-proteggere","9":"product_skin-tutte-le-pelli","10":"product_kind-trattamenti-speciali","11":"product_lines-igiene-e-protezione","12":"product_cat-corpo-es","13":"pa_size-100-es","15":"first","16":"instock","17":"taxable","18":"shipping-taxable","19":"purchasable","20":"product-type-simple"},"acf":[],"yoast_head":"<!-- This site is optimized with the Yoast SEO plugin v24.6 - https:\/\/yoast.com\/wordpress\/plugins\/seo\/ -->\n<title>Loci\u00f3n Spray Multidefensa - Uniest<\/title>\n<meta name=\"robots\" content=\"index, follow, max-snippet:-1, max-image-preview:large, max-video-preview:-1\" \/>\n<link rel=\"canonical\" href=\"https:\/\/uniest.it\/prodotto\/locion-spray-multidefensa\/\" \/>\n<meta property=\"og:locale\" content=\"es_ES\" \/>\n<meta property=\"og:type\" content=\"article\" \/>\n<meta property=\"og:title\" content=\"Loci\u00f3n Spray Multidefensa - Uniest\" \/>\n<meta property=\"og:description\" content=\"Eficaz loci\u00f3n natural en spray, rica en preciados principios activos, especialmente dise\u00f1ada para mantener alejados a los mosquitos e insectos en general y evitar sus picaduras. Rico en aceite esencial de Lavanda, Menta y Citronela que, notoriamente, tienen un olor que no gusta a los insectos y en consecuencia tienden a alejarse. La formulaci\u00f3n ha [&hellip;]\" \/>\n<meta property=\"og:url\" content=\"https:\/\/uniest.it\/prodotto\/locion-spray-multidefensa\/\" \/>\n<meta property=\"og:site_name\" content=\"Uniest\" \/>\n<meta name=\"twitter:card\" content=\"summary_large_image\" \/>\n<meta name=\"twitter:label1\" content=\"Tiempo de lectura\" \/>\n\t<meta name=\"twitter:data1\" content=\"1 minuto\" \/>\n<script type=\"application\/ld+json\" class=\"yoast-schema-graph\">{\"@context\":\"https:\/\/schema.org\",\"@graph\":[{\"@type\":\"WebPage\",\"@id\":\"https:\/\/uniest.it\/prodotto\/locion-spray-multidefensa\/\",\"url\":\"https:\/\/uniest.it\/prodotto\/locion-spray-multidefensa\/\",\"name\":\"Loci\u00f3n Spray Multidefensa - Uniest\",\"isPartOf\":{\"@id\":\"https:\/\/uniest.it\/#website\"},\"primaryImageOfPage\":{\"@id\":\"https:\/\/uniest.it\/prodotto\/locion-spray-multidefensa\/#primaryimage\"},\"image\":{\"@id\":\"https:\/\/uniest.it\/prodotto\/locion-spray-multidefensa\/#primaryimage\"},\"thumbnailUrl\":\"https:\/\/uniest.it\/wp-content\/uploads\/2021\/02\/753AAE..png\",\"datePublished\":\"2024-10-23T16:26:57+00:00\",\"breadcrumb\":{\"@id\":\"https:\/\/uniest.it\/prodotto\/locion-spray-multidefensa\/#breadcrumb\"},\"inLanguage\":\"es\",\"potentialAction\":[{\"@type\":\"ReadAction\",\"target\":[\"https:\/\/uniest.it\/prodotto\/locion-spray-multidefensa\/\"]}]},{\"@type\":\"ImageObject\",\"inLanguage\":\"es\",\"@id\":\"https:\/\/uniest.it\/prodotto\/locion-spray-multidefensa\/#primaryimage\",\"url\":\"https:\/\/uniest.it\/wp-content\/uploads\/2021\/02\/753AAE..png\",\"contentUrl\":\"https:\/\/uniest.it\/wp-content\/uploads\/2021\/02\/753AAE..png\",\"width\":3369,\"height\":5053},{\"@type\":\"BreadcrumbList\",\"@id\":\"https:\/\/uniest.it\/prodotto\/locion-spray-multidefensa\/#breadcrumb\",\"itemListElement\":[{\"@type\":\"ListItem\",\"position\":1,\"name\":\"Home\",\"item\":\"https:\/\/uniest.it\/es\/\"},{\"@type\":\"ListItem\",\"position\":2,\"name\":\"Shop\",\"item\":\"https:\/\/uniest.it\/shop\/\"},{\"@type\":\"ListItem\",\"position\":3,\"name\":\"Loci\u00f3n Spray Multidefensa\"}]},{\"@type\":\"WebSite\",\"@id\":\"https:\/\/uniest.it\/#website\",\"url\":\"https:\/\/uniest.it\/\",\"name\":\"Uniest\",\"description\":\"Cosmetici Naturali e Bio\",\"potentialAction\":[{\"@type\":\"SearchAction\",\"target\":{\"@type\":\"EntryPoint\",\"urlTemplate\":\"https:\/\/uniest.it\/?s={search_term_string}\"},\"query-input\":{\"@type\":\"PropertyValueSpecification\",\"valueRequired\":true,\"valueName\":\"search_term_string\"}}],\"inLanguage\":\"es\"}]}<\/script>\n<!-- \/ Yoast SEO plugin. -->","yoast_head_json":{"title":"Loci\u00f3n Spray Multidefensa - Uniest","robots":{"index":"index","follow":"follow","max-snippet":"max-snippet:-1","max-image-preview":"max-image-preview:large","max-video-preview":"max-video-preview:-1"},"canonical":"https:\/\/uniest.it\/prodotto\/locion-spray-multidefensa\/","og_locale":"es_ES","og_type":"article","og_title":"Loci\u00f3n Spray Multidefensa - Uniest","og_description":"Eficaz loci\u00f3n natural en spray, rica en preciados principios activos, especialmente dise\u00f1ada para mantener alejados a los mosquitos e insectos en general y evitar sus picaduras. Rico en aceite esencial de Lavanda, Menta y Citronela que, notoriamente, tienen un olor que no gusta a los insectos y en consecuencia tienden a alejarse. La formulaci\u00f3n ha [&hellip;]","og_url":"https:\/\/uniest.it\/prodotto\/locion-spray-multidefensa\/","og_site_name":"Uniest","twitter_card":"summary_large_image","twitter_misc":{"Tiempo de lectura":"1 minuto"},"schema":{"@context":"https:\/\/schema.org","@graph":[{"@type":"WebPage","@id":"https:\/\/uniest.it\/prodotto\/locion-spray-multidefensa\/","url":"https:\/\/uniest.it\/prodotto\/locion-spray-multidefensa\/","name":"Loci\u00f3n Spray Multidefensa - Uniest","isPartOf":{"@id":"https:\/\/uniest.it\/#website"},"primaryImageOfPage":{"@id":"https:\/\/uniest.it\/prodotto\/locion-spray-multidefensa\/#primaryimage"},"image":{"@id":"https:\/\/uniest.it\/prodotto\/locion-spray-multidefensa\/#primaryimage"},"thumbnailUrl":"https:\/\/uniest.it\/wp-content\/uploads\/2021\/02\/753AAE..png","datePublished":"2024-10-23T16:26:57+00:00","breadcrumb":{"@id":"https:\/\/uniest.it\/prodotto\/locion-spray-multidefensa\/#breadcrumb"},"inLanguage":"es","potentialAction":[{"@type":"ReadAction","target":["https:\/\/uniest.it\/prodotto\/locion-spray-multidefensa\/"]}]},{"@type":"ImageObject","inLanguage":"es","@id":"https:\/\/uniest.it\/prodotto\/locion-spray-multidefensa\/#primaryimage","url":"https:\/\/uniest.it\/wp-content\/uploads\/2021\/02\/753AAE..png","contentUrl":"https:\/\/uniest.it\/wp-content\/uploads\/2021\/02\/753AAE..png","width":3369,"height":5053},{"@type":"BreadcrumbList","@id":"https:\/\/uniest.it\/prodotto\/locion-spray-multidefensa\/#breadcrumb","itemListElement":[{"@type":"ListItem","position":1,"name":"Home","item":"https:\/\/uniest.it\/es\/"},{"@type":"ListItem","position":2,"name":"Shop","item":"https:\/\/uniest.it\/shop\/"},{"@type":"ListItem","position":3,"name":"Loci\u00f3n Spray Multidefensa"}]},{"@type":"WebSite","@id":"https:\/\/uniest.it\/#website","url":"https:\/\/uniest.it\/","name":"Uniest","description":"Cosmetici Naturali e Bio","potentialAction":[{"@type":"SearchAction","target":{"@type":"EntryPoint","urlTemplate":"https:\/\/uniest.it\/?s={search_term_string}"},"query-input":{"@type":"PropertyValueSpecification","valueRequired":true,"valueName":"search_term_string"}}],"inLanguage":"es"}]}},"_links":{"self":[{"href":"https:\/\/uniest.it\/es\/wp-json\/wp\/v2\/product\/6305","targetHints":{"allow":["GET"]}}],"collection":[{"href":"https:\/\/uniest.it\/es\/wp-json\/wp\/v2\/product"}],"about":[{"href":"https:\/\/uniest.it\/es\/wp-json\/wp\/v2\/types\/product"}],"wp:featuredmedia":[{"embeddable":true,"href":"https:\/\/uniest.it\/es\/wp-json\/wp\/v2\/media\/6310"}],"wp:attachment":[{"href":"https:\/\/uniest.it\/es\/wp-json\/wp\/v2\/media?parent=6305"}],"wp:term":[{"taxonomy":"product_brand","embeddable":true,"href":"https:\/\/uniest.it\/es\/wp-json\/wp\/v2\/product_brand?post=6305"},{"taxonomy":"product_cat","embeddable":true,"href":"https:\/\/uniest.it\/es\/wp-json\/wp\/v2\/product_cat?post=6305"},{"taxonomy":"product_tag","embeddable":true,"href":"https:\/\/uniest.it\/es\/wp-json\/wp\/v2\/product_tag?post=6305"}],"curies":[{"name":"wp","href":"https:\/\/api.w.org\/{rel}","templated":true}]}}