{"id":6313,"date":"2021-02-04T13:00:44","date_gmt":"2024-10-23T16:26:58","guid":{"rendered":"https:\/\/uniest.it\/prodotto\/tomillo-100ml\/"},"modified":"2024-10-23T17:26:58","modified_gmt":"2024-10-23T16:26:58","slug":"tomillo-100ml","status":"publish","type":"product","link":"https:\/\/uniest.it\/es\/prodotto\/tomillo-100ml\/","title":{"rendered":"Tomillo &#8211; 100ml"},"content":{"rendered":"<p>El Tomillo es una crema suave, muy untable, lubricante, pero no grasa y de excelente penetraci\u00f3n, ideal tambi\u00e9n para todo tipo de masajes. Contiene aceites esenciales 100% naturales, con poder tonificante, bals\u00e1mico, refrescante y estimulante, que lo hacen indispensable para toda la familia, especialmente en la temporada invernal. Tiene m\u00faltiples propiedades, y gracias a la presencia de Aceite de Almendras Dulces BIO y Manteca de Karit\u00e9 BIO, tambi\u00e9n es ideal para su uso en los m\u00e1s peque\u00f1os. &nbsp;<\/p>\n","protected":false},"excerpt":{"rendered":"<p>El Tomillo es una crema suave, muy untable, lubricante, pero no grasa y de excelente penetraci\u00f3n, ideal tambi\u00e9n para todo tipo de masajes. Contiene aceites esenciales 100% naturales, con poder tonificante, bals\u00e1mico, refrescante y estimulante, que lo hacen indispensable para toda la familia, especialmente en la temporada invernal. Tiene m\u00faltiples propiedades, y gracias a la [&hellip;]<\/p>\n","protected":false},"featured_media":6314,"template":"","meta":{"_acf_changed":false,"inline_featured_image":false},"product_brand":[],"product_cat":[1425,1444,1435],"product_tag":[],"class_list":{"0":"post-6313","1":"product","2":"type-product","3":"status-publish","4":"has-post-thumbnail","6":"product_beauty-aromatizzare-e-profumare","7":"product_beauty-balsamico","8":"product_beauty-idratare","9":"product_beauty-lenire","10":"product_beauty-purificare","11":"product_beauty-riequilibrare","12":"product_skin-tutte-le-pelli","13":"product_kind-i-rimedi-dalla-natura","14":"product_kind-trattamenti-mani-e-piedi","15":"product_kind-trattamenti-speciali","16":"product_kind-tutte-le-creme-corpo","17":"product_lines-i-rimedi-dalla-natura","18":"product_cat-corpo-es","19":"product_cat-mani-e-piedi-es","20":"product_cat-viso-es","21":"pa_size-100-es","23":"first","24":"instock","25":"taxable","26":"shipping-taxable","27":"purchasable","28":"product-type-simple"},"acf":[],"yoast_head":"<!-- This site is optimized with the Yoast SEO plugin v24.6 - https:\/\/yoast.com\/wordpress\/plugins\/seo\/ -->\n<title>Tomillo - 100ml - Uniest<\/title>\n<meta name=\"robots\" content=\"index, follow, max-snippet:-1, max-image-preview:large, max-video-preview:-1\" \/>\n<link rel=\"canonical\" href=\"https:\/\/uniest.it\/prodotto\/tomillo-100ml\/\" \/>\n<meta property=\"og:locale\" content=\"es_ES\" \/>\n<meta property=\"og:type\" content=\"article\" \/>\n<meta property=\"og:title\" content=\"Tomillo - 100ml - Uniest\" \/>\n<meta property=\"og:description\" content=\"El Tomillo es una crema suave, muy untable, lubricante, pero no grasa y de excelente penetraci\u00f3n, ideal tambi\u00e9n para todo tipo de masajes. Contiene aceites esenciales 100% naturales, con poder tonificante, bals\u00e1mico, refrescante y estimulante, que lo hacen indispensable para toda la familia, especialmente en la temporada invernal. Tiene m\u00faltiples propiedades, y gracias a la [&hellip;]\" \/>\n<meta property=\"og:url\" content=\"https:\/\/uniest.it\/prodotto\/tomillo-100ml\/\" \/>\n<meta property=\"og:site_name\" content=\"Uniest\" \/>\n<meta name=\"twitter:card\" content=\"summary_large_image\" \/>\n<script type=\"application\/ld+json\" class=\"yoast-schema-graph\">{\"@context\":\"https:\/\/schema.org\",\"@graph\":[{\"@type\":\"WebPage\",\"@id\":\"https:\/\/uniest.it\/prodotto\/tomillo-100ml\/\",\"url\":\"https:\/\/uniest.it\/prodotto\/tomillo-100ml\/\",\"name\":\"Tomillo - 100ml - Uniest\",\"isPartOf\":{\"@id\":\"https:\/\/uniest.it\/#website\"},\"primaryImageOfPage\":{\"@id\":\"https:\/\/uniest.it\/prodotto\/tomillo-100ml\/#primaryimage\"},\"image\":{\"@id\":\"https:\/\/uniest.it\/prodotto\/tomillo-100ml\/#primaryimage\"},\"thumbnailUrl\":\"https:\/\/uniest.it\/wp-content\/uploads\/2020\/11\/810AAE.png\",\"datePublished\":\"2024-10-23T16:26:58+00:00\",\"breadcrumb\":{\"@id\":\"https:\/\/uniest.it\/prodotto\/tomillo-100ml\/#breadcrumb\"},\"inLanguage\":\"es\",\"potentialAction\":[{\"@type\":\"ReadAction\",\"target\":[\"https:\/\/uniest.it\/prodotto\/tomillo-100ml\/\"]}]},{\"@type\":\"ImageObject\",\"inLanguage\":\"es\",\"@id\":\"https:\/\/uniest.it\/prodotto\/tomillo-100ml\/#primaryimage\",\"url\":\"https:\/\/uniest.it\/wp-content\/uploads\/2020\/11\/810AAE.png\",\"contentUrl\":\"https:\/\/uniest.it\/wp-content\/uploads\/2020\/11\/810AAE.png\",\"width\":1283,\"height\":2000},{\"@type\":\"BreadcrumbList\",\"@id\":\"https:\/\/uniest.it\/prodotto\/tomillo-100ml\/#breadcrumb\",\"itemListElement\":[{\"@type\":\"ListItem\",\"position\":1,\"name\":\"Home\",\"item\":\"https:\/\/uniest.it\/es\/\"},{\"@type\":\"ListItem\",\"position\":2,\"name\":\"Shop\",\"item\":\"https:\/\/uniest.it\/shop\/\"},{\"@type\":\"ListItem\",\"position\":3,\"name\":\"Tomillo &#8211; 100ml\"}]},{\"@type\":\"WebSite\",\"@id\":\"https:\/\/uniest.it\/#website\",\"url\":\"https:\/\/uniest.it\/\",\"name\":\"Uniest\",\"description\":\"Cosmetici Naturali e Bio\",\"potentialAction\":[{\"@type\":\"SearchAction\",\"target\":{\"@type\":\"EntryPoint\",\"urlTemplate\":\"https:\/\/uniest.it\/?s={search_term_string}\"},\"query-input\":{\"@type\":\"PropertyValueSpecification\",\"valueRequired\":true,\"valueName\":\"search_term_string\"}}],\"inLanguage\":\"es\"}]}<\/script>\n<!-- \/ Yoast SEO plugin. -->","yoast_head_json":{"title":"Tomillo - 100ml - Uniest","robots":{"index":"index","follow":"follow","max-snippet":"max-snippet:-1","max-image-preview":"max-image-preview:large","max-video-preview":"max-video-preview:-1"},"canonical":"https:\/\/uniest.it\/prodotto\/tomillo-100ml\/","og_locale":"es_ES","og_type":"article","og_title":"Tomillo - 100ml - Uniest","og_description":"El Tomillo es una crema suave, muy untable, lubricante, pero no grasa y de excelente penetraci\u00f3n, ideal tambi\u00e9n para todo tipo de masajes. Contiene aceites esenciales 100% naturales, con poder tonificante, bals\u00e1mico, refrescante y estimulante, que lo hacen indispensable para toda la familia, especialmente en la temporada invernal. Tiene m\u00faltiples propiedades, y gracias a la [&hellip;]","og_url":"https:\/\/uniest.it\/prodotto\/tomillo-100ml\/","og_site_name":"Uniest","twitter_card":"summary_large_image","schema":{"@context":"https:\/\/schema.org","@graph":[{"@type":"WebPage","@id":"https:\/\/uniest.it\/prodotto\/tomillo-100ml\/","url":"https:\/\/uniest.it\/prodotto\/tomillo-100ml\/","name":"Tomillo - 100ml - Uniest","isPartOf":{"@id":"https:\/\/uniest.it\/#website"},"primaryImageOfPage":{"@id":"https:\/\/uniest.it\/prodotto\/tomillo-100ml\/#primaryimage"},"image":{"@id":"https:\/\/uniest.it\/prodotto\/tomillo-100ml\/#primaryimage"},"thumbnailUrl":"https:\/\/uniest.it\/wp-content\/uploads\/2020\/11\/810AAE.png","datePublished":"2024-10-23T16:26:58+00:00","breadcrumb":{"@id":"https:\/\/uniest.it\/prodotto\/tomillo-100ml\/#breadcrumb"},"inLanguage":"es","potentialAction":[{"@type":"ReadAction","target":["https:\/\/uniest.it\/prodotto\/tomillo-100ml\/"]}]},{"@type":"ImageObject","inLanguage":"es","@id":"https:\/\/uniest.it\/prodotto\/tomillo-100ml\/#primaryimage","url":"https:\/\/uniest.it\/wp-content\/uploads\/2020\/11\/810AAE.png","contentUrl":"https:\/\/uniest.it\/wp-content\/uploads\/2020\/11\/810AAE.png","width":1283,"height":2000},{"@type":"BreadcrumbList","@id":"https:\/\/uniest.it\/prodotto\/tomillo-100ml\/#breadcrumb","itemListElement":[{"@type":"ListItem","position":1,"name":"Home","item":"https:\/\/uniest.it\/es\/"},{"@type":"ListItem","position":2,"name":"Shop","item":"https:\/\/uniest.it\/shop\/"},{"@type":"ListItem","position":3,"name":"Tomillo &#8211; 100ml"}]},{"@type":"WebSite","@id":"https:\/\/uniest.it\/#website","url":"https:\/\/uniest.it\/","name":"Uniest","description":"Cosmetici Naturali e Bio","potentialAction":[{"@type":"SearchAction","target":{"@type":"EntryPoint","urlTemplate":"https:\/\/uniest.it\/?s={search_term_string}"},"query-input":{"@type":"PropertyValueSpecification","valueRequired":true,"valueName":"search_term_string"}}],"inLanguage":"es"}]}},"_links":{"self":[{"href":"https:\/\/uniest.it\/es\/wp-json\/wp\/v2\/product\/6313","targetHints":{"allow":["GET"]}}],"collection":[{"href":"https:\/\/uniest.it\/es\/wp-json\/wp\/v2\/product"}],"about":[{"href":"https:\/\/uniest.it\/es\/wp-json\/wp\/v2\/types\/product"}],"wp:featuredmedia":[{"embeddable":true,"href":"https:\/\/uniest.it\/es\/wp-json\/wp\/v2\/media\/6314"}],"wp:attachment":[{"href":"https:\/\/uniest.it\/es\/wp-json\/wp\/v2\/media?parent=6313"}],"wp:term":[{"taxonomy":"product_brand","embeddable":true,"href":"https:\/\/uniest.it\/es\/wp-json\/wp\/v2\/product_brand?post=6313"},{"taxonomy":"product_cat","embeddable":true,"href":"https:\/\/uniest.it\/es\/wp-json\/wp\/v2\/product_cat?post=6313"},{"taxonomy":"product_tag","embeddable":true,"href":"https:\/\/uniest.it\/es\/wp-json\/wp\/v2\/product_tag?post=6313"}],"curies":[{"name":"wp","href":"https:\/\/api.w.org\/{rel}","templated":true}]}}