{"id":6315,"date":"2021-02-04T13:00:44","date_gmt":"2024-10-23T16:26:58","guid":{"rendered":"https:\/\/uniest.it\/prodotto\/arnica-100-ml\/"},"modified":"2024-10-23T17:26:58","modified_gmt":"2024-10-23T16:26:58","slug":"arnica-100-ml","status":"publish","type":"product","link":"https:\/\/uniest.it\/es\/prodotto\/arnica-100-ml\/","title":{"rendered":"\u00c1rnica &#8211; 100 ml"},"content":{"rendered":"<p>La Crema de \u00c1rnica es un coadyuvante ideal en caso de dolores musculares y contracturas en general, inflamaci\u00f3n de la piel y picaduras de insectos. El Extracto Vegetal Natural de \u00c1rnica, combinado con Salicilato de Metilo, desarrolla una gran acci\u00f3n reactivante y calmante. Muy \u00fatil como coadyuvante en el tratamiento del dolor o la inflamaci\u00f3n, en presencia de acn\u00e9 y erupciones cut\u00e1neas, favorece la reabsorci\u00f3n de hematomas, golpes, esguinces, hinchazones o contusiones, dando alivio al organismo y revitalizando la piel. La formulaci\u00f3n se completa con Aceite de Salvado de Arroz, Aceite de Almendras Dulces BIO, Manteca de Karit\u00e9 BIO y Glicerina, todos excelentes agentes calmantes, hidratantes y calmantes que la convierten en una crema rica en funciones suavizantes.<\/p>\n","protected":false},"excerpt":{"rendered":"<p>La Crema de \u00c1rnica es un coadyuvante ideal en caso de dolores musculares y contracturas en general, inflamaci\u00f3n de la piel y picaduras de insectos. El Extracto Vegetal Natural de \u00c1rnica, combinado con Salicilato de Metilo, desarrolla una gran acci\u00f3n reactivante y calmante. Muy \u00fatil como coadyuvante en el tratamiento del dolor o la inflamaci\u00f3n, [&hellip;]<\/p>\n","protected":false},"featured_media":6316,"template":"","meta":{"_acf_changed":false,"inline_featured_image":false},"product_brand":[],"product_cat":[1425,1426,1444,1435],"product_tag":[],"class_list":{"0":"post-6315","1":"product","2":"type-product","3":"status-publish","4":"has-post-thumbnail","6":"product_beauty-detox-e-dren","7":"product_beauty-idratare","8":"product_beauty-lenire","9":"product_beauty-rassodare-e-tonificare","10":"product_skin-tutte-le-pelli","11":"product_kind-i-rimedi-dalla-natura","12":"product_kind-speciale-sport","13":"product_kind-trattamenti-speciali","14":"product_kind-tutte-le-creme-corpo","15":"product_lines-i-rimedi-dalla-natura","16":"product_cat-corpo-es","17":"product_cat-uomo-es","18":"product_cat-mani-e-piedi-es","19":"product_cat-viso-es","20":"pa_size-100-es","22":"first","23":"instock","24":"taxable","25":"shipping-taxable","26":"purchasable","27":"product-type-simple"},"acf":[],"yoast_head":"<!-- This site is optimized with the Yoast SEO plugin v24.6 - https:\/\/yoast.com\/wordpress\/plugins\/seo\/ -->\n<title>\u00c1rnica - 100 ml - Uniest<\/title>\n<meta name=\"robots\" content=\"index, follow, max-snippet:-1, max-image-preview:large, max-video-preview:-1\" \/>\n<link rel=\"canonical\" href=\"https:\/\/uniest.it\/prodotto\/arnica-100-ml\/\" \/>\n<meta property=\"og:locale\" content=\"es_ES\" \/>\n<meta property=\"og:type\" content=\"article\" \/>\n<meta property=\"og:title\" content=\"\u00c1rnica - 100 ml - Uniest\" \/>\n<meta property=\"og:description\" content=\"La Crema de \u00c1rnica es un coadyuvante ideal en caso de dolores musculares y contracturas en general, inflamaci\u00f3n de la piel y picaduras de insectos. El Extracto Vegetal Natural de \u00c1rnica, combinado con Salicilato de Metilo, desarrolla una gran acci\u00f3n reactivante y calmante. Muy \u00fatil como coadyuvante en el tratamiento del dolor o la inflamaci\u00f3n, [&hellip;]\" \/>\n<meta property=\"og:url\" content=\"https:\/\/uniest.it\/prodotto\/arnica-100-ml\/\" \/>\n<meta property=\"og:site_name\" content=\"Uniest\" \/>\n<meta name=\"twitter:card\" content=\"summary_large_image\" \/>\n<meta name=\"twitter:label1\" content=\"Tiempo de lectura\" \/>\n\t<meta name=\"twitter:data1\" content=\"1 minuto\" \/>\n<script type=\"application\/ld+json\" class=\"yoast-schema-graph\">{\"@context\":\"https:\/\/schema.org\",\"@graph\":[{\"@type\":\"WebPage\",\"@id\":\"https:\/\/uniest.it\/prodotto\/arnica-100-ml\/\",\"url\":\"https:\/\/uniest.it\/prodotto\/arnica-100-ml\/\",\"name\":\"\u00c1rnica - 100 ml - Uniest\",\"isPartOf\":{\"@id\":\"https:\/\/uniest.it\/#website\"},\"primaryImageOfPage\":{\"@id\":\"https:\/\/uniest.it\/prodotto\/arnica-100-ml\/#primaryimage\"},\"image\":{\"@id\":\"https:\/\/uniest.it\/prodotto\/arnica-100-ml\/#primaryimage\"},\"thumbnailUrl\":\"https:\/\/uniest.it\/wp-content\/uploads\/2020\/11\/815AAE.png\",\"datePublished\":\"2024-10-23T16:26:58+00:00\",\"breadcrumb\":{\"@id\":\"https:\/\/uniest.it\/prodotto\/arnica-100-ml\/#breadcrumb\"},\"inLanguage\":\"es\",\"potentialAction\":[{\"@type\":\"ReadAction\",\"target\":[\"https:\/\/uniest.it\/prodotto\/arnica-100-ml\/\"]}]},{\"@type\":\"ImageObject\",\"inLanguage\":\"es\",\"@id\":\"https:\/\/uniest.it\/prodotto\/arnica-100-ml\/#primaryimage\",\"url\":\"https:\/\/uniest.it\/wp-content\/uploads\/2020\/11\/815AAE.png\",\"contentUrl\":\"https:\/\/uniest.it\/wp-content\/uploads\/2020\/11\/815AAE.png\",\"width\":1283,\"height\":2000},{\"@type\":\"BreadcrumbList\",\"@id\":\"https:\/\/uniest.it\/prodotto\/arnica-100-ml\/#breadcrumb\",\"itemListElement\":[{\"@type\":\"ListItem\",\"position\":1,\"name\":\"Home\",\"item\":\"https:\/\/uniest.it\/es\/\"},{\"@type\":\"ListItem\",\"position\":2,\"name\":\"Shop\",\"item\":\"https:\/\/uniest.it\/shop\/\"},{\"@type\":\"ListItem\",\"position\":3,\"name\":\"\u00c1rnica &#8211; 100 ml\"}]},{\"@type\":\"WebSite\",\"@id\":\"https:\/\/uniest.it\/#website\",\"url\":\"https:\/\/uniest.it\/\",\"name\":\"Uniest\",\"description\":\"Cosmetici Naturali e Bio\",\"potentialAction\":[{\"@type\":\"SearchAction\",\"target\":{\"@type\":\"EntryPoint\",\"urlTemplate\":\"https:\/\/uniest.it\/?s={search_term_string}\"},\"query-input\":{\"@type\":\"PropertyValueSpecification\",\"valueRequired\":true,\"valueName\":\"search_term_string\"}}],\"inLanguage\":\"es\"}]}<\/script>\n<!-- \/ Yoast SEO plugin. -->","yoast_head_json":{"title":"\u00c1rnica - 100 ml - Uniest","robots":{"index":"index","follow":"follow","max-snippet":"max-snippet:-1","max-image-preview":"max-image-preview:large","max-video-preview":"max-video-preview:-1"},"canonical":"https:\/\/uniest.it\/prodotto\/arnica-100-ml\/","og_locale":"es_ES","og_type":"article","og_title":"\u00c1rnica - 100 ml - Uniest","og_description":"La Crema de \u00c1rnica es un coadyuvante ideal en caso de dolores musculares y contracturas en general, inflamaci\u00f3n de la piel y picaduras de insectos. El Extracto Vegetal Natural de \u00c1rnica, combinado con Salicilato de Metilo, desarrolla una gran acci\u00f3n reactivante y calmante. Muy \u00fatil como coadyuvante en el tratamiento del dolor o la inflamaci\u00f3n, [&hellip;]","og_url":"https:\/\/uniest.it\/prodotto\/arnica-100-ml\/","og_site_name":"Uniest","twitter_card":"summary_large_image","twitter_misc":{"Tiempo de lectura":"1 minuto"},"schema":{"@context":"https:\/\/schema.org","@graph":[{"@type":"WebPage","@id":"https:\/\/uniest.it\/prodotto\/arnica-100-ml\/","url":"https:\/\/uniest.it\/prodotto\/arnica-100-ml\/","name":"\u00c1rnica - 100 ml - Uniest","isPartOf":{"@id":"https:\/\/uniest.it\/#website"},"primaryImageOfPage":{"@id":"https:\/\/uniest.it\/prodotto\/arnica-100-ml\/#primaryimage"},"image":{"@id":"https:\/\/uniest.it\/prodotto\/arnica-100-ml\/#primaryimage"},"thumbnailUrl":"https:\/\/uniest.it\/wp-content\/uploads\/2020\/11\/815AAE.png","datePublished":"2024-10-23T16:26:58+00:00","breadcrumb":{"@id":"https:\/\/uniest.it\/prodotto\/arnica-100-ml\/#breadcrumb"},"inLanguage":"es","potentialAction":[{"@type":"ReadAction","target":["https:\/\/uniest.it\/prodotto\/arnica-100-ml\/"]}]},{"@type":"ImageObject","inLanguage":"es","@id":"https:\/\/uniest.it\/prodotto\/arnica-100-ml\/#primaryimage","url":"https:\/\/uniest.it\/wp-content\/uploads\/2020\/11\/815AAE.png","contentUrl":"https:\/\/uniest.it\/wp-content\/uploads\/2020\/11\/815AAE.png","width":1283,"height":2000},{"@type":"BreadcrumbList","@id":"https:\/\/uniest.it\/prodotto\/arnica-100-ml\/#breadcrumb","itemListElement":[{"@type":"ListItem","position":1,"name":"Home","item":"https:\/\/uniest.it\/es\/"},{"@type":"ListItem","position":2,"name":"Shop","item":"https:\/\/uniest.it\/shop\/"},{"@type":"ListItem","position":3,"name":"\u00c1rnica &#8211; 100 ml"}]},{"@type":"WebSite","@id":"https:\/\/uniest.it\/#website","url":"https:\/\/uniest.it\/","name":"Uniest","description":"Cosmetici Naturali e Bio","potentialAction":[{"@type":"SearchAction","target":{"@type":"EntryPoint","urlTemplate":"https:\/\/uniest.it\/?s={search_term_string}"},"query-input":{"@type":"PropertyValueSpecification","valueRequired":true,"valueName":"search_term_string"}}],"inLanguage":"es"}]}},"_links":{"self":[{"href":"https:\/\/uniest.it\/es\/wp-json\/wp\/v2\/product\/6315","targetHints":{"allow":["GET"]}}],"collection":[{"href":"https:\/\/uniest.it\/es\/wp-json\/wp\/v2\/product"}],"about":[{"href":"https:\/\/uniest.it\/es\/wp-json\/wp\/v2\/types\/product"}],"wp:featuredmedia":[{"embeddable":true,"href":"https:\/\/uniest.it\/es\/wp-json\/wp\/v2\/media\/6316"}],"wp:attachment":[{"href":"https:\/\/uniest.it\/es\/wp-json\/wp\/v2\/media?parent=6315"}],"wp:term":[{"taxonomy":"product_brand","embeddable":true,"href":"https:\/\/uniest.it\/es\/wp-json\/wp\/v2\/product_brand?post=6315"},{"taxonomy":"product_cat","embeddable":true,"href":"https:\/\/uniest.it\/es\/wp-json\/wp\/v2\/product_cat?post=6315"},{"taxonomy":"product_tag","embeddable":true,"href":"https:\/\/uniest.it\/es\/wp-json\/wp\/v2\/product_tag?post=6315"}],"curies":[{"name":"wp","href":"https:\/\/api.w.org\/{rel}","templated":true}]}}