{"id":6319,"date":"2021-02-04T13:00:44","date_gmt":"2024-10-23T16:26:59","guid":{"rendered":"https:\/\/uniest.it\/prodotto\/aloe-100ml\/"},"modified":"2024-10-23T17:26:59","modified_gmt":"2024-10-23T16:26:59","slug":"aloe-100ml","status":"publish","type":"product","link":"https:\/\/uniest.it\/es\/prodotto\/aloe-100ml\/","title":{"rendered":"\u00c1loe &#8211; 100ml"},"content":{"rendered":"<p>El Aloe es una crema natural que contiene una alta cantidad de Aloe ORG\u00c1NICO* (40%) con una alta acci\u00f3n hidratante y calmante. Se absorbe con un delicado masaje sin resultar grasoso y su principal caracter\u00edstica es que tiene hojas carnosas, que contienen en su interior un gel con extraordinarias propiedades. De hecho, este jugo contiene 200 compuestos activos y m\u00e1s de 75 nutrientes que incluyen: 20 minerales, entre ellos calcio, cromo, hierro, f\u00f3sforo, magnesio, manganeso, potasio, sodio, zinc, importantes agentes antioxidantes y antienvejecimiento de la piel; 18 amino\u00e1cidos de los 20 necesarios para el ser humano, 12 vitaminas, entre ellas A, C, D, E y del grupo B, enzimas, necesarias para todos los procesos vitales, sac\u00e1ridos, saponinas y esteroles vegetales capaces de combatir el da\u00f1o celular causado por los radicales libres. Todos estos elementos hacen del Aloe una especie de \u00abcurandero natural\u00bb ya utilizado por los pueblos antiguos, incluidos los egipcios, asirios, indios, etc.<\/p>\n","protected":false},"excerpt":{"rendered":"<p>El Aloe es una crema natural que contiene una alta cantidad de Aloe ORG\u00c1NICO* (40%) con una alta acci\u00f3n hidratante y calmante. Se absorbe con un delicado masaje sin resultar grasoso y su principal caracter\u00edstica es que tiene hojas carnosas, que contienen en su interior un gel con extraordinarias propiedades. De hecho, este jugo contiene [&hellip;]<\/p>\n","protected":false},"featured_media":6320,"template":"","meta":{"_acf_changed":false,"inline_featured_image":false},"product_brand":[],"product_cat":[1425,1444,1435],"product_tag":[],"class_list":{"0":"post-6319","1":"product","2":"type-product","3":"status-publish","4":"has-post-thumbnail","6":"product_beauty-antirughe","7":"product_beauty-idratare","8":"product_beauty-lenire","9":"product_beauty-nutrire-e-rigenerare","10":"product_beauty-proteggere","11":"product_beauty-riequilibrare","12":"product_skin-tutte-le-pelli","13":"product_kind-creme-antieta-e-prime-rughe","14":"product_kind-creme-pelli-complesse","15":"product_kind-i-rimedi-dalla-natura","16":"product_kind-trattamenti-speciali","17":"product_kind-tutte-le-creme-corpo","18":"product_kind-tutte-le-creme-viso","19":"product_lines-i-rimedi-dalla-natura","20":"product_cat-corpo-es","21":"product_cat-mani-e-piedi-es","22":"product_cat-viso-es","23":"pa_size-100-es","25":"first","26":"instock","27":"taxable","28":"shipping-taxable","29":"purchasable","30":"product-type-simple"},"acf":[],"yoast_head":"<!-- This site is optimized with the Yoast SEO plugin v24.6 - https:\/\/yoast.com\/wordpress\/plugins\/seo\/ -->\n<title>\u00c1loe - 100ml - Uniest<\/title>\n<meta name=\"robots\" content=\"index, follow, max-snippet:-1, max-image-preview:large, max-video-preview:-1\" \/>\n<link rel=\"canonical\" href=\"https:\/\/uniest.it\/prodotto\/aloe-100ml\/\" \/>\n<meta property=\"og:locale\" content=\"es_ES\" \/>\n<meta property=\"og:type\" content=\"article\" \/>\n<meta property=\"og:title\" content=\"\u00c1loe - 100ml - Uniest\" \/>\n<meta property=\"og:description\" content=\"El Aloe es una crema natural que contiene una alta cantidad de Aloe ORG\u00c1NICO* (40%) con una alta acci\u00f3n hidratante y calmante. Se absorbe con un delicado masaje sin resultar grasoso y su principal caracter\u00edstica es que tiene hojas carnosas, que contienen en su interior un gel con extraordinarias propiedades. De hecho, este jugo contiene [&hellip;]\" \/>\n<meta property=\"og:url\" content=\"https:\/\/uniest.it\/prodotto\/aloe-100ml\/\" \/>\n<meta property=\"og:site_name\" content=\"Uniest\" \/>\n<meta name=\"twitter:card\" content=\"summary_large_image\" \/>\n<meta name=\"twitter:label1\" content=\"Tiempo de lectura\" \/>\n\t<meta name=\"twitter:data1\" content=\"1 minuto\" \/>\n<script type=\"application\/ld+json\" class=\"yoast-schema-graph\">{\"@context\":\"https:\/\/schema.org\",\"@graph\":[{\"@type\":\"WebPage\",\"@id\":\"https:\/\/uniest.it\/prodotto\/aloe-100ml\/\",\"url\":\"https:\/\/uniest.it\/prodotto\/aloe-100ml\/\",\"name\":\"\u00c1loe - 100ml - Uniest\",\"isPartOf\":{\"@id\":\"https:\/\/uniest.it\/#website\"},\"primaryImageOfPage\":{\"@id\":\"https:\/\/uniest.it\/prodotto\/aloe-100ml\/#primaryimage\"},\"image\":{\"@id\":\"https:\/\/uniest.it\/prodotto\/aloe-100ml\/#primaryimage\"},\"thumbnailUrl\":\"https:\/\/uniest.it\/wp-content\/uploads\/2020\/11\/825AAE.png\",\"datePublished\":\"2024-10-23T16:26:59+00:00\",\"breadcrumb\":{\"@id\":\"https:\/\/uniest.it\/prodotto\/aloe-100ml\/#breadcrumb\"},\"inLanguage\":\"es\",\"potentialAction\":[{\"@type\":\"ReadAction\",\"target\":[\"https:\/\/uniest.it\/prodotto\/aloe-100ml\/\"]}]},{\"@type\":\"ImageObject\",\"inLanguage\":\"es\",\"@id\":\"https:\/\/uniest.it\/prodotto\/aloe-100ml\/#primaryimage\",\"url\":\"https:\/\/uniest.it\/wp-content\/uploads\/2020\/11\/825AAE.png\",\"contentUrl\":\"https:\/\/uniest.it\/wp-content\/uploads\/2020\/11\/825AAE.png\",\"width\":1283,\"height\":2000},{\"@type\":\"BreadcrumbList\",\"@id\":\"https:\/\/uniest.it\/prodotto\/aloe-100ml\/#breadcrumb\",\"itemListElement\":[{\"@type\":\"ListItem\",\"position\":1,\"name\":\"Home\",\"item\":\"https:\/\/uniest.it\/es\/\"},{\"@type\":\"ListItem\",\"position\":2,\"name\":\"Shop\",\"item\":\"https:\/\/uniest.it\/shop\/\"},{\"@type\":\"ListItem\",\"position\":3,\"name\":\"\u00c1loe &#8211; 100ml\"}]},{\"@type\":\"WebSite\",\"@id\":\"https:\/\/uniest.it\/#website\",\"url\":\"https:\/\/uniest.it\/\",\"name\":\"Uniest\",\"description\":\"Cosmetici Naturali e Bio\",\"potentialAction\":[{\"@type\":\"SearchAction\",\"target\":{\"@type\":\"EntryPoint\",\"urlTemplate\":\"https:\/\/uniest.it\/?s={search_term_string}\"},\"query-input\":{\"@type\":\"PropertyValueSpecification\",\"valueRequired\":true,\"valueName\":\"search_term_string\"}}],\"inLanguage\":\"es\"}]}<\/script>\n<!-- \/ Yoast SEO plugin. -->","yoast_head_json":{"title":"\u00c1loe - 100ml - Uniest","robots":{"index":"index","follow":"follow","max-snippet":"max-snippet:-1","max-image-preview":"max-image-preview:large","max-video-preview":"max-video-preview:-1"},"canonical":"https:\/\/uniest.it\/prodotto\/aloe-100ml\/","og_locale":"es_ES","og_type":"article","og_title":"\u00c1loe - 100ml - Uniest","og_description":"El Aloe es una crema natural que contiene una alta cantidad de Aloe ORG\u00c1NICO* (40%) con una alta acci\u00f3n hidratante y calmante. Se absorbe con un delicado masaje sin resultar grasoso y su principal caracter\u00edstica es que tiene hojas carnosas, que contienen en su interior un gel con extraordinarias propiedades. De hecho, este jugo contiene [&hellip;]","og_url":"https:\/\/uniest.it\/prodotto\/aloe-100ml\/","og_site_name":"Uniest","twitter_card":"summary_large_image","twitter_misc":{"Tiempo de lectura":"1 minuto"},"schema":{"@context":"https:\/\/schema.org","@graph":[{"@type":"WebPage","@id":"https:\/\/uniest.it\/prodotto\/aloe-100ml\/","url":"https:\/\/uniest.it\/prodotto\/aloe-100ml\/","name":"\u00c1loe - 100ml - Uniest","isPartOf":{"@id":"https:\/\/uniest.it\/#website"},"primaryImageOfPage":{"@id":"https:\/\/uniest.it\/prodotto\/aloe-100ml\/#primaryimage"},"image":{"@id":"https:\/\/uniest.it\/prodotto\/aloe-100ml\/#primaryimage"},"thumbnailUrl":"https:\/\/uniest.it\/wp-content\/uploads\/2020\/11\/825AAE.png","datePublished":"2024-10-23T16:26:59+00:00","breadcrumb":{"@id":"https:\/\/uniest.it\/prodotto\/aloe-100ml\/#breadcrumb"},"inLanguage":"es","potentialAction":[{"@type":"ReadAction","target":["https:\/\/uniest.it\/prodotto\/aloe-100ml\/"]}]},{"@type":"ImageObject","inLanguage":"es","@id":"https:\/\/uniest.it\/prodotto\/aloe-100ml\/#primaryimage","url":"https:\/\/uniest.it\/wp-content\/uploads\/2020\/11\/825AAE.png","contentUrl":"https:\/\/uniest.it\/wp-content\/uploads\/2020\/11\/825AAE.png","width":1283,"height":2000},{"@type":"BreadcrumbList","@id":"https:\/\/uniest.it\/prodotto\/aloe-100ml\/#breadcrumb","itemListElement":[{"@type":"ListItem","position":1,"name":"Home","item":"https:\/\/uniest.it\/es\/"},{"@type":"ListItem","position":2,"name":"Shop","item":"https:\/\/uniest.it\/shop\/"},{"@type":"ListItem","position":3,"name":"\u00c1loe &#8211; 100ml"}]},{"@type":"WebSite","@id":"https:\/\/uniest.it\/#website","url":"https:\/\/uniest.it\/","name":"Uniest","description":"Cosmetici Naturali e Bio","potentialAction":[{"@type":"SearchAction","target":{"@type":"EntryPoint","urlTemplate":"https:\/\/uniest.it\/?s={search_term_string}"},"query-input":{"@type":"PropertyValueSpecification","valueRequired":true,"valueName":"search_term_string"}}],"inLanguage":"es"}]}},"_links":{"self":[{"href":"https:\/\/uniest.it\/es\/wp-json\/wp\/v2\/product\/6319","targetHints":{"allow":["GET"]}}],"collection":[{"href":"https:\/\/uniest.it\/es\/wp-json\/wp\/v2\/product"}],"about":[{"href":"https:\/\/uniest.it\/es\/wp-json\/wp\/v2\/types\/product"}],"wp:featuredmedia":[{"embeddable":true,"href":"https:\/\/uniest.it\/es\/wp-json\/wp\/v2\/media\/6320"}],"wp:attachment":[{"href":"https:\/\/uniest.it\/es\/wp-json\/wp\/v2\/media?parent=6319"}],"wp:term":[{"taxonomy":"product_brand","embeddable":true,"href":"https:\/\/uniest.it\/es\/wp-json\/wp\/v2\/product_brand?post=6319"},{"taxonomy":"product_cat","embeddable":true,"href":"https:\/\/uniest.it\/es\/wp-json\/wp\/v2\/product_cat?post=6319"},{"taxonomy":"product_tag","embeddable":true,"href":"https:\/\/uniest.it\/es\/wp-json\/wp\/v2\/product_tag?post=6319"}],"curies":[{"name":"wp","href":"https:\/\/api.w.org\/{rel}","templated":true}]}}