{"id":6325,"date":"2021-02-04T13:00:44","date_gmt":"2024-10-23T16:27:02","guid":{"rendered":"https:\/\/uniest.it\/prodotto\/alga-espirulina-2\/"},"modified":"2024-10-23T17:27:02","modified_gmt":"2024-10-23T16:27:02","slug":"alga-espirulina-2","status":"publish","type":"product","link":"https:\/\/uniest.it\/es\/prodotto\/alga-espirulina-2\/","title":{"rendered":"Alga espirulina"},"content":{"rendered":"<p>Crema delicada a base de alga Espirulina. La espirulina es un aut\u00e9ntico ingrediente cosm\u00e9tico multiactividad de amplio espectro de acci\u00f3n, capaz de actuar eficazmente sobre la piel con diferentes actividades: hidratante, regeneradora, tonificante, elastificante y antioxidante para un enfoque global de la belleza del rostro y del cuerpo. El alto contenido proteico y la composici\u00f3n de amino\u00e1cidos presentes en la Espirulina (tiene todos los amino\u00e1cidos esenciales en una forma altamente biodisponible) son una excelente base nutricional que permite estimular la producci\u00f3n end\u00f3gena de col\u00e1geno y todas las prote\u00ednas que subyacen a la regulaci\u00f3n de la hidrataci\u00f3n. proceso de la piel.<\/p>\n","protected":false},"excerpt":{"rendered":"<p>Crema delicada a base de alga Espirulina. La espirulina es un aut\u00e9ntico ingrediente cosm\u00e9tico multiactividad de amplio espectro de acci\u00f3n, capaz de actuar eficazmente sobre la piel con diferentes actividades: hidratante, regeneradora, tonificante, elastificante y antioxidante para un enfoque global de la belleza del rostro y del cuerpo. El alto contenido proteico y la composici\u00f3n [&hellip;]<\/p>\n","protected":false},"featured_media":6326,"template":"","meta":{"_acf_changed":false,"inline_featured_image":false},"product_brand":[],"product_cat":[1425,1444,1435],"product_tag":[],"class_list":{"0":"post-6325","1":"product","2":"type-product","3":"status-publish","4":"has-post-thumbnail","6":"product_beauty-antirughe","7":"product_beauty-idratare","8":"product_beauty-lenire","9":"product_beauty-nutrire-e-rigenerare","10":"product_beauty-purificare","11":"product_beauty-riequilibrare","12":"product_skin-tutte-le-pelli","13":"product_kind-creme-antieta-e-prime-rughe","14":"product_kind-creme-pelli-complesse","15":"product_kind-i-rimedi-dalla-natura","16":"product_kind-trattamenti-speciali","17":"product_kind-tutte-le-creme-corpo","18":"product_kind-tutte-le-creme-viso","19":"product_lines-i-rimedi-dalla-natura","20":"product_cat-corpo-es","21":"product_cat-mani-e-piedi-es","22":"product_cat-viso-es","23":"pa_size-50-es","25":"first","26":"instock","27":"taxable","28":"shipping-taxable","29":"purchasable","30":"product-type-simple"},"acf":[],"yoast_head":"<!-- This site is optimized with the Yoast SEO plugin v24.6 - https:\/\/yoast.com\/wordpress\/plugins\/seo\/ -->\n<title>Alga espirulina - Uniest<\/title>\n<meta name=\"robots\" content=\"index, follow, max-snippet:-1, max-image-preview:large, max-video-preview:-1\" \/>\n<link rel=\"canonical\" href=\"https:\/\/uniest.it\/prodotto\/alga-espirulina-2\/\" \/>\n<meta property=\"og:locale\" content=\"es_ES\" \/>\n<meta property=\"og:type\" content=\"article\" \/>\n<meta property=\"og:title\" content=\"Alga espirulina - Uniest\" \/>\n<meta property=\"og:description\" content=\"Crema delicada a base de alga Espirulina. La espirulina es un aut\u00e9ntico ingrediente cosm\u00e9tico multiactividad de amplio espectro de acci\u00f3n, capaz de actuar eficazmente sobre la piel con diferentes actividades: hidratante, regeneradora, tonificante, elastificante y antioxidante para un enfoque global de la belleza del rostro y del cuerpo. El alto contenido proteico y la composici\u00f3n [&hellip;]\" \/>\n<meta property=\"og:url\" content=\"https:\/\/uniest.it\/prodotto\/alga-espirulina-2\/\" \/>\n<meta property=\"og:site_name\" content=\"Uniest\" \/>\n<meta name=\"twitter:card\" content=\"summary_large_image\" \/>\n<meta name=\"twitter:label1\" content=\"Tiempo de lectura\" \/>\n\t<meta name=\"twitter:data1\" content=\"1 minuto\" \/>\n<script type=\"application\/ld+json\" class=\"yoast-schema-graph\">{\"@context\":\"https:\/\/schema.org\",\"@graph\":[{\"@type\":\"WebPage\",\"@id\":\"https:\/\/uniest.it\/prodotto\/alga-espirulina-2\/\",\"url\":\"https:\/\/uniest.it\/prodotto\/alga-espirulina-2\/\",\"name\":\"Alga espirulina - Uniest\",\"isPartOf\":{\"@id\":\"https:\/\/uniest.it\/#website\"},\"primaryImageOfPage\":{\"@id\":\"https:\/\/uniest.it\/prodotto\/alga-espirulina-2\/#primaryimage\"},\"image\":{\"@id\":\"https:\/\/uniest.it\/prodotto\/alga-espirulina-2\/#primaryimage\"},\"thumbnailUrl\":\"https:\/\/uniest.it\/wp-content\/uploads\/2020\/11\/832AAE.png\",\"datePublished\":\"2024-10-23T16:27:02+00:00\",\"breadcrumb\":{\"@id\":\"https:\/\/uniest.it\/prodotto\/alga-espirulina-2\/#breadcrumb\"},\"inLanguage\":\"es\",\"potentialAction\":[{\"@type\":\"ReadAction\",\"target\":[\"https:\/\/uniest.it\/prodotto\/alga-espirulina-2\/\"]}]},{\"@type\":\"ImageObject\",\"inLanguage\":\"es\",\"@id\":\"https:\/\/uniest.it\/prodotto\/alga-espirulina-2\/#primaryimage\",\"url\":\"https:\/\/uniest.it\/wp-content\/uploads\/2020\/11\/832AAE.png\",\"contentUrl\":\"https:\/\/uniest.it\/wp-content\/uploads\/2020\/11\/832AAE.png\",\"width\":1283,\"height\":2000},{\"@type\":\"BreadcrumbList\",\"@id\":\"https:\/\/uniest.it\/prodotto\/alga-espirulina-2\/#breadcrumb\",\"itemListElement\":[{\"@type\":\"ListItem\",\"position\":1,\"name\":\"Home\",\"item\":\"https:\/\/uniest.it\/es\/\"},{\"@type\":\"ListItem\",\"position\":2,\"name\":\"Shop\",\"item\":\"https:\/\/uniest.it\/shop\/\"},{\"@type\":\"ListItem\",\"position\":3,\"name\":\"Alga espirulina\"}]},{\"@type\":\"WebSite\",\"@id\":\"https:\/\/uniest.it\/#website\",\"url\":\"https:\/\/uniest.it\/\",\"name\":\"Uniest\",\"description\":\"Cosmetici Naturali e Bio\",\"potentialAction\":[{\"@type\":\"SearchAction\",\"target\":{\"@type\":\"EntryPoint\",\"urlTemplate\":\"https:\/\/uniest.it\/?s={search_term_string}\"},\"query-input\":{\"@type\":\"PropertyValueSpecification\",\"valueRequired\":true,\"valueName\":\"search_term_string\"}}],\"inLanguage\":\"es\"}]}<\/script>\n<!-- \/ Yoast SEO plugin. -->","yoast_head_json":{"title":"Alga espirulina - Uniest","robots":{"index":"index","follow":"follow","max-snippet":"max-snippet:-1","max-image-preview":"max-image-preview:large","max-video-preview":"max-video-preview:-1"},"canonical":"https:\/\/uniest.it\/prodotto\/alga-espirulina-2\/","og_locale":"es_ES","og_type":"article","og_title":"Alga espirulina - Uniest","og_description":"Crema delicada a base de alga Espirulina. La espirulina es un aut\u00e9ntico ingrediente cosm\u00e9tico multiactividad de amplio espectro de acci\u00f3n, capaz de actuar eficazmente sobre la piel con diferentes actividades: hidratante, regeneradora, tonificante, elastificante y antioxidante para un enfoque global de la belleza del rostro y del cuerpo. El alto contenido proteico y la composici\u00f3n [&hellip;]","og_url":"https:\/\/uniest.it\/prodotto\/alga-espirulina-2\/","og_site_name":"Uniest","twitter_card":"summary_large_image","twitter_misc":{"Tiempo de lectura":"1 minuto"},"schema":{"@context":"https:\/\/schema.org","@graph":[{"@type":"WebPage","@id":"https:\/\/uniest.it\/prodotto\/alga-espirulina-2\/","url":"https:\/\/uniest.it\/prodotto\/alga-espirulina-2\/","name":"Alga espirulina - Uniest","isPartOf":{"@id":"https:\/\/uniest.it\/#website"},"primaryImageOfPage":{"@id":"https:\/\/uniest.it\/prodotto\/alga-espirulina-2\/#primaryimage"},"image":{"@id":"https:\/\/uniest.it\/prodotto\/alga-espirulina-2\/#primaryimage"},"thumbnailUrl":"https:\/\/uniest.it\/wp-content\/uploads\/2020\/11\/832AAE.png","datePublished":"2024-10-23T16:27:02+00:00","breadcrumb":{"@id":"https:\/\/uniest.it\/prodotto\/alga-espirulina-2\/#breadcrumb"},"inLanguage":"es","potentialAction":[{"@type":"ReadAction","target":["https:\/\/uniest.it\/prodotto\/alga-espirulina-2\/"]}]},{"@type":"ImageObject","inLanguage":"es","@id":"https:\/\/uniest.it\/prodotto\/alga-espirulina-2\/#primaryimage","url":"https:\/\/uniest.it\/wp-content\/uploads\/2020\/11\/832AAE.png","contentUrl":"https:\/\/uniest.it\/wp-content\/uploads\/2020\/11\/832AAE.png","width":1283,"height":2000},{"@type":"BreadcrumbList","@id":"https:\/\/uniest.it\/prodotto\/alga-espirulina-2\/#breadcrumb","itemListElement":[{"@type":"ListItem","position":1,"name":"Home","item":"https:\/\/uniest.it\/es\/"},{"@type":"ListItem","position":2,"name":"Shop","item":"https:\/\/uniest.it\/shop\/"},{"@type":"ListItem","position":3,"name":"Alga espirulina"}]},{"@type":"WebSite","@id":"https:\/\/uniest.it\/#website","url":"https:\/\/uniest.it\/","name":"Uniest","description":"Cosmetici Naturali e Bio","potentialAction":[{"@type":"SearchAction","target":{"@type":"EntryPoint","urlTemplate":"https:\/\/uniest.it\/?s={search_term_string}"},"query-input":{"@type":"PropertyValueSpecification","valueRequired":true,"valueName":"search_term_string"}}],"inLanguage":"es"}]}},"_links":{"self":[{"href":"https:\/\/uniest.it\/es\/wp-json\/wp\/v2\/product\/6325","targetHints":{"allow":["GET"]}}],"collection":[{"href":"https:\/\/uniest.it\/es\/wp-json\/wp\/v2\/product"}],"about":[{"href":"https:\/\/uniest.it\/es\/wp-json\/wp\/v2\/types\/product"}],"wp:featuredmedia":[{"embeddable":true,"href":"https:\/\/uniest.it\/es\/wp-json\/wp\/v2\/media\/6326"}],"wp:attachment":[{"href":"https:\/\/uniest.it\/es\/wp-json\/wp\/v2\/media?parent=6325"}],"wp:term":[{"taxonomy":"product_brand","embeddable":true,"href":"https:\/\/uniest.it\/es\/wp-json\/wp\/v2\/product_brand?post=6325"},{"taxonomy":"product_cat","embeddable":true,"href":"https:\/\/uniest.it\/es\/wp-json\/wp\/v2\/product_cat?post=6325"},{"taxonomy":"product_tag","embeddable":true,"href":"https:\/\/uniest.it\/es\/wp-json\/wp\/v2\/product_tag?post=6325"}],"curies":[{"name":"wp","href":"https:\/\/api.w.org\/{rel}","templated":true}]}}