{"id":6327,"date":"2021-02-04T13:00:44","date_gmt":"2024-10-23T16:27:03","guid":{"rendered":"https:\/\/uniest.it\/prodotto\/lavanda-100ml\/"},"modified":"2024-10-23T17:27:03","modified_gmt":"2024-10-23T16:27:03","slug":"lavanda-100ml","status":"publish","type":"product","link":"https:\/\/uniest.it\/es\/prodotto\/lavanda-100ml\/","title":{"rendered":"Lavanda &#8211; 100ml"},"content":{"rendered":"<p>Base de extracto de plantas y aceite esencial de lavanda. Las flores de lavanda se utilizan en fitoterapia por sus numerosas propiedades debidas a la presencia de aceite esencial, taninos, flavonoides y sustancias amargas. Estos principios activos confieren a la planta de lavanda una acci\u00f3n calmante sobre el sistema nervioso, para ser utilizado en casos de ansiedad, agitaci\u00f3n, nerviosismo, dolores de cabeza, estr\u00e9s e insomnio. La lavanda tambi\u00e9n tiene una acci\u00f3n bals\u00e1mica sobre las v\u00edas respiratorias, por lo que se utiliza eficazmente en el tratamiento de todos los resfriados: gripe, tos, resfriados y catarros. Adem\u00e1s, la planta tiene propiedades carminativas y antiespasm\u00f3dicas ya que calma el dolor y los espasmos abdominales o menstruales y ayuda a relajar los m\u00fasculos abdominales. Para potenciar los efectos de la Lavanda, se han a\u00f1adido Aceite de Salvado de Arroz, Manteca de Karate BIO*, Aceite de Almendras Dulces BIO* y Glicerina, excelentes ingredientes calmantes, calmantes y emolientes. Su delicada fragancia hace que esta crema sea agradable de aplicar y, gracias a su formulaci\u00f3n. , tambi\u00e9n es adecuado para las pieles m\u00e1s delicadas y sensibles. Tambi\u00e9n muy \u00fatil en el cuero cabelludo. Sobre el cabello tratado aporta cuerpo, suavidad y brillo. *procedente de agricultura ecol\u00f3gica<\/p>\n","protected":false},"excerpt":{"rendered":"<p>Base de extracto de plantas y aceite esencial de lavanda. Las flores de lavanda se utilizan en fitoterapia por sus numerosas propiedades debidas a la presencia de aceite esencial, taninos, flavonoides y sustancias amargas. Estos principios activos confieren a la planta de lavanda una acci\u00f3n calmante sobre el sistema nervioso, para ser utilizado en casos [&hellip;]<\/p>\n","protected":false},"featured_media":6328,"template":"","meta":{"_acf_changed":false,"inline_featured_image":false},"product_brand":[],"product_cat":[1425,1444,1435],"product_tag":[],"class_list":{"0":"post-6327","1":"product","2":"type-product","3":"status-publish","4":"has-post-thumbnail","6":"product_beauty-balsamico","7":"product_beauty-idratare","8":"product_beauty-lenire","9":"product_beauty-nutrire-e-rigenerare","10":"product_beauty-purificare","11":"product_beauty-riequilibrare","12":"product_skin-tutte-le-pelli","13":"product_kind-i-rimedi-dalla-natura","14":"product_kind-trattamenti-speciali","15":"product_kind-tutte-le-creme-corpo","16":"product_kind-tutte-le-creme-viso","17":"product_lines-i-rimedi-dalla-natura","18":"product_cat-corpo-es","19":"product_cat-mani-e-piedi-es","20":"product_cat-viso-es","21":"pa_size-100-es","23":"first","24":"instock","25":"taxable","26":"shipping-taxable","27":"purchasable","28":"product-type-simple"},"acf":[],"yoast_head":"<!-- This site is optimized with the Yoast SEO plugin v24.6 - https:\/\/yoast.com\/wordpress\/plugins\/seo\/ -->\n<title>Lavanda - 100ml - Uniest<\/title>\n<meta name=\"robots\" content=\"index, follow, max-snippet:-1, max-image-preview:large, max-video-preview:-1\" \/>\n<link rel=\"canonical\" href=\"https:\/\/uniest.it\/prodotto\/lavanda-100ml\/\" \/>\n<meta property=\"og:locale\" content=\"es_ES\" \/>\n<meta property=\"og:type\" content=\"article\" \/>\n<meta property=\"og:title\" content=\"Lavanda - 100ml - Uniest\" \/>\n<meta property=\"og:description\" content=\"Base de extracto de plantas y aceite esencial de lavanda. Las flores de lavanda se utilizan en fitoterapia por sus numerosas propiedades debidas a la presencia de aceite esencial, taninos, flavonoides y sustancias amargas. Estos principios activos confieren a la planta de lavanda una acci\u00f3n calmante sobre el sistema nervioso, para ser utilizado en casos [&hellip;]\" \/>\n<meta property=\"og:url\" content=\"https:\/\/uniest.it\/prodotto\/lavanda-100ml\/\" \/>\n<meta property=\"og:site_name\" content=\"Uniest\" \/>\n<meta name=\"twitter:card\" content=\"summary_large_image\" \/>\n<meta name=\"twitter:label1\" content=\"Tiempo de lectura\" \/>\n\t<meta name=\"twitter:data1\" content=\"1 minuto\" \/>\n<script type=\"application\/ld+json\" class=\"yoast-schema-graph\">{\"@context\":\"https:\/\/schema.org\",\"@graph\":[{\"@type\":\"WebPage\",\"@id\":\"https:\/\/uniest.it\/prodotto\/lavanda-100ml\/\",\"url\":\"https:\/\/uniest.it\/prodotto\/lavanda-100ml\/\",\"name\":\"Lavanda - 100ml - Uniest\",\"isPartOf\":{\"@id\":\"https:\/\/uniest.it\/#website\"},\"primaryImageOfPage\":{\"@id\":\"https:\/\/uniest.it\/prodotto\/lavanda-100ml\/#primaryimage\"},\"image\":{\"@id\":\"https:\/\/uniest.it\/prodotto\/lavanda-100ml\/#primaryimage\"},\"thumbnailUrl\":\"https:\/\/uniest.it\/wp-content\/uploads\/2020\/11\/833AAE.png\",\"datePublished\":\"2024-10-23T16:27:03+00:00\",\"breadcrumb\":{\"@id\":\"https:\/\/uniest.it\/prodotto\/lavanda-100ml\/#breadcrumb\"},\"inLanguage\":\"es\",\"potentialAction\":[{\"@type\":\"ReadAction\",\"target\":[\"https:\/\/uniest.it\/prodotto\/lavanda-100ml\/\"]}]},{\"@type\":\"ImageObject\",\"inLanguage\":\"es\",\"@id\":\"https:\/\/uniest.it\/prodotto\/lavanda-100ml\/#primaryimage\",\"url\":\"https:\/\/uniest.it\/wp-content\/uploads\/2020\/11\/833AAE.png\",\"contentUrl\":\"https:\/\/uniest.it\/wp-content\/uploads\/2020\/11\/833AAE.png\",\"width\":1283,\"height\":2000},{\"@type\":\"BreadcrumbList\",\"@id\":\"https:\/\/uniest.it\/prodotto\/lavanda-100ml\/#breadcrumb\",\"itemListElement\":[{\"@type\":\"ListItem\",\"position\":1,\"name\":\"Home\",\"item\":\"https:\/\/uniest.it\/es\/\"},{\"@type\":\"ListItem\",\"position\":2,\"name\":\"Shop\",\"item\":\"https:\/\/uniest.it\/shop\/\"},{\"@type\":\"ListItem\",\"position\":3,\"name\":\"Lavanda &#8211; 100ml\"}]},{\"@type\":\"WebSite\",\"@id\":\"https:\/\/uniest.it\/#website\",\"url\":\"https:\/\/uniest.it\/\",\"name\":\"Uniest\",\"description\":\"Cosmetici Naturali e Bio\",\"potentialAction\":[{\"@type\":\"SearchAction\",\"target\":{\"@type\":\"EntryPoint\",\"urlTemplate\":\"https:\/\/uniest.it\/?s={search_term_string}\"},\"query-input\":{\"@type\":\"PropertyValueSpecification\",\"valueRequired\":true,\"valueName\":\"search_term_string\"}}],\"inLanguage\":\"es\"}]}<\/script>\n<!-- \/ Yoast SEO plugin. -->","yoast_head_json":{"title":"Lavanda - 100ml - Uniest","robots":{"index":"index","follow":"follow","max-snippet":"max-snippet:-1","max-image-preview":"max-image-preview:large","max-video-preview":"max-video-preview:-1"},"canonical":"https:\/\/uniest.it\/prodotto\/lavanda-100ml\/","og_locale":"es_ES","og_type":"article","og_title":"Lavanda - 100ml - Uniest","og_description":"Base de extracto de plantas y aceite esencial de lavanda. Las flores de lavanda se utilizan en fitoterapia por sus numerosas propiedades debidas a la presencia de aceite esencial, taninos, flavonoides y sustancias amargas. Estos principios activos confieren a la planta de lavanda una acci\u00f3n calmante sobre el sistema nervioso, para ser utilizado en casos [&hellip;]","og_url":"https:\/\/uniest.it\/prodotto\/lavanda-100ml\/","og_site_name":"Uniest","twitter_card":"summary_large_image","twitter_misc":{"Tiempo de lectura":"1 minuto"},"schema":{"@context":"https:\/\/schema.org","@graph":[{"@type":"WebPage","@id":"https:\/\/uniest.it\/prodotto\/lavanda-100ml\/","url":"https:\/\/uniest.it\/prodotto\/lavanda-100ml\/","name":"Lavanda - 100ml - Uniest","isPartOf":{"@id":"https:\/\/uniest.it\/#website"},"primaryImageOfPage":{"@id":"https:\/\/uniest.it\/prodotto\/lavanda-100ml\/#primaryimage"},"image":{"@id":"https:\/\/uniest.it\/prodotto\/lavanda-100ml\/#primaryimage"},"thumbnailUrl":"https:\/\/uniest.it\/wp-content\/uploads\/2020\/11\/833AAE.png","datePublished":"2024-10-23T16:27:03+00:00","breadcrumb":{"@id":"https:\/\/uniest.it\/prodotto\/lavanda-100ml\/#breadcrumb"},"inLanguage":"es","potentialAction":[{"@type":"ReadAction","target":["https:\/\/uniest.it\/prodotto\/lavanda-100ml\/"]}]},{"@type":"ImageObject","inLanguage":"es","@id":"https:\/\/uniest.it\/prodotto\/lavanda-100ml\/#primaryimage","url":"https:\/\/uniest.it\/wp-content\/uploads\/2020\/11\/833AAE.png","contentUrl":"https:\/\/uniest.it\/wp-content\/uploads\/2020\/11\/833AAE.png","width":1283,"height":2000},{"@type":"BreadcrumbList","@id":"https:\/\/uniest.it\/prodotto\/lavanda-100ml\/#breadcrumb","itemListElement":[{"@type":"ListItem","position":1,"name":"Home","item":"https:\/\/uniest.it\/es\/"},{"@type":"ListItem","position":2,"name":"Shop","item":"https:\/\/uniest.it\/shop\/"},{"@type":"ListItem","position":3,"name":"Lavanda &#8211; 100ml"}]},{"@type":"WebSite","@id":"https:\/\/uniest.it\/#website","url":"https:\/\/uniest.it\/","name":"Uniest","description":"Cosmetici Naturali e Bio","potentialAction":[{"@type":"SearchAction","target":{"@type":"EntryPoint","urlTemplate":"https:\/\/uniest.it\/?s={search_term_string}"},"query-input":{"@type":"PropertyValueSpecification","valueRequired":true,"valueName":"search_term_string"}}],"inLanguage":"es"}]}},"_links":{"self":[{"href":"https:\/\/uniest.it\/es\/wp-json\/wp\/v2\/product\/6327","targetHints":{"allow":["GET"]}}],"collection":[{"href":"https:\/\/uniest.it\/es\/wp-json\/wp\/v2\/product"}],"about":[{"href":"https:\/\/uniest.it\/es\/wp-json\/wp\/v2\/types\/product"}],"wp:featuredmedia":[{"embeddable":true,"href":"https:\/\/uniest.it\/es\/wp-json\/wp\/v2\/media\/6328"}],"wp:attachment":[{"href":"https:\/\/uniest.it\/es\/wp-json\/wp\/v2\/media?parent=6327"}],"wp:term":[{"taxonomy":"product_brand","embeddable":true,"href":"https:\/\/uniest.it\/es\/wp-json\/wp\/v2\/product_brand?post=6327"},{"taxonomy":"product_cat","embeddable":true,"href":"https:\/\/uniest.it\/es\/wp-json\/wp\/v2\/product_cat?post=6327"},{"taxonomy":"product_tag","embeddable":true,"href":"https:\/\/uniest.it\/es\/wp-json\/wp\/v2\/product_tag?post=6327"}],"curies":[{"name":"wp","href":"https:\/\/api.w.org\/{rel}","templated":true}]}}