{"id":6331,"date":"2024-10-23T17:27:04","date_gmt":"2024-10-23T16:27:04","guid":{"rendered":"https:\/\/uniest.it\/prodotto\/viaje-misterioso-fragancia-casera-aroma-amaderado\/"},"modified":"2024-10-23T17:27:04","modified_gmt":"2024-10-23T16:27:04","slug":"viaje-misterioso-fragancia-casera-aroma-amaderado","status":"publish","type":"product","link":"https:\/\/uniest.it\/es\/prodotto\/viaje-misterioso-fragancia-casera-aroma-amaderado\/","title":{"rendered":"Viaje Misterioso Fragancia Casera Aroma Amaderado"},"content":{"rendered":"<p>Viaggio Mysterious perfume de ambiente con base alcoh\u00f3lica, agradablemente perfumado con vainilla y vainilla. Jengibre, consigue aportar notas dulces, intensas y duraderas que te acompa\u00f1ar\u00e1n perfumando el ambiente que nos rodea. Comienza su recorrido olfativo con bergamota, fresco y chispeante. En el coraz\u00f3n resuenan el espino y el jengibre, intensos y estimulantes. La estela combina notas m\u00e1s intensas de almizcle, pachul\u00ed y vainilla. La excelencia en la selecci\u00f3n de materias primas junto con la capacidad de crear la combinaci\u00f3n adecuada de elementos para difundir fragancias en el aire son los aspectos distintivos para seleccionar los mejores productos. Es por ello que basamos nuestros perfumes en la selecci\u00f3n de fragancias de alto nivel y utilizamos toda nuestra experiencia para plasmarlas en los diferentes productos, con el fin de garantizar que experimentemos la emoci\u00f3n de nuestros perfumes que reflejan el alma y la personalidad. sensaciones.<\/p>\n","protected":false},"excerpt":{"rendered":"<p>Viaggio Mysterious perfume de ambiente con base alcoh\u00f3lica, agradablemente perfumado con vainilla y vainilla. Jengibre, consigue aportar notas dulces, intensas y duraderas que te acompa\u00f1ar\u00e1n perfumando el ambiente que nos rodea. Comienza su recorrido olfativo con bergamota, fresco y chispeante. En el coraz\u00f3n resuenan el espino y el jengibre, intensos y estimulantes. La estela combina [&hellip;]<\/p>\n","protected":false},"featured_media":6332,"template":"","meta":{"_acf_changed":false,"inline_featured_image":false},"product_brand":[],"product_cat":[1442],"product_tag":[],"class_list":{"0":"post-6331","1":"product","2":"type-product","3":"status-publish","4":"has-post-thumbnail","6":"product_beauty-aromatizzare-e-profumare","7":"product_kind-aromaterapia-e-profumi","8":"product_kind_pets-aromaterapia-e-profumi","9":"product_lines-casa-e-ambiente","10":"product_cat-casa-e-ambiente-es","11":"pa_size-110-es","13":"first","14":"instock","15":"taxable","16":"shipping-taxable","17":"purchasable","18":"product-type-simple"},"acf":[],"yoast_head":"<!-- This site is optimized with the Yoast SEO plugin v24.6 - https:\/\/yoast.com\/wordpress\/plugins\/seo\/ -->\n<title>Viaje Misterioso Fragancia Casera Aroma Amaderado - Uniest<\/title>\n<meta name=\"robots\" content=\"index, follow, max-snippet:-1, max-image-preview:large, max-video-preview:-1\" \/>\n<link rel=\"canonical\" href=\"https:\/\/uniest.it\/prodotto\/viaje-misterioso-fragancia-casera-aroma-amaderado\/\" \/>\n<meta property=\"og:locale\" content=\"es_ES\" \/>\n<meta property=\"og:type\" content=\"article\" \/>\n<meta property=\"og:title\" content=\"Viaje Misterioso Fragancia Casera Aroma Amaderado - Uniest\" \/>\n<meta property=\"og:description\" content=\"Viaggio Mysterious perfume de ambiente con base alcoh\u00f3lica, agradablemente perfumado con vainilla y vainilla. Jengibre, consigue aportar notas dulces, intensas y duraderas que te acompa\u00f1ar\u00e1n perfumando el ambiente que nos rodea. Comienza su recorrido olfativo con bergamota, fresco y chispeante. En el coraz\u00f3n resuenan el espino y el jengibre, intensos y estimulantes. La estela combina [&hellip;]\" \/>\n<meta property=\"og:url\" content=\"https:\/\/uniest.it\/prodotto\/viaje-misterioso-fragancia-casera-aroma-amaderado\/\" \/>\n<meta property=\"og:site_name\" content=\"Uniest\" \/>\n<meta name=\"twitter:card\" content=\"summary_large_image\" \/>\n<meta name=\"twitter:label1\" content=\"Tiempo de lectura\" \/>\n\t<meta name=\"twitter:data1\" content=\"1 minuto\" \/>\n<script type=\"application\/ld+json\" class=\"yoast-schema-graph\">{\"@context\":\"https:\/\/schema.org\",\"@graph\":[{\"@type\":\"WebPage\",\"@id\":\"https:\/\/uniest.it\/prodotto\/viaje-misterioso-fragancia-casera-aroma-amaderado\/\",\"url\":\"https:\/\/uniest.it\/prodotto\/viaje-misterioso-fragancia-casera-aroma-amaderado\/\",\"name\":\"Viaje Misterioso Fragancia Casera Aroma Amaderado - Uniest\",\"isPartOf\":{\"@id\":\"https:\/\/uniest.it\/#website\"},\"primaryImageOfPage\":{\"@id\":\"https:\/\/uniest.it\/prodotto\/viaje-misterioso-fragancia-casera-aroma-amaderado\/#primaryimage\"},\"image\":{\"@id\":\"https:\/\/uniest.it\/prodotto\/viaje-misterioso-fragancia-casera-aroma-amaderado\/#primaryimage\"},\"thumbnailUrl\":\"https:\/\/uniest.it\/wp-content\/uploads\/2020\/11\/920AAE.png\",\"datePublished\":\"2024-10-23T16:27:04+00:00\",\"breadcrumb\":{\"@id\":\"https:\/\/uniest.it\/prodotto\/viaje-misterioso-fragancia-casera-aroma-amaderado\/#breadcrumb\"},\"inLanguage\":\"es\",\"potentialAction\":[{\"@type\":\"ReadAction\",\"target\":[\"https:\/\/uniest.it\/prodotto\/viaje-misterioso-fragancia-casera-aroma-amaderado\/\"]}]},{\"@type\":\"ImageObject\",\"inLanguage\":\"es\",\"@id\":\"https:\/\/uniest.it\/prodotto\/viaje-misterioso-fragancia-casera-aroma-amaderado\/#primaryimage\",\"url\":\"https:\/\/uniest.it\/wp-content\/uploads\/2020\/11\/920AAE.png\",\"contentUrl\":\"https:\/\/uniest.it\/wp-content\/uploads\/2020\/11\/920AAE.png\",\"width\":1283,\"height\":2001},{\"@type\":\"BreadcrumbList\",\"@id\":\"https:\/\/uniest.it\/prodotto\/viaje-misterioso-fragancia-casera-aroma-amaderado\/#breadcrumb\",\"itemListElement\":[{\"@type\":\"ListItem\",\"position\":1,\"name\":\"Home\",\"item\":\"https:\/\/uniest.it\/es\/\"},{\"@type\":\"ListItem\",\"position\":2,\"name\":\"Shop\",\"item\":\"https:\/\/uniest.it\/shop\/\"},{\"@type\":\"ListItem\",\"position\":3,\"name\":\"Viaje Misterioso Fragancia Casera Aroma Amaderado\"}]},{\"@type\":\"WebSite\",\"@id\":\"https:\/\/uniest.it\/#website\",\"url\":\"https:\/\/uniest.it\/\",\"name\":\"Uniest\",\"description\":\"Cosmetici Naturali e Bio\",\"potentialAction\":[{\"@type\":\"SearchAction\",\"target\":{\"@type\":\"EntryPoint\",\"urlTemplate\":\"https:\/\/uniest.it\/?s={search_term_string}\"},\"query-input\":{\"@type\":\"PropertyValueSpecification\",\"valueRequired\":true,\"valueName\":\"search_term_string\"}}],\"inLanguage\":\"es\"}]}<\/script>\n<!-- \/ Yoast SEO plugin. -->","yoast_head_json":{"title":"Viaje Misterioso Fragancia Casera Aroma Amaderado - Uniest","robots":{"index":"index","follow":"follow","max-snippet":"max-snippet:-1","max-image-preview":"max-image-preview:large","max-video-preview":"max-video-preview:-1"},"canonical":"https:\/\/uniest.it\/prodotto\/viaje-misterioso-fragancia-casera-aroma-amaderado\/","og_locale":"es_ES","og_type":"article","og_title":"Viaje Misterioso Fragancia Casera Aroma Amaderado - Uniest","og_description":"Viaggio Mysterious perfume de ambiente con base alcoh\u00f3lica, agradablemente perfumado con vainilla y vainilla. Jengibre, consigue aportar notas dulces, intensas y duraderas que te acompa\u00f1ar\u00e1n perfumando el ambiente que nos rodea. Comienza su recorrido olfativo con bergamota, fresco y chispeante. En el coraz\u00f3n resuenan el espino y el jengibre, intensos y estimulantes. La estela combina [&hellip;]","og_url":"https:\/\/uniest.it\/prodotto\/viaje-misterioso-fragancia-casera-aroma-amaderado\/","og_site_name":"Uniest","twitter_card":"summary_large_image","twitter_misc":{"Tiempo de lectura":"1 minuto"},"schema":{"@context":"https:\/\/schema.org","@graph":[{"@type":"WebPage","@id":"https:\/\/uniest.it\/prodotto\/viaje-misterioso-fragancia-casera-aroma-amaderado\/","url":"https:\/\/uniest.it\/prodotto\/viaje-misterioso-fragancia-casera-aroma-amaderado\/","name":"Viaje Misterioso Fragancia Casera Aroma Amaderado - Uniest","isPartOf":{"@id":"https:\/\/uniest.it\/#website"},"primaryImageOfPage":{"@id":"https:\/\/uniest.it\/prodotto\/viaje-misterioso-fragancia-casera-aroma-amaderado\/#primaryimage"},"image":{"@id":"https:\/\/uniest.it\/prodotto\/viaje-misterioso-fragancia-casera-aroma-amaderado\/#primaryimage"},"thumbnailUrl":"https:\/\/uniest.it\/wp-content\/uploads\/2020\/11\/920AAE.png","datePublished":"2024-10-23T16:27:04+00:00","breadcrumb":{"@id":"https:\/\/uniest.it\/prodotto\/viaje-misterioso-fragancia-casera-aroma-amaderado\/#breadcrumb"},"inLanguage":"es","potentialAction":[{"@type":"ReadAction","target":["https:\/\/uniest.it\/prodotto\/viaje-misterioso-fragancia-casera-aroma-amaderado\/"]}]},{"@type":"ImageObject","inLanguage":"es","@id":"https:\/\/uniest.it\/prodotto\/viaje-misterioso-fragancia-casera-aroma-amaderado\/#primaryimage","url":"https:\/\/uniest.it\/wp-content\/uploads\/2020\/11\/920AAE.png","contentUrl":"https:\/\/uniest.it\/wp-content\/uploads\/2020\/11\/920AAE.png","width":1283,"height":2001},{"@type":"BreadcrumbList","@id":"https:\/\/uniest.it\/prodotto\/viaje-misterioso-fragancia-casera-aroma-amaderado\/#breadcrumb","itemListElement":[{"@type":"ListItem","position":1,"name":"Home","item":"https:\/\/uniest.it\/es\/"},{"@type":"ListItem","position":2,"name":"Shop","item":"https:\/\/uniest.it\/shop\/"},{"@type":"ListItem","position":3,"name":"Viaje Misterioso Fragancia Casera Aroma Amaderado"}]},{"@type":"WebSite","@id":"https:\/\/uniest.it\/#website","url":"https:\/\/uniest.it\/","name":"Uniest","description":"Cosmetici Naturali e Bio","potentialAction":[{"@type":"SearchAction","target":{"@type":"EntryPoint","urlTemplate":"https:\/\/uniest.it\/?s={search_term_string}"},"query-input":{"@type":"PropertyValueSpecification","valueRequired":true,"valueName":"search_term_string"}}],"inLanguage":"es"}]}},"_links":{"self":[{"href":"https:\/\/uniest.it\/es\/wp-json\/wp\/v2\/product\/6331","targetHints":{"allow":["GET"]}}],"collection":[{"href":"https:\/\/uniest.it\/es\/wp-json\/wp\/v2\/product"}],"about":[{"href":"https:\/\/uniest.it\/es\/wp-json\/wp\/v2\/types\/product"}],"wp:featuredmedia":[{"embeddable":true,"href":"https:\/\/uniest.it\/es\/wp-json\/wp\/v2\/media\/6332"}],"wp:attachment":[{"href":"https:\/\/uniest.it\/es\/wp-json\/wp\/v2\/media?parent=6331"}],"wp:term":[{"taxonomy":"product_brand","embeddable":true,"href":"https:\/\/uniest.it\/es\/wp-json\/wp\/v2\/product_brand?post=6331"},{"taxonomy":"product_cat","embeddable":true,"href":"https:\/\/uniest.it\/es\/wp-json\/wp\/v2\/product_cat?post=6331"},{"taxonomy":"product_tag","embeddable":true,"href":"https:\/\/uniest.it\/es\/wp-json\/wp\/v2\/product_tag?post=6331"}],"curies":[{"name":"wp","href":"https:\/\/api.w.org\/{rel}","templated":true}]}}