{"id":6335,"date":"2021-02-04T13:00:44","date_gmt":"2024-10-23T16:27:05","guid":{"rendered":"https:\/\/uniest.it\/prodotto\/kit-de-vendajes-salinos-reutilizables\/"},"modified":"2024-10-23T17:27:05","modified_gmt":"2024-10-23T16:27:05","slug":"kit-de-vendajes-salinos-reutilizables","status":"publish","type":"product","link":"https:\/\/uniest.it\/es\/prodotto\/kit-de-vendajes-salinos-reutilizables\/","title":{"rendered":"KIT de vendajes salinos reutilizables"},"content":{"rendered":"<p>Vendas Salinas REUTILIZABLES empapadas en gel suave (250 ml + 50 ml GRATIS) que contienen un 30% de sales del Mar Muerto, que siempre han sido consideradas las mejores aliadas para la belleza y la salud. Gracias a su alta concentraci\u00f3n de Minerales Naturales son una excelente ayuda para combatir la celulitis y la retenci\u00f3n de l\u00edquidos, hidratan la piel en profundidad, combaten la flacidez cut\u00e1nea revitalizando la piel, y adem\u00e1s tienen una acci\u00f3n descongestionante y desintoxicante. Las sales act\u00faan mediante un mecanismo de \u00f3smosis inversa, aportando al organismo su contenido de minerales y oligoelementos, al mismo tiempo, el organismo libera l\u00edquidos y toxinas. A esta f\u00f3rmula se le a\u00f1ade un compuesto yodado que potencia el efecto de las sales del Mar Muerto y hace que el producto sea espec\u00edfico para personas con celulitis, retenci\u00f3n de agua y grasa para tratamiento en el hogar. Su particular forma permite obtener una extensi\u00f3n del vendaje de 10 cent\u00edmetros de altura, mientras que una extensi\u00f3n de varios metros de longitud facilita su uso.<\/p>\n","protected":false},"excerpt":{"rendered":"<p>Vendas Salinas REUTILIZABLES empapadas en gel suave (250 ml + 50 ml GRATIS) que contienen un 30% de sales del Mar Muerto, que siempre han sido consideradas las mejores aliadas para la belleza y la salud. Gracias a su alta concentraci\u00f3n de Minerales Naturales son una excelente ayuda para combatir la celulitis y la retenci\u00f3n [&hellip;]<\/p>\n","protected":false},"featured_media":6336,"template":"","meta":{"_acf_changed":false,"inline_featured_image":false},"product_brand":[],"product_cat":[1425],"product_tag":[],"class_list":{"0":"post-6335","1":"product","2":"type-product","3":"status-publish","4":"has-post-thumbnail","6":"product_beauty-anti-cellulite","7":"product_beauty-detox-e-dren","8":"product_beauty-idratare","9":"product_beauty-rassodare-e-tonificare","10":"product_skin-cellulite","11":"product_skin-tutte-le-pelli","12":"product_kind-cellulite-e-tonificazione","13":"product_kind-trattamenti-speciali","14":"product_lines-cellulite-e-ritenzione","15":"product_cat-corpo-es","16":"pa_size-kit-bende-saline-1-busta-da-2-pz-2-x-10-ml-crema-cellulite-lozione-trattamento-1-biro-1-metro-1-scatola-1-autoadesivo-scheda-utilizzo-es","18":"first","19":"instock","20":"taxable","21":"shipping-taxable","22":"purchasable","23":"product-type-simple"},"acf":[],"yoast_head":"<!-- This site is optimized with the Yoast SEO plugin v24.6 - https:\/\/yoast.com\/wordpress\/plugins\/seo\/ -->\n<title>KIT de vendajes salinos reutilizables - Uniest<\/title>\n<meta name=\"robots\" content=\"index, follow, max-snippet:-1, max-image-preview:large, max-video-preview:-1\" \/>\n<link rel=\"canonical\" href=\"https:\/\/uniest.it\/prodotto\/kit-de-vendajes-salinos-reutilizables\/\" \/>\n<meta property=\"og:locale\" content=\"es_ES\" \/>\n<meta property=\"og:type\" content=\"article\" \/>\n<meta property=\"og:title\" content=\"KIT de vendajes salinos reutilizables - Uniest\" \/>\n<meta property=\"og:description\" content=\"Vendas Salinas REUTILIZABLES empapadas en gel suave (250 ml + 50 ml GRATIS) que contienen un 30% de sales del Mar Muerto, que siempre han sido consideradas las mejores aliadas para la belleza y la salud. Gracias a su alta concentraci\u00f3n de Minerales Naturales son una excelente ayuda para combatir la celulitis y la retenci\u00f3n [&hellip;]\" \/>\n<meta property=\"og:url\" content=\"https:\/\/uniest.it\/prodotto\/kit-de-vendajes-salinos-reutilizables\/\" \/>\n<meta property=\"og:site_name\" content=\"Uniest\" \/>\n<meta name=\"twitter:card\" content=\"summary_large_image\" \/>\n<meta name=\"twitter:label1\" content=\"Tiempo de lectura\" \/>\n\t<meta name=\"twitter:data1\" content=\"1 minuto\" \/>\n<script type=\"application\/ld+json\" class=\"yoast-schema-graph\">{\"@context\":\"https:\/\/schema.org\",\"@graph\":[{\"@type\":\"WebPage\",\"@id\":\"https:\/\/uniest.it\/prodotto\/kit-de-vendajes-salinos-reutilizables\/\",\"url\":\"https:\/\/uniest.it\/prodotto\/kit-de-vendajes-salinos-reutilizables\/\",\"name\":\"KIT de vendajes salinos reutilizables - Uniest\",\"isPartOf\":{\"@id\":\"https:\/\/uniest.it\/#website\"},\"primaryImageOfPage\":{\"@id\":\"https:\/\/uniest.it\/prodotto\/kit-de-vendajes-salinos-reutilizables\/#primaryimage\"},\"image\":{\"@id\":\"https:\/\/uniest.it\/prodotto\/kit-de-vendajes-salinos-reutilizables\/#primaryimage\"},\"thumbnailUrl\":\"https:\/\/uniest.it\/wp-content\/uploads\/2021\/02\/028AAE.png\",\"datePublished\":\"2024-10-23T16:27:05+00:00\",\"breadcrumb\":{\"@id\":\"https:\/\/uniest.it\/prodotto\/kit-de-vendajes-salinos-reutilizables\/#breadcrumb\"},\"inLanguage\":\"es\",\"potentialAction\":[{\"@type\":\"ReadAction\",\"target\":[\"https:\/\/uniest.it\/prodotto\/kit-de-vendajes-salinos-reutilizables\/\"]}]},{\"@type\":\"ImageObject\",\"inLanguage\":\"es\",\"@id\":\"https:\/\/uniest.it\/prodotto\/kit-de-vendajes-salinos-reutilizables\/#primaryimage\",\"url\":\"https:\/\/uniest.it\/wp-content\/uploads\/2021\/02\/028AAE.png\",\"contentUrl\":\"https:\/\/uniest.it\/wp-content\/uploads\/2021\/02\/028AAE.png\",\"width\":1283,\"height\":2001},{\"@type\":\"BreadcrumbList\",\"@id\":\"https:\/\/uniest.it\/prodotto\/kit-de-vendajes-salinos-reutilizables\/#breadcrumb\",\"itemListElement\":[{\"@type\":\"ListItem\",\"position\":1,\"name\":\"Home\",\"item\":\"https:\/\/uniest.it\/es\/\"},{\"@type\":\"ListItem\",\"position\":2,\"name\":\"Shop\",\"item\":\"https:\/\/uniest.it\/shop\/\"},{\"@type\":\"ListItem\",\"position\":3,\"name\":\"KIT de vendajes salinos reutilizables\"}]},{\"@type\":\"WebSite\",\"@id\":\"https:\/\/uniest.it\/#website\",\"url\":\"https:\/\/uniest.it\/\",\"name\":\"Uniest\",\"description\":\"Cosmetici Naturali e Bio\",\"potentialAction\":[{\"@type\":\"SearchAction\",\"target\":{\"@type\":\"EntryPoint\",\"urlTemplate\":\"https:\/\/uniest.it\/?s={search_term_string}\"},\"query-input\":{\"@type\":\"PropertyValueSpecification\",\"valueRequired\":true,\"valueName\":\"search_term_string\"}}],\"inLanguage\":\"es\"}]}<\/script>\n<!-- \/ Yoast SEO plugin. -->","yoast_head_json":{"title":"KIT de vendajes salinos reutilizables - Uniest","robots":{"index":"index","follow":"follow","max-snippet":"max-snippet:-1","max-image-preview":"max-image-preview:large","max-video-preview":"max-video-preview:-1"},"canonical":"https:\/\/uniest.it\/prodotto\/kit-de-vendajes-salinos-reutilizables\/","og_locale":"es_ES","og_type":"article","og_title":"KIT de vendajes salinos reutilizables - Uniest","og_description":"Vendas Salinas REUTILIZABLES empapadas en gel suave (250 ml + 50 ml GRATIS) que contienen un 30% de sales del Mar Muerto, que siempre han sido consideradas las mejores aliadas para la belleza y la salud. Gracias a su alta concentraci\u00f3n de Minerales Naturales son una excelente ayuda para combatir la celulitis y la retenci\u00f3n [&hellip;]","og_url":"https:\/\/uniest.it\/prodotto\/kit-de-vendajes-salinos-reutilizables\/","og_site_name":"Uniest","twitter_card":"summary_large_image","twitter_misc":{"Tiempo de lectura":"1 minuto"},"schema":{"@context":"https:\/\/schema.org","@graph":[{"@type":"WebPage","@id":"https:\/\/uniest.it\/prodotto\/kit-de-vendajes-salinos-reutilizables\/","url":"https:\/\/uniest.it\/prodotto\/kit-de-vendajes-salinos-reutilizables\/","name":"KIT de vendajes salinos reutilizables - Uniest","isPartOf":{"@id":"https:\/\/uniest.it\/#website"},"primaryImageOfPage":{"@id":"https:\/\/uniest.it\/prodotto\/kit-de-vendajes-salinos-reutilizables\/#primaryimage"},"image":{"@id":"https:\/\/uniest.it\/prodotto\/kit-de-vendajes-salinos-reutilizables\/#primaryimage"},"thumbnailUrl":"https:\/\/uniest.it\/wp-content\/uploads\/2021\/02\/028AAE.png","datePublished":"2024-10-23T16:27:05+00:00","breadcrumb":{"@id":"https:\/\/uniest.it\/prodotto\/kit-de-vendajes-salinos-reutilizables\/#breadcrumb"},"inLanguage":"es","potentialAction":[{"@type":"ReadAction","target":["https:\/\/uniest.it\/prodotto\/kit-de-vendajes-salinos-reutilizables\/"]}]},{"@type":"ImageObject","inLanguage":"es","@id":"https:\/\/uniest.it\/prodotto\/kit-de-vendajes-salinos-reutilizables\/#primaryimage","url":"https:\/\/uniest.it\/wp-content\/uploads\/2021\/02\/028AAE.png","contentUrl":"https:\/\/uniest.it\/wp-content\/uploads\/2021\/02\/028AAE.png","width":1283,"height":2001},{"@type":"BreadcrumbList","@id":"https:\/\/uniest.it\/prodotto\/kit-de-vendajes-salinos-reutilizables\/#breadcrumb","itemListElement":[{"@type":"ListItem","position":1,"name":"Home","item":"https:\/\/uniest.it\/es\/"},{"@type":"ListItem","position":2,"name":"Shop","item":"https:\/\/uniest.it\/shop\/"},{"@type":"ListItem","position":3,"name":"KIT de vendajes salinos reutilizables"}]},{"@type":"WebSite","@id":"https:\/\/uniest.it\/#website","url":"https:\/\/uniest.it\/","name":"Uniest","description":"Cosmetici Naturali e Bio","potentialAction":[{"@type":"SearchAction","target":{"@type":"EntryPoint","urlTemplate":"https:\/\/uniest.it\/?s={search_term_string}"},"query-input":{"@type":"PropertyValueSpecification","valueRequired":true,"valueName":"search_term_string"}}],"inLanguage":"es"}]}},"_links":{"self":[{"href":"https:\/\/uniest.it\/es\/wp-json\/wp\/v2\/product\/6335","targetHints":{"allow":["GET"]}}],"collection":[{"href":"https:\/\/uniest.it\/es\/wp-json\/wp\/v2\/product"}],"about":[{"href":"https:\/\/uniest.it\/es\/wp-json\/wp\/v2\/types\/product"}],"wp:featuredmedia":[{"embeddable":true,"href":"https:\/\/uniest.it\/es\/wp-json\/wp\/v2\/media\/6336"}],"wp:attachment":[{"href":"https:\/\/uniest.it\/es\/wp-json\/wp\/v2\/media?parent=6335"}],"wp:term":[{"taxonomy":"product_brand","embeddable":true,"href":"https:\/\/uniest.it\/es\/wp-json\/wp\/v2\/product_brand?post=6335"},{"taxonomy":"product_cat","embeddable":true,"href":"https:\/\/uniest.it\/es\/wp-json\/wp\/v2\/product_cat?post=6335"},{"taxonomy":"product_tag","embeddable":true,"href":"https:\/\/uniest.it\/es\/wp-json\/wp\/v2\/product_tag?post=6335"}],"curies":[{"name":"wp","href":"https:\/\/api.w.org\/{rel}","templated":true}]}}