{"id":6338,"date":"2021-09-17T08:39:52","date_gmt":"2024-10-23T16:27:06","guid":{"rendered":"https:\/\/uniest.it\/prodotto\/aceite-sedoso\/"},"modified":"2024-12-17T00:02:08","modified_gmt":"2024-12-16T23:02:08","slug":"aceite-sedoso","status":"publish","type":"product","link":"https:\/\/uniest.it\/es\/prodotto\/aceite-sedoso\/","title":{"rendered":"Aceite sedoso"},"content":{"rendered":"<p>El Aceite Sedoso nutre, alisa, protege e hidrata la piel del rostro y del cuerpo, siempre sometida a estr\u00e9s f\u00edsico y ambiental, dej\u00e1ndola suave y el\u00e1stica, sin resultar grasa. Est\u00e1 compuesto por una mezcla de finos aceites naturales (Salvado de Arroz, Germen de Trigo, Zanahoria, Soja, Jojoba, <u>Almendras Dulces Bio<\/u><u>*<\/u>, Escualano Vegetal) que con sus propiedades hidratantes y La acci\u00f3n antirradicales libres aporta a la piel un efecto suave y aterciopelado. La sabia adici\u00f3n de Aceite de Oliva Virgen Extra DOP se considera un aut\u00e9ntico \u201cnutrac\u00e9utico\u201d, rico en Vitaminas A, E, F, B, Lecitina, Sales Minerales y Enzimas, por ello, se considera un poderoso aliado de la belleza. El Aceite de Oliva Virgen Extra DOP procede del Lago de Garda, al que se le reconocen propiedades hipotensoras, antioxidantes, iluminadoras, antienvejecimiento y protectoras. Adem\u00e1s, gracias a los principios activos que contiene, el Aceite Sedoso es capaz de aportar alivio y bienestar a la piel gracias a la presencia del Complejo de Extractos de Plantas de Malva, Cal\u00e9ndula y Altea en el <u>Aceite de Girasol Bio*<\/u. > que combinado con las preciosas Vitamina C y Vitamina E, tienen una potente acci\u00f3n antioxidante y reparadora en las pieles maduras y una acci\u00f3n preventiva en las pieles m\u00e1s j\u00f3venes, previniendo la deshidrataci\u00f3n, favoreciendo la elasticidad y retrasando el envejecimiento prematuro, aportando a la piel un efecto suave y aterciopelado.<\/p>\n","protected":false},"excerpt":{"rendered":"<p>El Aceite Sedoso nutre, alisa, protege e hidrata la piel del rostro y del cuerpo, siempre sometida a estr\u00e9s f\u00edsico y ambiental, dej\u00e1ndola suave y el\u00e1stica, sin resultar grasa. Est\u00e1 compuesto por una mezcla de finos aceites naturales (Salvado de Arroz, Germen de Trigo, Zanahoria, Soja, Jojoba, Almendras Dulces Bio*, Escualano Vegetal) que con sus [&hellip;]<\/p>\n","protected":false},"featured_media":6339,"template":"","meta":{"_acf_changed":false,"inline_featured_image":false},"product_brand":[],"product_cat":[1425,1427,1444,1435],"product_tag":[],"class_list":{"0":"post-6338","1":"product","2":"type-product","3":"status-publish","4":"has-post-thumbnail","6":"product_skin-tutte-le-pelli","7":"product_cat-corpo-es","8":"product_cat-garda-lake-beauty-es","9":"product_cat-mani-e-piedi-es","10":"product_cat-viso-es","11":"pa_size-100-es","13":"first","14":"instock","15":"taxable","16":"shipping-taxable","17":"purchasable","18":"product-type-simple"},"acf":[],"yoast_head":"<!-- This site is optimized with the Yoast SEO plugin v24.6 - https:\/\/yoast.com\/wordpress\/plugins\/seo\/ -->\n<title>Aceite sedoso - Uniest<\/title>\n<meta name=\"robots\" content=\"index, follow, max-snippet:-1, max-image-preview:large, max-video-preview:-1\" \/>\n<link rel=\"canonical\" href=\"https:\/\/uniest.it\/prodotto\/aceite-sedoso\/\" \/>\n<meta property=\"og:locale\" content=\"es_ES\" \/>\n<meta property=\"og:type\" content=\"article\" \/>\n<meta property=\"og:title\" content=\"Aceite sedoso - Uniest\" \/>\n<meta property=\"og:description\" content=\"El Aceite Sedoso nutre, alisa, protege e hidrata la piel del rostro y del cuerpo, siempre sometida a estr\u00e9s f\u00edsico y ambiental, dej\u00e1ndola suave y el\u00e1stica, sin resultar grasa. Est\u00e1 compuesto por una mezcla de finos aceites naturales (Salvado de Arroz, Germen de Trigo, Zanahoria, Soja, Jojoba, Almendras Dulces Bio*, Escualano Vegetal) que con sus [&hellip;]\" \/>\n<meta property=\"og:url\" content=\"https:\/\/uniest.it\/prodotto\/aceite-sedoso\/\" \/>\n<meta property=\"og:site_name\" content=\"Uniest\" \/>\n<meta property=\"article:modified_time\" content=\"2024-12-16T23:02:08+00:00\" \/>\n<meta name=\"twitter:card\" content=\"summary_large_image\" \/>\n<meta name=\"twitter:label1\" content=\"Tiempo de lectura\" \/>\n\t<meta name=\"twitter:data1\" content=\"1 minuto\" \/>\n<script type=\"application\/ld+json\" class=\"yoast-schema-graph\">{\"@context\":\"https:\/\/schema.org\",\"@graph\":[{\"@type\":\"WebPage\",\"@id\":\"https:\/\/uniest.it\/prodotto\/aceite-sedoso\/\",\"url\":\"https:\/\/uniest.it\/prodotto\/aceite-sedoso\/\",\"name\":\"Aceite sedoso - Uniest\",\"isPartOf\":{\"@id\":\"https:\/\/uniest.it\/#website\"},\"primaryImageOfPage\":{\"@id\":\"https:\/\/uniest.it\/prodotto\/aceite-sedoso\/#primaryimage\"},\"image\":{\"@id\":\"https:\/\/uniest.it\/prodotto\/aceite-sedoso\/#primaryimage\"},\"thumbnailUrl\":\"https:\/\/uniest.it\/wp-content\/uploads\/2021\/09\/036LGB.png\",\"datePublished\":\"2024-10-23T16:27:06+00:00\",\"dateModified\":\"2024-12-16T23:02:08+00:00\",\"breadcrumb\":{\"@id\":\"https:\/\/uniest.it\/prodotto\/aceite-sedoso\/#breadcrumb\"},\"inLanguage\":\"es\",\"potentialAction\":[{\"@type\":\"ReadAction\",\"target\":[\"https:\/\/uniest.it\/prodotto\/aceite-sedoso\/\"]}]},{\"@type\":\"ImageObject\",\"inLanguage\":\"es\",\"@id\":\"https:\/\/uniest.it\/prodotto\/aceite-sedoso\/#primaryimage\",\"url\":\"https:\/\/uniest.it\/wp-content\/uploads\/2021\/09\/036LGB.png\",\"contentUrl\":\"https:\/\/uniest.it\/wp-content\/uploads\/2021\/09\/036LGB.png\",\"width\":1283,\"height\":2000},{\"@type\":\"BreadcrumbList\",\"@id\":\"https:\/\/uniest.it\/prodotto\/aceite-sedoso\/#breadcrumb\",\"itemListElement\":[{\"@type\":\"ListItem\",\"position\":1,\"name\":\"Home\",\"item\":\"https:\/\/uniest.it\/es\/\"},{\"@type\":\"ListItem\",\"position\":2,\"name\":\"Shop\",\"item\":\"https:\/\/uniest.it\/shop\/\"},{\"@type\":\"ListItem\",\"position\":3,\"name\":\"Aceite sedoso\"}]},{\"@type\":\"WebSite\",\"@id\":\"https:\/\/uniest.it\/#website\",\"url\":\"https:\/\/uniest.it\/\",\"name\":\"Uniest\",\"description\":\"Cosmetici Naturali e Bio\",\"potentialAction\":[{\"@type\":\"SearchAction\",\"target\":{\"@type\":\"EntryPoint\",\"urlTemplate\":\"https:\/\/uniest.it\/?s={search_term_string}\"},\"query-input\":{\"@type\":\"PropertyValueSpecification\",\"valueRequired\":true,\"valueName\":\"search_term_string\"}}],\"inLanguage\":\"es\"}]}<\/script>\n<!-- \/ Yoast SEO plugin. -->","yoast_head_json":{"title":"Aceite sedoso - Uniest","robots":{"index":"index","follow":"follow","max-snippet":"max-snippet:-1","max-image-preview":"max-image-preview:large","max-video-preview":"max-video-preview:-1"},"canonical":"https:\/\/uniest.it\/prodotto\/aceite-sedoso\/","og_locale":"es_ES","og_type":"article","og_title":"Aceite sedoso - Uniest","og_description":"El Aceite Sedoso nutre, alisa, protege e hidrata la piel del rostro y del cuerpo, siempre sometida a estr\u00e9s f\u00edsico y ambiental, dej\u00e1ndola suave y el\u00e1stica, sin resultar grasa. Est\u00e1 compuesto por una mezcla de finos aceites naturales (Salvado de Arroz, Germen de Trigo, Zanahoria, Soja, Jojoba, Almendras Dulces Bio*, Escualano Vegetal) que con sus [&hellip;]","og_url":"https:\/\/uniest.it\/prodotto\/aceite-sedoso\/","og_site_name":"Uniest","article_modified_time":"2024-12-16T23:02:08+00:00","twitter_card":"summary_large_image","twitter_misc":{"Tiempo de lectura":"1 minuto"},"schema":{"@context":"https:\/\/schema.org","@graph":[{"@type":"WebPage","@id":"https:\/\/uniest.it\/prodotto\/aceite-sedoso\/","url":"https:\/\/uniest.it\/prodotto\/aceite-sedoso\/","name":"Aceite sedoso - Uniest","isPartOf":{"@id":"https:\/\/uniest.it\/#website"},"primaryImageOfPage":{"@id":"https:\/\/uniest.it\/prodotto\/aceite-sedoso\/#primaryimage"},"image":{"@id":"https:\/\/uniest.it\/prodotto\/aceite-sedoso\/#primaryimage"},"thumbnailUrl":"https:\/\/uniest.it\/wp-content\/uploads\/2021\/09\/036LGB.png","datePublished":"2024-10-23T16:27:06+00:00","dateModified":"2024-12-16T23:02:08+00:00","breadcrumb":{"@id":"https:\/\/uniest.it\/prodotto\/aceite-sedoso\/#breadcrumb"},"inLanguage":"es","potentialAction":[{"@type":"ReadAction","target":["https:\/\/uniest.it\/prodotto\/aceite-sedoso\/"]}]},{"@type":"ImageObject","inLanguage":"es","@id":"https:\/\/uniest.it\/prodotto\/aceite-sedoso\/#primaryimage","url":"https:\/\/uniest.it\/wp-content\/uploads\/2021\/09\/036LGB.png","contentUrl":"https:\/\/uniest.it\/wp-content\/uploads\/2021\/09\/036LGB.png","width":1283,"height":2000},{"@type":"BreadcrumbList","@id":"https:\/\/uniest.it\/prodotto\/aceite-sedoso\/#breadcrumb","itemListElement":[{"@type":"ListItem","position":1,"name":"Home","item":"https:\/\/uniest.it\/es\/"},{"@type":"ListItem","position":2,"name":"Shop","item":"https:\/\/uniest.it\/shop\/"},{"@type":"ListItem","position":3,"name":"Aceite sedoso"}]},{"@type":"WebSite","@id":"https:\/\/uniest.it\/#website","url":"https:\/\/uniest.it\/","name":"Uniest","description":"Cosmetici Naturali e Bio","potentialAction":[{"@type":"SearchAction","target":{"@type":"EntryPoint","urlTemplate":"https:\/\/uniest.it\/?s={search_term_string}"},"query-input":{"@type":"PropertyValueSpecification","valueRequired":true,"valueName":"search_term_string"}}],"inLanguage":"es"}]}},"_links":{"self":[{"href":"https:\/\/uniest.it\/es\/wp-json\/wp\/v2\/product\/6338","targetHints":{"allow":["GET"]}}],"collection":[{"href":"https:\/\/uniest.it\/es\/wp-json\/wp\/v2\/product"}],"about":[{"href":"https:\/\/uniest.it\/es\/wp-json\/wp\/v2\/types\/product"}],"wp:featuredmedia":[{"embeddable":true,"href":"https:\/\/uniest.it\/es\/wp-json\/wp\/v2\/media\/6339"}],"wp:attachment":[{"href":"https:\/\/uniest.it\/es\/wp-json\/wp\/v2\/media?parent=6338"}],"wp:term":[{"taxonomy":"product_brand","embeddable":true,"href":"https:\/\/uniest.it\/es\/wp-json\/wp\/v2\/product_brand?post=6338"},{"taxonomy":"product_cat","embeddable":true,"href":"https:\/\/uniest.it\/es\/wp-json\/wp\/v2\/product_cat?post=6338"},{"taxonomy":"product_tag","embeddable":true,"href":"https:\/\/uniest.it\/es\/wp-json\/wp\/v2\/product_tag?post=6338"}],"curies":[{"name":"wp","href":"https:\/\/api.w.org\/{rel}","templated":true}]}}