{"id":6340,"date":"2021-09-17T08:48:07","date_gmt":"2024-10-23T16:27:06","guid":{"rendered":"https:\/\/uniest.it\/prodotto\/aceite-de-girasol-bio-malva-althea-y-calendula\/"},"modified":"2024-10-23T17:27:06","modified_gmt":"2024-10-23T16:27:06","slug":"aceite-de-girasol-bio-malva-althea-y-calendula","status":"publish","type":"product","link":"https:\/\/uniest.it\/es\/prodotto\/aceite-de-girasol-bio-malva-althea-y-calendula\/","title":{"rendered":"Aceite de Girasol BIO + Malva, Althea y Cal\u00e9ndula"},"content":{"rendered":"<p>Aceite <em><u>Org\u00e1nico*<\/u><\/em> extremadamente puro de <em>Helianthus Annuus<\/em> obtenido mediante prensado en fr\u00edo de las semillas del \u00e1rbol. El Aceite de Girasol Bio es rico en \u00c1cidos Grasos Insaturados, Vitamina E, \u00c1cido Linoleico y \u00c1cido Oleico capaces de aportar a la piel sustancias preciosas como el Omega-3 y el Omega-6. Gracias a la Vitamina E que contiene tiene acci\u00f3n <u>antioxidante<\/u>, ayuda a combatir los radicales libres y previene el envejecimiento de las c\u00e9lulas, manteniendo la piel hidratada, nutrida, tersa, el\u00e1stica y tonificada. Nuestro laboratorio ha observado que gracias a la sabia adici\u00f3n del Complejo de Malva, Altea y Cal\u00e9ndula en Aceite de Girasol Bio*, resulta ser un excelente aceite para la realizaci\u00f3n de masajes emolientes, por lo que puede utilizarse solo o en sinergia con Aceites esenciales, para acentuar sus propiedades. El \u00e1cido linoleico contenido en el aceite de girasol, adem\u00e1s de tener fuertes propiedades antioxidantes, favorece el mantenimiento del equilibrio hidrolip\u00eddico. Ayuda a limitar la rotura del cabello y eliminar las puntas abiertas, repar\u00e1ndolas y en consecuencia ayudando a su crecimiento, dando un aspecto m\u00e1s saludable, el cabello quedar\u00e1 suave, brillante y m\u00e1s f\u00e1cil de manejar. Gracias a sus propiedades <u>calmantes<\/u> tambi\u00e9n se puede utilizar en el cuero cabelludo para calmar la caspa y el picor.<\/p>\n","protected":false},"excerpt":{"rendered":"<p>Aceite Org\u00e1nico* extremadamente puro de Helianthus Annuus obtenido mediante prensado en fr\u00edo de las semillas del \u00e1rbol. El Aceite de Girasol Bio es rico en \u00c1cidos Grasos Insaturados, Vitamina E, \u00c1cido Linoleico y \u00c1cido Oleico capaces de aportar a la piel sustancias preciosas como el Omega-3 y el Omega-6. Gracias a la Vitamina E que [&hellip;]<\/p>\n","protected":false},"featured_media":6341,"template":"","meta":{"_acf_changed":false,"inline_featured_image":false},"product_brand":[],"product_cat":[1425,1430,1435],"product_tag":[],"class_list":{"0":"post-6340","1":"product","2":"type-product","3":"status-publish","4":"has-post-thumbnail","6":"product_skin-tutte-le-pelli","7":"product_lines-oli-pregiati-puri","8":"product_cat-corpo-es","9":"product_cat-famiglia-e-pet-es","10":"product_cat-viso-es","11":"pa_size-100-es","13":"first","14":"instock","15":"taxable","16":"shipping-taxable","17":"purchasable","18":"product-type-simple"},"acf":[],"yoast_head":"<!-- This site is optimized with the Yoast SEO plugin v24.6 - https:\/\/yoast.com\/wordpress\/plugins\/seo\/ -->\n<title>Aceite de Girasol BIO + Malva, Althea y Cal\u00e9ndula - Uniest<\/title>\n<meta name=\"robots\" content=\"index, follow, max-snippet:-1, max-image-preview:large, max-video-preview:-1\" \/>\n<link rel=\"canonical\" href=\"https:\/\/uniest.it\/prodotto\/aceite-de-girasol-bio-malva-althea-y-calendula\/\" \/>\n<meta property=\"og:locale\" content=\"es_ES\" \/>\n<meta property=\"og:type\" content=\"article\" \/>\n<meta property=\"og:title\" content=\"Aceite de Girasol BIO + Malva, Althea y Cal\u00e9ndula - Uniest\" \/>\n<meta property=\"og:description\" content=\"Aceite Org\u00e1nico* extremadamente puro de Helianthus Annuus obtenido mediante prensado en fr\u00edo de las semillas del \u00e1rbol. El Aceite de Girasol Bio es rico en \u00c1cidos Grasos Insaturados, Vitamina E, \u00c1cido Linoleico y \u00c1cido Oleico capaces de aportar a la piel sustancias preciosas como el Omega-3 y el Omega-6. Gracias a la Vitamina E que [&hellip;]\" \/>\n<meta property=\"og:url\" content=\"https:\/\/uniest.it\/prodotto\/aceite-de-girasol-bio-malva-althea-y-calendula\/\" \/>\n<meta property=\"og:site_name\" content=\"Uniest\" \/>\n<meta name=\"twitter:card\" content=\"summary_large_image\" \/>\n<meta name=\"twitter:label1\" content=\"Tiempo de lectura\" \/>\n\t<meta name=\"twitter:data1\" content=\"1 minuto\" \/>\n<script type=\"application\/ld+json\" class=\"yoast-schema-graph\">{\"@context\":\"https:\/\/schema.org\",\"@graph\":[{\"@type\":\"WebPage\",\"@id\":\"https:\/\/uniest.it\/prodotto\/aceite-de-girasol-bio-malva-althea-y-calendula\/\",\"url\":\"https:\/\/uniest.it\/prodotto\/aceite-de-girasol-bio-malva-althea-y-calendula\/\",\"name\":\"Aceite de Girasol BIO + Malva, Althea y Cal\u00e9ndula - Uniest\",\"isPartOf\":{\"@id\":\"https:\/\/uniest.it\/#website\"},\"primaryImageOfPage\":{\"@id\":\"https:\/\/uniest.it\/prodotto\/aceite-de-girasol-bio-malva-althea-y-calendula\/#primaryimage\"},\"image\":{\"@id\":\"https:\/\/uniest.it\/prodotto\/aceite-de-girasol-bio-malva-althea-y-calendula\/#primaryimage\"},\"thumbnailUrl\":\"https:\/\/uniest.it\/wp-content\/uploads\/2021\/09\/534AAM.png\",\"datePublished\":\"2024-10-23T16:27:06+00:00\",\"breadcrumb\":{\"@id\":\"https:\/\/uniest.it\/prodotto\/aceite-de-girasol-bio-malva-althea-y-calendula\/#breadcrumb\"},\"inLanguage\":\"es\",\"potentialAction\":[{\"@type\":\"ReadAction\",\"target\":[\"https:\/\/uniest.it\/prodotto\/aceite-de-girasol-bio-malva-althea-y-calendula\/\"]}]},{\"@type\":\"ImageObject\",\"inLanguage\":\"es\",\"@id\":\"https:\/\/uniest.it\/prodotto\/aceite-de-girasol-bio-malva-althea-y-calendula\/#primaryimage\",\"url\":\"https:\/\/uniest.it\/wp-content\/uploads\/2021\/09\/534AAM.png\",\"contentUrl\":\"https:\/\/uniest.it\/wp-content\/uploads\/2021\/09\/534AAM.png\",\"width\":1283,\"height\":2000},{\"@type\":\"BreadcrumbList\",\"@id\":\"https:\/\/uniest.it\/prodotto\/aceite-de-girasol-bio-malva-althea-y-calendula\/#breadcrumb\",\"itemListElement\":[{\"@type\":\"ListItem\",\"position\":1,\"name\":\"Home\",\"item\":\"https:\/\/uniest.it\/es\/\"},{\"@type\":\"ListItem\",\"position\":2,\"name\":\"Shop\",\"item\":\"https:\/\/uniest.it\/shop\/\"},{\"@type\":\"ListItem\",\"position\":3,\"name\":\"Aceite de Girasol BIO + Malva, Althea y Cal\u00e9ndula\"}]},{\"@type\":\"WebSite\",\"@id\":\"https:\/\/uniest.it\/#website\",\"url\":\"https:\/\/uniest.it\/\",\"name\":\"Uniest\",\"description\":\"Cosmetici Naturali e Bio\",\"potentialAction\":[{\"@type\":\"SearchAction\",\"target\":{\"@type\":\"EntryPoint\",\"urlTemplate\":\"https:\/\/uniest.it\/?s={search_term_string}\"},\"query-input\":{\"@type\":\"PropertyValueSpecification\",\"valueRequired\":true,\"valueName\":\"search_term_string\"}}],\"inLanguage\":\"es\"}]}<\/script>\n<!-- \/ Yoast SEO plugin. -->","yoast_head_json":{"title":"Aceite de Girasol BIO + Malva, Althea y Cal\u00e9ndula - Uniest","robots":{"index":"index","follow":"follow","max-snippet":"max-snippet:-1","max-image-preview":"max-image-preview:large","max-video-preview":"max-video-preview:-1"},"canonical":"https:\/\/uniest.it\/prodotto\/aceite-de-girasol-bio-malva-althea-y-calendula\/","og_locale":"es_ES","og_type":"article","og_title":"Aceite de Girasol BIO + Malva, Althea y Cal\u00e9ndula - Uniest","og_description":"Aceite Org\u00e1nico* extremadamente puro de Helianthus Annuus obtenido mediante prensado en fr\u00edo de las semillas del \u00e1rbol. El Aceite de Girasol Bio es rico en \u00c1cidos Grasos Insaturados, Vitamina E, \u00c1cido Linoleico y \u00c1cido Oleico capaces de aportar a la piel sustancias preciosas como el Omega-3 y el Omega-6. Gracias a la Vitamina E que [&hellip;]","og_url":"https:\/\/uniest.it\/prodotto\/aceite-de-girasol-bio-malva-althea-y-calendula\/","og_site_name":"Uniest","twitter_card":"summary_large_image","twitter_misc":{"Tiempo de lectura":"1 minuto"},"schema":{"@context":"https:\/\/schema.org","@graph":[{"@type":"WebPage","@id":"https:\/\/uniest.it\/prodotto\/aceite-de-girasol-bio-malva-althea-y-calendula\/","url":"https:\/\/uniest.it\/prodotto\/aceite-de-girasol-bio-malva-althea-y-calendula\/","name":"Aceite de Girasol BIO + Malva, Althea y Cal\u00e9ndula - Uniest","isPartOf":{"@id":"https:\/\/uniest.it\/#website"},"primaryImageOfPage":{"@id":"https:\/\/uniest.it\/prodotto\/aceite-de-girasol-bio-malva-althea-y-calendula\/#primaryimage"},"image":{"@id":"https:\/\/uniest.it\/prodotto\/aceite-de-girasol-bio-malva-althea-y-calendula\/#primaryimage"},"thumbnailUrl":"https:\/\/uniest.it\/wp-content\/uploads\/2021\/09\/534AAM.png","datePublished":"2024-10-23T16:27:06+00:00","breadcrumb":{"@id":"https:\/\/uniest.it\/prodotto\/aceite-de-girasol-bio-malva-althea-y-calendula\/#breadcrumb"},"inLanguage":"es","potentialAction":[{"@type":"ReadAction","target":["https:\/\/uniest.it\/prodotto\/aceite-de-girasol-bio-malva-althea-y-calendula\/"]}]},{"@type":"ImageObject","inLanguage":"es","@id":"https:\/\/uniest.it\/prodotto\/aceite-de-girasol-bio-malva-althea-y-calendula\/#primaryimage","url":"https:\/\/uniest.it\/wp-content\/uploads\/2021\/09\/534AAM.png","contentUrl":"https:\/\/uniest.it\/wp-content\/uploads\/2021\/09\/534AAM.png","width":1283,"height":2000},{"@type":"BreadcrumbList","@id":"https:\/\/uniest.it\/prodotto\/aceite-de-girasol-bio-malva-althea-y-calendula\/#breadcrumb","itemListElement":[{"@type":"ListItem","position":1,"name":"Home","item":"https:\/\/uniest.it\/es\/"},{"@type":"ListItem","position":2,"name":"Shop","item":"https:\/\/uniest.it\/shop\/"},{"@type":"ListItem","position":3,"name":"Aceite de Girasol BIO + Malva, Althea y Cal\u00e9ndula"}]},{"@type":"WebSite","@id":"https:\/\/uniest.it\/#website","url":"https:\/\/uniest.it\/","name":"Uniest","description":"Cosmetici Naturali e Bio","potentialAction":[{"@type":"SearchAction","target":{"@type":"EntryPoint","urlTemplate":"https:\/\/uniest.it\/?s={search_term_string}"},"query-input":{"@type":"PropertyValueSpecification","valueRequired":true,"valueName":"search_term_string"}}],"inLanguage":"es"}]}},"_links":{"self":[{"href":"https:\/\/uniest.it\/es\/wp-json\/wp\/v2\/product\/6340","targetHints":{"allow":["GET"]}}],"collection":[{"href":"https:\/\/uniest.it\/es\/wp-json\/wp\/v2\/product"}],"about":[{"href":"https:\/\/uniest.it\/es\/wp-json\/wp\/v2\/types\/product"}],"wp:featuredmedia":[{"embeddable":true,"href":"https:\/\/uniest.it\/es\/wp-json\/wp\/v2\/media\/6341"}],"wp:attachment":[{"href":"https:\/\/uniest.it\/es\/wp-json\/wp\/v2\/media?parent=6340"}],"wp:term":[{"taxonomy":"product_brand","embeddable":true,"href":"https:\/\/uniest.it\/es\/wp-json\/wp\/v2\/product_brand?post=6340"},{"taxonomy":"product_cat","embeddable":true,"href":"https:\/\/uniest.it\/es\/wp-json\/wp\/v2\/product_cat?post=6340"},{"taxonomy":"product_tag","embeddable":true,"href":"https:\/\/uniest.it\/es\/wp-json\/wp\/v2\/product_tag?post=6340"}],"curies":[{"name":"wp","href":"https:\/\/api.w.org\/{rel}","templated":true}]}}