{"id":6342,"date":"2021-10-14T07:40:01","date_gmt":"2024-10-23T16:27:06","guid":{"rendered":"https:\/\/uniest.it\/prodotto\/mascarilla-hidratante-anti-edad-100-celulosa\/"},"modified":"2024-10-23T17:27:06","modified_gmt":"2024-10-23T16:27:06","slug":"mascarilla-hidratante-anti-edad-100-celulosa","status":"publish","type":"product","link":"https:\/\/uniest.it\/es\/prodotto\/mascarilla-hidratante-anti-edad-100-celulosa\/","title":{"rendered":"Mascarilla hidratante anti-edad 100% celulosa"},"content":{"rendered":"<p>Mascarilla de tejido 100% celulosa, no resbala y garantiza una penetraci\u00f3n profunda del principio activo. Rico en \u00c1cido Hialur\u00f3nico, hidrata y nutre atenuando arrugas y l\u00edneas de expresi\u00f3n, contrarresta el da\u00f1o celular provocado por los radicales libres y protege contra el envejecimiento prematuro, en sinergia con el Octap\u00e9ptido-3 con efecto lifting. Desde la primera aplicaci\u00f3n la piel quedar\u00e1 m\u00e1s suave, sedosa y tersa. Formulaci\u00f3n creada con un p\u00e9ptido innovador y un extracto a base de extracto de berro brasile\u00f1o (Spilanthes acmella), con efecto antiedad y lifting. Enriquecido con Aceite de Macadamia, Vitamina C, Vitamina E con efecto antioxidante, Aloe Bio hidratante* y Extracto de Malva Bio*, con cualidades calmantes y nutritivas. En sinergia aportan a la piel un momento de bienestar. \u00a1Embalaje apto para dos usos!<\/p>\n","protected":false},"excerpt":{"rendered":"<p>Mascarilla de tejido 100% celulosa, no resbala y garantiza una penetraci\u00f3n profunda del principio activo. Rico en \u00c1cido Hialur\u00f3nico, hidrata y nutre atenuando arrugas y l\u00edneas de expresi\u00f3n, contrarresta el da\u00f1o celular provocado por los radicales libres y protege contra el envejecimiento prematuro, en sinergia con el Octap\u00e9ptido-3 con efecto lifting. Desde la primera aplicaci\u00f3n [&hellip;]<\/p>\n","protected":false},"featured_media":6346,"template":"","meta":{"_acf_changed":false,"inline_featured_image":false},"product_brand":[],"product_cat":[1435],"product_tag":[],"class_list":{"0":"post-6342","1":"product","2":"type-product","3":"status-publish","4":"has-post-thumbnail","6":"product_beauty-antirughe","7":"product_beauty-idratare","8":"product_beauty-lenire","9":"product_beauty-nutrire-e-rigenerare","10":"product_beauty-rassodare-e-tonificare","11":"product_skin-pelli-giovani-e-prime-rughe","12":"product_skin-pelli-secche-e-normali","13":"product_skin-tutte-le-pelli","14":"product_kind-maschere-ed-esfolianti","15":"product_kind-trattamenti-speciali","16":"product_lines-pelli-normali-e-prime-rughe","17":"product_cat-viso-es","18":"pa_size-15-es","20":"first","21":"instock","22":"taxable","23":"shipping-taxable","24":"purchasable","25":"product-type-simple"},"acf":[],"yoast_head":"<!-- This site is optimized with the Yoast SEO plugin v24.6 - https:\/\/yoast.com\/wordpress\/plugins\/seo\/ -->\n<title>Mascarilla hidratante anti-edad 100% celulosa - Uniest<\/title>\n<meta name=\"robots\" content=\"index, follow, max-snippet:-1, max-image-preview:large, max-video-preview:-1\" \/>\n<link rel=\"canonical\" href=\"https:\/\/uniest.it\/prodotto\/mascarilla-hidratante-anti-edad-100-celulosa\/\" \/>\n<meta property=\"og:locale\" content=\"es_ES\" \/>\n<meta property=\"og:type\" content=\"article\" \/>\n<meta property=\"og:title\" content=\"Mascarilla hidratante anti-edad 100% celulosa - Uniest\" \/>\n<meta property=\"og:description\" content=\"Mascarilla de tejido 100% celulosa, no resbala y garantiza una penetraci\u00f3n profunda del principio activo. Rico en \u00c1cido Hialur\u00f3nico, hidrata y nutre atenuando arrugas y l\u00edneas de expresi\u00f3n, contrarresta el da\u00f1o celular provocado por los radicales libres y protege contra el envejecimiento prematuro, en sinergia con el Octap\u00e9ptido-3 con efecto lifting. Desde la primera aplicaci\u00f3n [&hellip;]\" \/>\n<meta property=\"og:url\" content=\"https:\/\/uniest.it\/prodotto\/mascarilla-hidratante-anti-edad-100-celulosa\/\" \/>\n<meta property=\"og:site_name\" content=\"Uniest\" \/>\n<meta name=\"twitter:card\" content=\"summary_large_image\" \/>\n<meta name=\"twitter:label1\" content=\"Tiempo de lectura\" \/>\n\t<meta name=\"twitter:data1\" content=\"1 minuto\" \/>\n<script type=\"application\/ld+json\" class=\"yoast-schema-graph\">{\"@context\":\"https:\/\/schema.org\",\"@graph\":[{\"@type\":\"WebPage\",\"@id\":\"https:\/\/uniest.it\/prodotto\/mascarilla-hidratante-anti-edad-100-celulosa\/\",\"url\":\"https:\/\/uniest.it\/prodotto\/mascarilla-hidratante-anti-edad-100-celulosa\/\",\"name\":\"Mascarilla hidratante anti-edad 100% celulosa - Uniest\",\"isPartOf\":{\"@id\":\"https:\/\/uniest.it\/#website\"},\"primaryImageOfPage\":{\"@id\":\"https:\/\/uniest.it\/prodotto\/mascarilla-hidratante-anti-edad-100-celulosa\/#primaryimage\"},\"image\":{\"@id\":\"https:\/\/uniest.it\/prodotto\/mascarilla-hidratante-anti-edad-100-celulosa\/#primaryimage\"},\"thumbnailUrl\":\"https:\/\/uniest.it\/wp-content\/uploads\/2021\/10\/maschera-tnt.jpg\",\"datePublished\":\"2024-10-23T16:27:06+00:00\",\"breadcrumb\":{\"@id\":\"https:\/\/uniest.it\/prodotto\/mascarilla-hidratante-anti-edad-100-celulosa\/#breadcrumb\"},\"inLanguage\":\"es\",\"potentialAction\":[{\"@type\":\"ReadAction\",\"target\":[\"https:\/\/uniest.it\/prodotto\/mascarilla-hidratante-anti-edad-100-celulosa\/\"]}]},{\"@type\":\"ImageObject\",\"inLanguage\":\"es\",\"@id\":\"https:\/\/uniest.it\/prodotto\/mascarilla-hidratante-anti-edad-100-celulosa\/#primaryimage\",\"url\":\"https:\/\/uniest.it\/wp-content\/uploads\/2021\/10\/maschera-tnt.jpg\",\"contentUrl\":\"https:\/\/uniest.it\/wp-content\/uploads\/2021\/10\/maschera-tnt.jpg\",\"width\":395,\"height\":261,\"caption\":\"052AAE\"},{\"@type\":\"BreadcrumbList\",\"@id\":\"https:\/\/uniest.it\/prodotto\/mascarilla-hidratante-anti-edad-100-celulosa\/#breadcrumb\",\"itemListElement\":[{\"@type\":\"ListItem\",\"position\":1,\"name\":\"Home\",\"item\":\"https:\/\/uniest.it\/es\/\"},{\"@type\":\"ListItem\",\"position\":2,\"name\":\"Shop\",\"item\":\"https:\/\/uniest.it\/shop\/\"},{\"@type\":\"ListItem\",\"position\":3,\"name\":\"Mascarilla hidratante anti-edad 100% celulosa\"}]},{\"@type\":\"WebSite\",\"@id\":\"https:\/\/uniest.it\/#website\",\"url\":\"https:\/\/uniest.it\/\",\"name\":\"Uniest\",\"description\":\"Cosmetici Naturali e Bio\",\"potentialAction\":[{\"@type\":\"SearchAction\",\"target\":{\"@type\":\"EntryPoint\",\"urlTemplate\":\"https:\/\/uniest.it\/?s={search_term_string}\"},\"query-input\":{\"@type\":\"PropertyValueSpecification\",\"valueRequired\":true,\"valueName\":\"search_term_string\"}}],\"inLanguage\":\"es\"}]}<\/script>\n<!-- \/ Yoast SEO plugin. -->","yoast_head_json":{"title":"Mascarilla hidratante anti-edad 100% celulosa - Uniest","robots":{"index":"index","follow":"follow","max-snippet":"max-snippet:-1","max-image-preview":"max-image-preview:large","max-video-preview":"max-video-preview:-1"},"canonical":"https:\/\/uniest.it\/prodotto\/mascarilla-hidratante-anti-edad-100-celulosa\/","og_locale":"es_ES","og_type":"article","og_title":"Mascarilla hidratante anti-edad 100% celulosa - Uniest","og_description":"Mascarilla de tejido 100% celulosa, no resbala y garantiza una penetraci\u00f3n profunda del principio activo. Rico en \u00c1cido Hialur\u00f3nico, hidrata y nutre atenuando arrugas y l\u00edneas de expresi\u00f3n, contrarresta el da\u00f1o celular provocado por los radicales libres y protege contra el envejecimiento prematuro, en sinergia con el Octap\u00e9ptido-3 con efecto lifting. Desde la primera aplicaci\u00f3n [&hellip;]","og_url":"https:\/\/uniest.it\/prodotto\/mascarilla-hidratante-anti-edad-100-celulosa\/","og_site_name":"Uniest","twitter_card":"summary_large_image","twitter_misc":{"Tiempo de lectura":"1 minuto"},"schema":{"@context":"https:\/\/schema.org","@graph":[{"@type":"WebPage","@id":"https:\/\/uniest.it\/prodotto\/mascarilla-hidratante-anti-edad-100-celulosa\/","url":"https:\/\/uniest.it\/prodotto\/mascarilla-hidratante-anti-edad-100-celulosa\/","name":"Mascarilla hidratante anti-edad 100% celulosa - Uniest","isPartOf":{"@id":"https:\/\/uniest.it\/#website"},"primaryImageOfPage":{"@id":"https:\/\/uniest.it\/prodotto\/mascarilla-hidratante-anti-edad-100-celulosa\/#primaryimage"},"image":{"@id":"https:\/\/uniest.it\/prodotto\/mascarilla-hidratante-anti-edad-100-celulosa\/#primaryimage"},"thumbnailUrl":"https:\/\/uniest.it\/wp-content\/uploads\/2021\/10\/maschera-tnt.jpg","datePublished":"2024-10-23T16:27:06+00:00","breadcrumb":{"@id":"https:\/\/uniest.it\/prodotto\/mascarilla-hidratante-anti-edad-100-celulosa\/#breadcrumb"},"inLanguage":"es","potentialAction":[{"@type":"ReadAction","target":["https:\/\/uniest.it\/prodotto\/mascarilla-hidratante-anti-edad-100-celulosa\/"]}]},{"@type":"ImageObject","inLanguage":"es","@id":"https:\/\/uniest.it\/prodotto\/mascarilla-hidratante-anti-edad-100-celulosa\/#primaryimage","url":"https:\/\/uniest.it\/wp-content\/uploads\/2021\/10\/maschera-tnt.jpg","contentUrl":"https:\/\/uniest.it\/wp-content\/uploads\/2021\/10\/maschera-tnt.jpg","width":395,"height":261,"caption":"052AAE"},{"@type":"BreadcrumbList","@id":"https:\/\/uniest.it\/prodotto\/mascarilla-hidratante-anti-edad-100-celulosa\/#breadcrumb","itemListElement":[{"@type":"ListItem","position":1,"name":"Home","item":"https:\/\/uniest.it\/es\/"},{"@type":"ListItem","position":2,"name":"Shop","item":"https:\/\/uniest.it\/shop\/"},{"@type":"ListItem","position":3,"name":"Mascarilla hidratante anti-edad 100% celulosa"}]},{"@type":"WebSite","@id":"https:\/\/uniest.it\/#website","url":"https:\/\/uniest.it\/","name":"Uniest","description":"Cosmetici Naturali e Bio","potentialAction":[{"@type":"SearchAction","target":{"@type":"EntryPoint","urlTemplate":"https:\/\/uniest.it\/?s={search_term_string}"},"query-input":{"@type":"PropertyValueSpecification","valueRequired":true,"valueName":"search_term_string"}}],"inLanguage":"es"}]}},"_links":{"self":[{"href":"https:\/\/uniest.it\/es\/wp-json\/wp\/v2\/product\/6342","targetHints":{"allow":["GET"]}}],"collection":[{"href":"https:\/\/uniest.it\/es\/wp-json\/wp\/v2\/product"}],"about":[{"href":"https:\/\/uniest.it\/es\/wp-json\/wp\/v2\/types\/product"}],"wp:featuredmedia":[{"embeddable":true,"href":"https:\/\/uniest.it\/es\/wp-json\/wp\/v2\/media\/6346"}],"wp:attachment":[{"href":"https:\/\/uniest.it\/es\/wp-json\/wp\/v2\/media?parent=6342"}],"wp:term":[{"taxonomy":"product_brand","embeddable":true,"href":"https:\/\/uniest.it\/es\/wp-json\/wp\/v2\/product_brand?post=6342"},{"taxonomy":"product_cat","embeddable":true,"href":"https:\/\/uniest.it\/es\/wp-json\/wp\/v2\/product_cat?post=6342"},{"taxonomy":"product_tag","embeddable":true,"href":"https:\/\/uniest.it\/es\/wp-json\/wp\/v2\/product_tag?post=6342"}],"curies":[{"name":"wp","href":"https:\/\/api.w.org\/{rel}","templated":true}]}}