{"id":6351,"date":"2021-11-25T11:34:04","date_gmt":"2024-10-23T16:27:08","guid":{"rendered":"https:\/\/uniest.it\/prodotto\/leche-corporal-juvenil-6-en-1-aloe\/"},"modified":"2024-12-17T00:02:09","modified_gmt":"2024-12-16T23:02:09","slug":"leche-corporal-juvenil-6-en-1-aloe","status":"publish","type":"product","link":"https:\/\/uniest.it\/es\/prodotto\/leche-corporal-juvenil-6-en-1-aloe\/","title":{"rendered":"Leche Corporal Juvenil 6 en 1 Aloe"},"content":{"rendered":"<p>Leche Corporal Suave de Juventud especialmente dise\u00f1ada para permitir una buena nutrici\u00f3n y una buena hidrataci\u00f3n durante todo el d\u00eda. Apto para todas las edades y todo tipo de piel. El Aceite de Oliva Virgen Extra est\u00e1 considerado un aut\u00e9ntico \u00abnutrac\u00e9utico\u00bb, rico en Vitaminas A, E, F, B, Lecitina, Sales Minerales y Enzimas mientras que el Vino Tinto es rico en alfahidroxi\u00e1cidos, polifenoles, az\u00facares y l\u00edpidos que gracias a sus m\u00faltiples acciones llevan a cabo en nuestra piel, se considera un poderoso aliado de la belleza. Tanto el aceite de oliva virgen extra DOP como el vino DOC tienen su origen en el lago de Garda y se les reconocen propiedades hipotensoras, antioxidantes, iluminadoras, antienvejecimiento y protectoras. Enriquecido con jugo de lim\u00f3n y aceite esencial, rico en vitamina C y manteca de karit\u00e9 org\u00e1nica* para potenciar sus efectos nutritivos, hidratantes y antiarrugas. Delicadamente perfumado con esencia de lim\u00f3n, gracias a su versatilidad natural, es apto tanto para utilizarlo despu\u00e9s del ba\u00f1o o la ducha como en cualquier otra ocasi\u00f3n en la que se desee tener una piel tersa, suave y aterciopelada. *Procedente de agricultura ecol\u00f3gica<\/p>\n","protected":false},"excerpt":{"rendered":"<p>Leche Corporal Suave de Juventud especialmente dise\u00f1ada para permitir una buena nutrici\u00f3n y una buena hidrataci\u00f3n durante todo el d\u00eda. Apto para todas las edades y todo tipo de piel. El Aceite de Oliva Virgen Extra est\u00e1 considerado un aut\u00e9ntico \u00abnutrac\u00e9utico\u00bb, rico en Vitaminas A, E, F, B, Lecitina, Sales Minerales y Enzimas mientras que [&hellip;]<\/p>\n","protected":false},"featured_media":6352,"template":"","meta":{"_acf_changed":false,"inline_featured_image":false},"product_brand":[],"product_cat":[1425,1427],"product_tag":[],"class_list":{"0":"post-6351","1":"product","2":"type-product","3":"status-publish","4":"has-post-thumbnail","6":"product_beauty-aromatizzare-e-profumare","7":"product_beauty-idratare","8":"product_beauty-lenire","9":"product_beauty-nutrire-e-rigenerare","10":"product_beauty-proteggere","11":"product_beauty-rassodare-e-tonificare","12":"product_skin-tutte-le-pelli","13":"product_kind-trattamenti-speciali","14":"product_kind-tutte-le-creme-corpo","15":"product_lines-garda-lake-beauty","16":"product_cat-corpo-es","17":"product_cat-garda-lake-beauty-es","18":"pa_size-150-es","20":"first","21":"instock","22":"taxable","23":"shipping-taxable","24":"purchasable","25":"product-type-simple"},"acf":[],"yoast_head":"<!-- This site is optimized with the Yoast SEO plugin v24.6 - https:\/\/yoast.com\/wordpress\/plugins\/seo\/ -->\n<title>Leche Corporal Juvenil 6 en 1 Aloe - Uniest<\/title>\n<meta name=\"robots\" content=\"index, follow, max-snippet:-1, max-image-preview:large, max-video-preview:-1\" \/>\n<link rel=\"canonical\" href=\"https:\/\/uniest.it\/es\/prodotto\/leche-corporal-juvenil-6-en-1-aloe\/\" \/>\n<meta property=\"og:locale\" content=\"es_ES\" \/>\n<meta property=\"og:type\" content=\"article\" \/>\n<meta property=\"og:title\" content=\"Leche Corporal Juvenil 6 en 1 Aloe - Uniest\" \/>\n<meta property=\"og:description\" content=\"Leche Corporal Suave de Juventud especialmente dise\u00f1ada para permitir una buena nutrici\u00f3n y una buena hidrataci\u00f3n durante todo el d\u00eda. Apto para todas las edades y todo tipo de piel. El Aceite de Oliva Virgen Extra est\u00e1 considerado un aut\u00e9ntico \u00abnutrac\u00e9utico\u00bb, rico en Vitaminas A, E, F, B, Lecitina, Sales Minerales y Enzimas mientras que [&hellip;]\" \/>\n<meta property=\"og:url\" content=\"https:\/\/uniest.it\/es\/prodotto\/leche-corporal-juvenil-6-en-1-aloe\/\" \/>\n<meta property=\"og:site_name\" content=\"Uniest\" \/>\n<meta property=\"article:modified_time\" content=\"2024-12-16T23:02:09+00:00\" \/>\n<meta property=\"og:image\" content=\"https:\/\/uniest.it\/wp-content\/uploads\/2021\/11\/035LGB.png\" \/>\n\t<meta property=\"og:image:width\" content=\"1283\" \/>\n\t<meta property=\"og:image:height\" content=\"2000\" \/>\n\t<meta property=\"og:image:type\" content=\"image\/png\" \/>\n<meta name=\"twitter:card\" content=\"summary_large_image\" \/>\n<meta name=\"twitter:label1\" content=\"Tiempo de lectura\" \/>\n\t<meta name=\"twitter:data1\" content=\"1 minuto\" \/>\n<script type=\"application\/ld+json\" class=\"yoast-schema-graph\">{\"@context\":\"https:\/\/schema.org\",\"@graph\":[{\"@type\":\"WebPage\",\"@id\":\"https:\/\/uniest.it\/es\/prodotto\/leche-corporal-juvenil-6-en-1-aloe\/\",\"url\":\"https:\/\/uniest.it\/es\/prodotto\/leche-corporal-juvenil-6-en-1-aloe\/\",\"name\":\"Leche Corporal Juvenil 6 en 1 Aloe - Uniest\",\"isPartOf\":{\"@id\":\"https:\/\/uniest.it\/#website\"},\"primaryImageOfPage\":{\"@id\":\"https:\/\/uniest.it\/es\/prodotto\/leche-corporal-juvenil-6-en-1-aloe\/#primaryimage\"},\"image\":{\"@id\":\"https:\/\/uniest.it\/es\/prodotto\/leche-corporal-juvenil-6-en-1-aloe\/#primaryimage\"},\"thumbnailUrl\":\"https:\/\/uniest.it\/wp-content\/uploads\/2021\/11\/035LGB.png\",\"datePublished\":\"2024-10-23T16:27:08+00:00\",\"dateModified\":\"2024-12-16T23:02:09+00:00\",\"breadcrumb\":{\"@id\":\"https:\/\/uniest.it\/es\/prodotto\/leche-corporal-juvenil-6-en-1-aloe\/#breadcrumb\"},\"inLanguage\":\"es\",\"potentialAction\":[{\"@type\":\"ReadAction\",\"target\":[\"https:\/\/uniest.it\/es\/prodotto\/leche-corporal-juvenil-6-en-1-aloe\/\"]}]},{\"@type\":\"ImageObject\",\"inLanguage\":\"es\",\"@id\":\"https:\/\/uniest.it\/es\/prodotto\/leche-corporal-juvenil-6-en-1-aloe\/#primaryimage\",\"url\":\"https:\/\/uniest.it\/wp-content\/uploads\/2021\/11\/035LGB.png\",\"contentUrl\":\"https:\/\/uniest.it\/wp-content\/uploads\/2021\/11\/035LGB.png\",\"width\":1283,\"height\":2000},{\"@type\":\"BreadcrumbList\",\"@id\":\"https:\/\/uniest.it\/es\/prodotto\/leche-corporal-juvenil-6-en-1-aloe\/#breadcrumb\",\"itemListElement\":[{\"@type\":\"ListItem\",\"position\":1,\"name\":\"Home\",\"item\":\"https:\/\/uniest.it\/es\/\"},{\"@type\":\"ListItem\",\"position\":2,\"name\":\"Shop\",\"item\":\"https:\/\/uniest.it\/shop\/\"},{\"@type\":\"ListItem\",\"position\":3,\"name\":\"Leche Corporal Juvenil 6 en 1 Aloe\"}]},{\"@type\":\"WebSite\",\"@id\":\"https:\/\/uniest.it\/#website\",\"url\":\"https:\/\/uniest.it\/\",\"name\":\"Uniest\",\"description\":\"Cosmetici Naturali e Bio\",\"potentialAction\":[{\"@type\":\"SearchAction\",\"target\":{\"@type\":\"EntryPoint\",\"urlTemplate\":\"https:\/\/uniest.it\/?s={search_term_string}\"},\"query-input\":{\"@type\":\"PropertyValueSpecification\",\"valueRequired\":true,\"valueName\":\"search_term_string\"}}],\"inLanguage\":\"es\"}]}<\/script>\n<!-- \/ Yoast SEO plugin. -->","yoast_head_json":{"title":"Leche Corporal Juvenil 6 en 1 Aloe - Uniest","robots":{"index":"index","follow":"follow","max-snippet":"max-snippet:-1","max-image-preview":"max-image-preview:large","max-video-preview":"max-video-preview:-1"},"canonical":"https:\/\/uniest.it\/es\/prodotto\/leche-corporal-juvenil-6-en-1-aloe\/","og_locale":"es_ES","og_type":"article","og_title":"Leche Corporal Juvenil 6 en 1 Aloe - Uniest","og_description":"Leche Corporal Suave de Juventud especialmente dise\u00f1ada para permitir una buena nutrici\u00f3n y una buena hidrataci\u00f3n durante todo el d\u00eda. Apto para todas las edades y todo tipo de piel. El Aceite de Oliva Virgen Extra est\u00e1 considerado un aut\u00e9ntico \u00abnutrac\u00e9utico\u00bb, rico en Vitaminas A, E, F, B, Lecitina, Sales Minerales y Enzimas mientras que [&hellip;]","og_url":"https:\/\/uniest.it\/es\/prodotto\/leche-corporal-juvenil-6-en-1-aloe\/","og_site_name":"Uniest","article_modified_time":"2024-12-16T23:02:09+00:00","og_image":[{"width":1283,"height":2000,"url":"https:\/\/uniest.it\/wp-content\/uploads\/2021\/11\/035LGB.png","type":"image\/png"}],"twitter_card":"summary_large_image","twitter_misc":{"Tiempo de lectura":"1 minuto"},"schema":{"@context":"https:\/\/schema.org","@graph":[{"@type":"WebPage","@id":"https:\/\/uniest.it\/es\/prodotto\/leche-corporal-juvenil-6-en-1-aloe\/","url":"https:\/\/uniest.it\/es\/prodotto\/leche-corporal-juvenil-6-en-1-aloe\/","name":"Leche Corporal Juvenil 6 en 1 Aloe - Uniest","isPartOf":{"@id":"https:\/\/uniest.it\/#website"},"primaryImageOfPage":{"@id":"https:\/\/uniest.it\/es\/prodotto\/leche-corporal-juvenil-6-en-1-aloe\/#primaryimage"},"image":{"@id":"https:\/\/uniest.it\/es\/prodotto\/leche-corporal-juvenil-6-en-1-aloe\/#primaryimage"},"thumbnailUrl":"https:\/\/uniest.it\/wp-content\/uploads\/2021\/11\/035LGB.png","datePublished":"2024-10-23T16:27:08+00:00","dateModified":"2024-12-16T23:02:09+00:00","breadcrumb":{"@id":"https:\/\/uniest.it\/es\/prodotto\/leche-corporal-juvenil-6-en-1-aloe\/#breadcrumb"},"inLanguage":"es","potentialAction":[{"@type":"ReadAction","target":["https:\/\/uniest.it\/es\/prodotto\/leche-corporal-juvenil-6-en-1-aloe\/"]}]},{"@type":"ImageObject","inLanguage":"es","@id":"https:\/\/uniest.it\/es\/prodotto\/leche-corporal-juvenil-6-en-1-aloe\/#primaryimage","url":"https:\/\/uniest.it\/wp-content\/uploads\/2021\/11\/035LGB.png","contentUrl":"https:\/\/uniest.it\/wp-content\/uploads\/2021\/11\/035LGB.png","width":1283,"height":2000},{"@type":"BreadcrumbList","@id":"https:\/\/uniest.it\/es\/prodotto\/leche-corporal-juvenil-6-en-1-aloe\/#breadcrumb","itemListElement":[{"@type":"ListItem","position":1,"name":"Home","item":"https:\/\/uniest.it\/es\/"},{"@type":"ListItem","position":2,"name":"Shop","item":"https:\/\/uniest.it\/shop\/"},{"@type":"ListItem","position":3,"name":"Leche Corporal Juvenil 6 en 1 Aloe"}]},{"@type":"WebSite","@id":"https:\/\/uniest.it\/#website","url":"https:\/\/uniest.it\/","name":"Uniest","description":"Cosmetici Naturali e Bio","potentialAction":[{"@type":"SearchAction","target":{"@type":"EntryPoint","urlTemplate":"https:\/\/uniest.it\/?s={search_term_string}"},"query-input":{"@type":"PropertyValueSpecification","valueRequired":true,"valueName":"search_term_string"}}],"inLanguage":"es"}]}},"_links":{"self":[{"href":"https:\/\/uniest.it\/es\/wp-json\/wp\/v2\/product\/6351","targetHints":{"allow":["GET"]}}],"collection":[{"href":"https:\/\/uniest.it\/es\/wp-json\/wp\/v2\/product"}],"about":[{"href":"https:\/\/uniest.it\/es\/wp-json\/wp\/v2\/types\/product"}],"wp:featuredmedia":[{"embeddable":true,"href":"https:\/\/uniest.it\/es\/wp-json\/wp\/v2\/media\/6352"}],"wp:attachment":[{"href":"https:\/\/uniest.it\/es\/wp-json\/wp\/v2\/media?parent=6351"}],"wp:term":[{"taxonomy":"product_brand","embeddable":true,"href":"https:\/\/uniest.it\/es\/wp-json\/wp\/v2\/product_brand?post=6351"},{"taxonomy":"product_cat","embeddable":true,"href":"https:\/\/uniest.it\/es\/wp-json\/wp\/v2\/product_cat?post=6351"},{"taxonomy":"product_tag","embeddable":true,"href":"https:\/\/uniest.it\/es\/wp-json\/wp\/v2\/product_tag?post=6351"}],"curies":[{"name":"wp","href":"https:\/\/api.w.org\/{rel}","templated":true}]}}