{"id":6353,"date":"2021-12-10T12:46:53","date_gmt":"2024-10-23T16:27:08","guid":{"rendered":"https:\/\/uniest.it\/prodotto\/barra-de-jabon-de-aceite-de-canamo\/"},"modified":"2024-10-23T17:27:08","modified_gmt":"2024-10-23T16:27:08","slug":"barra-de-jabon-de-aceite-de-canamo","status":"publish","type":"product","link":"https:\/\/uniest.it\/es\/prodotto\/barra-de-jabon-de-aceite-de-canamo\/","title":{"rendered":"Barra de jab\u00f3n de aceite de c\u00e1\u00f1amo"},"content":{"rendered":"<p>Jab\u00f3n 100% vegetal con aceite de c\u00e1\u00f1amo: aceite de coco puro, elaborado con el cl\u00e1sico m\u00e9todo de mezcla en fr\u00edo. Sin grasas animales, conservantes ni al\u00e9rgenos. Enriquecido con Aceite de C\u00e1\u00f1amo Saponificado que aporta, adem\u00e1s de las propiedades limpiadoras del jab\u00f3n, tambi\u00e9n propiedades nutritivas y emolientes.<\/p>\n","protected":false},"excerpt":{"rendered":"<p>Jab\u00f3n 100% vegetal con aceite de c\u00e1\u00f1amo: aceite de coco puro, elaborado con el cl\u00e1sico m\u00e9todo de mezcla en fr\u00edo. Sin grasas animales, conservantes ni al\u00e9rgenos. Enriquecido con Aceite de C\u00e1\u00f1amo Saponificado que aporta, adem\u00e1s de las propiedades limpiadoras del jab\u00f3n, tambi\u00e9n propiedades nutritivas y emolientes.<\/p>\n","protected":false},"featured_media":6356,"template":"","meta":{"_acf_changed":false,"inline_featured_image":false},"product_brand":[],"product_cat":[1425,1444,1435],"product_tag":[],"class_list":{"0":"post-6353","1":"product","2":"type-product","3":"status-publish","4":"has-post-thumbnail","6":"product_skin-tutte-le-pelli","7":"product_cat-corpo-es","8":"product_cat-mani-e-piedi-es","9":"product_cat-viso-es","10":"pa_size-100-gr-es","12":"first","13":"instock","14":"taxable","15":"shipping-taxable","16":"purchasable","17":"product-type-simple"},"acf":[],"yoast_head":"<!-- This site is optimized with the Yoast SEO plugin v24.6 - https:\/\/yoast.com\/wordpress\/plugins\/seo\/ -->\n<title>Barra de jab\u00f3n de aceite de c\u00e1\u00f1amo - Uniest<\/title>\n<meta name=\"robots\" content=\"index, follow, max-snippet:-1, max-image-preview:large, max-video-preview:-1\" \/>\n<link rel=\"canonical\" href=\"https:\/\/uniest.it\/prodotto\/barra-de-jabon-de-aceite-de-canamo\/\" \/>\n<meta property=\"og:locale\" content=\"es_ES\" \/>\n<meta property=\"og:type\" content=\"article\" \/>\n<meta property=\"og:title\" content=\"Barra de jab\u00f3n de aceite de c\u00e1\u00f1amo - Uniest\" \/>\n<meta property=\"og:description\" content=\"Jab\u00f3n 100% vegetal con aceite de c\u00e1\u00f1amo: aceite de coco puro, elaborado con el cl\u00e1sico m\u00e9todo de mezcla en fr\u00edo. Sin grasas animales, conservantes ni al\u00e9rgenos. Enriquecido con Aceite de C\u00e1\u00f1amo Saponificado que aporta, adem\u00e1s de las propiedades limpiadoras del jab\u00f3n, tambi\u00e9n propiedades nutritivas y emolientes.\" \/>\n<meta property=\"og:url\" content=\"https:\/\/uniest.it\/prodotto\/barra-de-jabon-de-aceite-de-canamo\/\" \/>\n<meta property=\"og:site_name\" content=\"Uniest\" \/>\n<meta name=\"twitter:card\" content=\"summary_large_image\" \/>\n<script type=\"application\/ld+json\" class=\"yoast-schema-graph\">{\"@context\":\"https:\/\/schema.org\",\"@graph\":[{\"@type\":\"WebPage\",\"@id\":\"https:\/\/uniest.it\/prodotto\/barra-de-jabon-de-aceite-de-canamo\/\",\"url\":\"https:\/\/uniest.it\/prodotto\/barra-de-jabon-de-aceite-de-canamo\/\",\"name\":\"Barra de jab\u00f3n de aceite de c\u00e1\u00f1amo - Uniest\",\"isPartOf\":{\"@id\":\"https:\/\/uniest.it\/#website\"},\"primaryImageOfPage\":{\"@id\":\"https:\/\/uniest.it\/prodotto\/barra-de-jabon-de-aceite-de-canamo\/#primaryimage\"},\"image\":{\"@id\":\"https:\/\/uniest.it\/prodotto\/barra-de-jabon-de-aceite-de-canamo\/#primaryimage\"},\"thumbnailUrl\":\"https:\/\/uniest.it\/wp-content\/uploads\/2021\/12\/Progetto-senza-titolo-2.png\",\"datePublished\":\"2024-10-23T16:27:08+00:00\",\"breadcrumb\":{\"@id\":\"https:\/\/uniest.it\/prodotto\/barra-de-jabon-de-aceite-de-canamo\/#breadcrumb\"},\"inLanguage\":\"es\",\"potentialAction\":[{\"@type\":\"ReadAction\",\"target\":[\"https:\/\/uniest.it\/prodotto\/barra-de-jabon-de-aceite-de-canamo\/\"]}]},{\"@type\":\"ImageObject\",\"inLanguage\":\"es\",\"@id\":\"https:\/\/uniest.it\/prodotto\/barra-de-jabon-de-aceite-de-canamo\/#primaryimage\",\"url\":\"https:\/\/uniest.it\/wp-content\/uploads\/2021\/12\/Progetto-senza-titolo-2.png\",\"contentUrl\":\"https:\/\/uniest.it\/wp-content\/uploads\/2021\/12\/Progetto-senza-titolo-2.png\",\"width\":1414,\"height\":2000,\"caption\":\"021ZSA\"},{\"@type\":\"BreadcrumbList\",\"@id\":\"https:\/\/uniest.it\/prodotto\/barra-de-jabon-de-aceite-de-canamo\/#breadcrumb\",\"itemListElement\":[{\"@type\":\"ListItem\",\"position\":1,\"name\":\"Home\",\"item\":\"https:\/\/uniest.it\/es\/\"},{\"@type\":\"ListItem\",\"position\":2,\"name\":\"Shop\",\"item\":\"https:\/\/uniest.it\/shop\/\"},{\"@type\":\"ListItem\",\"position\":3,\"name\":\"Barra de jab\u00f3n de aceite de c\u00e1\u00f1amo\"}]},{\"@type\":\"WebSite\",\"@id\":\"https:\/\/uniest.it\/#website\",\"url\":\"https:\/\/uniest.it\/\",\"name\":\"Uniest\",\"description\":\"Cosmetici Naturali e Bio\",\"potentialAction\":[{\"@type\":\"SearchAction\",\"target\":{\"@type\":\"EntryPoint\",\"urlTemplate\":\"https:\/\/uniest.it\/?s={search_term_string}\"},\"query-input\":{\"@type\":\"PropertyValueSpecification\",\"valueRequired\":true,\"valueName\":\"search_term_string\"}}],\"inLanguage\":\"es\"}]}<\/script>\n<!-- \/ Yoast SEO plugin. -->","yoast_head_json":{"title":"Barra de jab\u00f3n de aceite de c\u00e1\u00f1amo - Uniest","robots":{"index":"index","follow":"follow","max-snippet":"max-snippet:-1","max-image-preview":"max-image-preview:large","max-video-preview":"max-video-preview:-1"},"canonical":"https:\/\/uniest.it\/prodotto\/barra-de-jabon-de-aceite-de-canamo\/","og_locale":"es_ES","og_type":"article","og_title":"Barra de jab\u00f3n de aceite de c\u00e1\u00f1amo - Uniest","og_description":"Jab\u00f3n 100% vegetal con aceite de c\u00e1\u00f1amo: aceite de coco puro, elaborado con el cl\u00e1sico m\u00e9todo de mezcla en fr\u00edo. Sin grasas animales, conservantes ni al\u00e9rgenos. Enriquecido con Aceite de C\u00e1\u00f1amo Saponificado que aporta, adem\u00e1s de las propiedades limpiadoras del jab\u00f3n, tambi\u00e9n propiedades nutritivas y emolientes.","og_url":"https:\/\/uniest.it\/prodotto\/barra-de-jabon-de-aceite-de-canamo\/","og_site_name":"Uniest","twitter_card":"summary_large_image","schema":{"@context":"https:\/\/schema.org","@graph":[{"@type":"WebPage","@id":"https:\/\/uniest.it\/prodotto\/barra-de-jabon-de-aceite-de-canamo\/","url":"https:\/\/uniest.it\/prodotto\/barra-de-jabon-de-aceite-de-canamo\/","name":"Barra de jab\u00f3n de aceite de c\u00e1\u00f1amo - Uniest","isPartOf":{"@id":"https:\/\/uniest.it\/#website"},"primaryImageOfPage":{"@id":"https:\/\/uniest.it\/prodotto\/barra-de-jabon-de-aceite-de-canamo\/#primaryimage"},"image":{"@id":"https:\/\/uniest.it\/prodotto\/barra-de-jabon-de-aceite-de-canamo\/#primaryimage"},"thumbnailUrl":"https:\/\/uniest.it\/wp-content\/uploads\/2021\/12\/Progetto-senza-titolo-2.png","datePublished":"2024-10-23T16:27:08+00:00","breadcrumb":{"@id":"https:\/\/uniest.it\/prodotto\/barra-de-jabon-de-aceite-de-canamo\/#breadcrumb"},"inLanguage":"es","potentialAction":[{"@type":"ReadAction","target":["https:\/\/uniest.it\/prodotto\/barra-de-jabon-de-aceite-de-canamo\/"]}]},{"@type":"ImageObject","inLanguage":"es","@id":"https:\/\/uniest.it\/prodotto\/barra-de-jabon-de-aceite-de-canamo\/#primaryimage","url":"https:\/\/uniest.it\/wp-content\/uploads\/2021\/12\/Progetto-senza-titolo-2.png","contentUrl":"https:\/\/uniest.it\/wp-content\/uploads\/2021\/12\/Progetto-senza-titolo-2.png","width":1414,"height":2000,"caption":"021ZSA"},{"@type":"BreadcrumbList","@id":"https:\/\/uniest.it\/prodotto\/barra-de-jabon-de-aceite-de-canamo\/#breadcrumb","itemListElement":[{"@type":"ListItem","position":1,"name":"Home","item":"https:\/\/uniest.it\/es\/"},{"@type":"ListItem","position":2,"name":"Shop","item":"https:\/\/uniest.it\/shop\/"},{"@type":"ListItem","position":3,"name":"Barra de jab\u00f3n de aceite de c\u00e1\u00f1amo"}]},{"@type":"WebSite","@id":"https:\/\/uniest.it\/#website","url":"https:\/\/uniest.it\/","name":"Uniest","description":"Cosmetici Naturali e Bio","potentialAction":[{"@type":"SearchAction","target":{"@type":"EntryPoint","urlTemplate":"https:\/\/uniest.it\/?s={search_term_string}"},"query-input":{"@type":"PropertyValueSpecification","valueRequired":true,"valueName":"search_term_string"}}],"inLanguage":"es"}]}},"_links":{"self":[{"href":"https:\/\/uniest.it\/es\/wp-json\/wp\/v2\/product\/6353","targetHints":{"allow":["GET"]}}],"collection":[{"href":"https:\/\/uniest.it\/es\/wp-json\/wp\/v2\/product"}],"about":[{"href":"https:\/\/uniest.it\/es\/wp-json\/wp\/v2\/types\/product"}],"wp:featuredmedia":[{"embeddable":true,"href":"https:\/\/uniest.it\/es\/wp-json\/wp\/v2\/media\/6356"}],"wp:attachment":[{"href":"https:\/\/uniest.it\/es\/wp-json\/wp\/v2\/media?parent=6353"}],"wp:term":[{"taxonomy":"product_brand","embeddable":true,"href":"https:\/\/uniest.it\/es\/wp-json\/wp\/v2\/product_brand?post=6353"},{"taxonomy":"product_cat","embeddable":true,"href":"https:\/\/uniest.it\/es\/wp-json\/wp\/v2\/product_cat?post=6353"},{"taxonomy":"product_tag","embeddable":true,"href":"https:\/\/uniest.it\/es\/wp-json\/wp\/v2\/product_tag?post=6353"}],"curies":[{"name":"wp","href":"https:\/\/api.w.org\/{rel}","templated":true}]}}