{"id":6357,"date":"2021-12-10T13:00:36","date_gmt":"2024-10-23T16:27:09","guid":{"rendered":"https:\/\/uniest.it\/prodotto\/pastilla-de-jabon-de-agua-termal\/"},"modified":"2024-10-23T17:27:09","modified_gmt":"2024-10-23T16:27:09","slug":"pastilla-de-jabon-de-agua-termal","status":"publish","type":"product","link":"https:\/\/uniest.it\/es\/prodotto\/pastilla-de-jabon-de-agua-termal\/","title":{"rendered":"Pastilla de Jab\u00f3n de Agua Termal"},"content":{"rendered":"<p>Jab\u00f3n 100% vegetal con Agua Termal: aceite puro de coco, elaborado con el cl\u00e1sico m\u00e9todo de mezcla en fr\u00edo. Sin grasas animales, conservantes ni al\u00e9rgenos. Enriquecido con Agua Termal que aporta, adem\u00e1s de las propiedades limpiadoras del jab\u00f3n, tambi\u00e9n propiedades purificantes y refrescantes para la piel.<\/p>\n","protected":false},"excerpt":{"rendered":"<p>Jab\u00f3n 100% vegetal con Agua Termal: aceite puro de coco, elaborado con el cl\u00e1sico m\u00e9todo de mezcla en fr\u00edo. Sin grasas animales, conservantes ni al\u00e9rgenos. Enriquecido con Agua Termal que aporta, adem\u00e1s de las propiedades limpiadoras del jab\u00f3n, tambi\u00e9n propiedades purificantes y refrescantes para la piel.<\/p>\n","protected":false},"featured_media":6361,"template":"","meta":{"_acf_changed":false,"inline_featured_image":false},"product_brand":[],"product_cat":[1425,1444,1435],"product_tag":[],"class_list":{"0":"post-6357","1":"product","2":"type-product","3":"status-publish","4":"has-post-thumbnail","6":"product_skin-tutte-le-pelli","7":"product_cat-corpo-es","8":"product_cat-mani-e-piedi-es","9":"product_cat-viso-es","10":"pa_size-100-gr-es","12":"first","13":"instock","14":"taxable","15":"shipping-taxable","16":"purchasable","17":"product-type-simple"},"acf":[],"yoast_head":"<!-- This site is optimized with the Yoast SEO plugin v24.6 - https:\/\/yoast.com\/wordpress\/plugins\/seo\/ -->\n<title>Pastilla de Jab\u00f3n de Agua Termal - Uniest<\/title>\n<meta name=\"robots\" content=\"index, follow, max-snippet:-1, max-image-preview:large, max-video-preview:-1\" \/>\n<link rel=\"canonical\" href=\"https:\/\/uniest.it\/prodotto\/pastilla-de-jabon-de-agua-termal\/\" \/>\n<meta property=\"og:locale\" content=\"es_ES\" \/>\n<meta property=\"og:type\" content=\"article\" \/>\n<meta property=\"og:title\" content=\"Pastilla de Jab\u00f3n de Agua Termal - Uniest\" \/>\n<meta property=\"og:description\" content=\"Jab\u00f3n 100% vegetal con Agua Termal: aceite puro de coco, elaborado con el cl\u00e1sico m\u00e9todo de mezcla en fr\u00edo. Sin grasas animales, conservantes ni al\u00e9rgenos. Enriquecido con Agua Termal que aporta, adem\u00e1s de las propiedades limpiadoras del jab\u00f3n, tambi\u00e9n propiedades purificantes y refrescantes para la piel.\" \/>\n<meta property=\"og:url\" content=\"https:\/\/uniest.it\/prodotto\/pastilla-de-jabon-de-agua-termal\/\" \/>\n<meta property=\"og:site_name\" content=\"Uniest\" \/>\n<meta name=\"twitter:card\" content=\"summary_large_image\" \/>\n<script type=\"application\/ld+json\" class=\"yoast-schema-graph\">{\"@context\":\"https:\/\/schema.org\",\"@graph\":[{\"@type\":\"WebPage\",\"@id\":\"https:\/\/uniest.it\/prodotto\/pastilla-de-jabon-de-agua-termal\/\",\"url\":\"https:\/\/uniest.it\/prodotto\/pastilla-de-jabon-de-agua-termal\/\",\"name\":\"Pastilla de Jab\u00f3n de Agua Termal - Uniest\",\"isPartOf\":{\"@id\":\"https:\/\/uniest.it\/#website\"},\"primaryImageOfPage\":{\"@id\":\"https:\/\/uniest.it\/prodotto\/pastilla-de-jabon-de-agua-termal\/#primaryimage\"},\"image\":{\"@id\":\"https:\/\/uniest.it\/prodotto\/pastilla-de-jabon-de-agua-termal\/#primaryimage\"},\"thumbnailUrl\":\"https:\/\/uniest.it\/wp-content\/uploads\/2021\/12\/Progetto-senza-titolo-1-1.png\",\"datePublished\":\"2024-10-23T16:27:09+00:00\",\"breadcrumb\":{\"@id\":\"https:\/\/uniest.it\/prodotto\/pastilla-de-jabon-de-agua-termal\/#breadcrumb\"},\"inLanguage\":\"es\",\"potentialAction\":[{\"@type\":\"ReadAction\",\"target\":[\"https:\/\/uniest.it\/prodotto\/pastilla-de-jabon-de-agua-termal\/\"]}]},{\"@type\":\"ImageObject\",\"inLanguage\":\"es\",\"@id\":\"https:\/\/uniest.it\/prodotto\/pastilla-de-jabon-de-agua-termal\/#primaryimage\",\"url\":\"https:\/\/uniest.it\/wp-content\/uploads\/2021\/12\/Progetto-senza-titolo-1-1.png\",\"contentUrl\":\"https:\/\/uniest.it\/wp-content\/uploads\/2021\/12\/Progetto-senza-titolo-1-1.png\",\"width\":1414,\"height\":2000,\"caption\":\"020ZSA\"},{\"@type\":\"BreadcrumbList\",\"@id\":\"https:\/\/uniest.it\/prodotto\/pastilla-de-jabon-de-agua-termal\/#breadcrumb\",\"itemListElement\":[{\"@type\":\"ListItem\",\"position\":1,\"name\":\"Home\",\"item\":\"https:\/\/uniest.it\/es\/\"},{\"@type\":\"ListItem\",\"position\":2,\"name\":\"Shop\",\"item\":\"https:\/\/uniest.it\/shop\/\"},{\"@type\":\"ListItem\",\"position\":3,\"name\":\"Pastilla de Jab\u00f3n de Agua Termal\"}]},{\"@type\":\"WebSite\",\"@id\":\"https:\/\/uniest.it\/#website\",\"url\":\"https:\/\/uniest.it\/\",\"name\":\"Uniest\",\"description\":\"Cosmetici Naturali e Bio\",\"potentialAction\":[{\"@type\":\"SearchAction\",\"target\":{\"@type\":\"EntryPoint\",\"urlTemplate\":\"https:\/\/uniest.it\/?s={search_term_string}\"},\"query-input\":{\"@type\":\"PropertyValueSpecification\",\"valueRequired\":true,\"valueName\":\"search_term_string\"}}],\"inLanguage\":\"es\"}]}<\/script>\n<!-- \/ Yoast SEO plugin. -->","yoast_head_json":{"title":"Pastilla de Jab\u00f3n de Agua Termal - Uniest","robots":{"index":"index","follow":"follow","max-snippet":"max-snippet:-1","max-image-preview":"max-image-preview:large","max-video-preview":"max-video-preview:-1"},"canonical":"https:\/\/uniest.it\/prodotto\/pastilla-de-jabon-de-agua-termal\/","og_locale":"es_ES","og_type":"article","og_title":"Pastilla de Jab\u00f3n de Agua Termal - Uniest","og_description":"Jab\u00f3n 100% vegetal con Agua Termal: aceite puro de coco, elaborado con el cl\u00e1sico m\u00e9todo de mezcla en fr\u00edo. Sin grasas animales, conservantes ni al\u00e9rgenos. Enriquecido con Agua Termal que aporta, adem\u00e1s de las propiedades limpiadoras del jab\u00f3n, tambi\u00e9n propiedades purificantes y refrescantes para la piel.","og_url":"https:\/\/uniest.it\/prodotto\/pastilla-de-jabon-de-agua-termal\/","og_site_name":"Uniest","twitter_card":"summary_large_image","schema":{"@context":"https:\/\/schema.org","@graph":[{"@type":"WebPage","@id":"https:\/\/uniest.it\/prodotto\/pastilla-de-jabon-de-agua-termal\/","url":"https:\/\/uniest.it\/prodotto\/pastilla-de-jabon-de-agua-termal\/","name":"Pastilla de Jab\u00f3n de Agua Termal - Uniest","isPartOf":{"@id":"https:\/\/uniest.it\/#website"},"primaryImageOfPage":{"@id":"https:\/\/uniest.it\/prodotto\/pastilla-de-jabon-de-agua-termal\/#primaryimage"},"image":{"@id":"https:\/\/uniest.it\/prodotto\/pastilla-de-jabon-de-agua-termal\/#primaryimage"},"thumbnailUrl":"https:\/\/uniest.it\/wp-content\/uploads\/2021\/12\/Progetto-senza-titolo-1-1.png","datePublished":"2024-10-23T16:27:09+00:00","breadcrumb":{"@id":"https:\/\/uniest.it\/prodotto\/pastilla-de-jabon-de-agua-termal\/#breadcrumb"},"inLanguage":"es","potentialAction":[{"@type":"ReadAction","target":["https:\/\/uniest.it\/prodotto\/pastilla-de-jabon-de-agua-termal\/"]}]},{"@type":"ImageObject","inLanguage":"es","@id":"https:\/\/uniest.it\/prodotto\/pastilla-de-jabon-de-agua-termal\/#primaryimage","url":"https:\/\/uniest.it\/wp-content\/uploads\/2021\/12\/Progetto-senza-titolo-1-1.png","contentUrl":"https:\/\/uniest.it\/wp-content\/uploads\/2021\/12\/Progetto-senza-titolo-1-1.png","width":1414,"height":2000,"caption":"020ZSA"},{"@type":"BreadcrumbList","@id":"https:\/\/uniest.it\/prodotto\/pastilla-de-jabon-de-agua-termal\/#breadcrumb","itemListElement":[{"@type":"ListItem","position":1,"name":"Home","item":"https:\/\/uniest.it\/es\/"},{"@type":"ListItem","position":2,"name":"Shop","item":"https:\/\/uniest.it\/shop\/"},{"@type":"ListItem","position":3,"name":"Pastilla de Jab\u00f3n de Agua Termal"}]},{"@type":"WebSite","@id":"https:\/\/uniest.it\/#website","url":"https:\/\/uniest.it\/","name":"Uniest","description":"Cosmetici Naturali e Bio","potentialAction":[{"@type":"SearchAction","target":{"@type":"EntryPoint","urlTemplate":"https:\/\/uniest.it\/?s={search_term_string}"},"query-input":{"@type":"PropertyValueSpecification","valueRequired":true,"valueName":"search_term_string"}}],"inLanguage":"es"}]}},"_links":{"self":[{"href":"https:\/\/uniest.it\/es\/wp-json\/wp\/v2\/product\/6357","targetHints":{"allow":["GET"]}}],"collection":[{"href":"https:\/\/uniest.it\/es\/wp-json\/wp\/v2\/product"}],"about":[{"href":"https:\/\/uniest.it\/es\/wp-json\/wp\/v2\/types\/product"}],"wp:featuredmedia":[{"embeddable":true,"href":"https:\/\/uniest.it\/es\/wp-json\/wp\/v2\/media\/6361"}],"wp:attachment":[{"href":"https:\/\/uniest.it\/es\/wp-json\/wp\/v2\/media?parent=6357"}],"wp:term":[{"taxonomy":"product_brand","embeddable":true,"href":"https:\/\/uniest.it\/es\/wp-json\/wp\/v2\/product_brand?post=6357"},{"taxonomy":"product_cat","embeddable":true,"href":"https:\/\/uniest.it\/es\/wp-json\/wp\/v2\/product_cat?post=6357"},{"taxonomy":"product_tag","embeddable":true,"href":"https:\/\/uniest.it\/es\/wp-json\/wp\/v2\/product_tag?post=6357"}],"curies":[{"name":"wp","href":"https:\/\/api.w.org\/{rel}","templated":true}]}}