{"id":6362,"date":"2022-06-10T13:06:53","date_gmt":"2024-10-23T16:27:09","guid":{"rendered":"https:\/\/uniest.it\/prodotto\/base-de-la-piel-de-la-cara\/"},"modified":"2024-10-23T17:27:09","modified_gmt":"2024-10-23T16:27:09","slug":"base-de-la-piel-de-la-cara","status":"publish","type":"product","link":"https:\/\/uniest.it\/es\/prodotto\/base-de-la-piel-de-la-cara\/","title":{"rendered":"Base de la piel de la cara"},"content":{"rendered":"<p>S\u00e9rum innovador de cuerpo delicado y textura ligera, especialmente dise\u00f1ado para las necesidades modernas de defender la piel de la <strong>contaminaci\u00f3n<\/strong>, los <strong>agentes externos<\/strong> y los <strong>rayos UV<\/strong> >. Gracias a los principios activos que contiene y al filtro solar, es capaz de proteger la piel del rostro, incluso la m\u00e1s sensible, aportando adem\u00e1s una protecci\u00f3n 50+ contra los rayos solares. Es una excelente base de maquillaje, se puede utilizar antes o despu\u00e9s de cualquier otro cosm\u00e9tico, ayudando a prevenir las manchas de la piel y el estr\u00e9s oxidativo. Enriquecido con un muy preciado <strong>Principio Activo <\/strong><em><u>derivado de la Vitamina B3<\/u><\/em> que ha demostrado una eficacia preventiva y protectora contra los da\u00f1os causados por la radiaci\u00f3n UV que, en conjunto <strong >Vitamina C<\/strong>en forma <strong>Niosomal<\/strong>, aporta propiedades iluminadoras y antimanchas \u00fanicas. La innovadora tecnolog\u00eda de los niosomas se basa en la encapsulaci\u00f3n del principio activo de alta concentraci\u00f3n dentro de ves\u00edculas niosomales ultradeformables, capaces de penetrar en las capas m\u00e1s profundas de la dermis, aumentando la biodisponibilidad cut\u00e1nea del propio principio activo. El fitocosm\u00e9tico no contiene perfume a\u00f1adido, lo que lo hace perfecto incluso para las pieles m\u00e1s sensibles y reactivas.<\/p>\n","protected":false},"excerpt":{"rendered":"<p>S\u00e9rum innovador de cuerpo delicado y textura ligera, especialmente dise\u00f1ado para las necesidades modernas de defender la piel de la contaminaci\u00f3n, los agentes externos y los rayos UV >. Gracias a los principios activos que contiene y al filtro solar, es capaz de proteger la piel del rostro, incluso la m\u00e1s sensible, aportando adem\u00e1s una [&hellip;]<\/p>\n","protected":false},"featured_media":6365,"template":"","meta":{"_acf_changed":false,"inline_featured_image":false},"product_brand":[],"product_cat":[1435,1432],"product_tag":[],"class_list":{"0":"post-6362","1":"product","2":"type-product","3":"status-publish","4":"has-post-thumbnail","6":"product_beauty-detox","7":"product_beauty-idratare","8":"product_beauty-proteggere","9":"product_beauty-trattamenti-speciali","10":"product_skin-pelle-grassa","11":"product_skin-pelle-impura","12":"product_skin-pelle-iperreattiva","13":"product_skin-pelle-mista","14":"product_skin-pelli-delicate-e-sensibili","15":"product_skin-pelli-giovani-e-prime-rughe","16":"product_skin-pelli-grasse-e-miste","17":"product_skin-pelli-mature-e-rughe","18":"product_skin-pelli-secche-e-normali","19":"product_skin-tramenti-speciali","20":"product_skin-tutte-le-pelli","21":"product_kind-creme-protettive","22":"product_kind-protezione-solare","23":"product_kind-sieri-ed-oli","24":"product_kind-trattamenti-speciali","25":"product_lines-pelli-normali-e-prime-rughe","26":"product_lines-solari","27":"product_cat-viso-es","28":"product_cat-solari-es","29":"pa_size-30-es","31":"first","32":"instock","33":"taxable","34":"shipping-taxable","35":"purchasable","36":"product-type-simple"},"acf":[],"yoast_head":"<!-- This site is optimized with the Yoast SEO plugin v24.6 - https:\/\/yoast.com\/wordpress\/plugins\/seo\/ -->\n<title>Base de la piel de la cara - Uniest<\/title>\n<meta name=\"robots\" content=\"index, follow, max-snippet:-1, max-image-preview:large, max-video-preview:-1\" \/>\n<link rel=\"canonical\" href=\"https:\/\/uniest.it\/es\/prodotto\/base-de-la-piel-de-la-cara\/\" \/>\n<meta property=\"og:locale\" content=\"es_ES\" \/>\n<meta property=\"og:type\" content=\"article\" \/>\n<meta property=\"og:title\" content=\"Base de la piel de la cara - Uniest\" \/>\n<meta property=\"og:description\" content=\"S\u00e9rum innovador de cuerpo delicado y textura ligera, especialmente dise\u00f1ado para las necesidades modernas de defender la piel de la contaminaci\u00f3n, los agentes externos y los rayos UV &gt;. Gracias a los principios activos que contiene y al filtro solar, es capaz de proteger la piel del rostro, incluso la m\u00e1s sensible, aportando adem\u00e1s una [&hellip;]\" \/>\n<meta property=\"og:url\" content=\"https:\/\/uniest.it\/es\/prodotto\/base-de-la-piel-de-la-cara\/\" \/>\n<meta property=\"og:site_name\" content=\"Uniest\" \/>\n<meta property=\"og:image\" content=\"https:\/\/uniest.it\/wp-content\/uploads\/2022\/06\/faceskinbase-copia-1280x1920.png\" \/>\n\t<meta property=\"og:image:width\" content=\"1280\" \/>\n\t<meta property=\"og:image:height\" content=\"1920\" \/>\n\t<meta property=\"og:image:type\" content=\"image\/png\" \/>\n<meta name=\"twitter:card\" content=\"summary_large_image\" \/>\n<meta name=\"twitter:label1\" content=\"Tiempo de lectura\" \/>\n\t<meta name=\"twitter:data1\" content=\"1 minuto\" \/>\n<script type=\"application\/ld+json\" class=\"yoast-schema-graph\">{\"@context\":\"https:\/\/schema.org\",\"@graph\":[{\"@type\":\"WebPage\",\"@id\":\"https:\/\/uniest.it\/es\/prodotto\/base-de-la-piel-de-la-cara\/\",\"url\":\"https:\/\/uniest.it\/es\/prodotto\/base-de-la-piel-de-la-cara\/\",\"name\":\"Base de la piel de la cara - Uniest\",\"isPartOf\":{\"@id\":\"https:\/\/uniest.it\/#website\"},\"primaryImageOfPage\":{\"@id\":\"https:\/\/uniest.it\/es\/prodotto\/base-de-la-piel-de-la-cara\/#primaryimage\"},\"image\":{\"@id\":\"https:\/\/uniest.it\/es\/prodotto\/base-de-la-piel-de-la-cara\/#primaryimage\"},\"thumbnailUrl\":\"https:\/\/uniest.it\/wp-content\/uploads\/2022\/06\/faceskinbase-copia.png\",\"datePublished\":\"2024-10-23T16:27:09+00:00\",\"breadcrumb\":{\"@id\":\"https:\/\/uniest.it\/es\/prodotto\/base-de-la-piel-de-la-cara\/#breadcrumb\"},\"inLanguage\":\"es\",\"potentialAction\":[{\"@type\":\"ReadAction\",\"target\":[\"https:\/\/uniest.it\/es\/prodotto\/base-de-la-piel-de-la-cara\/\"]}]},{\"@type\":\"ImageObject\",\"inLanguage\":\"es\",\"@id\":\"https:\/\/uniest.it\/es\/prodotto\/base-de-la-piel-de-la-cara\/#primaryimage\",\"url\":\"https:\/\/uniest.it\/wp-content\/uploads\/2022\/06\/faceskinbase-copia.png\",\"contentUrl\":\"https:\/\/uniest.it\/wp-content\/uploads\/2022\/06\/faceskinbase-copia.png\",\"width\":3369,\"height\":5053},{\"@type\":\"BreadcrumbList\",\"@id\":\"https:\/\/uniest.it\/es\/prodotto\/base-de-la-piel-de-la-cara\/#breadcrumb\",\"itemListElement\":[{\"@type\":\"ListItem\",\"position\":1,\"name\":\"Home\",\"item\":\"https:\/\/uniest.it\/es\/\"},{\"@type\":\"ListItem\",\"position\":2,\"name\":\"Shop\",\"item\":\"https:\/\/uniest.it\/shop\/\"},{\"@type\":\"ListItem\",\"position\":3,\"name\":\"Base de la piel de la cara\"}]},{\"@type\":\"WebSite\",\"@id\":\"https:\/\/uniest.it\/#website\",\"url\":\"https:\/\/uniest.it\/\",\"name\":\"Uniest\",\"description\":\"Cosmetici Naturali e Bio\",\"potentialAction\":[{\"@type\":\"SearchAction\",\"target\":{\"@type\":\"EntryPoint\",\"urlTemplate\":\"https:\/\/uniest.it\/?s={search_term_string}\"},\"query-input\":{\"@type\":\"PropertyValueSpecification\",\"valueRequired\":true,\"valueName\":\"search_term_string\"}}],\"inLanguage\":\"es\"}]}<\/script>\n<!-- \/ Yoast SEO plugin. -->","yoast_head_json":{"title":"Base de la piel de la cara - Uniest","robots":{"index":"index","follow":"follow","max-snippet":"max-snippet:-1","max-image-preview":"max-image-preview:large","max-video-preview":"max-video-preview:-1"},"canonical":"https:\/\/uniest.it\/es\/prodotto\/base-de-la-piel-de-la-cara\/","og_locale":"es_ES","og_type":"article","og_title":"Base de la piel de la cara - Uniest","og_description":"S\u00e9rum innovador de cuerpo delicado y textura ligera, especialmente dise\u00f1ado para las necesidades modernas de defender la piel de la contaminaci\u00f3n, los agentes externos y los rayos UV >. Gracias a los principios activos que contiene y al filtro solar, es capaz de proteger la piel del rostro, incluso la m\u00e1s sensible, aportando adem\u00e1s una [&hellip;]","og_url":"https:\/\/uniest.it\/es\/prodotto\/base-de-la-piel-de-la-cara\/","og_site_name":"Uniest","og_image":[{"width":1280,"height":1920,"url":"https:\/\/uniest.it\/wp-content\/uploads\/2022\/06\/faceskinbase-copia-1280x1920.png","type":"image\/png"}],"twitter_card":"summary_large_image","twitter_misc":{"Tiempo de lectura":"1 minuto"},"schema":{"@context":"https:\/\/schema.org","@graph":[{"@type":"WebPage","@id":"https:\/\/uniest.it\/es\/prodotto\/base-de-la-piel-de-la-cara\/","url":"https:\/\/uniest.it\/es\/prodotto\/base-de-la-piel-de-la-cara\/","name":"Base de la piel de la cara - Uniest","isPartOf":{"@id":"https:\/\/uniest.it\/#website"},"primaryImageOfPage":{"@id":"https:\/\/uniest.it\/es\/prodotto\/base-de-la-piel-de-la-cara\/#primaryimage"},"image":{"@id":"https:\/\/uniest.it\/es\/prodotto\/base-de-la-piel-de-la-cara\/#primaryimage"},"thumbnailUrl":"https:\/\/uniest.it\/wp-content\/uploads\/2022\/06\/faceskinbase-copia.png","datePublished":"2024-10-23T16:27:09+00:00","breadcrumb":{"@id":"https:\/\/uniest.it\/es\/prodotto\/base-de-la-piel-de-la-cara\/#breadcrumb"},"inLanguage":"es","potentialAction":[{"@type":"ReadAction","target":["https:\/\/uniest.it\/es\/prodotto\/base-de-la-piel-de-la-cara\/"]}]},{"@type":"ImageObject","inLanguage":"es","@id":"https:\/\/uniest.it\/es\/prodotto\/base-de-la-piel-de-la-cara\/#primaryimage","url":"https:\/\/uniest.it\/wp-content\/uploads\/2022\/06\/faceskinbase-copia.png","contentUrl":"https:\/\/uniest.it\/wp-content\/uploads\/2022\/06\/faceskinbase-copia.png","width":3369,"height":5053},{"@type":"BreadcrumbList","@id":"https:\/\/uniest.it\/es\/prodotto\/base-de-la-piel-de-la-cara\/#breadcrumb","itemListElement":[{"@type":"ListItem","position":1,"name":"Home","item":"https:\/\/uniest.it\/es\/"},{"@type":"ListItem","position":2,"name":"Shop","item":"https:\/\/uniest.it\/shop\/"},{"@type":"ListItem","position":3,"name":"Base de la piel de la cara"}]},{"@type":"WebSite","@id":"https:\/\/uniest.it\/#website","url":"https:\/\/uniest.it\/","name":"Uniest","description":"Cosmetici Naturali e Bio","potentialAction":[{"@type":"SearchAction","target":{"@type":"EntryPoint","urlTemplate":"https:\/\/uniest.it\/?s={search_term_string}"},"query-input":{"@type":"PropertyValueSpecification","valueRequired":true,"valueName":"search_term_string"}}],"inLanguage":"es"}]}},"_links":{"self":[{"href":"https:\/\/uniest.it\/es\/wp-json\/wp\/v2\/product\/6362","targetHints":{"allow":["GET"]}}],"collection":[{"href":"https:\/\/uniest.it\/es\/wp-json\/wp\/v2\/product"}],"about":[{"href":"https:\/\/uniest.it\/es\/wp-json\/wp\/v2\/types\/product"}],"wp:featuredmedia":[{"embeddable":true,"href":"https:\/\/uniest.it\/es\/wp-json\/wp\/v2\/media\/6365"}],"wp:attachment":[{"href":"https:\/\/uniest.it\/es\/wp-json\/wp\/v2\/media?parent=6362"}],"wp:term":[{"taxonomy":"product_brand","embeddable":true,"href":"https:\/\/uniest.it\/es\/wp-json\/wp\/v2\/product_brand?post=6362"},{"taxonomy":"product_cat","embeddable":true,"href":"https:\/\/uniest.it\/es\/wp-json\/wp\/v2\/product_cat?post=6362"},{"taxonomy":"product_tag","embeddable":true,"href":"https:\/\/uniest.it\/es\/wp-json\/wp\/v2\/product_tag?post=6362"}],"curies":[{"name":"wp","href":"https:\/\/api.w.org\/{rel}","templated":true}]}}