{"id":694,"date":"2021-02-04T12:55:55","date_gmt":"2021-02-04T11:55:55","guid":{"rendered":"https:\/\/uniest.it\/product\/detergente-biologico-concentrato-multiuso-con-dispencer\/"},"modified":"2023-10-16T09:56:41","modified_gmt":"2023-10-16T08:56:41","slug":"detergente-biologico-multiuso-concentrato-naturale-con-dispencer","status":"publish","type":"product","link":"https:\/\/uniest.it\/es\/prodotto\/detergente-biologico-multiuso-concentrato-naturale-con-dispencer\/","title":{"rendered":"Detergente Biologico Multiuso Concentrato Naturale con Dispencer"},"content":{"rendered":"<p>Il detergente biologico concentrato multiuso Uniest \u00e8 stato appositamente e sapientemente studiato per poter essere utilizzato su diverse superfici, un unico prodotto per un\u2019igiene completa. Il detergente Multiuso Biologico Concentrato Uniest, soddisfa tutti i tipi di esigenze di pulizia, pulendo fino fondo le superfici lavabili, tessuti e stoviglie senza irritare le mani! Nella sua speciale formulazione naturale sono stati inseriti gli Estratti BIOLOGICI di ALOE e CALENDULA, dalle propriet\u00e0 idratanti, calmanti e lenitive ed \u00e8 stata arricchita con Olio Essenziale Naturale di Limone, Proteine del Grano ed anche Estratto Vegetale Naturale di Ippocastano dalle rinomate propriet\u00e0 lenitive, sgrassanti, antisettiche naturali, schiarenti, protettive ed idratanti, che lo rendono ancor pi\u00f9 un prodotto delicato. Scioglie il grasso ed anche lo sporco pi\u00f9 ostinato, pulendo efficacemente sino in profondit\u00e0. Prodotto concentrato, eco-compatibile, grazie all\u2019elevata quantit\u00e0 di agenti attivi \u00e8 da usare in piccole dosi per un grande e brillante risultato!<br \/>\nPulito assicurato per cucina, bagno, finestre, pavimenti, bucato, stoviglie, e tessuti ed anche auto.<br \/>\nPer una casa pulita nel pieno rispetto dell\u2019ambiente e dell\u2019individuo.<\/p>\n","protected":false},"excerpt":{"rendered":"<p>Il detergente biologico concentrato multiuso Uniest \u00e8 stato appositamente e sapientemente studiato per poter essere utilizzato su diverse superfici, un unico prodotto per un\u2019igiene completa. Il detergente Multiuso Biologico Concentrato Uniest, soddisfa tutti i tipi di esigenze di pulizia, pulendo fino fondo le superfici lavabili, tessuti e stoviglie senza irritare le mani! Nella sua speciale [&hellip;]<\/p>\n","protected":false},"featured_media":1127,"template":"","meta":{"_acf_changed":false,"inline_featured_image":false},"product_brand":[],"product_cat":[1069],"product_tag":[],"class_list":{"0":"post-694","1":"product","2":"type-product","3":"status-publish","4":"has-post-thumbnail","6":"product_beauty-aromatizzare-e-profumare","7":"product_beauty-detergere","8":"product_kind-trattamenti-speciali","9":"product_kind_pets-aromaterapia-e-profumi","10":"product_kind_pets-detergenti","11":"product_kind_pets-igienizzanti","12":"product_lines-casa-e-ambiente","13":"product_cat-casa-e-ambiente","14":"pa_size-50","16":"first","17":"instock","18":"taxable","19":"shipping-taxable","20":"purchasable","21":"product-type-simple"},"acf":[],"yoast_head":"<!-- This site is optimized with the Yoast SEO plugin v24.6 - https:\/\/yoast.com\/wordpress\/plugins\/seo\/ -->\n<title>Detergente Biologico Multiuso Concentrato Naturale con Dispencer - Uniest<\/title>\n<meta name=\"robots\" content=\"index, follow, max-snippet:-1, max-image-preview:large, max-video-preview:-1\" \/>\n<link rel=\"canonical\" href=\"https:\/\/uniest.it\/prodotto\/detergente-biologico-multiuso-concentrato-naturale-con-dispencer\/\" \/>\n<meta property=\"og:locale\" content=\"es_ES\" \/>\n<meta property=\"og:type\" content=\"article\" \/>\n<meta property=\"og:title\" content=\"Detergente Biologico Multiuso Concentrato Naturale con Dispencer - Uniest\" \/>\n<meta property=\"og:description\" content=\"Il detergente biologico concentrato multiuso Uniest \u00e8 stato appositamente e sapientemente studiato per poter essere utilizzato su diverse superfici, un unico prodotto per un\u2019igiene completa. Il detergente Multiuso Biologico Concentrato Uniest, soddisfa tutti i tipi di esigenze di pulizia, pulendo fino fondo le superfici lavabili, tessuti e stoviglie senza irritare le mani! Nella sua speciale [&hellip;]\" \/>\n<meta property=\"og:url\" content=\"https:\/\/uniest.it\/prodotto\/detergente-biologico-multiuso-concentrato-naturale-con-dispencer\/\" \/>\n<meta property=\"og:site_name\" content=\"Uniest\" \/>\n<meta property=\"article:modified_time\" content=\"2023-10-16T08:56:41+00:00\" \/>\n<meta property=\"og:image\" content=\"https:\/\/uniest.it\/wp-content\/uploads\/2020\/12\/002AAZ.png\" \/>\n\t<meta property=\"og:image:width\" content=\"1283\" \/>\n\t<meta property=\"og:image:height\" content=\"2000\" \/>\n\t<meta property=\"og:image:type\" content=\"image\/png\" \/>\n<meta name=\"twitter:card\" content=\"summary_large_image\" \/>\n<meta name=\"twitter:label1\" content=\"Tiempo de lectura\" \/>\n\t<meta name=\"twitter:data1\" content=\"1 minuto\" \/>\n<script type=\"application\/ld+json\" class=\"yoast-schema-graph\">{\"@context\":\"https:\/\/schema.org\",\"@graph\":[{\"@type\":\"WebPage\",\"@id\":\"https:\/\/uniest.it\/prodotto\/detergente-biologico-multiuso-concentrato-naturale-con-dispencer\/\",\"url\":\"https:\/\/uniest.it\/prodotto\/detergente-biologico-multiuso-concentrato-naturale-con-dispencer\/\",\"name\":\"Detergente Biologico Multiuso Concentrato Naturale con Dispencer - Uniest\",\"isPartOf\":{\"@id\":\"https:\/\/uniest.it\/#website\"},\"primaryImageOfPage\":{\"@id\":\"https:\/\/uniest.it\/prodotto\/detergente-biologico-multiuso-concentrato-naturale-con-dispencer\/#primaryimage\"},\"image\":{\"@id\":\"https:\/\/uniest.it\/prodotto\/detergente-biologico-multiuso-concentrato-naturale-con-dispencer\/#primaryimage\"},\"thumbnailUrl\":\"https:\/\/uniest.it\/wp-content\/uploads\/2020\/12\/002AAZ.png\",\"datePublished\":\"2021-02-04T11:55:55+00:00\",\"dateModified\":\"2023-10-16T08:56:41+00:00\",\"breadcrumb\":{\"@id\":\"https:\/\/uniest.it\/prodotto\/detergente-biologico-multiuso-concentrato-naturale-con-dispencer\/#breadcrumb\"},\"inLanguage\":\"es\",\"potentialAction\":[{\"@type\":\"ReadAction\",\"target\":[\"https:\/\/uniest.it\/prodotto\/detergente-biologico-multiuso-concentrato-naturale-con-dispencer\/\"]}]},{\"@type\":\"ImageObject\",\"inLanguage\":\"es\",\"@id\":\"https:\/\/uniest.it\/prodotto\/detergente-biologico-multiuso-concentrato-naturale-con-dispencer\/#primaryimage\",\"url\":\"https:\/\/uniest.it\/wp-content\/uploads\/2020\/12\/002AAZ.png\",\"contentUrl\":\"https:\/\/uniest.it\/wp-content\/uploads\/2020\/12\/002AAZ.png\",\"width\":1283,\"height\":2000},{\"@type\":\"BreadcrumbList\",\"@id\":\"https:\/\/uniest.it\/prodotto\/detergente-biologico-multiuso-concentrato-naturale-con-dispencer\/#breadcrumb\",\"itemListElement\":[{\"@type\":\"ListItem\",\"position\":1,\"name\":\"Home\",\"item\":\"https:\/\/uniest.it\/es\/\"},{\"@type\":\"ListItem\",\"position\":2,\"name\":\"Shop\",\"item\":\"https:\/\/uniest.it\/shop\/\"},{\"@type\":\"ListItem\",\"position\":3,\"name\":\"Detergente Biologico Multiuso Concentrato Naturale con Dispencer\"}]},{\"@type\":\"WebSite\",\"@id\":\"https:\/\/uniest.it\/#website\",\"url\":\"https:\/\/uniest.it\/\",\"name\":\"Uniest\",\"description\":\"Cosmetici Naturali e Bio\",\"potentialAction\":[{\"@type\":\"SearchAction\",\"target\":{\"@type\":\"EntryPoint\",\"urlTemplate\":\"https:\/\/uniest.it\/?s={search_term_string}\"},\"query-input\":{\"@type\":\"PropertyValueSpecification\",\"valueRequired\":true,\"valueName\":\"search_term_string\"}}],\"inLanguage\":\"es\"}]}<\/script>\n<!-- \/ Yoast SEO plugin. -->","yoast_head_json":{"title":"Detergente Biologico Multiuso Concentrato Naturale con Dispencer - Uniest","robots":{"index":"index","follow":"follow","max-snippet":"max-snippet:-1","max-image-preview":"max-image-preview:large","max-video-preview":"max-video-preview:-1"},"canonical":"https:\/\/uniest.it\/prodotto\/detergente-biologico-multiuso-concentrato-naturale-con-dispencer\/","og_locale":"es_ES","og_type":"article","og_title":"Detergente Biologico Multiuso Concentrato Naturale con Dispencer - Uniest","og_description":"Il detergente biologico concentrato multiuso Uniest \u00e8 stato appositamente e sapientemente studiato per poter essere utilizzato su diverse superfici, un unico prodotto per un\u2019igiene completa. Il detergente Multiuso Biologico Concentrato Uniest, soddisfa tutti i tipi di esigenze di pulizia, pulendo fino fondo le superfici lavabili, tessuti e stoviglie senza irritare le mani! Nella sua speciale [&hellip;]","og_url":"https:\/\/uniest.it\/prodotto\/detergente-biologico-multiuso-concentrato-naturale-con-dispencer\/","og_site_name":"Uniest","article_modified_time":"2023-10-16T08:56:41+00:00","og_image":[{"width":1283,"height":2000,"url":"https:\/\/uniest.it\/wp-content\/uploads\/2020\/12\/002AAZ.png","type":"image\/png"}],"twitter_card":"summary_large_image","twitter_misc":{"Tiempo de lectura":"1 minuto"},"schema":{"@context":"https:\/\/schema.org","@graph":[{"@type":"WebPage","@id":"https:\/\/uniest.it\/prodotto\/detergente-biologico-multiuso-concentrato-naturale-con-dispencer\/","url":"https:\/\/uniest.it\/prodotto\/detergente-biologico-multiuso-concentrato-naturale-con-dispencer\/","name":"Detergente Biologico Multiuso Concentrato Naturale con Dispencer - Uniest","isPartOf":{"@id":"https:\/\/uniest.it\/#website"},"primaryImageOfPage":{"@id":"https:\/\/uniest.it\/prodotto\/detergente-biologico-multiuso-concentrato-naturale-con-dispencer\/#primaryimage"},"image":{"@id":"https:\/\/uniest.it\/prodotto\/detergente-biologico-multiuso-concentrato-naturale-con-dispencer\/#primaryimage"},"thumbnailUrl":"https:\/\/uniest.it\/wp-content\/uploads\/2020\/12\/002AAZ.png","datePublished":"2021-02-04T11:55:55+00:00","dateModified":"2023-10-16T08:56:41+00:00","breadcrumb":{"@id":"https:\/\/uniest.it\/prodotto\/detergente-biologico-multiuso-concentrato-naturale-con-dispencer\/#breadcrumb"},"inLanguage":"es","potentialAction":[{"@type":"ReadAction","target":["https:\/\/uniest.it\/prodotto\/detergente-biologico-multiuso-concentrato-naturale-con-dispencer\/"]}]},{"@type":"ImageObject","inLanguage":"es","@id":"https:\/\/uniest.it\/prodotto\/detergente-biologico-multiuso-concentrato-naturale-con-dispencer\/#primaryimage","url":"https:\/\/uniest.it\/wp-content\/uploads\/2020\/12\/002AAZ.png","contentUrl":"https:\/\/uniest.it\/wp-content\/uploads\/2020\/12\/002AAZ.png","width":1283,"height":2000},{"@type":"BreadcrumbList","@id":"https:\/\/uniest.it\/prodotto\/detergente-biologico-multiuso-concentrato-naturale-con-dispencer\/#breadcrumb","itemListElement":[{"@type":"ListItem","position":1,"name":"Home","item":"https:\/\/uniest.it\/es\/"},{"@type":"ListItem","position":2,"name":"Shop","item":"https:\/\/uniest.it\/shop\/"},{"@type":"ListItem","position":3,"name":"Detergente Biologico Multiuso Concentrato Naturale con Dispencer"}]},{"@type":"WebSite","@id":"https:\/\/uniest.it\/#website","url":"https:\/\/uniest.it\/","name":"Uniest","description":"Cosmetici Naturali e Bio","potentialAction":[{"@type":"SearchAction","target":{"@type":"EntryPoint","urlTemplate":"https:\/\/uniest.it\/?s={search_term_string}"},"query-input":{"@type":"PropertyValueSpecification","valueRequired":true,"valueName":"search_term_string"}}],"inLanguage":"es"}]}},"_links":{"self":[{"href":"https:\/\/uniest.it\/es\/wp-json\/wp\/v2\/product\/694","targetHints":{"allow":["GET"]}}],"collection":[{"href":"https:\/\/uniest.it\/es\/wp-json\/wp\/v2\/product"}],"about":[{"href":"https:\/\/uniest.it\/es\/wp-json\/wp\/v2\/types\/product"}],"wp:featuredmedia":[{"embeddable":true,"href":"https:\/\/uniest.it\/es\/wp-json\/wp\/v2\/media\/1127"}],"wp:attachment":[{"href":"https:\/\/uniest.it\/es\/wp-json\/wp\/v2\/media?parent=694"}],"wp:term":[{"taxonomy":"product_brand","embeddable":true,"href":"https:\/\/uniest.it\/es\/wp-json\/wp\/v2\/product_brand?post=694"},{"taxonomy":"product_cat","embeddable":true,"href":"https:\/\/uniest.it\/es\/wp-json\/wp\/v2\/product_cat?post=694"},{"taxonomy":"product_tag","embeddable":true,"href":"https:\/\/uniest.it\/es\/wp-json\/wp\/v2\/product_tag?post=694"}],"curies":[{"name":"wp","href":"https:\/\/api.w.org\/{rel}","templated":true}]}}