{"id":714,"date":"2021-02-04T12:56:17","date_gmt":"2021-02-04T11:56:17","guid":{"rendered":"https:\/\/uniest.it\/product\/crema-snellente-corpo-e-gambe\/"},"modified":"2025-06-03T08:00:54","modified_gmt":"2025-06-03T07:00:54","slug":"crema-snellente-corpo-gambe","status":"publish","type":"product","link":"https:\/\/uniest.it\/es\/prodotto\/crema-snellente-corpo-gambe\/","title":{"rendered":"Crema Snellente Corpo &#038; Gambe Vino DOC"},"content":{"rendered":"<p>Crema Snellente dall\u2019azione mirata, pensata per contrastare efficacemente la ritenzione idrica, la cellulite, la pelle a buccia d\u2019arancia e gli accumuli adiposi localizzati. La sua formula esclusiva si basa sull\u2019innovativo Principio Attivo Snellente Anti Cellulite, completamente naturale e al 100% sicuro, rendendola perfettamente adatta a tutti i tipi di pelle, anche le pi\u00f9 sensibili.<\/p>\n<p>Questa crema combina il potere benefico di ingredienti di altissima qualit\u00e0, provenienti da coltivazioni selezionate. L\u2019Olio Extra Vergine di Oliva D.O.P., originario del Lago di Garda, \u00e8 un elemento chiave della formulazione. Considerato un vero nutraceutico, \u00e8 naturalmente ricco di Vitamine A, E, F, B, Lecitina, Sali Minerali ed Enzimi. Le sue propriet\u00e0 nutrienti, antiossidanti e protettive contribuiscono a migliorare l\u2019elasticit\u00c3\u00a0 della pelle e a donarle un aspetto pi\u00f9 tonico, compatto e luminoso.<\/p>\n<p>Il Vino Rosso D.O.C., anch\u2019esso proveniente dal Lago di Garda, apporta alfaidrossiacidi, polifenoli, zuccheri e lipidi, ingredienti essenziali per un trattamento completo e intensivo. Grazie alla sua azione illuminante, anti-age, levigante e rassodante, il vino rosso \u00e8 considerato un prezioso alleato per la bellezza e il benessere della pelle.<\/p>\n<p>La formulazione \u00e8 ulteriormente arricchita con un complesso di ingredienti naturali e biologici, selezionati per potenziare l\u2019efficacia della crema. L\u2019Aloe Vera Biologica, dalle propriet\u00e0 lenitive e idratanti, \u00e8 combinata con Estratto di Betulla Biologica, noto per le sue qualit\u00e0 drenanti e depurative. Altri ingredienti chiave e fondamentali come il Fucus, il Rosmarino, il Mirtillo, la Centella Asiatica e l\u2019Ippocastano contribuiscono a stimolare il microcircolo, favorire il drenaggio dei liquidi e migliorare visibilmente l\u2019aspetto della pelle, rendendola pi\u00f9 uniforme.<\/p>\n<p>Grazie alla sua texture morbida e avvolgente, la Crema Snellente Corpo &amp; Gambe si assorbe rapidamente, lasciando la pelle liscia, idratata e piacevolmente profumata. Ideale per un trattamento quotidiano, rappresenta una soluzione naturale, efficace e completa per chi desidera prendersi cura del proprio corpo con prodotti di alta qualit\u00e0 e formulati con attenzione.<\/p>\n","protected":false},"excerpt":{"rendered":"<p>Crema Snellente dall\u2019azione mirata, pensata per contrastare efficacemente la ritenzione idrica, la cellulite, la pelle a buccia d\u2019arancia e gli accumuli adiposi localizzati. La sua formula esclusiva si basa sull\u2019innovativo Principio Attivo Snellente Anti Cellulite, completamente naturale e al 100% sicuro, rendendola perfettamente adatta a tutti i tipi di pelle, anche le pi\u00f9 sensibili. Questa [&hellip;]<\/p>\n","protected":false},"featured_media":524,"template":"","meta":{"_acf_changed":false,"inline_featured_image":false},"product_brand":[],"product_cat":[1093,1290],"product_tag":[],"class_list":{"0":"post-714","1":"product","2":"type-product","3":"status-publish","4":"has-post-thumbnail","6":"product_beauty-anti-cellulite","7":"product_beauty-aromatizzare-e-profumare","8":"product_beauty-detox-e-dren","9":"product_beauty-idratare","10":"product_beauty-nutrire-e-rigenerare","11":"product_skin-tutte-le-pelli","12":"product_kind-cellulite-e-tonificazione","13":"product_kind-trattamenti-speciali","14":"product_kind-tutte-le-creme-corpo","15":"product_lines-garda-lake-beauty","16":"product_cat-corpo","17":"product_cat-garda-lake-beauty","18":"pa_size-33","20":"first","21":"instock","22":"taxable","23":"shipping-taxable","24":"purchasable","25":"product-type-simple"},"acf":[],"yoast_head":"<!-- This site is optimized with the Yoast SEO plugin v24.6 - https:\/\/yoast.com\/wordpress\/plugins\/seo\/ -->\n<title>Crema Snellente Corpo &amp; Gambe Vino DOC - Uniest<\/title>\n<meta name=\"description\" content=\"Crema Snellente pensata per contrastare efficacemente la ritenzione idrica, la cellulite, la pelle a buccia d\u2019arancia e gli accumuli adiposi localizzati.\" \/>\n<meta name=\"robots\" content=\"index, follow, max-snippet:-1, max-image-preview:large, max-video-preview:-1\" \/>\n<link rel=\"canonical\" href=\"https:\/\/uniest.it\/prodotto\/crema-snellente-corpo-gambe\/\" \/>\n<meta property=\"og:locale\" content=\"es_ES\" \/>\n<meta property=\"og:type\" content=\"article\" \/>\n<meta property=\"og:title\" content=\"Crema Snellente Corpo &amp; Gambe Vino DOC - Uniest\" \/>\n<meta property=\"og:description\" content=\"Crema Snellente pensata per contrastare efficacemente la ritenzione idrica, la cellulite, la pelle a buccia d\u2019arancia e gli accumuli adiposi localizzati.\" \/>\n<meta property=\"og:url\" content=\"https:\/\/uniest.it\/prodotto\/crema-snellente-corpo-gambe\/\" \/>\n<meta property=\"og:site_name\" content=\"Uniest\" \/>\n<meta property=\"article:modified_time\" content=\"2025-06-03T07:00:54+00:00\" \/>\n<meta property=\"og:image\" content=\"https:\/\/uniest.it\/wp-content\/uploads\/2020\/11\/005LGB.png\" \/>\n\t<meta property=\"og:image:width\" content=\"1283\" \/>\n\t<meta property=\"og:image:height\" content=\"2000\" \/>\n\t<meta property=\"og:image:type\" content=\"image\/png\" \/>\n<meta name=\"twitter:card\" content=\"summary_large_image\" \/>\n<meta name=\"twitter:label1\" content=\"Tiempo de lectura\" \/>\n\t<meta name=\"twitter:data1\" content=\"2 minutos\" \/>\n<script type=\"application\/ld+json\" class=\"yoast-schema-graph\">{\"@context\":\"https:\/\/schema.org\",\"@graph\":[{\"@type\":\"WebPage\",\"@id\":\"https:\/\/uniest.it\/prodotto\/crema-snellente-corpo-gambe\/\",\"url\":\"https:\/\/uniest.it\/prodotto\/crema-snellente-corpo-gambe\/\",\"name\":\"Crema Snellente Corpo & Gambe Vino DOC - Uniest\",\"isPartOf\":{\"@id\":\"https:\/\/uniest.it\/#website\"},\"primaryImageOfPage\":{\"@id\":\"https:\/\/uniest.it\/prodotto\/crema-snellente-corpo-gambe\/#primaryimage\"},\"image\":{\"@id\":\"https:\/\/uniest.it\/prodotto\/crema-snellente-corpo-gambe\/#primaryimage\"},\"thumbnailUrl\":\"https:\/\/uniest.it\/wp-content\/uploads\/2020\/11\/005LGB.png\",\"datePublished\":\"2021-02-04T11:56:17+00:00\",\"dateModified\":\"2025-06-03T07:00:54+00:00\",\"description\":\"Crema Snellente pensata per contrastare efficacemente la ritenzione idrica, la cellulite, la pelle a buccia d\u2019arancia e gli accumuli adiposi localizzati.\",\"breadcrumb\":{\"@id\":\"https:\/\/uniest.it\/prodotto\/crema-snellente-corpo-gambe\/#breadcrumb\"},\"inLanguage\":\"es\",\"potentialAction\":[{\"@type\":\"ReadAction\",\"target\":[\"https:\/\/uniest.it\/prodotto\/crema-snellente-corpo-gambe\/\"]}]},{\"@type\":\"ImageObject\",\"inLanguage\":\"es\",\"@id\":\"https:\/\/uniest.it\/prodotto\/crema-snellente-corpo-gambe\/#primaryimage\",\"url\":\"https:\/\/uniest.it\/wp-content\/uploads\/2020\/11\/005LGB.png\",\"contentUrl\":\"https:\/\/uniest.it\/wp-content\/uploads\/2020\/11\/005LGB.png\",\"width\":1283,\"height\":2000},{\"@type\":\"BreadcrumbList\",\"@id\":\"https:\/\/uniest.it\/prodotto\/crema-snellente-corpo-gambe\/#breadcrumb\",\"itemListElement\":[{\"@type\":\"ListItem\",\"position\":1,\"name\":\"Home\",\"item\":\"https:\/\/uniest.it\/es\/\"},{\"@type\":\"ListItem\",\"position\":2,\"name\":\"Shop\",\"item\":\"https:\/\/uniest.it\/shop\/\"},{\"@type\":\"ListItem\",\"position\":3,\"name\":\"Crema Snellente Corpo &#038; Gambe Vino DOC\"}]},{\"@type\":\"WebSite\",\"@id\":\"https:\/\/uniest.it\/#website\",\"url\":\"https:\/\/uniest.it\/\",\"name\":\"Uniest\",\"description\":\"Cosmetici Naturali e Bio\",\"potentialAction\":[{\"@type\":\"SearchAction\",\"target\":{\"@type\":\"EntryPoint\",\"urlTemplate\":\"https:\/\/uniest.it\/?s={search_term_string}\"},\"query-input\":{\"@type\":\"PropertyValueSpecification\",\"valueRequired\":true,\"valueName\":\"search_term_string\"}}],\"inLanguage\":\"es\"}]}<\/script>\n<!-- \/ Yoast SEO plugin. -->","yoast_head_json":{"title":"Crema Snellente Corpo & Gambe Vino DOC - Uniest","description":"Crema Snellente pensata per contrastare efficacemente la ritenzione idrica, la cellulite, la pelle a buccia d\u2019arancia e gli accumuli adiposi localizzati.","robots":{"index":"index","follow":"follow","max-snippet":"max-snippet:-1","max-image-preview":"max-image-preview:large","max-video-preview":"max-video-preview:-1"},"canonical":"https:\/\/uniest.it\/prodotto\/crema-snellente-corpo-gambe\/","og_locale":"es_ES","og_type":"article","og_title":"Crema Snellente Corpo & Gambe Vino DOC - Uniest","og_description":"Crema Snellente pensata per contrastare efficacemente la ritenzione idrica, la cellulite, la pelle a buccia d\u2019arancia e gli accumuli adiposi localizzati.","og_url":"https:\/\/uniest.it\/prodotto\/crema-snellente-corpo-gambe\/","og_site_name":"Uniest","article_modified_time":"2025-06-03T07:00:54+00:00","og_image":[{"width":1283,"height":2000,"url":"https:\/\/uniest.it\/wp-content\/uploads\/2020\/11\/005LGB.png","type":"image\/png"}],"twitter_card":"summary_large_image","twitter_misc":{"Tiempo de lectura":"2 minutos"},"schema":{"@context":"https:\/\/schema.org","@graph":[{"@type":"WebPage","@id":"https:\/\/uniest.it\/prodotto\/crema-snellente-corpo-gambe\/","url":"https:\/\/uniest.it\/prodotto\/crema-snellente-corpo-gambe\/","name":"Crema Snellente Corpo & Gambe Vino DOC - Uniest","isPartOf":{"@id":"https:\/\/uniest.it\/#website"},"primaryImageOfPage":{"@id":"https:\/\/uniest.it\/prodotto\/crema-snellente-corpo-gambe\/#primaryimage"},"image":{"@id":"https:\/\/uniest.it\/prodotto\/crema-snellente-corpo-gambe\/#primaryimage"},"thumbnailUrl":"https:\/\/uniest.it\/wp-content\/uploads\/2020\/11\/005LGB.png","datePublished":"2021-02-04T11:56:17+00:00","dateModified":"2025-06-03T07:00:54+00:00","description":"Crema Snellente pensata per contrastare efficacemente la ritenzione idrica, la cellulite, la pelle a buccia d\u2019arancia e gli accumuli adiposi localizzati.","breadcrumb":{"@id":"https:\/\/uniest.it\/prodotto\/crema-snellente-corpo-gambe\/#breadcrumb"},"inLanguage":"es","potentialAction":[{"@type":"ReadAction","target":["https:\/\/uniest.it\/prodotto\/crema-snellente-corpo-gambe\/"]}]},{"@type":"ImageObject","inLanguage":"es","@id":"https:\/\/uniest.it\/prodotto\/crema-snellente-corpo-gambe\/#primaryimage","url":"https:\/\/uniest.it\/wp-content\/uploads\/2020\/11\/005LGB.png","contentUrl":"https:\/\/uniest.it\/wp-content\/uploads\/2020\/11\/005LGB.png","width":1283,"height":2000},{"@type":"BreadcrumbList","@id":"https:\/\/uniest.it\/prodotto\/crema-snellente-corpo-gambe\/#breadcrumb","itemListElement":[{"@type":"ListItem","position":1,"name":"Home","item":"https:\/\/uniest.it\/es\/"},{"@type":"ListItem","position":2,"name":"Shop","item":"https:\/\/uniest.it\/shop\/"},{"@type":"ListItem","position":3,"name":"Crema Snellente Corpo &#038; Gambe Vino DOC"}]},{"@type":"WebSite","@id":"https:\/\/uniest.it\/#website","url":"https:\/\/uniest.it\/","name":"Uniest","description":"Cosmetici Naturali e Bio","potentialAction":[{"@type":"SearchAction","target":{"@type":"EntryPoint","urlTemplate":"https:\/\/uniest.it\/?s={search_term_string}"},"query-input":{"@type":"PropertyValueSpecification","valueRequired":true,"valueName":"search_term_string"}}],"inLanguage":"es"}]}},"_links":{"self":[{"href":"https:\/\/uniest.it\/es\/wp-json\/wp\/v2\/product\/714","targetHints":{"allow":["GET"]}}],"collection":[{"href":"https:\/\/uniest.it\/es\/wp-json\/wp\/v2\/product"}],"about":[{"href":"https:\/\/uniest.it\/es\/wp-json\/wp\/v2\/types\/product"}],"wp:featuredmedia":[{"embeddable":true,"href":"https:\/\/uniest.it\/es\/wp-json\/wp\/v2\/media\/524"}],"wp:attachment":[{"href":"https:\/\/uniest.it\/es\/wp-json\/wp\/v2\/media?parent=714"}],"wp:term":[{"taxonomy":"product_brand","embeddable":true,"href":"https:\/\/uniest.it\/es\/wp-json\/wp\/v2\/product_brand?post=714"},{"taxonomy":"product_cat","embeddable":true,"href":"https:\/\/uniest.it\/es\/wp-json\/wp\/v2\/product_cat?post=714"},{"taxonomy":"product_tag","embeddable":true,"href":"https:\/\/uniest.it\/es\/wp-json\/wp\/v2\/product_tag?post=714"}],"curies":[{"name":"wp","href":"https:\/\/api.w.org\/{rel}","templated":true}]}}